{"id":10569,"date":"2022-06-23T19:06:12","date_gmt":"2022-06-23T19:06:12","guid":{"rendered":"https:\/\/cad.ca\/?page_id=10569"},"modified":"2025-09-25T18:25:21","modified_gmt":"2025-09-25T18:25:21","slug":"evenements","status":"publish","type":"page","link":"https:\/\/cad-asc.ca\/fr\/evenements\/","title":{"rendered":"\u00c9v\u00e8nements"},"content":{"rendered":"<p><a href=\"\/assemblee-generale-annuelle\/\">Assembl\u00e9e g\u00e9n\u00e9rale annuelle<\/a><br \/><a href=\"https:\/\/cad-asc.ca\/fr\/levee-du-drapeau-des-sourds\/\">Lev\u00e9e du drapeau des sourdes<\/a><br data-start=\"84\" data-end=\"87\" \/><a href=\"https:\/\/cad-asc.ca\/fr\/campagne-lumiere-bleue\/\">Campagne Lumi\u00e8re bleue<\/a><br \/><a href=\"\/semaine-internationale-des-sourds\">Semaine internationale des Sourds<\/a><br \/><a href=\"\/serie-des-webinaires\">S\u00e9rie des webinaires<\/a><\/p>\n\n\n<p><\/p>\n","protected":false},"excerpt":{"rendered":"<p>Assembl\u00e9e g\u00e9n\u00e9rale annuelleLev\u00e9e du drapeau des sourdesCampagne Lumi\u00e8re bleueSemaine internationale des SourdsS\u00e9rie des webinaires<\/p>\n","protected":false},"author":5,"featured_media":10181,"parent":0,"menu_order":0,"comment_status":"closed","ping_status":"closed","template":"","meta":{"_acf_changed":false,"_monsterinsights_skip_tracking":false,"_monsterinsights_sitenote_active":false,"_monsterinsights_sitenote_note":"","_monsterinsights_sitenote_category":0,"_uf_show_specific_survey":0,"_uf_disable_surveys":false,"footnotes":""},"class_list":["post-10569","page","type-page","status-publish","has-post-thumbnail","hentry"],"acf":[],"_links":{"self":[{"href":"https:\/\/cad-asc.ca\/fr\/wp-json\/wp\/v2\/pages\/10569","targetHints":{"allow":["GET"]}}],"collection":[{"href":"https:\/\/cad-asc.ca\/fr\/wp-json\/wp\/v2\/pages"}],"about":[{"href":"https:\/\/cad-asc.ca\/fr\/wp-json\/wp\/v2\/types\/page"}],"author":[{"embeddable":true,"href":"https:\/\/cad-asc.ca\/fr\/wp-json\/wp\/v2\/users\/5"}],"replies":[{"embeddable":true,"href":"https:\/\/cad-asc.ca\/fr\/wp-json\/wp\/v2\/comments?post=10569"}],"version-history":[{"count":0,"href":"https:\/\/cad-asc.ca\/fr\/wp-json\/wp\/v2\/pages\/10569\/revisions"}],"wp:featuredmedia":[{"embeddable":true,"href":"https:\/\/cad-asc.ca\/fr\/wp-json\/wp\/v2\/media\/10181"}],"wp:attachment":[{"href":"https:\/\/cad-asc.ca\/fr\/wp-json\/wp\/v2\/media?parent=10569"}],"curies":[{"name":"wp","href":"https:\/\/api.w.org\/{rel}","templated":true}]}}