{"id":10652,"date":"2022-07-11T20:08:40","date_gmt":"2022-07-11T20:08:40","guid":{"rendered":"https:\/\/cad.ca\/?page_id=10652"},"modified":"2022-07-11T20:09:15","modified_gmt":"2022-07-11T20:09:15","slug":"habiliter-les-femmes-sourdes-du-canada","status":"publish","type":"page","link":"https:\/\/cad-asc.ca\/fr\/habiliter-les-femmes-sourdes-du-canada\/","title":{"rendered":"Habiliter les femmes Sourdes du Canada"},"content":{"rendered":"<p><strong>Ce projet est termin\u00e9 et n&rsquo;est plus actif.<\/strong><\/p>\n<p>L\u2019ASC oeuvre pour habiliter les femmes et am\u00e9liorer leur int\u00e9gration dans la communaut\u00e9<\/p>\n<p>L\u2019Association des Sourds du Canada (ASC) est heureuse d\u2019annoncer que le financement pour son projet \u00ab Habiliter les femmes Sourdes du Canada \u00bb a \u00e9t\u00e9 approuv\u00e9.<\/p>\n<p>Ce projet vise \u00e0 assurer que les services relatifs \u00e0 la violence faite aux femmes et aux soins de sant\u00e9 r\u00e9pondent aux besoins des femmes Sourdes, que celles-ci conna\u00eetront leurs droits et les services offerts, et que les femmes Sourdes puissent participer pleinement au processus d\u00e9cisionnel.<\/p>\n<p>Pour de plus amples informations, veuillez communiquer avec Dawn Stewart \u00e0 <a href=\"mailto:info@cad.ca\">dstewart@cad.ca.<\/a><\/p>\n","protected":false},"excerpt":{"rendered":"<p>Ce projet est termin\u00e9 et n&rsquo;est plus actif. L\u2019ASC oeuvre pour habiliter les femmes et am\u00e9liorer leur int\u00e9gration dans la communaut\u00e9 L\u2019Association des Sourds du Canada (ASC) est heureuse d\u2019annoncer que le financement pour son projet \u00ab Habiliter les femmes Sourdes du Canada \u00bb a \u00e9t\u00e9 approuv\u00e9. Ce projet vise \u00e0 assurer que les services &hellip; <a href=\"https:\/\/cad-asc.ca\/fr\/habiliter-les-femmes-sourdes-du-canada\/\" class=\"more-link\">Continue reading <span class=\"screen-reader-text\">Habiliter les femmes Sourdes du Canada<\/span><\/a><\/p>\n","protected":false},"author":5,"featured_media":0,"parent":0,"menu_order":0,"comment_status":"closed","ping_status":"closed","template":"page-templates\/position-paper-template.php","meta":{"_acf_changed":false,"_monsterinsights_skip_tracking":false,"_monsterinsights_sitenote_active":false,"_monsterinsights_sitenote_note":"","_monsterinsights_sitenote_category":0,"_uf_show_specific_survey":0,"_uf_disable_surveys":false,"footnotes":""},"class_list":["post-10652","page","type-page","status-publish","hentry"],"acf":[],"_links":{"self":[{"href":"https:\/\/cad-asc.ca\/fr\/wp-json\/wp\/v2\/pages\/10652","targetHints":{"allow":["GET"]}}],"collection":[{"href":"https:\/\/cad-asc.ca\/fr\/wp-json\/wp\/v2\/pages"}],"about":[{"href":"https:\/\/cad-asc.ca\/fr\/wp-json\/wp\/v2\/types\/page"}],"author":[{"embeddable":true,"href":"https:\/\/cad-asc.ca\/fr\/wp-json\/wp\/v2\/users\/5"}],"replies":[{"embeddable":true,"href":"https:\/\/cad-asc.ca\/fr\/wp-json\/wp\/v2\/comments?post=10652"}],"version-history":[{"count":0,"href":"https:\/\/cad-asc.ca\/fr\/wp-json\/wp\/v2\/pages\/10652\/revisions"}],"wp:attachment":[{"href":"https:\/\/cad-asc.ca\/fr\/wp-json\/wp\/v2\/media?parent=10652"}],"curies":[{"name":"wp","href":"https:\/\/api.w.org\/{rel}","templated":true}]}}