{"id":10666,"date":"2022-07-11T21:31:44","date_gmt":"2022-07-11T21:31:44","guid":{"rendered":"https:\/\/cad.ca\/?page_id=10666"},"modified":"2022-07-27T19:10:46","modified_gmt":"2022-07-27T19:10:46","slug":"protocole-facultatif-des-nations-unies","status":"publish","type":"page","link":"https:\/\/cad-asc.ca\/fr\/projets\/protocole-facultatif-des-nations-unies\/","title":{"rendered":"Protocole facultatif des Nations Unies"},"content":{"rendered":"<p><strong>Ce projet est termin\u00e9 et n&rsquo;est plus actif.<\/strong><\/p>\n<p>L&rsquo;Association des Sourds du Canada \u2013 Canadian Association of the Deaf (CAD-ASC) est heureuse d&rsquo;annoncer le lancement de sa trousse \u00ab <em>Know and Achieve your Human Rights: The United Nations Convention on the Rights of Persons with Disabilities (CRPD) and its Optional Protocol<\/em> \u00bb.<\/p>\n<p>La trousse a pour objectif de pr\u00e9senter aux Canadiennes et Canadiens handicap\u00e9s les m\u00e9canismes internationaux li\u00e9s aux droits de la personne, ainsi que les proc\u00e9d\u00e9s de contr\u00f4le et de mise en \u0153uvre de la CDPH. Elle vise \u00e0 les habiliter \u00e0 devenir des partisans plus efficaces de r\u00e9el changement destin\u00e9 \u00e0 am\u00e9liorer les droits de toutesles personnes handicap\u00e9es, y compris les Canadiennes et les Canadiens sourds, sourds-aveugles et malentendants.<\/p>\n<p>La cr\u00e9ation de la trousse a \u00e9t\u00e9 men\u00e9e par une \u00e9quipe de direction compos\u00e9e de six (6) organisations partenaires anim\u00e9e par l&rsquo;ASC-CAD : le Conseil des Canadiens avec d\u00e9ficiences, le Conseil canadien de la r\u00e9adaptation et du travail, l&rsquo;<em>ARCH Disability Law Centre<\/em>, le R\u00e9seau d&rsquo;action des femmes handicap\u00e9es du Canada et la <em>B.C. Aboriginal Network on Disability Society<\/em>.<br \/>\nLa trousse comprend des d\u00e9pliants, des mod\u00e8les de formulaire de plainte, des feuilles d&rsquo;information, des versions accessibles et de conception graphique de nos rapports, ainsi que des versions vid\u00e9o en ASL et en LSQ. Pr\u00e9alablement \u00e0 sa diffusion aupr\u00e8s du grand public, les diverses composantes de la trousse ont \u00e9t\u00e9 pr\u00e9sent\u00e9es lors d&rsquo;ateliers tenus \u00e0 la grandeur du Canada.<\/p>\n<p>Le projet a \u00e9t\u00e9 financ\u00e9 en partie par le Bureau de la condition des personnes handicap\u00e9es d&rsquo;Emploi et D\u00e9veloppement social Canada (gouvernement du Canada). Nous sommes tr\u00e8s reconnaissants de leur soutien.<\/p>\n<ul>\n<li><a href=\"\/wp-content\/uploads\/2022\/02\/UN-Optional-Protocol-Brochure-fr.docx\">Protocole facultatif des NU &#8211; D\u00e9pliant (DOCX)<\/a><\/li>\n<li><a href=\"\/wp-content\/uploads\/2022\/02\/UN-Optional-Protocol-Toolkit-fr.pdf\">Protocole facultatif des NU &#8211; Trousse (PDF)<\/a><\/li>\n<\/ul>\n","protected":false},"excerpt":{"rendered":"<p>Ce projet est termin\u00e9 et n&rsquo;est plus actif. L&rsquo;Association des Sourds du Canada \u2013 Canadian Association of the Deaf (CAD-ASC) est heureuse d&rsquo;annoncer le lancement de sa trousse \u00ab Know and Achieve your Human Rights: The United Nations Convention on the Rights of Persons with Disabilities (CRPD) and its Optional Protocol \u00bb. La trousse a &hellip; <a href=\"https:\/\/cad-asc.ca\/fr\/projets\/protocole-facultatif-des-nations-unies\/\" class=\"more-link\">Continue reading <span class=\"screen-reader-text\">Protocole facultatif des Nations Unies<\/span><\/a><\/p>\n","protected":false},"author":5,"featured_media":0,"parent":3555,"menu_order":0,"comment_status":"closed","ping_status":"closed","template":"page-templates\/position-paper-template.php","meta":{"_acf_changed":false,"_monsterinsights_skip_tracking":false,"_monsterinsights_sitenote_active":false,"_monsterinsights_sitenote_note":"","_monsterinsights_sitenote_category":0,"_uf_show_specific_survey":0,"_uf_disable_surveys":false,"footnotes":""},"class_list":["post-10666","page","type-page","status-publish","hentry"],"acf":[],"_links":{"self":[{"href":"https:\/\/cad-asc.ca\/fr\/wp-json\/wp\/v2\/pages\/10666","targetHints":{"allow":["GET"]}}],"collection":[{"href":"https:\/\/cad-asc.ca\/fr\/wp-json\/wp\/v2\/pages"}],"about":[{"href":"https:\/\/cad-asc.ca\/fr\/wp-json\/wp\/v2\/types\/page"}],"author":[{"embeddable":true,"href":"https:\/\/cad-asc.ca\/fr\/wp-json\/wp\/v2\/users\/5"}],"replies":[{"embeddable":true,"href":"https:\/\/cad-asc.ca\/fr\/wp-json\/wp\/v2\/comments?post=10666"}],"version-history":[{"count":0,"href":"https:\/\/cad-asc.ca\/fr\/wp-json\/wp\/v2\/pages\/10666\/revisions"}],"up":[{"embeddable":true,"href":"https:\/\/cad-asc.ca\/fr\/wp-json\/wp\/v2\/pages\/3555"}],"wp:attachment":[{"href":"https:\/\/cad-asc.ca\/fr\/wp-json\/wp\/v2\/media?parent=10666"}],"curies":[{"name":"wp","href":"https:\/\/api.w.org\/{rel}","templated":true}]}}