{"id":10870,"date":"2022-08-02T18:18:06","date_gmt":"2022-08-02T18:18:06","guid":{"rendered":"https:\/\/cad.ca\/?page_id=10870"},"modified":"2022-08-02T18:18:06","modified_gmt":"2022-08-02T18:18:06","slug":"notre-travail","status":"publish","type":"page","link":"https:\/\/cad-asc.ca\/fr\/notre-travail\/","title":{"rendered":"Notre travail"},"content":{"rendered":"<p>L\u2019ASC-CAD m\u00e8ne des consultations et fournit des renseignements sur les besoins et les int\u00e9r\u00eats des personnes sourdes aupr\u00e8s du grand public, des entreprises, des m\u00e9dias, des \u00e9ducateurs, des gouvernements et d\u2019autres parties prenantes. Nous menons des recherches et recueillons des donn\u00e9es, nous publions des rapports et nous fournissons une expertise en ce qui a trait aux pr\u00e9occupations et aux droits des Sourds. Nous \u00e9laborons et mettons en \u0153uvre des programmes pilotes et des \u00ab pratiques exemplaires \u00bb. Nous offrons un soutien aux organisations de personnes sourdes et aux agences de services \u00e0 la grandeur du pays, en plus de donner acc\u00e8s \u00e0 un important centre de documentation et de ressources sur la surdit\u00e9 \u00e0 nos bureaux d\u2019Ottawa (Ontario).<\/p>\n<p><span class=\"bold\">D\u00e9couvrez nos projets, nos enjeux et nos efforts en mati\u00e8re de droits et d&rsquo;accessibilit\u00e9!<\/span><\/p>\n<h2><a href=\"\/droits-et-accessibilite\">Droits et accessibilit\u00e9<\/a><\/h2>\n<p>La <em>Convention des&nbsp;Nations&nbsp;Unies&nbsp;relative aux droits des personnes handicap\u00e9es<\/em> constitue le principal document <strong>international<\/strong> portant sur les droits et l&rsquo;accessibilit\u00e9. La <em>Loi canadienne sur l&rsquo;accessibilit\u00e9<\/em>, quant \u00e0 elle, repr\u00e9sente le principal document <strong>national<\/strong> portant sur les droits et l&rsquo;accessibilit\u00e9. La pr\u00e9sente section pr\u00e9sente ces deux documents.<\/p>\n<h2><a href=\"\/projets\">Projets<\/a><\/h2>\n<p>Projets en cours et une s\u00e9lection d&rsquo;anciens projets r\u00e9alis\u00e9s par notre organisation.<\/p>\n<h2><a href=\"\/enjeux-et-notre-position\">Nos enjeux et notre position<\/a><\/h2>\n<p>Pratiquement tous les sujets repr\u00e9sentent des domaines de pr\u00e9occupation pour les Canadiennes et Canadiens Sourds. Vous y trouverez nos documents de position sur un large \u00e9ventail de sujets.<\/p>\n","protected":false},"excerpt":{"rendered":"<p>L\u2019ASC-CAD m\u00e8ne des consultations et fournit des renseignements sur les besoins et les int\u00e9r\u00eats des personnes sourdes aupr\u00e8s du grand public, des entreprises, des m\u00e9dias, des \u00e9ducateurs, des gouvernements et d\u2019autres parties prenantes. Nous menons des recherches et recueillons des donn\u00e9es, nous publions des rapports et nous fournissons une expertise en ce qui a trait &hellip; <a href=\"https:\/\/cad-asc.ca\/fr\/notre-travail\/\" class=\"more-link\">Continue reading <span class=\"screen-reader-text\">Notre travail<\/span><\/a><\/p>\n","protected":false},"author":5,"featured_media":10181,"parent":0,"menu_order":0,"comment_status":"closed","ping_status":"closed","template":"","meta":{"_acf_changed":false,"_monsterinsights_skip_tracking":false,"_monsterinsights_sitenote_active":false,"_monsterinsights_sitenote_note":"","_monsterinsights_sitenote_category":0,"_uf_show_specific_survey":0,"_uf_disable_surveys":false,"footnotes":""},"class_list":["post-10870","page","type-page","status-publish","has-post-thumbnail","hentry"],"acf":[],"_links":{"self":[{"href":"https:\/\/cad-asc.ca\/fr\/wp-json\/wp\/v2\/pages\/10870","targetHints":{"allow":["GET"]}}],"collection":[{"href":"https:\/\/cad-asc.ca\/fr\/wp-json\/wp\/v2\/pages"}],"about":[{"href":"https:\/\/cad-asc.ca\/fr\/wp-json\/wp\/v2\/types\/page"}],"author":[{"embeddable":true,"href":"https:\/\/cad-asc.ca\/fr\/wp-json\/wp\/v2\/users\/5"}],"replies":[{"embeddable":true,"href":"https:\/\/cad-asc.ca\/fr\/wp-json\/wp\/v2\/comments?post=10870"}],"version-history":[{"count":0,"href":"https:\/\/cad-asc.ca\/fr\/wp-json\/wp\/v2\/pages\/10870\/revisions"}],"wp:featuredmedia":[{"embeddable":true,"href":"https:\/\/cad-asc.ca\/fr\/wp-json\/wp\/v2\/media\/10181"}],"wp:attachment":[{"href":"https:\/\/cad-asc.ca\/fr\/wp-json\/wp\/v2\/media?parent=10870"}],"curies":[{"name":"wp","href":"https:\/\/api.w.org\/{rel}","templated":true}]}}