{"id":10876,"date":"2022-08-02T18:31:46","date_gmt":"2022-08-02T18:31:46","guid":{"rendered":"https:\/\/cad.ca\/?page_id=10876"},"modified":"2025-04-17T20:35:35","modified_gmt":"2025-04-17T20:35:35","slug":"actualites-et-communiques-de-presse-cad","status":"publish","type":"page","link":"https:\/\/cad-asc.ca\/fr\/diversite\/actualites-et-communiques-de-presse-cad\/","title":{"rendered":"Actualit\u00e9s et communiqu\u00e9s de presse CAD"},"content":{"rendered":"<h2><a href=\"https:\/\/cad-asc.ca\/fr\/communique-de-presse\/\">Communiqu\u00e9s de presse<\/a><\/h2>\n<p>Cliquez sur Communiqu\u00e9s de presse pour lire certains des communiqu\u00e9s de presse du ASC-CAD.<\/p>\n<h2><a href=\"https:\/\/cad.ca\/lettres\/\">Lettres<\/a><\/h2>\n<p>Cliquez sur les lettres pour lire quelques-unes des lettres que le ASC-CAD a \u00e9crites.<\/p>\n<h2><a href=\"\/fr\/coronavirus\">COVID-19<\/a><\/h2>\n<p>L&rsquo;ASC-CAD souhaite partager des renseignements sur les ressources li\u00e9es \u00e0 la pand\u00e9mie de COVID-19.<\/p>\n<ul><!--\n \t\n\n<li>New entry<\/li>\n\n\n--><\/ul>\n<ul><!--\n \t\n\n<li>New entry<\/li>\n\n\n--><\/ul>\n","protected":false},"excerpt":{"rendered":"<p>Communiqu\u00e9s de presse Cliquez sur Communiqu\u00e9s de presse pour lire certains des communiqu\u00e9s de presse du ASC-CAD. Lettres Cliquez sur les lettres pour lire quelques-unes des lettres que le ASC-CAD a \u00e9crites. COVID-19 L&rsquo;ASC-CAD souhaite partager des renseignements sur les ressources li\u00e9es \u00e0 la pand\u00e9mie de COVID-19.<\/p>\n","protected":false},"author":5,"featured_media":0,"parent":3452,"menu_order":0,"comment_status":"closed","ping_status":"closed","template":"","meta":{"_acf_changed":false,"_monsterinsights_skip_tracking":false,"_monsterinsights_sitenote_active":false,"_monsterinsights_sitenote_note":"","_monsterinsights_sitenote_category":0,"_uf_show_specific_survey":0,"_uf_disable_surveys":false,"footnotes":""},"class_list":["post-10876","page","type-page","status-publish","hentry"],"acf":[],"_links":{"self":[{"href":"https:\/\/cad-asc.ca\/fr\/wp-json\/wp\/v2\/pages\/10876","targetHints":{"allow":["GET"]}}],"collection":[{"href":"https:\/\/cad-asc.ca\/fr\/wp-json\/wp\/v2\/pages"}],"about":[{"href":"https:\/\/cad-asc.ca\/fr\/wp-json\/wp\/v2\/types\/page"}],"author":[{"embeddable":true,"href":"https:\/\/cad-asc.ca\/fr\/wp-json\/wp\/v2\/users\/5"}],"replies":[{"embeddable":true,"href":"https:\/\/cad-asc.ca\/fr\/wp-json\/wp\/v2\/comments?post=10876"}],"version-history":[{"count":0,"href":"https:\/\/cad-asc.ca\/fr\/wp-json\/wp\/v2\/pages\/10876\/revisions"}],"up":[{"embeddable":true,"href":"https:\/\/cad-asc.ca\/fr\/wp-json\/wp\/v2\/pages\/3452"}],"wp:attachment":[{"href":"https:\/\/cad-asc.ca\/fr\/wp-json\/wp\/v2\/media?parent=10876"}],"curies":[{"name":"wp","href":"https:\/\/api.w.org\/{rel}","templated":true}]}}