{"id":10906,"date":"2022-08-05T19:27:49","date_gmt":"2022-08-05T19:27:49","guid":{"rendered":"https:\/\/cad.ca\/?page_id=10906"},"modified":"2024-06-20T21:28:44","modified_gmt":"2024-06-20T21:28:44","slug":"projetdaccessibilite","status":"publish","type":"page","link":"https:\/\/cad-asc.ca\/fr\/projets\/projetdaccessibilite\/","title":{"rendered":"Projet d&rsquo;accessibilit\u00e9"},"content":{"rendered":"<p>L&rsquo;ASC-CAD a le plaisir de vous faire part du rapport final du projet sur l&rsquo;accessibilit\u00e9. Ce projet a \u00e9t\u00e9 financ\u00e9 par le gouvernement du Canada afin d&rsquo;entreprendre des recherches sur six domaines d&rsquo;obstacles \u00e0 l&rsquo;accessibilit\u00e9 : les services d&rsquo;urgence, les services d&#8217;emploi, l&rsquo;environnement b\u00e2ti, les communications, les technologies et l&rsquo;accessibilit\u00e9 des Autochtones. Six comit\u00e9s ont \u00e9t\u00e9 mis sur pied pour analyser et cerner les obstacles et formuler des recommandations visant \u00e0 am\u00e9liorer les politiques f\u00e9d\u00e9rales en mati\u00e8re d&rsquo;accessibilit\u00e9 afin de r\u00e9pondre aux besoins de la communaut\u00e9 sourde et sourde-aveugle.<\/p>\n<p>L&rsquo;intention et le but du projet sont de pr\u00e9senter nos conclusions et d&rsquo;\u00e9laborer des ensembles de recommandations de la communaut\u00e9 sourde de tous les horizons au Canada \u00e0 l&rsquo;intention du gouvernement f\u00e9d\u00e9ral. Notre objectif \u00e9tait d&rsquo;examiner et de renforcer les normes nationales, y compris l&#8217;emploi, la pr\u00e9paration aux situations d&rsquo;urgence, l&rsquo;environnement b\u00e2ti, l&rsquo;accessibilit\u00e9 pour les Autochtones, les technologies et les communications, compte tenu de l&rsquo;adoption de la Loi canadienne de 2019 sur l&rsquo;accessibilit\u00e9 (LCA).<\/p>\n<p class=\"has-text-align-center\">Faire progresser les normes d&rsquo;accessibilit\u00e9 pour les<br \/>\nCanadiens sourds, sourds-aveugles et malentendants<br \/>\nCanadian Association of the Deaf \u2013 Association des Sourds du Canada (CAD-ASC)<br \/>\nRapport pour Normes d\u2019accessibilit\u00e9 Canada<br \/>\nOctobre 2023<\/p>\n<p style=\"text-align: center;\"><a href=\"https:\/\/cad-asc.ca\/wp-content\/uploads\/2024\/04\/2023-Nov-23-Advancing-Accessibility-Standards-FRE.docx\">2023 Nov-23 &#8211; Advancing-Accessibility-Standards &#8211; FRENCH<\/a><\/p>\n<p>Ce projet a d\u00e9but\u00e9 en 2020 et a n\u00e9cessit\u00e9 plus de trois ans de travail.\u00a0 Nous avons assist\u00e9 \u00e0 la mise sur pied de six comit\u00e9s de b\u00e9n\u00e9voles d\u00e9vou\u00e9s pour les personnes sourdes, sourdes-aveugles, malentendantes et sourdes et handicap\u00e9es \u00e0 travers le pays pour offrir plus de 62 recommandations au gouvernement f\u00e9d\u00e9ral tout en \u00e9laborant les normes en vertu de l&rsquo;ACA. L&rsquo;ASC-CAD se r\u00e9jouit \u00e0 l&rsquo;id\u00e9e de poursuivre l&rsquo;important travail avec Normes d&rsquo;accessibilit\u00e9 Canada et le gouvernement f\u00e9d\u00e9ral en faisant de la recherche,de la consultation et de la clart\u00e9 pour s&rsquo;assurer que nous b\u00e2tissons un Canada exempt d&rsquo;obstacles d&rsquo;ici 2040.<\/p>\n","protected":false},"excerpt":{"rendered":"<p>L&rsquo;ASC-CAD a le plaisir de vous faire part du rapport final du projet sur l&rsquo;accessibilit\u00e9. Ce projet a \u00e9t\u00e9 financ\u00e9 par le gouvernement du Canada afin d&rsquo;entreprendre des recherches sur six domaines d&rsquo;obstacles \u00e0 l&rsquo;accessibilit\u00e9 : les services d&rsquo;urgence, les services d&#8217;emploi, l&rsquo;environnement b\u00e2ti, les communications, les technologies et l&rsquo;accessibilit\u00e9 des Autochtones. Six comit\u00e9s ont &hellip; <a href=\"https:\/\/cad-asc.ca\/fr\/projets\/projetdaccessibilite\/\" class=\"more-link\">Continue reading <span class=\"screen-reader-text\">Projet d&rsquo;accessibilit\u00e9<\/span><\/a><\/p>\n","protected":false},"author":5,"featured_media":0,"parent":3555,"menu_order":0,"comment_status":"closed","ping_status":"closed","template":"page-templates\/position-paper-template.php","meta":{"_acf_changed":false,"_monsterinsights_skip_tracking":false,"_monsterinsights_sitenote_active":false,"_monsterinsights_sitenote_note":"","_monsterinsights_sitenote_category":0,"_uf_show_specific_survey":0,"_uf_disable_surveys":false,"footnotes":""},"class_list":["post-10906","page","type-page","status-publish","hentry"],"acf":[],"_links":{"self":[{"href":"https:\/\/cad-asc.ca\/fr\/wp-json\/wp\/v2\/pages\/10906","targetHints":{"allow":["GET"]}}],"collection":[{"href":"https:\/\/cad-asc.ca\/fr\/wp-json\/wp\/v2\/pages"}],"about":[{"href":"https:\/\/cad-asc.ca\/fr\/wp-json\/wp\/v2\/types\/page"}],"author":[{"embeddable":true,"href":"https:\/\/cad-asc.ca\/fr\/wp-json\/wp\/v2\/users\/5"}],"replies":[{"embeddable":true,"href":"https:\/\/cad-asc.ca\/fr\/wp-json\/wp\/v2\/comments?post=10906"}],"version-history":[{"count":0,"href":"https:\/\/cad-asc.ca\/fr\/wp-json\/wp\/v2\/pages\/10906\/revisions"}],"up":[{"embeddable":true,"href":"https:\/\/cad-asc.ca\/fr\/wp-json\/wp\/v2\/pages\/3555"}],"wp:attachment":[{"href":"https:\/\/cad-asc.ca\/fr\/wp-json\/wp\/v2\/media?parent=10906"}],"curies":[{"name":"wp","href":"https:\/\/api.w.org\/{rel}","templated":true}]}}