{"id":12850,"date":"2025-04-08T23:21:53","date_gmt":"2025-04-08T23:21:53","guid":{"rendered":"https:\/\/cad-asc.ca\/?page_id=12850"},"modified":"2025-04-08T23:43:07","modified_gmt":"2025-04-08T23:43:07","slug":"logement","status":"publish","type":"page","link":"https:\/\/cad-asc.ca\/fr\/enjeux-et-notre-position\/logement\/","title":{"rendered":"\u00c9nonc\u00e9 de position sur le logement"},"content":{"rendered":"\n<h3 class=\"wp-block-heading\"><strong>Introduction<\/strong><\/h3>\n\n\n\n<p>L<strong>&lsquo;Association des Sourds du Canada \u2013 Canadian Association of the Deaf (ASC-CAD)<\/strong> est la plus ancienne organisation nationale de consommateurs repr\u00e9sentant les personnes sourdes au Canada. Fond\u00e9e en 1940, l&rsquo;ASC-CAD d\u00e9fend les droits, les besoins et les pr\u00e9occupations des Canadiens sourds. L&rsquo;organisme offre des services de consultation, d&rsquo;information et de soutien au public, aux entreprises, aux m\u00e9dias, aux \u00e9ducateurs, aux gouvernements et \u00e0 d&rsquo;autres entit\u00e9s. L&rsquo;ASC-CAD m\u00e8ne des recherches, publie des rapports et \u00e9labore des programmes pilotes et des pratiques exemplaires pour promouvoir l&rsquo;accessibilit\u00e9 et l&rsquo;\u00e9galit\u00e9 pour les personnes sourdes, sourdes et aveugles, malentendantes et sourdes et handicap\u00e9es qui signent<a href=\"https:\/\/cad-asc.ca\/\">[1].<\/a><\/p>\n\n\n\n<h3 class=\"wp-block-heading\"><strong>\u00c9nonc\u00e9 de position<\/strong><\/h3>\n\n\n\n<p>L&rsquo;ASC-CAD demande des mesures imm\u00e9diates pour \u00e9liminer les obstacles syst\u00e9miques auxquels font face les Canadiens sourds et sourds-aveugles. Ces obstacles comprennent des pratiques discriminatoires, des normes de s\u00e9curit\u00e9 inad\u00e9quates et un acc\u00e8s limit\u00e9 aux services essentiels. Les points suivants soulignent les principaux sujets de pr\u00e9occupation :<\/p>\n\n\n\n<ol start=\"1\" class=\"wp-block-list\">\n<li><strong>Soutien des langues primaires par la CDPH : <\/strong>La Convention des Nations Unies relative aux droits des personnes handicap\u00e9es (CDPH) soutient la reconnaissance et l&rsquo;utilisation des langues primaires, comme l&rsquo;ASL, la LSQ et les langues des signes autochtones, afin d&rsquo;assurer la pleine participation \u00e0 la soci\u00e9t\u00e9. Le Canada, en tant que signataire, doit respecter ces principes pour promouvoir l&rsquo;identit\u00e9 linguistique et culturelle des personnes sourdes<a href=\"https:\/\/www.ohchr.org\/en\/instruments-mechanisms\/instruments\/convention-rights-persons-disabilities\">[2].<\/a><br><\/li>\n\n\n\n<li><strong>Exemptions pour pr\u00e9judice injustifi\u00e9 <\/strong>: Les exemptions pour contrainte excessive dans tous les codes provinciaux des droits de la personne constituent une \u00e9chappatoire juridique qui permet aux propri\u00e9taires et aux employeurs de discriminer les personnes sourdes. Ces exceptions minent l&rsquo;obligation d&rsquo;accommodement et doivent \u00eatre r\u00e9\u00e9valu\u00e9es pour pr\u00e9venir la discrimination<a href=\"https:\/\/www3.ohrc.on.ca\/en\/policy-preventing-discrimination-based-mental-health-disabilities-and-addictions\/14-undue-hardship\">[3].<\/a> Entre-temps, les personnes sourdes sont \u00e9conomiquement d\u00e9favoris\u00e9es.<br><\/li>\n\n\n\n<li><strong>Codes du b\u00e2timent, codes de pr\u00e9vention des incendies et normes de s\u00e9curit\u00e9 actuels <\/strong>: La plupart des codes du b\u00e2timent, des codes de pr\u00e9vention des incendies et des normes de s\u00e9curit\u00e9 canadiennes existants ne prot\u00e8gent pas ad\u00e9quatement les Canadiens sourds et sourds-aveugles. Ces normes doivent \u00eatre mises \u00e0 jour pour inclure des mesures de s\u00e9curit\u00e9 accessibles, comme des alarmes visuelles et vibrantes et des dispositifs de communication<a href=\"https:\/\/nrc.canada.ca\/en\/certifications-evaluations-standards\/codes-canada\/codes-canada-publications\/national-fire-code-canada-2020\">[4]<\/a><a href=\"https:\/\/nrc.canada.ca\/en\/certifications-evaluations-standards\/codes-canada\/codes-canada-publications\/national-building-code-canada-2020\">[5]<\/a> pour assurer la s\u00e9curit\u00e9 de tous les Canadiens dans leurs maisons.<br><\/li>\n\n\n\n<li><strong>Manque de s\u00e9curit\u00e9 et de revenu <\/strong>: Les mesures de s\u00e9curit\u00e9 limit\u00e9es et les possibilit\u00e9s de revenus limit\u00e9es pour les personnes sourdes restreignent leur capacit\u00e9 d&rsquo;acc\u00e9der \u00e0 la propri\u00e9t\u00e9. Ce manque de soutien perp\u00e9tue l\u2019in\u00e9galit\u00e9 \u00e9conomique et limite les r\u00eaves de nombreux membres de la communaut\u00e9 sourde<a href=\"https:\/\/www2.gnb.ca\/content\/gnb\/en\/departments\/social_development\/policy_manual\/applicant_and_clienttypes\/content\/blind_deaf_disabled.html\">[6]<\/a><a href=\"https:\/\/accessible.canada.ca\/centre-of-expertise\/employment\">[7].<\/a><br><\/li>\n\n\n\n<li><strong>Appel \u00e0 la mise \u00e0 jour des normes de s\u00e9curit\u00e9 <\/strong>: L&rsquo;ASC-CAD exhorte les gouvernements f\u00e9d\u00e9ral, territoriaux et provinciaux \u00e0 mettre \u00e0 jour leurs codes du b\u00e2timent et de pr\u00e9vention des incendies, ainsi que les normes de s\u00e9curit\u00e9 canadiennes pour rendre obligatoire l&rsquo;installation d&rsquo;avertisseurs de fum\u00e9e et de CO2 capables d\u2019alerter les personnes sourdes et sourdes et aveugles par le biais de syst\u00e8mes c\u00e2bl\u00e9s et sans fil dans les logements multir\u00e9sidentiels et r\u00e9sidentiels<a href=\"https:\/\/nrc.canada.ca\/en\/certifications-evaluations-standards\/codes-canada\/codes-canada-publications\/national-fire-code-canada-2020\">[4]<\/a><a href=\"https:\/\/nrc.canada.ca\/en\/certifications-evaluations-standards\/codes-canada\/codes-canada-publications\/national-building-code-canada-2020\">[5].<\/a><br><\/li>\n\n\n\n<li><strong>Prestation de l&rsquo;IRV pour les employeurs <\/strong>: Le gouvernement f\u00e9d\u00e9ral devrait fournir des services d&rsquo;interpr\u00e9tation vid\u00e9o \u00e0 distance aux employeurs qui ne peuvent pas embaucher d&rsquo;interpr\u00e8tes en raison de difficult\u00e9s excessives. Cela garantira aux personnes sourdes d&rsquo;avoir un acc\u00e8s \u00e9gal aux opportunit\u00e9s d&#8217;emploi et aux revenus, facilitant ainsi leur capacit\u00e9 \u00e0 acc\u00e9der \u00e0 la propri\u00e9t\u00e9<a href=\"https:\/\/www.nad.org\/remote-workplace-communications-access-for-employers\/\">[8].<\/a><br><\/li>\n\n\n\n<li><strong>Inclusion dans les projets de logement f\u00e9d\u00e9raux <\/strong>: Tous les projets f\u00e9d\u00e9raux de logement ou les programmes de financement de logements abordables comprennent des crit\u00e8res qui r\u00e9pondent aux pr\u00e9occupations de s\u00e9curit\u00e9 de la communaut\u00e9 sourde et sourde-aveugle. Cela permettra de s&rsquo;assurer que les logements sont accessibles et s\u00e9curitaires pour tous les r\u00e9sidents<a href=\"https:\/\/www.cabq.gov\/health-housing-homelessness\/news\/accessible-affordable-housing-honored-with-national-award\">[9].<\/a><br><\/li>\n\n\n\n<li><strong>Soutien aux communaut\u00e9s sourdes <\/strong>: Les aides au logement pour les personnes sourdes et sourdes et aveugles devraient favoriser un sentiment de communaut\u00e9, en incluant l&rsquo;acc\u00e8s \u00e0 des associations, des organismes et des services d&rsquo;interpr\u00e9tation. Placer une personne sourde ou sourde-aveugle dans une maison, avec une sonnette, ignore les nombreux besoins et soutiens n\u00e9cessaires pour faire d&rsquo;une maison un chez-soi. Cette approche holistique am\u00e9liorera la qualit\u00e9 de vie et l&rsquo;autonomie des Canadiens sourds<a href=\"https:\/\/www.chkc.org\/2024\/01\/the-urgent-need-for-affordable-housing-for-canadians-who-are-deafblind\/\">[10]<\/a><a href=\"https:\/\/deafblindontario.com\/our-services\/supported-living-homes\/\">[11].<\/a><\/li>\n<\/ol>\n\n\n\n<p>L&rsquo;ASC-CAD reste d\u00e9termin\u00e9 \u00e0 plaider en faveur de ces changements afin de cr\u00e9er une soci\u00e9t\u00e9 plus inclusive et plus \u00e9quitable pour les Canadiens sourds et sourds-aveugles. Nous demandons au gouvernement et aux intervenants concern\u00e9s de prendre des mesures imm\u00e9diates pour r\u00e9gler ces probl\u00e8mes critiques.<\/p>\n\n\n\n<h4 class=\"wp-block-heading\"><strong>R\u00e9vis\u00e9 par le conseil d\u2019administration de l\u2019ASC-CAD le 6 avril 2025.<\/strong><\/h4>\n\n\n\n<ul class=\"wp-block-list\">\n<li><a href=\"https:\/\/cad-asc.ca\/wp-content\/uploads\/2025\/04\/Logement-Abordable-Avril2025-FR.pdf\">Cliquez ici pour lire la prise de position sur le logement abordable en PDF<\/a><\/li>\n\n\n\n<li><a href=\"https:\/\/cad-asc.ca\/wp-content\/uploads\/2025\/04\/Logement-Abordable-Avril2025-FR.docx\">Cliquez ici pour lire la prise de position sur le logement abordable en Word (DOCX)<\/a><\/li>\n<\/ul>\n\n\n\n<h4 class=\"wp-block-heading\"><strong>R\u00e9f\u00e9rences<\/strong><\/h4>\n\n\n\n<p>[1] <a href=\"https:\/\/cad-asc.ca\/\">Association des Sourds du Canada<\/a><\/p>\n\n\n\n<p>[2] <a href=\"https:\/\/www.ohchr.org\/en\/instruments-mechanisms\/instruments\/convention-rights-persons-disabilities\">Convention relative aux droits des personnes handicap\u00e9es | Haut-Commissariat aux droits de l&rsquo;homme<\/a><\/p>\n\n\n\n<p>[3] <a href=\"https:\/\/www3.ohrc.on.ca\/en\/policy-preventing-discrimination-based-mental-health-disabilities-and-addictions\/14-undue-hardship\">Contrainte excessive | Commission ontarienne des droits de la personne<\/a><\/p>\n\n\n\n<p>[4] <a href=\"https:\/\/nrc.canada.ca\/en\/certifications-evaluations-standards\/codes-canada\/codes-canada-publications\/national-fire-code-canada-2020\">Code national de pr\u00e9vention des incendies \u2013 Canada 2020<\/a><\/p>\n\n\n\n<p>[5] <a href=\"https:\/\/nrc.canada.ca\/en\/certifications-evaluations-standards\/codes-canada\/codes-canada-publications\/national-building-code-canada-2020\">Code national du b\u00e2timent \u2013 Canada 2020<\/a><\/p>\n\n\n\n<p>[6] <a href=\"https:\/\/www2.gnb.ca\/content\/gnb\/en\/departments\/social_development\/policy_manual\/applicant_and_clienttypes\/content\/blind_deaf_disabled.html\">Aveugles, sourds ou handicap\u00e9s &#8211; Gouvernement du Nouveau-Brunswick<\/a><\/p>\n\n\n\n<p>[7] <a href=\"https:\/\/accessible.canada.ca\/centre-of-expertise\/employment\">Emploi &#8211; Normes d&rsquo;accessibilit\u00e9 Canada<\/a><\/p>\n\n\n\n<p>[8] <a href=\"https:\/\/www.nad.org\/remote-workplace-communications-access-for-employers\/\">NAD &#8211; Association nationale des sourds<\/a><\/p>\n\n\n\n<p>[9] <a href=\"https:\/\/www.cabq.gov\/health-housing-homelessness\/news\/accessible-affordable-housing-honored-with-national-award\">Le logement abordable accessible re\u00e7oit un prix national<\/a><\/p>\n\n\n\n<p>[10] <a href=\"https:\/\/www.chkc.org\/2024\/01\/the-urgent-need-for-affordable-housing-for-canadians-who-are-deafblind\/\">Le besoin urgent de logements abordables pour les Canadiens sourds et aveugles<\/a><\/p>\n\n\n\n<p>[11] <a href=\"https:\/\/deafblindontario.com\/our-services\/supported-living-homes\/\">Les meilleurs services r\u00e9sidentiels de l&rsquo;Ontario pour les personnes sourdes et aveugles<\/a><\/p>\n","protected":false},"excerpt":{"rendered":"<p>Introduction L&lsquo;Association des Sourds du Canada \u2013 Canadian Association of the Deaf (ASC-CAD) est la plus ancienne organisation nationale de consommateurs repr\u00e9sentant les personnes sourdes au Canada. Fond\u00e9e en 1940, l&rsquo;ASC-CAD d\u00e9fend les droits, les besoins et les pr\u00e9occupations des Canadiens sourds. L&rsquo;organisme offre des services de consultation, d&rsquo;information et de soutien au public, aux &hellip; <a href=\"https:\/\/cad-asc.ca\/fr\/enjeux-et-notre-position\/logement\/\" class=\"more-link\">Continue reading <span class=\"screen-reader-text\">\u00c9nonc\u00e9 de position sur le logement<\/span><\/a><\/p>\n","protected":false},"author":11,"featured_media":0,"parent":3314,"menu_order":0,"comment_status":"closed","ping_status":"closed","template":"page-templates\/position-paper-template.php","meta":{"_acf_changed":false,"_monsterinsights_skip_tracking":false,"_monsterinsights_sitenote_active":false,"_monsterinsights_sitenote_note":"","_monsterinsights_sitenote_category":0,"_uf_show_specific_survey":0,"_uf_disable_surveys":false,"footnotes":""},"class_list":["post-12850","page","type-page","status-publish","hentry"],"acf":[],"_links":{"self":[{"href":"https:\/\/cad-asc.ca\/fr\/wp-json\/wp\/v2\/pages\/12850","targetHints":{"allow":["GET"]}}],"collection":[{"href":"https:\/\/cad-asc.ca\/fr\/wp-json\/wp\/v2\/pages"}],"about":[{"href":"https:\/\/cad-asc.ca\/fr\/wp-json\/wp\/v2\/types\/page"}],"author":[{"embeddable":true,"href":"https:\/\/cad-asc.ca\/fr\/wp-json\/wp\/v2\/users\/11"}],"replies":[{"embeddable":true,"href":"https:\/\/cad-asc.ca\/fr\/wp-json\/wp\/v2\/comments?post=12850"}],"version-history":[{"count":0,"href":"https:\/\/cad-asc.ca\/fr\/wp-json\/wp\/v2\/pages\/12850\/revisions"}],"up":[{"embeddable":true,"href":"https:\/\/cad-asc.ca\/fr\/wp-json\/wp\/v2\/pages\/3314"}],"wp:attachment":[{"href":"https:\/\/cad-asc.ca\/fr\/wp-json\/wp\/v2\/media?parent=12850"}],"curies":[{"name":"wp","href":"https:\/\/api.w.org\/{rel}","templated":true}]}}