{"id":12884,"date":"2025-04-17T20:26:23","date_gmt":"2025-04-17T20:26:23","guid":{"rendered":"https:\/\/cad-asc.ca\/?page_id=12884"},"modified":"2026-04-23T20:54:15","modified_gmt":"2026-04-23T20:54:15","slug":"communique-de-presse","status":"publish","type":"page","link":"https:\/\/cad-asc.ca\/fr\/communique-de-presse\/","title":{"rendered":"Communiqu\u00e9 de presse"},"content":{"rendered":"\n<h2 class=\"wp-block-heading\"><strong>IVD Acc\u00e8s direct aux d\u00e9put\u00e9s pour les Canadiens sourds<\/strong><\/h2>\n\n\n\n<p>ASC-CAD est heureux d\u2019annoncer que la Chambre des communes a lanc\u00e9 un nouveau projet pilote offrant aux Canadiens sourds un acc\u00e8s direct \u00e0 leurs d\u00e9put\u00e9s gr\u00e2ce \u00e0 un service d\u2019interpr\u00e9tation \u00e0 distance en ASL et en LSQ, sur demande. Aucune r\u00e9servation \u00e0 l\u2019avance n\u2019est requise.<\/p>\n\n\n\n<p>Cette initiative repr\u00e9sente une \u00e9tape importante vers une communication sans obstacles et un acc\u00e8s \u00e9quitable \u00e0 la participation d\u00e9mocratique. Les personnes sourdes peuvent d\u00e9sormais communiquer directement avec leurs d\u00e9put\u00e9s sans d\u00e9lais ni barri\u00e8res suppl\u00e9mentaires.<\/p>\n\n\n\n<div style=\"max-width:1000px; margin:0 auto;\">\n  <iframe loading=\"lazy\" \n    width=\"1200\" \n    height=\"563\" \n    src=\"https:\/\/www.youtube.com\/embed\/-3uC95X4Kzo\" \n    title=\"L\u2019ASC-CAD annonce un nouveau projet pilote d\u2019IVD\" \n    frameborder=\"0\" \n    allowfullscreen>\n  <\/iframe>\n<\/div>\n\n\n\n<p><strong>Pourquoi c\u2019est important<\/strong><br>L\u2019acc\u00e8s \u00e9gal aux repr\u00e9sentants \u00e9lus est un principe fondamental de la d\u00e9mocratie. Ce projet pilote contribue \u00e0 assurer que les Canadiens sourds puissent participer pleinement \u00e0 la vie civique en exprimant leurs pr\u00e9occupations, en partageant leurs points de vue et en d\u00e9fendant les enjeux qui leur tiennent \u00e0 c\u0153ur.<\/p>\n\n\n\n<p><strong>Visitez le bureau de circonscription de votre d\u00e9put\u00e9<\/strong><br>ASC-CAD encourage les membres de la communaut\u00e9 sourde \u00e0 se rendre au bureau de circonscription de leur d\u00e9put\u00e9 afin de soulever les enjeux qui les concernent et de profiter de ce nouveau service accessible.<\/p>\n\n\n\n<h2 class=\"wp-block-heading\"><strong>2025<\/strong> <strong>Journ\u00e9e internationale des langues des signes (JILS) et la Semaine internationale des sourds (PDI)<\/strong><\/h2>\n\n\n\n<p>L&rsquo;Association canadienne des sourds du Canada (ASC-CAD) est fi\u00e8re de hisser le drapeau des Sourds sur la Colline du Parlement pour la deuxi\u00e8me fois de son histoire le mardi 23 septembre 2025 \u00e0 12 h HNE, en l&rsquo;honneur de la Journ\u00e9e internationale des langues des signes (JILS) d\u00e9clar\u00e9e par l\u2019ONU.<\/p>\n\n\n\n<p>Au nord de la flamme \u00e9ternelle, devant les \u00e9difices du Parlement, l&rsquo;\u00e9v\u00e9nement accueillera des dignitaires tels que Christopher Sutton, commissaire \u00e0 l&rsquo;accessibilit\u00e9 du Canada, l&rsquo;honorable Patty Hajdu, ministre de l\u2019Emploi et des Familles, ainsi que l&rsquo;honorable Leslie Church, secr\u00e9taire parlementaire du minist\u00e8re. Les \u00e9tudiants du Centre Jules-Leger interpr\u00e9teront l\u2019O Canada en LSQ lors de la lev\u00e9e du drapeau des Sourds.<\/p>\n\n\n\n<p>L\u2019ASC-CAD est fi\u00e8re de soutenir la campagne mondiale de la F\u00e9d\u00e9ration mondiale des sourds (FMS) : \u00ab Pas de droits humains sans les droits aux langues des signes \u00bb pour promouvoir la Journ\u00e9e internationale des langues des signes et la Semaine internationale des Sourds, qui se tiendra du 22 au 28 septembre 2025.<\/p>\n\n\n\n<p>Le drapeau des Sourds, approuv\u00e9 par la FMS en juillet 2023, repr\u00e9sente un symbole fort pour nos communaut\u00e9s de langue des signes partout dans le monde.<\/p>\n\n\n\n<p>La Journ\u00e9e internationale des langues des signes vise \u00e0 sensibiliser le public aux langues des signes et s\u2019inscrit dans le cadre de la Semaine internationale des personnes Sourdes. Diverses activit\u00e9s sont organis\u00e9es par les communaut\u00e9s de langue des signes au Canada et \u00e0 l\u2019international afin de souligner l\u2019importance des langues des signes et des droits humains de nos communaut\u00e9s aupr\u00e8s de divers intervenants, y compris les organismes gouvernementaux.<\/p>\n\n\n\n<p><strong>Liens vers les documents :<\/strong><\/p>\n\n\n\n<ul class=\"wp-block-list\">\n<li><a href=\"https:\/\/cad-asc.ca\/wp-content\/uploads\/2025\/09\/FR-ASC-CAD-Media-Release-FR-JILS-2025-Final-1.docx\">Cliquez ici pour t\u00e9l\u00e9charger la 2025 JILS et PDI document en format Word (DOCX)<\/a><\/li>\n<\/ul>\n\n\n\n<h2 class=\"wp-block-heading\"><strong>Revue des normes en IA<\/strong><\/h2>\n\n\n\n<p>En r\u00e9ponse \u00e0 la demande de consultation publique de Normes d&rsquo;accessibilit\u00e9 Canada sur l\u2019\u00e9bauche de la norme relative <a href=\"https:\/\/accessibilite.canada.ca\/elaboration-normes-accessibilite\/asc-62-systemes-intelligence-artificielle-accessibles-equitables\">aux syst\u00e8mes d\u2019intelligence artificielle accessibles et \u00e9quitables<\/a>, l\u2019Association des Sourds du Canada \u2013 Canadian Association of the Deaf (ASC-CAD) pr\u00e9sente cette revue approfondie qui \u00e9value l\u2019accessibilit\u00e9 et l\u2019\u00e9quit\u00e9 des normes propos\u00e9es en intelligence artificielle. Elle y souligne des lacunes importantes pour les communaut\u00e9s sourdes et handicap\u00e9es, tout en offrant des recommandations d\u00e9taill\u00e9es pour garantir des syst\u00e8mes d\u2019IA inclusifs et sans obstacles.<\/p>\n\n\n\n<p><strong>Liens vers les documents :<\/strong><\/p>\n\n\n\n<ul class=\"wp-block-list\">\n<li><a href=\"https:\/\/cad-asc.ca\/wp-content\/uploads\/2025\/05\/Revue-des-normes-en-IA-de-lASC-CAD-\u2013-Mai-2025.pdf\">Cliquez ici pour t\u00e9l\u00e9charger la Revue des normes en IA \u2013 ASC-CAD (Mai 2025) en PDF<\/a><\/li>\n\n\n\n<li><a href=\"https:\/\/cad-asc.ca\/wp-content\/uploads\/2025\/05\/Revue-des-normes-en-IA-de-lASC-CAD-\u2013-Mai-2025.docx\">Cliquez ici pour t\u00e9l\u00e9charger la Revue des normes en IA \u2013 ASC-CAD (Mai 2025) en format Word (DOCX)<\/a><\/li>\n<\/ul>\n\n\n\n<h2 class=\"wp-block-heading\"><strong>2025 <strong>R\u00e9sultats du sondage \u00e9lectoral<\/strong><\/strong><\/h2>\n\n\n\n<p>Alors que les Canadiens se pr\u00e9parent \u00e0 se rendre aux urnes le 28 avril 2025, l\u2019Association des Sourds du Canada \u2013 Canadian Association of the Deaf (ASC-CAD) a lanc\u00e9 un sondage afin d\u2019\u00e9valuer la position des cinq principaux partis politiques sur des enjeux cl\u00e9s li\u00e9s au handicap. Bien que le Canada ait r\u00e9alis\u00e9 des progr\u00e8s vers une soci\u00e9t\u00e9 plus inclusive, d&rsquo;importantes lacunes persistent en mati\u00e8re de mise en \u0153uvre des politiques, de financement et d\u2019engagement politique \u2013 en particulier pour les personnes sourdes, sourdes-aveugles, malentendantes ou sourdes et handicap\u00e9es (SSAMES+). Les r\u00e9ponses des partis \u2013 ou leur absence de r\u00e9ponse \u2013 offrent un aper\u00e7u de leur position sur les \u00e9lections accessibles, le logement, la Prestation canadienne pour les personnes en situation de handicap, la technologie inclusive et plus encore.<\/p>\n\n\n\n<p>\u00c0 l\u2019approche de l\u2019\u00e9ch\u00e9ance de 2025 pour la mise en \u0153uvre d\u2019initiatives f\u00e9d\u00e9rales cruciales, il est plus que jamais n\u00e9cessaire que le prochain gouvernement fasse preuve de transparence, de responsabilit\u00e9 et d\u2019un engagement r\u00e9el envers la communaut\u00e9 des personnes en situation de handicap. L\u2019ASC-CAD a transmis le sondage et des rappels aux partis, et s\u2019est engag\u00e9e \u00e0 mettre \u00e0 jour les r\u00e9sultats dans un d\u00e9lai d\u2019un jour ouvrable suivant chaque r\u00e9ponse. Cliquez sur le lien du communiqu\u00e9 ci-dessous pour lire le rapport complet en format PDF ou Word (DOCX).<\/p>\n\n\n\n<p><strong>Liens vers les documents :<\/strong><\/p>\n\n\n\n<ul class=\"wp-block-list\">\n<li><a href=\"https:\/\/cad-asc.ca\/wp-content\/uploads\/2025\/04\/Un-sondage-politique-sur-lavenir-des-droits-des-personnes-en-situation-de-handicap-au-Canada-1.pdf\">Cliquez ici pour t\u00e9l\u00e9charger le rapport sur les r\u00e9sultats du sondage \u00e9lectoral en PDF<\/a><\/li>\n\n\n\n<li><a href=\"https:\/\/cad-asc.ca\/wp-content\/uploads\/2025\/04\/Un-sondage-politique-sur-lavenir-des-droits-des-personnes-en-situation-de-handicap-au-Canada-1.docx\">Cliquez ici pour t\u00e9l\u00e9charger le rapport sur les r\u00e9sultats du sondage \u00e9lectoral en format Word (DOCX)<\/a><\/li>\n<\/ul>\n\n\n\n<h2 class=\"wp-block-heading\"><strong>La lev\u00e9e du drapeau des Sourds<\/strong><\/h2>\n\n\n\n<p>L&rsquo;Association des Sourds du Canada \u2013 Canadian Association of the Deaf (ASC-CAD) est fi\u00e8re d&rsquo;hisser le Drapeau des Sourds sur la Colline du Parlement pour la premi\u00e8re fois de l&rsquo;histoire. Cliquez sur le lien du communiqu\u00e9 de presse ci-dessous pour lire la lettre en format DOCX.<\/p>\n\n\n\n<p><a href=\"https:\/\/cad-asc.ca\/wp-content\/uploads\/2024\/09\/Communiques-de-presse-de-lASC-CAD-sur-la-JILS-2024-Sept-20-Final.docx\">Communiqu\u00e9 de presse<\/a> &#8211; 23 septembre 2024<\/p>\n\n\n\n<h2 class=\"wp-block-heading\"><strong>Carter Churchill<\/strong><\/h2>\n\n\n\n<p>L&rsquo;Association des Sourds du Canada \u2013 Canadian Association of the Deaf (ASC-CAD) a r\u00e9dig\u00e9 un communiqu\u00e9 de presse concernant l&rsquo;affaire des droits de la personne de Kimberly Churchill et Todd Churchill, au nom de Carter Churchill c. <span lang=\"en-ca\">Newfoundland and Labrador English School District<\/span>. Cliquez sur le lien du communiqu\u00e9 de presse ci-dessous pour lire la lettre en format PDF.<\/p>\n\n\n\n<p><a href=\"https:\/\/cad-asc.ca\/wp-content\/uploads\/2023\/09\/Churchill-Press-Release-FRE.pdf\">Communiqu\u00e9 de presse<\/a> &#8211; 18 septembre 2023<\/p>\n","protected":false},"excerpt":{"rendered":"<p>IVD Acc\u00e8s direct aux d\u00e9put\u00e9s pour les Canadiens sourds ASC-CAD est heureux d\u2019annoncer que la Chambre des communes a lanc\u00e9 un nouveau projet pilote offrant aux Canadiens sourds un acc\u00e8s direct \u00e0 leurs d\u00e9put\u00e9s gr\u00e2ce \u00e0 un service d\u2019interpr\u00e9tation \u00e0 distance en ASL et en LSQ, sur demande. Aucune r\u00e9servation \u00e0 l\u2019avance n\u2019est requise. Cette &hellip; <a href=\"https:\/\/cad-asc.ca\/fr\/communique-de-presse\/\" class=\"more-link\">Continue reading <span class=\"screen-reader-text\">Communiqu\u00e9 de presse<\/span><\/a><\/p>\n","protected":false},"author":11,"featured_media":0,"parent":0,"menu_order":0,"comment_status":"closed","ping_status":"closed","template":"","meta":{"_acf_changed":false,"_monsterinsights_skip_tracking":false,"_monsterinsights_sitenote_active":false,"_monsterinsights_sitenote_note":"","_monsterinsights_sitenote_category":0,"_uf_show_specific_survey":0,"_uf_disable_surveys":false,"footnotes":""},"class_list":["post-12884","page","type-page","status-publish","hentry"],"acf":[],"_links":{"self":[{"href":"https:\/\/cad-asc.ca\/fr\/wp-json\/wp\/v2\/pages\/12884","targetHints":{"allow":["GET"]}}],"collection":[{"href":"https:\/\/cad-asc.ca\/fr\/wp-json\/wp\/v2\/pages"}],"about":[{"href":"https:\/\/cad-asc.ca\/fr\/wp-json\/wp\/v2\/types\/page"}],"author":[{"embeddable":true,"href":"https:\/\/cad-asc.ca\/fr\/wp-json\/wp\/v2\/users\/11"}],"replies":[{"embeddable":true,"href":"https:\/\/cad-asc.ca\/fr\/wp-json\/wp\/v2\/comments?post=12884"}],"version-history":[{"count":0,"href":"https:\/\/cad-asc.ca\/fr\/wp-json\/wp\/v2\/pages\/12884\/revisions"}],"wp:attachment":[{"href":"https:\/\/cad-asc.ca\/fr\/wp-json\/wp\/v2\/media?parent=12884"}],"curies":[{"name":"wp","href":"https:\/\/api.w.org\/{rel}","templated":true}]}}