{"id":13314,"date":"2025-09-04T19:07:22","date_gmt":"2025-09-04T19:07:22","guid":{"rendered":"https:\/\/cad-asc.ca\/?page_id=13314"},"modified":"2026-01-28T18:26:23","modified_gmt":"2026-01-28T18:26:23","slug":"plan-strategique-2026-2030","status":"publish","type":"page","link":"https:\/\/cad-asc.ca\/fr\/plan-strategique-2026-2030\/","title":{"rendered":"Plan strat\u00e9gique pour 2026-2030"},"content":{"rendered":"\n<p>Le conseil d\u2019administration de l\u2019ACDSC (CAD-ASC) est heureux d\u2019annoncer la publication de son Plan strat\u00e9gique finalis\u00e9 pour 2026\u20132030. Ce plan pr\u00e9sente nos priorit\u00e9s et notre orientation pour les cinq prochaines ann\u00e9es, alors que nous continuons de faire progresser les droits, l\u2019acc\u00e8s et le leadership des communaut\u00e9s sourdes, sourdes-aveugles et malentendantes partout au Canada.<\/p>\n\n\n\n<p>Pour consulter le document complet, veuillez voir : <a href=\"https:\/\/cad-asc.ca\/wp-content\/uploads\/2026\/01\/2026-plan-strategique-quinquennal-de-lASC-27-janvier.docx\"><strong>ASC-CAD&rsquo;s Plan strat\u00e9gique 2026-2030 (Version finale) \u2013 Word (DOCX)<\/strong><\/a><\/p>\n\n\n\n<p>Nous vous invitons \u00e0 prendre connaissance du plan et \u00e0 en apprendre davantage sur les objectifs et les initiatives qui guideront notre travail au cours de cette p\u00e9riode. Ce plan strat\u00e9gique refl\u00e8te une vaste consultation communautaire, une \u00e9valuation organisationnelle approfondie ainsi que notre engagement continu envers l\u2019\u00e9quit\u00e9, l\u2019accessibilit\u00e9 et une participation significative.<\/p>\n\n\n\n<p>Une version en langage clair du <strong>Plan strat\u00e9gique 2026\u20132030<\/strong> est fournie ci-dessous.<\/p>\n\n\n\n<h2 class=\"wp-block-heading\"><strong>Plan&nbsp;strat\u00e9gique&nbsp;de&nbsp;l\u2019Association&nbsp;des Sourds du Canada&nbsp;\u2013 Canadian Association of the Deaf (ASC-CAD)&nbsp;(2026\u20132030)<\/strong>&nbsp;<\/h2>\n\n\n\n<p><strong>D\u00e9claration de vision<\/strong>&nbsp;:<\/p>\n\n\n\n<ul class=\"wp-block-list\">\n<li>Un Canada inclusif o\u00f9 les personnes sourdes, y compris les jeunes et autochtones, s\u2019\u00e9panouissent.&nbsp;<\/li>\n\n\n\n<li>Une soci\u00e9t\u00e9 qui valorise les langues des signes, l\u2019\u00e9quit\u00e9 et le leadership sourd&nbsp;aux niveaux locaux, national et mondial.&nbsp;<\/li>\n<\/ul>\n\n\n\n<p><strong>D\u00e9claration de mission<\/strong>&nbsp;:<\/p>\n\n\n\n<ul class=\"wp-block-list\">\n<li>Prot\u00e9ger et promouvoir les droits et besoins des personnes sourdes.&nbsp;<\/li>\n\n\n\n<li>Favoriser l\u2019\u00e9galit\u00e9, l\u2019acc\u00e8s \u00e0 la communication, \u00e0 l\u2019\u00e9ducation, \u00e0 l\u2019emploi et aux opportunit\u00e9s.&nbsp;<\/li>\n\n\n\n<li>Garantir l\u2019inclusion compl\u00e8te des personnes sourdes dans la soci\u00e9t\u00e9.&nbsp;<\/li>\n<\/ul>\n\n\n\n<h3 class=\"wp-block-heading\"><strong>1. R\u00e9conciliation autochtone et protection des langues des signes autochtones<\/strong>&nbsp;<\/h3>\n\n\n\n<p><strong>Objectif :<\/strong>&nbsp;Promouvoir la r\u00e9conciliation et prot\u00e9ger les langues autochtones.&nbsp;&nbsp;<\/p>\n\n\n\n<p><strong>Actions :<\/strong>&nbsp;<\/p>\n\n\n\n<ul class=\"wp-block-list\">\n<li>Reconna\u00eetre les torts coloniaux et la marginalisation.&nbsp;<\/li>\n\n\n\n<li>\u00c9tablir un Cercle consultatif autochtone des Sourds.&nbsp;<\/li>\n\n\n\n<li>Soutenir les programmes dirig\u00e9s par des a\u00een\u00e9s et les \u00ab nids linguistiques \u00bb.\u00a0<\/li>\n\n\n\n<li>D\u00e9fendre la reconnaissance et promotion des langues autochtones.\u00a0<\/li>\n\n\n\n<li>B\u00e2tir des partenariats avec les groupes autochtones.\u00a0<\/li>\n<\/ul>\n\n\n\n<h3 class=\"wp-block-heading\"><strong>2. Infrastructures nationales et renforcement des capacit\u00e9s<\/strong>&nbsp;<\/h3>\n\n\n\n<p><strong>Objectif :<\/strong>&nbsp;\u00c9tablir un si\u00e8ge national permanent et renforcer les organisations r\u00e9gionales.&nbsp;&nbsp;<\/p>\n\n\n\n<p><strong>Actions :<\/strong>&nbsp;<\/p>\n\n\n\n<ul class=\"wp-block-list\">\n<li>Acqu\u00e9rir un si\u00e8ge social central.&nbsp;<\/li>\n\n\n\n<li>Cr\u00e9er un groupe de travail multipartite pour g\u00e9rer les ressources et infrastructures.\u00a0<\/li>\n\n\n\n<li>Offrir logements s\u00e9curitaires pour les jeunes et les personnes \u00e0 risque.\u00a0<\/li>\n\n\n\n<li>Lancer une campagne de financement avec microprojets r\u00e9gionaux.\u00a0<\/li>\n\n\n\n<li>Soutenir le d\u00e9veloppement organisationnel et l\u2019innovation sourde, incluant l\u2019intelligence artificielle (IA) accessible.&nbsp;<\/li>\n<\/ul>\n\n\n\n<h3 class=\"wp-block-heading\"><strong>3. Droits linguistiques et \u00e9ducation<\/strong>&nbsp;<\/h3>\n\n\n\n<p><strong>Objectif :<\/strong>\u00a0Garantir une \u00e9ducation bilingue et acc\u00e8s postsecondaire.\u00a0\u00a0<\/p>\n\n\n\n<p><strong>Actions :<\/strong>&nbsp;<\/p>\n\n\n\n<ul class=\"wp-block-list\">\n<li>Reconna\u00eetre la privation linguistique comme crise nationale.\u00a0<\/li>\n\n\n\n<li>D\u00e9velopper des programmes bilingues ASL\/LSQ + langues \u00e9crites d\u00e8s la petite enfance.\u00a0<\/li>\n\n\n\n<li>\u00c9tablir des lignes directrices nationales et promouvoir la collaboration scolaire.\u00a0<\/li>\n\n\n\n<li>Plaider pour des universit\u00e9s dirig\u00e9es par des Sourds.\u00a0<\/li>\n<\/ul>\n\n\n\n<h3 class=\"wp-block-heading\"><strong>4. Opportunit\u00e9s postsecondaires<\/strong>&nbsp;<\/h3>\n\n\n\n<p><strong>Objectif :<\/strong>\u00a0D\u00e9velopper des \u00e9tablissements postsecondaires dirig\u00e9s par des Sourds.\u00a0\u00a0<\/p>\n\n\n\n<p><strong>Actions :<\/strong>&nbsp;<\/p>\n\n\n\n<ul class=\"wp-block-list\">\n<li>Collaborer avec les universit\u00e9s et les parties prenantes.\u00a0<\/li>\n\n\n\n<li>Int\u00e9grer des enseignants et chercheurs sourds.\u00a0<\/li>\n\n\n\n<li>Promouvoir la recherche, la formation des interpr\u00e8tes et la pr\u00e9servation des langues autochtones.\u00a0<\/li>\n<\/ul>\n\n\n\n<h3 class=\"wp-block-heading\"><strong>5.&nbsp;Acc\u00e8s \u00e0 la justice<\/strong>&nbsp;<\/h3>\n\n\n\n<p><strong>Objectif :<\/strong>&nbsp;\u00c9tablir un Centre juridique dirig\u00e9 par les Sourds.&nbsp;&nbsp;<\/p>\n\n\n\n<p><strong>Actions :<\/strong>&nbsp;<\/p>\n\n\n\n<ul class=\"wp-block-list\">\n<li>Fournir plaidoyer et repr\u00e9sentation\u00a0\u00e0 des causes d\u2019importance nationale.\u00a0<\/li>\n\n\n\n<li>Cr\u00e9er clinique juridique nationale.&nbsp;<\/li>\n\n\n\n<li>Former les avocats et interpr\u00e8tes, en int\u00e9grant les perspectives 2\u00c9LGBTQ+, rurales\/nordiques et&nbsp;Sourd-aveugles.&nbsp;<\/li>\n\n\n\n<li>Surveiller les lois et politiques touchant droits des Sourds.\u00a0<\/li>\n<\/ul>\n\n\n\n<h3 class=\"wp-block-heading\"><strong>6. Normes et certifications pour les interpr\u00e8tes<\/strong>&nbsp;<\/h3>\n\n\n\n<p><strong>Objectif :<\/strong>&nbsp;Cr\u00e9er&nbsp;un&nbsp;Conseil national de certification ASL\/LSQ dirig\u00e9 par des Sourds.&nbsp;&nbsp;<\/p>\n\n\n\n<p><strong>Actions :<\/strong>&nbsp;<\/p>\n\n\n\n<ul class=\"wp-block-list\">\n<li>Assurer la repr\u00e9sentation\u00a0sourde et r\u00e9gionale.\u00a0<\/li>\n\n\n\n<li>Plaider pour des changements l\u00e9gislatifs et voies pour les langues autochtones.\u00a0<\/li>\n<\/ul>\n\n\n\n<h3 class=\"wp-block-heading\"><strong>7.&nbsp;Politiques et normes en vertu de la Loi canadienne sur l\u2019accessibilit\u00e9<\/strong>&nbsp;<\/h3>\n\n\n\n<p><strong>Objectif :<\/strong>&nbsp;Assurer la mise en \u0153uvre de la Loi canadienne sur l\u2019accessibilit\u00e9 (LCA) et la conformit\u00e9 \u00e0 la Convention relative aux droits des personnes handicap\u00e9es (CDPH) des Nations Unies.&nbsp;<\/p>\n\n\n\n<p><strong>Actions :<\/strong>&nbsp;<\/p>\n\n\n\n<ul class=\"wp-block-list\">\n<li>Int\u00e9grer les langues des signes dans les services et normes.\u00a0<\/li>\n\n\n\n<li>Offrir des consultations dirig\u00e9es par les Sourds et surveiller l&rsquo;application de la CDPH.\u00a0<\/li>\n\n\n\n<li>D\u00e9velopper un syst\u00e8me de signalement et des m\u00e9canismes inclusifs de reddition de comptes.\u00a0<\/li>\n<\/ul>\n\n\n\n<h3 class=\"wp-block-heading\"><strong>8. Engagement et solidarit\u00e9 internationaux<\/strong>&nbsp;<\/h3>\n\n\n\n<p><strong>Objectif :<\/strong>\u00a0Renforcer la collaboration internationale et soutenir FMS et sa section jeunesse.\u00a0\u00a0<\/p>\n\n\n\n<p><strong>Actions :<\/strong>&nbsp;<\/p>\n\n\n\n<ul class=\"wp-block-list\">\n<li>Fournir soutien financier et en nature aux initiatives FMS et FMS-SJ.&nbsp;<\/li>\n\n\n\n<li>Assurer la repr\u00e9sentation des communaut\u00e9s canadiennes \u00e0 l\u2019international.\u00a0<\/li>\n\n\n\n<li>Plaider pour le soutien gouvernemental au Congr\u00e8s FMS 2039 et int\u00e9grer objectifs avec CDPH.\u00a0<\/li>\n\n\n\n<li>D\u00e9fendre la reconnaissance de la Journ\u00e9e internationale des langues des signes et de la Semaine internationale des Sourds.<\/li>\n\n\n\n<li>Soutenir l&rsquo;inclusion des organisations sourdes du Sud global.\u00a0\u00a0<\/li>\n<\/ul>\n\n\n\n<p><br><em>Fin de la version en langage clair.<\/em><\/p>\n\n\n\n<p>Merci de votre soutien continu alors que nous travaillons ensemble pour renforcer et autonomiser nos communaut\u00e9s.<\/p>\n","protected":false},"excerpt":{"rendered":"<p>Le conseil d\u2019administration de l\u2019ACDSC (CAD-ASC) est heureux d\u2019annoncer la publication de son Plan strat\u00e9gique finalis\u00e9 pour 2026\u20132030. Ce plan pr\u00e9sente nos priorit\u00e9s et notre orientation pour les cinq prochaines ann\u00e9es, alors que nous continuons de faire progresser les droits, l\u2019acc\u00e8s et le leadership des communaut\u00e9s sourdes, sourdes-aveugles et malentendantes partout au Canada. Pour consulter &hellip; <a href=\"https:\/\/cad-asc.ca\/fr\/plan-strategique-2026-2030\/\" class=\"more-link\">Continue reading <span class=\"screen-reader-text\">Plan strat\u00e9gique pour 2026-2030<\/span><\/a><\/p>\n","protected":false},"author":11,"featured_media":13598,"parent":0,"menu_order":0,"comment_status":"closed","ping_status":"closed","template":"","meta":{"_acf_changed":false,"_monsterinsights_skip_tracking":false,"_monsterinsights_sitenote_active":false,"_monsterinsights_sitenote_note":"","_monsterinsights_sitenote_category":0,"_uf_show_specific_survey":0,"_uf_disable_surveys":false,"footnotes":""},"class_list":["post-13314","page","type-page","status-publish","has-post-thumbnail","hentry"],"acf":[],"_links":{"self":[{"href":"https:\/\/cad-asc.ca\/fr\/wp-json\/wp\/v2\/pages\/13314","targetHints":{"allow":["GET"]}}],"collection":[{"href":"https:\/\/cad-asc.ca\/fr\/wp-json\/wp\/v2\/pages"}],"about":[{"href":"https:\/\/cad-asc.ca\/fr\/wp-json\/wp\/v2\/types\/page"}],"author":[{"embeddable":true,"href":"https:\/\/cad-asc.ca\/fr\/wp-json\/wp\/v2\/users\/11"}],"replies":[{"embeddable":true,"href":"https:\/\/cad-asc.ca\/fr\/wp-json\/wp\/v2\/comments?post=13314"}],"version-history":[{"count":0,"href":"https:\/\/cad-asc.ca\/fr\/wp-json\/wp\/v2\/pages\/13314\/revisions"}],"wp:featuredmedia":[{"embeddable":true,"href":"https:\/\/cad-asc.ca\/fr\/wp-json\/wp\/v2\/media\/13598"}],"wp:attachment":[{"href":"https:\/\/cad-asc.ca\/fr\/wp-json\/wp\/v2\/media?parent=13314"}],"curies":[{"name":"wp","href":"https:\/\/api.w.org\/{rel}","templated":true}]}}