{"id":13971,"date":"2025-11-18T21:45:22","date_gmt":"2025-11-18T21:45:22","guid":{"rendered":"https:\/\/cad-asc.ca\/?page_id=13971"},"modified":"2025-12-08T22:19:51","modified_gmt":"2025-12-08T22:19:51","slug":"rapport-annuel-2025","status":"publish","type":"page","link":"https:\/\/cad-asc.ca\/fr\/rapport-annuel-2025\/","title":{"rendered":"Rapport annuel 2025"},"content":{"rendered":"\n<p>Remarque : En raison d\u2019une erreur dans notre r\u00e9cent courriel de campagne, nous avons d\u00e9plac\u00e9 le lien de don en haut de la page :<a href=\"https:\/\/cad-asc.ca\/fr\/manieres-de-donner\/\"> <strong>https:\/\/cad-asc.ca\/fr\/manieres-de-donner\/<\/strong><\/a><\/p>\n\n\n\n<p>Nous vous pr\u00e9sentons nos plus sinc\u00e8res excuses pour ce d\u00e9sagr\u00e9ment et vous remercions de votre soutien continu.<\/p>\n\n\n\n<h2 class=\"wp-block-heading\"><strong>Association des Sourds du Canada \u2013 Canadian Association of the Deaf (ASC-CAD)<\/strong>&nbsp;<\/h2>\n\n\n\n<p><strong>Rapport annuel 2025<\/strong>&nbsp;<\/p>\n\n\n\n<p>En 2025, l\u2019Association des Sourds du Canada \u2013 Canadian Association of the Deaf (ASC-CAD) a poursuivi sa mission visant \u00e0 faire progresser les droits, la reconnaissance et l\u2019inclusion des personnes Sourdes, Sourdes-aveugles et malentendantes au Canada, y compris les utilisateurs de l\u2019American Sign Language (ASL), de la Langue des signes qu\u00e9b\u00e9coise (LSQ) et des langues des signes autochtones (LSA).<\/p>\n\n\n\n<h2 class=\"wp-block-heading\"><strong>Partenariats autochtones et r\u00e9conciliation<\/strong>&nbsp;<\/h2>\n\n\n\n<p>La r\u00e9conciliation demeure un principe directeur du travail de l\u2019ASC-CAD.&nbsp;<br>&nbsp;<br>Cette ann\u00e9e, nous avons poursuivi notre collaboration avec le Wabanaki Council on Disability et renforc\u00e9 nos actions aupr\u00e8s des personnes Sourdes, Sourdes-aveugles et malentendantes autochtones. Au printemps, l\u2019ASC-CAD a \u00e9t\u00e9 commanditaire du deuxi\u00e8me Rassemblement national culturel des Sourds autochtones en Alberta, et notre directrice nationale des Affaires autochtones a particip\u00e9 \u00e0 la conf\u00e9rence Indigenous Disability Canada en Colombie-Britannique.<\/p>\n\n\n\n<p>Nos actions de d\u00e9fense des droits se poursuivent alors que notre Comit\u00e9 autochtone travaille \u00e0 assurer la reconnaissance et la repr\u00e9sentation des personnes Sourdes autochtones au sein des <strong>cadres nationaux autochtones et d\u2019accessibilit\u00e9 de l\u2019\u00cele de la Tortue<\/strong>.<\/p>\n\n\n\n<h2 class=\"wp-block-heading\"><strong>Repr\u00e9sentation et leadership<\/strong>&nbsp;<\/h2>\n\n\n\n<p>Nous avons c\u00e9l\u00e9br\u00e9 la nomination de <strong>Chris Sutton<\/strong> \u2014 un Canadien fier, dipl\u00f4m\u00e9 de l\u2019Universit\u00e9 Gallaudet et utilisateur de l\u2019ASL \u2014 au poste de <strong>Commissaire \u00e0 l\u2019accessibilit\u00e9 de la Commission canadienne des droits de la personne<\/strong>. Son leadership renforce le r\u00f4le essentiel des professionnels Sourds dans l\u2019\u00e9laboration des politiques canadiennes en mati\u00e8re d\u2019accessibilit\u00e9 et de droits de la personne.<\/p>\n\n\n\n<h2 class=\"wp-block-heading\"><strong>Drapeau des Sourds sur la Colline du Parlement<\/strong><\/h2>\n\n\n\n<p>En 2025, l\u2019ASC-CAD a hiss\u00e9 le <strong>drapeau des Sourds sur la Colline du Parlement<\/strong> pour souligner la <strong>Journ\u00e9e internationale des langues des signes (23 septembre)<\/strong>, telle que d\u00e9clar\u00e9e par l\u2019ONU. Pour la premi\u00e8re fois, nous \u00e9tions accompagn\u00e9s de <strong>l\u2019honorable Patty Hajdu, ministre de l\u2019Emploi et de la Famille<\/strong>, et <strong>ministre responsable de la mise en \u0153uvre de la Loi canadienne sur l\u2019accessibilit\u00e9<\/strong>. Nous \u00e9tions \u00e9galement rejoints par le Commissaire \u00e0 l\u2019accessibilit\u00e9 de la Commission canadienne des droits de la personne, Christopher Sutton. Leur pr\u00e9sence et leurs discours t\u00e9moignent de la reconnaissance grandissante, par le gouvernement et les dirigeants du Canada, de l\u2019importance de la repr\u00e9sentation des personnes Sourdes dans les discussions li\u00e9es \u00e0 l\u2019accessibilit\u00e9 et aux politiques publiques.<\/p>\n\n\n\n<figure class=\"wp-block-gallery has-nested-images columns-default is-cropped wp-block-gallery-1 is-layout-flex wp-block-gallery-is-layout-flex\">\n<figure class=\"wp-block-image size-large\"><a href=\"https:\/\/cad-asc.ca\/wp-content\/uploads\/2025\/12\/Deaf-Flag-Raising-Photo-scaled.jpg\"><img loading=\"lazy\" decoding=\"async\" width=\"1024\" height=\"649\" data-id=\"14049\" src=\"https:\/\/cad-asc.ca\/wp-content\/uploads\/2025\/12\/Deaf-Flag-Raising-Photo-1024x649.jpg\" alt=\"A group of people at Deaf Flag Raising event\" class=\"wp-image-14049\" srcset=\"https:\/\/cad-asc.ca\/wp-content\/uploads\/2025\/12\/Deaf-Flag-Raising-Photo-1024x649.jpg 1024w, https:\/\/cad-asc.ca\/wp-content\/uploads\/2025\/12\/Deaf-Flag-Raising-Photo-300x190.jpg 300w, https:\/\/cad-asc.ca\/wp-content\/uploads\/2025\/12\/Deaf-Flag-Raising-Photo-768x486.jpg 768w, https:\/\/cad-asc.ca\/wp-content\/uploads\/2025\/12\/Deaf-Flag-Raising-Photo-1536x973.jpg 1536w, https:\/\/cad-asc.ca\/wp-content\/uploads\/2025\/12\/Deaf-Flag-Raising-Photo-2048x1297.jpg 2048w, https:\/\/cad-asc.ca\/wp-content\/uploads\/2025\/12\/Deaf-Flag-Raising-Photo-200x127.jpg 200w, https:\/\/cad-asc.ca\/wp-content\/uploads\/2025\/12\/Deaf-Flag-Raising-Photo-150x95.jpg 150w, https:\/\/cad-asc.ca\/wp-content\/uploads\/2025\/12\/Deaf-Flag-Raising-Photo-547x346.jpg 547w, https:\/\/cad-asc.ca\/wp-content\/uploads\/2025\/12\/Deaf-Flag-Raising-Photo-678x429.jpg 678w, https:\/\/cad-asc.ca\/wp-content\/uploads\/2025\/12\/Deaf-Flag-Raising-Photo-524x332.jpg 524w, https:\/\/cad-asc.ca\/wp-content\/uploads\/2025\/12\/Deaf-Flag-Raising-Photo-420x266.jpg 420w, https:\/\/cad-asc.ca\/wp-content\/uploads\/2025\/12\/Deaf-Flag-Raising-Photo-444x281.jpg 444w, https:\/\/cad-asc.ca\/wp-content\/uploads\/2025\/12\/Deaf-Flag-Raising-Photo-916x580.jpg 916w, https:\/\/cad-asc.ca\/wp-content\/uploads\/2025\/12\/Deaf-Flag-Raising-Photo-600x380.jpg 600w\" sizes=\"auto, (max-width: 1024px) 100vw, 1024px\" \/><\/a><\/figure>\n\n\n\n<figure class=\"wp-block-image size-large\"><a href=\"https:\/\/cad-asc.ca\/wp-content\/uploads\/2025\/12\/DeafFlag2025Pic17-17-scaled.jpg\"><img loading=\"lazy\" decoding=\"async\" width=\"1024\" height=\"768\" data-id=\"14047\" src=\"https:\/\/cad-asc.ca\/wp-content\/uploads\/2025\/12\/DeafFlag2025Pic17-17-1024x768.jpg\" alt=\"Deaf Flag-raising event, Parliament Hill, with Minister Hajdu, Leslie Church the Parliamentary Secretary and Chris Sutton, the Accessibility Commissioner. and CAD-ASC representatives\" class=\"wp-image-14047\" srcset=\"https:\/\/cad-asc.ca\/wp-content\/uploads\/2025\/12\/DeafFlag2025Pic17-17-1024x768.jpg 1024w, https:\/\/cad-asc.ca\/wp-content\/uploads\/2025\/12\/DeafFlag2025Pic17-17-300x225.jpg 300w, https:\/\/cad-asc.ca\/wp-content\/uploads\/2025\/12\/DeafFlag2025Pic17-17-768x576.jpg 768w, https:\/\/cad-asc.ca\/wp-content\/uploads\/2025\/12\/DeafFlag2025Pic17-17-1536x1152.jpg 1536w, https:\/\/cad-asc.ca\/wp-content\/uploads\/2025\/12\/DeafFlag2025Pic17-17-2048x1536.jpg 2048w, https:\/\/cad-asc.ca\/wp-content\/uploads\/2025\/12\/DeafFlag2025Pic17-17-200x150.jpg 200w, https:\/\/cad-asc.ca\/wp-content\/uploads\/2025\/12\/DeafFlag2025Pic17-17-150x113.jpg 150w, https:\/\/cad-asc.ca\/wp-content\/uploads\/2025\/12\/DeafFlag2025Pic17-17-547x410.jpg 547w, https:\/\/cad-asc.ca\/wp-content\/uploads\/2025\/12\/DeafFlag2025Pic17-17-678x509.jpg 678w, https:\/\/cad-asc.ca\/wp-content\/uploads\/2025\/12\/DeafFlag2025Pic17-17-524x393.jpg 524w, https:\/\/cad-asc.ca\/wp-content\/uploads\/2025\/12\/DeafFlag2025Pic17-17-420x315.jpg 420w, https:\/\/cad-asc.ca\/wp-content\/uploads\/2025\/12\/DeafFlag2025Pic17-17-444x333.jpg 444w, https:\/\/cad-asc.ca\/wp-content\/uploads\/2025\/12\/DeafFlag2025Pic17-17-916x687.jpg 916w, https:\/\/cad-asc.ca\/wp-content\/uploads\/2025\/12\/DeafFlag2025Pic17-17-600x450.jpg 600w\" sizes=\"auto, (max-width: 1024px) 100vw, 1024px\" \/><\/a><\/figure>\n<\/figure>\n\n\n\n<p class=\"has-text-align-center\"><em>Cr\u00e9dit photo (gauche): Emily LaFluer-Brewster Photography<br>Cr\u00e9dit photo (droite): Neige Rudi<\/em><\/p>\n\n\n\n<h2 class=\"wp-block-heading\"><strong>M\u00e9dailles du couronnement du roi Charles III&nbsp;<\/strong>&nbsp;<\/h2>\n\n\n\n<p>Cette ann\u00e9e, l\u2019ASC-CAD a \u00e9galement soulign\u00e9 l\u2019excellence au sein de notre communaut\u00e9 en remettant <strong>25 M\u00e9dailles du couronnement du roi Charles III<\/strong> \u00e0 des personnes ayant d\u00e9montr\u00e9 un leadership, un engagement et un service exceptionnels envers les Canadiens Sourds. Parmi les r\u00e9cipiendaires se trouvent notamment la Dre Jessica Dunkley, en Colombie-Britannique; l\u2019ancien directeur g\u00e9n\u00e9ral de l\u2019ASC-CAD, Jim Roots; Carter Churchill, qui a remport\u00e9 sa cause devant la NLHRC en 2023; ainsi que Dawn Jani Birley, une actrice Sourde de renomm\u00e9e mondiale originaire de la Saskatchewan. Visitez <strong><a href=\"https:\/\/cad-asc.ca\/fr\/prix-et-mentions\/\">cad-asc.ca\/fr\/prix-et-mentions<\/a> <\/strong>pour en savoir plus sur les 25 r\u00e9cipiendaires.<\/p>\n\n\n\n<h2 class=\"wp-block-heading\"><strong>Consultation et collaboration<\/strong>&nbsp;<\/h2>\n\n\n\n<p>L\u2019ASC-CAD a \u00e9t\u00e9 consult\u00e9e dans le cadre de l\u2019\u00e9laboration du nouveau <strong>Plan d\u2019accessibilit\u00e9 de la Monnaie royale canadienne<\/strong>, o\u00f9 nous continuons de plaider pour la reconnaissance d\u2019un <strong>Canadien Sourd ou de la communaut\u00e9 Sourde<\/strong> sur une future pi\u00e8ce comm\u00e9morative \u2014 une premi\u00e8re dans les 150 ans d\u2019histoire de la Monnaie. Nous nous r\u00e9jouissons des consultations \u00e0 venir.<\/p>\n\n\n\n<p>Nous poursuivons \u00e9galement notre collaboration avec Accessibilit\u00e9 Canada, le R\u00e9seau national du handicap, le Canadian Administrator of VRS (CAV), le CRTC et bien d\u2019autres, afin d\u2019assurer une communication accessible et une participation \u00e9quitable aux services f\u00e9d\u00e9raux essentiels.<\/p>\n\n\n\n<p>L\u2019ASC-CAD continue son r\u00f4le de sensibilisation et de recherche. Nous collaborons avec Service Canada pour identifier des candidat\u00b7e\u00b7s afin de tester des produits et leur accessibilit\u00e9 pour les utilisateurs de la langue des signes. Nous travaillons \u00e9galement \u00e0 la cr\u00e9ation de vid\u00e9os pour aider les gens \u00e0 naviguer dans les formulaires et demandes gouvernementaux relatifs au nouveau <a href=\"https:\/\/www.canada.ca\/fr\/services\/prestations\/handicap\/prestation-canadienne-personnes-situation-handicap.html\"><strong>Prestation canadienne pour personnes handicap\u00e9es<\/strong><\/a>.<\/p>\n\n\n\n<h2 class=\"wp-block-heading\"><strong>Plaidoyer juridique et en mati\u00e8re de politiques<\/strong>&nbsp;<\/h2>\n\n\n\n<p>Cette ann\u00e9e, le travail de plaidoyer de l\u2019ASC-CAD a attir\u00e9 l\u2019attention nationale dans plusieurs domaines cl\u00e9s :<\/p>\n\n\n\n<ul class=\"wp-block-list\">\n<li>L\u2019appel <strong>Air Canada c. Rose<\/strong> a \u00e9t\u00e9 entendu devant la <strong>Cour d\u2019appel f\u00e9d\u00e9rale<\/strong>, confirmant que les passagers sourds ont le droit \u00e0 une communication accessible lors des voyages a\u00e9riens.<\/li>\n\n\n\n<li>Apr\u00e8s des ann\u00e9es de plaidoyer de l\u2019ASC-CAD pour <strong>l\u2019interpr\u00e9tation vid\u00e9o \u00e0 la demande (VRI)<\/strong>, une affaire a \u00e9t\u00e9 d\u00e9pos\u00e9e devant la <strong>Cour f\u00e9d\u00e9rale du Canada<\/strong>.&nbsp;&nbsp;<\/li>\n\n\n\n<li>Le <strong>Tribunal canadien des droits de la personne<\/strong> a compl\u00e9t\u00e9 son audience au <strong>printemps 2025<\/strong> concernant un <strong>homme m\u00e9tis Sourd incarc\u00e9r\u00e9 dans une prison f\u00e9d\u00e9rale<\/strong>. L\u2019affaire \u2014 d\u00e9pos\u00e9e par les<strong> Services juridiques pour prisonniers, avec l\u2019ASC-CAD inscrite comme partie<\/strong> \u2014 all\u00e8gue que le Service <strong>correctionnel du Canada (SCC)<\/strong> n\u2019a pas fourni d\u2019interpr\u00e8tes ni de services de relais vid\u00e9o, entra\u00eenant une isolement intense. La d\u00e9cision, attendue prochainement, pourrait \u00e9tablir un pr\u00e9c\u00e9dent historique sur la mani\u00e8re dont le SCC doit accommoder les personnes Sourdes.<\/li>\n<\/ul>\n\n\n\n<h2 class=\"wp-block-heading\"><strong>La route \u00e0 venir<\/strong>&nbsp;<\/h2>\n\n\n\n<p>Bien que nous ayons r\u00e9alis\u00e9 des progr\u00e8s significatifs, des d\u00e9fis persistent.&nbsp;<\/p>\n\n\n\n<ul class=\"wp-block-list\">\n<li>La <strong>fermeture du Programme pour enfants Sourds de la Colombie-Britannique<\/strong> a laiss\u00e9 de nombreuses familles sans le soutien essentiel pour l\u2019acquisition pr\u00e9coce du langage et de la communication. L\u2019ASC-CAD d\u00e9plore la fermeture des \u00e9coles pour sourds et la r\u00e9duction des services partout au Canada.<\/li>\n\n\n\n<li>\u00b7 Le Canada fait toujours face \u00e0 une <strong>grave p\u00e9nurie d\u2019interpr\u00e8tes qualifi\u00e9s<\/strong>, particuli\u00e8rement dans les r\u00e9gions rurales et nordiques, et demande au gouvernement de garantir une solution dirig\u00e9e par la communaut\u00e9 sourde pour la formation, la sp\u00e9cialisation et la certification des interpr\u00e8tes au Canada.<\/li>\n\n\n\n<li>L\u2019ASC-CAD attend la mise en \u0153uvre compl\u00e8te de la CDPH, l\u2019\u00e9tablissement de normes et r\u00e8glements f\u00e9d\u00e9raux en vertu de la Loi canadienne sur l\u2019accessibilit\u00e9 (LCA), ainsi que l\u2019application dans toutes les provinces et tous les territoires, afin d\u2019assurer que les droits des Canadiens Sourds, Sourds-aveugles et malentendants soient respect\u00e9s conform\u00e9ment aux obligations nationales et internationales en mati\u00e8re de droits humains.<\/li>\n<\/ul>\n\n\n\n<p>En regardant vers l\u2019avenir, l\u2019ASC-CAD \u00e9labore un <strong>nouveau Plan strat\u00e9gique (2026\u20132030)<\/strong> qui s\u2019appuiera sur nos r\u00e9alisations et tracera un futur plus solide et inclusif pour tous les Canadiens Sourds au cours des cinq prochaines ann\u00e9es.<\/p>\n\n\n\n<figure class=\"wp-block-gallery has-nested-images columns-default is-cropped wp-block-gallery-2 is-layout-flex wp-block-gallery-is-layout-flex\">\n<figure class=\"wp-block-image size-large\"><a href=\"https:\/\/cad-asc.ca\/wp-content\/uploads\/2025\/12\/Deaf-Flag-photo-Helene-scaled.jpg\"><img loading=\"lazy\" decoding=\"async\" width=\"1024\" height=\"683\" data-id=\"14053\" src=\"https:\/\/cad-asc.ca\/wp-content\/uploads\/2025\/12\/Deaf-Flag-photo-Helene-1024x683.jpg\" alt=\"H\u00e9l\u00e8ne holding the Deaf Flag at Deaf Flag Raising event\" class=\"wp-image-14053\" srcset=\"https:\/\/cad-asc.ca\/wp-content\/uploads\/2025\/12\/Deaf-Flag-photo-Helene-1024x683.jpg 1024w, https:\/\/cad-asc.ca\/wp-content\/uploads\/2025\/12\/Deaf-Flag-photo-Helene-300x200.jpg 300w, https:\/\/cad-asc.ca\/wp-content\/uploads\/2025\/12\/Deaf-Flag-photo-Helene-768x512.jpg 768w, https:\/\/cad-asc.ca\/wp-content\/uploads\/2025\/12\/Deaf-Flag-photo-Helene-1536x1024.jpg 1536w, https:\/\/cad-asc.ca\/wp-content\/uploads\/2025\/12\/Deaf-Flag-photo-Helene-2048x1365.jpg 2048w, https:\/\/cad-asc.ca\/wp-content\/uploads\/2025\/12\/Deaf-Flag-photo-Helene-200x133.jpg 200w, https:\/\/cad-asc.ca\/wp-content\/uploads\/2025\/12\/Deaf-Flag-photo-Helene-150x100.jpg 150w, https:\/\/cad-asc.ca\/wp-content\/uploads\/2025\/12\/Deaf-Flag-photo-Helene-547x365.jpg 547w, https:\/\/cad-asc.ca\/wp-content\/uploads\/2025\/12\/Deaf-Flag-photo-Helene-678x452.jpg 678w, https:\/\/cad-asc.ca\/wp-content\/uploads\/2025\/12\/Deaf-Flag-photo-Helene-524x349.jpg 524w, https:\/\/cad-asc.ca\/wp-content\/uploads\/2025\/12\/Deaf-Flag-photo-Helene-420x280.jpg 420w, https:\/\/cad-asc.ca\/wp-content\/uploads\/2025\/12\/Deaf-Flag-photo-Helene-444x296.jpg 444w, https:\/\/cad-asc.ca\/wp-content\/uploads\/2025\/12\/Deaf-Flag-photo-Helene-916x611.jpg 916w, https:\/\/cad-asc.ca\/wp-content\/uploads\/2025\/12\/Deaf-Flag-photo-Helene-600x400.jpg 600w\" sizes=\"auto, (max-width: 1024px) 100vw, 1024px\" \/><\/a><\/figure>\n\n\n\n<figure class=\"wp-block-image size-large\"><a href=\"https:\/\/cad-asc.ca\/wp-content\/uploads\/2025\/12\/Mayfest2025.jpg\"><img loading=\"lazy\" decoding=\"async\" width=\"1024\" height=\"768\" data-id=\"14051\" src=\"https:\/\/cad-asc.ca\/wp-content\/uploads\/2025\/12\/Mayfest2025-1024x768.jpg\" alt=\"CAD-ASC representatives at Mayfest 2025\" class=\"wp-image-14051\" srcset=\"https:\/\/cad-asc.ca\/wp-content\/uploads\/2025\/12\/Mayfest2025-1024x768.jpg 1024w, https:\/\/cad-asc.ca\/wp-content\/uploads\/2025\/12\/Mayfest2025-300x225.jpg 300w, https:\/\/cad-asc.ca\/wp-content\/uploads\/2025\/12\/Mayfest2025-768x576.jpg 768w, https:\/\/cad-asc.ca\/wp-content\/uploads\/2025\/12\/Mayfest2025-1536x1152.jpg 1536w, https:\/\/cad-asc.ca\/wp-content\/uploads\/2025\/12\/Mayfest2025-200x150.jpg 200w, https:\/\/cad-asc.ca\/wp-content\/uploads\/2025\/12\/Mayfest2025-150x113.jpg 150w, https:\/\/cad-asc.ca\/wp-content\/uploads\/2025\/12\/Mayfest2025-547x410.jpg 547w, https:\/\/cad-asc.ca\/wp-content\/uploads\/2025\/12\/Mayfest2025-678x509.jpg 678w, https:\/\/cad-asc.ca\/wp-content\/uploads\/2025\/12\/Mayfest2025-524x393.jpg 524w, https:\/\/cad-asc.ca\/wp-content\/uploads\/2025\/12\/Mayfest2025-420x315.jpg 420w, https:\/\/cad-asc.ca\/wp-content\/uploads\/2025\/12\/Mayfest2025-444x333.jpg 444w, https:\/\/cad-asc.ca\/wp-content\/uploads\/2025\/12\/Mayfest2025-916x687.jpg 916w, https:\/\/cad-asc.ca\/wp-content\/uploads\/2025\/12\/Mayfest2025-600x450.jpg 600w, https:\/\/cad-asc.ca\/wp-content\/uploads\/2025\/12\/Mayfest2025.jpg 2048w\" sizes=\"auto, (max-width: 1024px) 100vw, 1024px\" \/><\/a><\/figure>\n<\/figure>\n\n\n\n<p class=\"has-text-align-center\"><em>Cr\u00e9dit photo (gauche): Emily LaFluer-Brewster Photography<br>Cr\u00e9dit photo (droite): Anonyme<\/em><\/p>\n\n\n\n<h2 class=\"wp-block-heading\"><strong>Notre impact d\u00e9pend de vous<\/strong>&nbsp;<\/h2>\n\n\n\n<p>Notre <strong>conseil d\u2019administration et notre personnel \u2014 dont tous, sauf un, s\u2019identifient comme Sourds, Sourds-aveugles ou malentendants<\/strong> \u2014 continuent de faire preuve d\u2019expertise, d\u2019empathie et d\u2019un engagement ind\u00e9fectible envers l\u2019accessibilit\u00e9 et l\u2019\u00e9galit\u00e9.<\/p>\n\n\n\n<p>Nous travaillons avec diligence pour montrer au gouvernement, aux agences, aux chercheur\u00b7e\u00b7s et \u00e0 d\u2019autres les obstacles inh\u00e9rents auxquels font face les communaut\u00e9s Sourdes qui utilisent la langue des signes pour communiquer et naviguer dans la soci\u00e9t\u00e9.\u00a0Vous pouvez faire un don en visitant notre page <a href=\"https:\/\/cad-asc.ca\/fr\/manieres-de-donner\/\"><strong>Mani\u00e8res de donner<\/strong><\/a>.<\/p>\n\n\n\n<p>Votre soutien rend notre travail possible :<\/p>\n\n\n\n<ul class=\"wp-block-list\">\n<li><strong>25 $<\/strong> nous permet de compl\u00e9ter le salaire d\u2019un \u00e9tudiant d\u2019\u00e9t\u00e9 \u00e0 <strong>20 $ de l\u2019heure pour une journ\u00e9e<\/strong>.<\/li>\n\n\n\n<li><strong>40 $<\/strong> contribue \u00e0 financer une <strong>demi-heure d\u2019interpr\u00e9tation<\/strong> pour des r\u00e9unions communautaires ou des s\u00e9ances de plaidoyer.<\/li>\n\n\n\n<li><strong>100 $<\/strong> permet de maintenir <strong>notre chat en direct ASL\/LSQ 24\u202fh\/24<\/strong> en fonctionnement pendant une journ\u00e9e, offrant aide et guidance en temps r\u00e9el aux Canadiens sourds.<\/li>\n\n\n\n<li><strong>250 $<\/strong> soutient <strong>une heure de plaidoyer juridique<\/strong>, garantissant la d\u00e9fense des droits des Sourds au plus haut niveau.&nbsp;&nbsp;<\/li>\n<\/ul>\n\n\n\n<p>Ensemble, nous construisons un Canada o\u00f9 l\u2019accessibilit\u00e9 n\u2019est pas l\u2019exception, mais la norme. Rien sur nous, sans nous.<\/p>\n\n\n\n<p><strong>Merci, thank you, miigwetch,<\/strong>&nbsp;<br><\/p>\n\n\n\n<p><strong>Shawna Joynt<\/strong><br>Pr\u00e9sidente<br><br><strong>Richard Belzile<\/strong>&nbsp;<br>Directeur g\u00e9n\u00e9ral<\/p>\n\n\n\n<p><\/p>\n","protected":false},"excerpt":{"rendered":"<p>Remarque : En raison d\u2019une erreur dans notre r\u00e9cent courriel de campagne, nous avons d\u00e9plac\u00e9 le lien de don en haut de la page : https:\/\/cad-asc.ca\/fr\/manieres-de-donner\/ Nous vous pr\u00e9sentons nos plus sinc\u00e8res excuses pour ce d\u00e9sagr\u00e9ment et vous remercions de votre soutien continu. Association des Sourds du Canada \u2013 Canadian Association of the Deaf (ASC-CAD)&nbsp; &hellip; <a href=\"https:\/\/cad-asc.ca\/fr\/rapport-annuel-2025\/\" class=\"more-link\">Continue reading <span class=\"screen-reader-text\">Rapport annuel 2025<\/span><\/a><\/p>\n","protected":false},"author":11,"featured_media":7704,"parent":0,"menu_order":0,"comment_status":"closed","ping_status":"closed","template":"","meta":{"_acf_changed":false,"_monsterinsights_skip_tracking":false,"_monsterinsights_sitenote_active":false,"_monsterinsights_sitenote_note":"","_monsterinsights_sitenote_category":0,"_uf_show_specific_survey":0,"_uf_disable_surveys":false,"footnotes":""},"class_list":["post-13971","page","type-page","status-publish","has-post-thumbnail","hentry"],"acf":[],"_links":{"self":[{"href":"https:\/\/cad-asc.ca\/fr\/wp-json\/wp\/v2\/pages\/13971","targetHints":{"allow":["GET"]}}],"collection":[{"href":"https:\/\/cad-asc.ca\/fr\/wp-json\/wp\/v2\/pages"}],"about":[{"href":"https:\/\/cad-asc.ca\/fr\/wp-json\/wp\/v2\/types\/page"}],"author":[{"embeddable":true,"href":"https:\/\/cad-asc.ca\/fr\/wp-json\/wp\/v2\/users\/11"}],"replies":[{"embeddable":true,"href":"https:\/\/cad-asc.ca\/fr\/wp-json\/wp\/v2\/comments?post=13971"}],"version-history":[{"count":0,"href":"https:\/\/cad-asc.ca\/fr\/wp-json\/wp\/v2\/pages\/13971\/revisions"}],"wp:featuredmedia":[{"embeddable":true,"href":"https:\/\/cad-asc.ca\/fr\/wp-json\/wp\/v2\/media\/7704"}],"wp:attachment":[{"href":"https:\/\/cad-asc.ca\/fr\/wp-json\/wp\/v2\/media?parent=13971"}],"curies":[{"name":"wp","href":"https:\/\/api.w.org\/{rel}","templated":true}]}}