{"id":14159,"date":"2025-12-19T22:43:52","date_gmt":"2025-12-19T22:43:52","guid":{"rendered":"https:\/\/cad-asc.ca\/?page_id=14159"},"modified":"2026-02-02T14:25:54","modified_gmt":"2026-02-02T14:25:54","slug":"document-de-position-sur-lalerte-durgence-inclusive-au-canada","status":"publish","type":"page","link":"https:\/\/cad-asc.ca\/fr\/document-de-position-sur-lalerte-durgence-inclusive-au-canada\/","title":{"rendered":"Document de position sur l&rsquo;alerte d&rsquo;urgence inclusive au Canada"},"content":{"rendered":"\n<p><strong>Association des Sourds du Canada (ASC-CAD)<br>Moderniser les codes du b\u00e2timent et de pr\u00e9vention des incendies du Canada pour prot\u00e9ger les personnes sourdes, sourdes-aveugles, malentendantes et sourdes et handicap\u00e9es (SSAMES+)<\/strong><\/p>\n\n\n\n<h3 class=\"wp-block-heading\"><strong>LA QUESTION<\/strong><\/h3>\n\n\n\n<p>Les cadres actuels de s\u00e9curit\u00e9 des b\u00e2timents et de pr\u00e9vention des incendies du Canada n&rsquo;<strong>exigent pas syst\u00e9matiquement<\/strong> une alerte d&rsquo;urgence accessible pour les personnes qui ne peuvent pas compter sur des alarmes sonores. Bien que certaines dispositions pour les alarmes visuelles existent dans certaines juridictions et certains types de b\u00e2timents, <strong>les normes nationales ainsi que le Code national du b\u00e2timent du Canada (NBC) et le Code national de pr\u00e9vention des incendies (CNPI) n&rsquo;imposent pas l&rsquo;inclusion universelle d&rsquo;alertes visuelles ou vibrantes<\/strong> dans les environnements r\u00e9sidentiels et publics.<\/p>\n\n\n\n<p>Cette incoh\u00e9rence cr\u00e9e un syst\u00e8me d&rsquo;alerte d&rsquo;urgence in\u00e9gal et dangereux pour les personnes sourdes, sourdes, sourdes-aveugles, malentendantes et sourdes et handicap\u00e9es (SSAMES+). Sans alertes accessibles obligatoires, les personnes qui n&rsquo;entendent pas les alarmes restent \u00e0 un risque beaucoup plus \u00e9lev\u00e9 lors d&rsquo;incendies et d&rsquo;urgences mettant la vie en danger.<\/p>\n\n\n\n<h3 class=\"wp-block-heading\"><strong>NOTRE POSITION<\/strong><\/h3>\n\n\n\n<p>L&rsquo;Association des Sourds du Canada (ASC-CAD) appelle \u00e0 <strong>la modernisation des codes et normes f\u00e9d\u00e9raux et provinciaux<\/strong> afin d&rsquo;assurer que les alertes d&rsquo;urgence soient <strong>inclusives, multimodales et accessibles \u00e0 tous les Canadiens<\/strong>.<\/p>\n\n\n\n<p>Nous plaidons pour :<\/p>\n\n\n\n<p><strong>Une exigence nationale exigeant que tous les syst\u00e8mes d&rsquo;alerte d&rsquo;urgence incluent\u00a0 des options <em>de notification audio, visuelle<\/em> et <em>vibrante<\/em>, adapt\u00e9es \u00e0 l&rsquo;occupation et au niveau de risque de l&rsquo;espace.<\/strong><\/p>\n\n\n\n<p>Cette approche reconna\u00eet la diversit\u00e9 des besoins de communication et sensoriels des Canadiens SSAMES+ et refl\u00e8te les principes actuels d&rsquo;accessibilit\u00e9, de droits humains et de s\u00e9curit\u00e9.<\/p>\n\n\n\n<p>Bien que certaines provinces \u2014 comme l&rsquo;Ontario \u2014 aient mis en place des exigences d&rsquo;alarmes visuelles dans certains immeubles r\u00e9sidentiels \u00e0 unit\u00e9s multiples, l&rsquo;absence d&rsquo;exigences nationales coh\u00e9rentes laisse des millions de Canadiens sans protection. Le cadre du code f\u00e9d\u00e9ral doit \u00e9tablir une base claire que les provinces et territoires peuvent adopter et \u00e9largir.<\/p>\n\n\n\n<h3 class=\"wp-block-heading\"><strong>CONTEXTE<\/strong><\/h3>\n\n\n\n<p><strong>1. Protection incoh\u00e9rente \u00e0 travers le Canada<\/strong><\/p>\n\n\n\n<ul class=\"wp-block-list\">\n<li>Le CNB et le CNPI mettent l&rsquo;accent sur <strong>la signalisation sonore des alarmes incendie<\/strong>, mais <strong>ne <strong>requi\u00e8rent<\/strong><\/strong> <strong>pas syst\u00e9matiquement des alertes visuelles ou vibrantes<\/strong> dans la plupart des environnements r\u00e9sidentiels.<\/li>\n\n\n\n<li>Certaines exigences d&rsquo;alarme visuelle existent \u2014 par exemple, dans les b\u00e2timents principalement destin\u00e9s aux personnes ayant une perte auditive \u2014 mais ces dispositions sont limit\u00e9es et ne s&rsquo;appliquent pas universellement.<\/li>\n\n\n\n<li>Les provinces et territoires varient consid\u00e9rablement :<br>&#8211; <strong>L&rsquo;Ontario<\/strong>, par exemple, a instaur\u00e9 en 2015 des exigences pour des alarmes incendie visuelles dans certains immeubles r\u00e9sidentiels \u00e0 logements multiples.<br>&#8211; D\u2019autres juridictions ont des exigences minimales ou <strong>aucune exigence comparable<\/strong>.<\/li>\n<\/ul>\n\n\n\n<p><strong>2. \u00c9carts de normes<\/strong><\/p>\n\n\n\n<ul class=\"wp-block-list\">\n<li>La norme canadienne des d\u00e9tecteurs de fum\u00e9e (<strong>CAN\/ULC-S531<\/strong>) se concentre sur les alarmes sonores \u00e0 station unique et <strong>ne n\u00e9cessite pas l&rsquo;int\u00e9gration de fonctions visuelles ou de vibration<\/strong>.<\/li>\n\n\n\n<li>Les dispositifs visuels (stroboscopiques) sont couverts s\u00e9par\u00e9ment par la norme <strong>CAN\/ULC-S526<\/strong>, mais cette norme n&rsquo;est pas uniform\u00e9ment r\u00e9f\u00e9renc\u00e9e dans les codes f\u00e9d\u00e9raux ou provinciaux pour les environnements r\u00e9sidentiels.<\/li>\n\n\n\n<li>Cette division entre les normes audibles seulement et les normes visuelles seulement entra\u00eene <strong>une protection fragment\u00e9e<\/strong>.<\/li>\n<\/ul>\n\n\n\n<p><strong>3. Droits de la personne et obligations en mati\u00e8re d&rsquo;accessibilit\u00e9<\/strong><\/p>\n\n\n\n<p>Le Canada s&rsquo;engage \u00e0 respecter la <strong>Convention des Nations Unies relative aux droits des personnes handicap\u00e9es (CDPH)<\/strong> et la <strong>Loi sur l&rsquo;accessibilit\u00e9 du Canada (LCA).<\/strong> Assurer la s\u00e9curit\u00e9 des personnes atteintes de SSAMES+ en cas d&rsquo;urgence n&rsquo;est pas seulement une question de code du b\u00e2timent \u2014 c&rsquo;est une question de <strong>droits humains, d&rsquo;\u00e9galit\u00e9 et de dignit\u00e9<\/strong>.<\/p>\n\n\n\n<p>Les syst\u00e8mes d&rsquo;alerte d&rsquo;urgence qui reposent uniquement sur le son <strong>mettent en danger de mani\u00e8re disproportionn\u00e9e<\/strong> ceux qui ne peuvent pas entendre et sapent les obligations f\u00e9d\u00e9rales et provinciales <strong>en mati\u00e8re d\u2019accessibilit\u00e9<\/strong>.<\/p>\n\n\n\n<h3 class=\"wp-block-heading\"><strong>NOS RECOMMANDATIONS<\/strong><\/h3>\n\n\n\n<p>L\u2019ASC-CAD exhorte le gouvernement f\u00e9d\u00e9ral, le Comit\u00e9 canadien de l&rsquo;harmonisation des codes de construction (CCHCC) et les gouvernements provinciaux et territoriaux \u00e0 adopter les changements suivants :<\/p>\n\n\n\n<p><strong>1. Moderniser les d\u00e9finitions dans les codes nationaux et provinciaux<\/strong><\/p>\n\n\n\n<p>R\u00e9visez les d\u00e9finitions de <strong>\u00ab signal d&rsquo;alarme \u00bb, \u00ab signal d&rsquo;alerte \u00bb<\/strong> et les termes connexes dans les codes du b\u00e2timent\/de pr\u00e9vention des incendies provinciaux pour inclure explicitement :<\/p>\n\n\n\n<ul class=\"wp-block-list\">\n<li><strong>Signaux d&rsquo;<\/strong>alarme sonores<\/li>\n\n\n\n<li><strong>Signaux d&rsquo;alarme visuels (par exemple, stroboscopes)<\/strong><\/li>\n\n\n\n<li><strong>Alertes<\/strong> vibrantes ou tactiles (lorsque c&rsquo;est appropri\u00e9, surtout dans les zones de sommeil)<\/li>\n<\/ul>\n\n\n\n<p>Cela garantit que toutes les dispositions futures du code reconnaissent<em>\u00a0la notification d&rsquo;urgence multimodale.<\/em><\/p>\n\n\n\n<p><strong>2. Imposer des alertes multimodales dans les nouvelles constructions<\/strong><\/p>\n\n\n\n<p>Exiger <strong>des alarmes audio +<\/strong> visuelles \u2014 et, le cas \u00e9ch\u00e9ant, <strong>des dispositifs d&rsquo;alerte vibrante<\/strong> \u2014 dans :<\/p>\n\n\n\n<ul class=\"wp-block-list\">\n<li>Tous les nouveaux immeubles r\u00e9sidentiels <strong>\u00e0 logements multiples<\/strong><\/li>\n\n\n\n<li>Tous les nouveaux <strong>b\u00e2timents et installations publics<\/strong><\/li>\n\n\n\n<li>Tout b\u00e2timent destin\u00e9 \u00e0 desservir ou accueillir des personnes qui ne re\u00e7oivent pas d&rsquo;alertes sonores<\/li>\n\n\n\n<li>Zones de couchage o\u00f9 les occupants peuvent d\u00e9brancher les appareils auditifs pendant la nuit<\/li>\n<\/ul>\n\n\n\n<p><strong>3. Cr\u00e9er une norme f\u00e9d\u00e9rale pour l&rsquo;accessibilit\u00e9 r\u00e9sidentielle<\/strong><\/p>\n\n\n\n<p>En travaillant avec les normes ULC, r\u00e9viser <strong>CAN\/ULC-S531<\/strong> ou cr\u00e9ez une norme compl\u00e9mentaire afin d&rsquo;assurer :<\/p>\n\n\n\n<ul class=\"wp-block-list\">\n<li>Que les d\u00e9tecteurs de fum\u00e9e r\u00e9sidentiels int\u00e8grent <strong>la capacit\u00e9 visuelle et\/ou vibrante<\/strong>, <strong>ou<\/strong><\/li>\n\n\n\n<li>Que les syst\u00e8mes int\u00e9gr\u00e9s n\u00e9cessitent des dispositifs stroboscopiques\/vibrations interconnect\u00e9s respectant <strong>la norme CAN\/ULC-S526<\/strong>.<\/li>\n<\/ul>\n\n\n\n<p>Cela comble l&rsquo;\u00e9cart technique entre les normes d&rsquo;alarme audible seule et les normes d&rsquo;alarme visuelle.<\/p>\n\n\n\n<p><strong>4. Soutenir l&rsquo;adoption provinciale et territoriale<\/strong><\/p>\n\n\n\n<p>Encourager les provinces et territoires \u00e0 :<\/p>\n\n\n\n<ul class=\"wp-block-list\">\n<li>Adopter les d\u00e9finitions et exigences f\u00e9d\u00e9rales r\u00e9vis\u00e9es<\/li>\n\n\n\n<li>Introduire des exigences pour les alarmes visuelles\/vibrantes lors <strong>des r\u00e9novations ou modifications majeures<\/strong><\/li>\n\n\n\n<li>Fournir des \u00e9ch\u00e9anciers de conformit\u00e9 progressifs pour soutenir la pr\u00e9paration et l&rsquo;accessibilit\u00e9 de l&rsquo;industrie<\/li>\n<\/ul>\n\n\n\n<p>Le mod\u00e8le de 2015 de l&rsquo;Ontario d\u00e9montre que la mise en \u0153uvre progressive est pratique et efficace, mais qu&rsquo;un soutien financier est n\u00e9cessaire pour modifier des maisons qui ne sont pas \u00e9quip\u00e9es actuellement de dispositifs de sauvetage.<\/p>\n\n\n\n<h3 class=\"wp-block-heading\"><strong>JUSTIFICATION<\/strong><\/h3>\n\n\n\n<p><strong>1. \u00c9quit\u00e9 et droits de la personne<\/strong><\/p>\n\n\n\n<p>Tous les Canadiens m\u00e9ritent un acc\u00e8s \u00e9gal aux avertissements d&rsquo;urgence. Ne fournir que des signaux sonores expose les individus SSAMES+ \u00e0 un risque disproportionn\u00e9, ce qui contredit les engagements du Canada en mati\u00e8re d&rsquo;accessibilit\u00e9 et de droits de la personne.<\/p>\n\n\n\n<p><strong>2. Faisabilit\u00e9 technique<\/strong><\/p>\n\n\n\n<p>Les technologies modernes d&rsquo;alarme visuelle et vibrante sont largement disponibles, fiables et d\u00e9j\u00e0 int\u00e9gr\u00e9es \u00e0 de nombreuses normes de s\u00e9curit\u00e9.<\/p>\n\n\n\n<p><strong>3. Rentabilit\u00e9<\/strong><\/p>\n\n\n\n<p>Exiger des alertes multimodales pendant la construction ou la r\u00e9novation co\u00fbte beaucoup moins cher que <strong>des r\u00e9novations ult\u00e9rieures<\/strong>. M\u00eame des investissements modestes r\u00e9duisent consid\u00e9rablement la responsabilit\u00e9 et am\u00e9liorent les r\u00e9sultats en mati\u00e8re de s\u00e9curit\u00e9 de la vie.<\/p>\n\n\n\n<p><strong>4. Constance nationale<\/strong><\/p>\n\n\n\n<p>Une approche nationale harmonis\u00e9e emp\u00eache le mod\u00e8le fragment\u00e9 qui laisse actuellement la s\u00e9curit\u00e9 d\u00e9pendante des fronti\u00e8res provinciales.<\/p>\n\n\n\n<h3 class=\"wp-block-heading\"><strong>CONCLUSION<\/strong><\/h3>\n\n\n\n<p>Le cadre d&rsquo;alerte d&rsquo;urgence du Canada doit \u00e9voluer pour refl\u00e9ter les besoins et les droits des personnes de SSAMES+. S&rsquo;assurer que toutes les alarmes incluent <strong>des options de notification sonores, visuelles et vibrantes<\/strong> est essentiel pour assurer une s\u00e9curit\u00e9 \u00e9quitable \u2014 et cela est r\u00e9alisable avec les technologies et m\u00e9canismes de code actuels.<\/p>\n\n\n\n<p>En mettant \u00e0 jour les codes et normes nationaux et provinciaux, le Canada peut pr\u00e9venir les trag\u00e9dies \u00e9vitables, renforcer le respect des obligations d&rsquo;accessibilit\u00e9 et s&rsquo;assurer qu&rsquo;aucune personne ne soit laiss\u00e9e sans avertissement lors d&rsquo;urgences mettant la vie en danger.<\/p>\n\n\n\n<p><strong>Ce changement est attendu, raisonnable et vital. L&rsquo;ASC-CAD appelle les autorit\u00e9s f\u00e9d\u00e9rales et provinciales \u00e0 agir d\u00e8s maintenant.<\/strong><\/p>\n\n\n\n<p><strong>APPROUV\u00c9 :<\/strong> 8 d\u00e9cembre 2024<\/p>\n\n\n\n<p><strong>POUR PLUS D&rsquo;INFORMATIONS, CONTACTER :<\/strong><br><br><em>L&rsquo;Association des Sourds du Canada &#8211; Canadian Association of the Deaf<\/em><br><br>606 \u2013 251, rue Bank, Ottawa, ON K2P 1X3<br><a href=\"http:\/\/www.cad-asc.ca\"><strong>www.cad-asc.ca<\/strong><\/a><br><a href=\"mailto:Info@cad-asc.ca\"><strong>Info@cad-asc.ca<\/strong><\/a><\/p>\n","protected":false},"excerpt":{"rendered":"<p>Association des Sourds du Canada (ASC-CAD)Moderniser les codes du b\u00e2timent et de pr\u00e9vention des incendies du Canada pour prot\u00e9ger les personnes sourdes, sourdes-aveugles, malentendantes et sourdes et handicap\u00e9es (SSAMES+) LA QUESTION Les cadres actuels de s\u00e9curit\u00e9 des b\u00e2timents et de pr\u00e9vention des incendies du Canada n&rsquo;exigent pas syst\u00e9matiquement une alerte d&rsquo;urgence accessible pour les personnes &hellip; <a href=\"https:\/\/cad-asc.ca\/fr\/document-de-position-sur-lalerte-durgence-inclusive-au-canada\/\" class=\"more-link\">Continue reading <span class=\"screen-reader-text\">Document de position sur l&rsquo;alerte d&rsquo;urgence inclusive au Canada<\/span><\/a><\/p>\n","protected":false},"author":11,"featured_media":0,"parent":0,"menu_order":0,"comment_status":"closed","ping_status":"closed","template":"page-templates\/position-paper-template.php","meta":{"_acf_changed":false,"_monsterinsights_skip_tracking":false,"_monsterinsights_sitenote_active":false,"_monsterinsights_sitenote_note":"","_monsterinsights_sitenote_category":0,"_uf_show_specific_survey":0,"_uf_disable_surveys":false,"footnotes":""},"class_list":["post-14159","page","type-page","status-publish","hentry"],"acf":[],"_links":{"self":[{"href":"https:\/\/cad-asc.ca\/fr\/wp-json\/wp\/v2\/pages\/14159","targetHints":{"allow":["GET"]}}],"collection":[{"href":"https:\/\/cad-asc.ca\/fr\/wp-json\/wp\/v2\/pages"}],"about":[{"href":"https:\/\/cad-asc.ca\/fr\/wp-json\/wp\/v2\/types\/page"}],"author":[{"embeddable":true,"href":"https:\/\/cad-asc.ca\/fr\/wp-json\/wp\/v2\/users\/11"}],"replies":[{"embeddable":true,"href":"https:\/\/cad-asc.ca\/fr\/wp-json\/wp\/v2\/comments?post=14159"}],"version-history":[{"count":0,"href":"https:\/\/cad-asc.ca\/fr\/wp-json\/wp\/v2\/pages\/14159\/revisions"}],"wp:attachment":[{"href":"https:\/\/cad-asc.ca\/fr\/wp-json\/wp\/v2\/media?parent=14159"}],"curies":[{"name":"wp","href":"https:\/\/api.w.org\/{rel}","templated":true}]}}