{"id":14744,"date":"2026-04-23T17:20:36","date_gmt":"2026-04-23T17:20:36","guid":{"rendered":"https:\/\/cad-asc.ca\/?page_id=14744"},"modified":"2026-04-23T18:42:34","modified_gmt":"2026-04-23T18:42:34","slug":"sabonner","status":"publish","type":"page","link":"https:\/\/cad-asc.ca\/fr\/sabonner\/","title":{"rendered":"Infolettre de ASC-CAD"},"content":{"rendered":"\n<h2 class=\"wp-block-heading\">Abonnez-vous \u00e0 l\u2019infolettre de ASC-CAD !<\/h2>\n\n\n\n<p>Joignez-vous \u00e0 des centaines d\u2019abonn\u00e9\u00b7e\u00b7s et restez en contact avec l\u2019Association des Sourds du Canada \u2013 Canadian Association of the Deaf (ASC-CAD), le plus ancien organisme national de d\u00e9fense des droits, dirig\u00e9 par et pour les personnes sourdes au Canada. En tant qu\u2019organisme \u00e0 but non lucratif, l\u2019ASC-CAD accueille toutes les personnes qui appuient sa mission et ses objectifs.<\/p>\n\n\n\n<p>Inscrivez-vous \u00e0 notre infolettre trimestrielle pour recevoir les plus r\u00e9centes mises \u00e0 jour sur nos actions de repr\u00e9sentation, des nouvelles de la communaut\u00e9 et des ressources visant \u00e0 promouvoir et \u00e0 prot\u00e9ger les droits, les besoins et les int\u00e9r\u00eats des personnes sourdes partout au Canada.<\/p>\n\n\n<div class=\"wp-block-mailchimp-mailchimp\">\n\t\t<div class=\"mc_container\">\n\t\t\t\t<div id=\"mc_signup_68e49af812_9\">\n\t\t\t<form method=\"post\" action=\"#mc_signup_68e49af812_9\" id=\"mc_signup_form_68e49af812_9\" class=\"mc_signup_form\">\n\t\t\t\t<input type=\"hidden\" class=\"mc_submit_type\" name=\"mc_submit_type\" value=\"html\" \/>\n\t\t\t\t<input type=\"hidden\" name=\"mcsf_action\" value=\"mc_submit_signup_form\" \/>\n\t\t\t\t<input type=\"hidden\" name=\"mailchimp_sf_list_id\" value=\"68e49af812\" \/>\n\t\t\t\t<input type=\"hidden\" name=\"mailchimp_sf_update_existing_subscribers\" value=\"yes\" \/>\n\t\t\t\t<input type=\"hidden\" name=\"mailchimp_sf_double_opt_in\" value=\"no\" \/>\n\t\t\t\t<input type=\"hidden\" name=\"mailchimp_sf_skip_merge_validation\" value=\"no\" \/>\n\t\t\t\t<input type=\"hidden\" name=\"mailchimp_sf_hash\" value=\"126c3a53aeae3c267ec5abbc80888e97\" \/>\n\t\t\t\t<input type=\"hidden\" id=\"_mc_submit_signup_form_nonce\" name=\"_mc_submit_signup_form_nonce\" value=\"65d621a1ac\" \/>\t\t\t\t<div class=\"mc_form_inside\">\n\t\t\t\t\t<div class=\"mc_message_wrapper\">\n\t\t\t\t\t\t\t\t\t\t\t<\/div>\n\n\t\t\t\t\t\n<div class=\"wp-block-mailchimp-mailchimp-form-field\">\n\t\n<div class=\"mc_merge_var\">\n\t\t<label for=\"mc_mv_EMAIL_1\" class=\"mc_var_label mc_header mc_header_email\"><strong>Adresse courriel<\/strong><span class=\"mc_required\">*<\/span><\/label>\n\t<input type=\"text\" size=\"18\" placeholder=\"\" name=\"mc_mv_EMAIL\" id=\"mc_mv_EMAIL_1\" class=\"mc_input\"\/>\n<\/div><!-- \/mc_merge_var --><\/div>\n\n\n<div class=\"wp-block-mailchimp-mailchimp-form-field\">\n\t<\/div>\n\n\n<div class=\"wp-block-mailchimp-mailchimp-form-field\">\n\t<\/div>\n\n\n<div class=\"wp-block-mailchimp-mailchimp-form-field\">\n\t<\/div>\n\n\n<div class=\"wp-block-mailchimp-mailchimp-form-field\">\n\t\n<div class=\"mc_merge_var\">\n\t\t<label for=\"mc_mv_FNAME_5\" class=\"mc_var_label mc_header mc_header_text\"><strong>Pr\u00e9nom<\/strong><span class=\"mc_required\">*<\/span><\/label>\n\t<input type=\"text\" size=\"18\" placeholder=\"\" name=\"mc_mv_FNAME\" id=\"mc_mv_FNAME_5\" class=\"mc_input\"\/>\n<\/div><!-- \/mc_merge_var --><\/div>\n\n\n<div class=\"wp-block-mailchimp-mailchimp-form-field\">\n\t\n<div class=\"mc_merge_var\">\n\t\t<label for=\"mc_mv_LNAME_6\" class=\"mc_var_label mc_header mc_header_text\"><strong>Nom<\/strong><\/label>\n\t<input type=\"text\" size=\"18\" placeholder=\"\" name=\"mc_mv_LNAME\" id=\"mc_mv_LNAME_6\" class=\"mc_input\"\/>\n<\/div><!-- \/mc_merge_var --><\/div>\n\n\n<div class=\"wp-block-mailchimp-mailchimp-form-field\">\n\t<\/div>\n\n\n<div class=\"wp-block-mailchimp-mailchimp-form-field\">\n\t<\/div>\n\n\t\t\t\t\t\t<div class=\"mc-indicates-required\">\n\t\t\t\t\t\t\t* = champ obligatoire\t\t\t\t\t\t<\/div><!-- \/mc-indicates-required -->\n\t\t\t\t\t\t\t<div style=\"display: none; !important\">\n\t\t<label for=\"mailchimp_sf_alt_email\">Alternative Email:<\/label>\n\t\t<input type=\"text\" name=\"mailchimp_sf_alt_email\" autocomplete=\"off\"\/>\n\t<\/div>\n\t<input type=\"hidden\" class=\"mailchimp_sf_no_js\" name=\"mailchimp_sf_no_js\" value=\"1\" \/>\n\t\t\t\t\t\t<div class=\"mc_signup_submit\">\n\t\t\t\t\t\t<input type=\"submit\" name=\"mc_signup_submit\" class=\"mc_signup_submit_button\" id=\"mc_signup_submit_68e49af812_9\" value=\"S&#039;abonner\" class=\"button\" \/>\n\t\t\t\t\t<\/div><!-- \/mc_signup_submit -->\n\n\t\t\t\t\t\t\t\t\t\t\t<div class=\"mc_unsub_link\" align=\"center\">\n\t\t\t\t\t\t\t<a href=\"https:\/\/us11.list-manage.com\/unsubscribe\/?u=75027cd5bc64afe6fafd92c3d&#038;id=68e49af812\" target=\"_blank\">\n\t\t\t\t\t\t\t\tSe d\u00e9sabonner de la liste\t\t\t\t\t\t\t<\/a>\n\t\t\t\t\t\t<\/div><!-- \/mc_unsub_link -->\n\t\t\t\t\t\t\t\t\t\t<\/div><!-- \/mc_form_inside -->\n\t\t\t<\/form><!-- \/mc_signup_form -->\n\t\t<\/div><!-- \/mc_signup_container -->\n\t<\/div><!-- \/mc_container -->\n<\/div>\n\n\n\n<p><\/p>\n","protected":false},"excerpt":{"rendered":"<p>Abonnez-vous \u00e0 l\u2019infolettre de ASC-CAD ! Joignez-vous \u00e0 des centaines d\u2019abonn\u00e9\u00b7e\u00b7s et restez en contact avec l\u2019Association des Sourds du Canada \u2013 Canadian Association of the Deaf (ASC-CAD), le plus ancien organisme national de d\u00e9fense des droits, dirig\u00e9 par et pour les personnes sourdes au Canada. En tant qu\u2019organisme \u00e0 but non lucratif, l\u2019ASC-CAD accueille &hellip; <a href=\"https:\/\/cad-asc.ca\/fr\/sabonner\/\" class=\"more-link\">Continue reading <span class=\"screen-reader-text\">Infolettre de ASC-CAD<\/span><\/a><\/p>\n","protected":false},"author":11,"featured_media":10181,"parent":0,"menu_order":0,"comment_status":"closed","ping_status":"closed","template":"","meta":{"_acf_changed":false,"_monsterinsights_skip_tracking":false,"_monsterinsights_sitenote_active":false,"_monsterinsights_sitenote_note":"","_monsterinsights_sitenote_category":0,"_uf_show_specific_survey":0,"_uf_disable_surveys":false,"footnotes":""},"class_list":["post-14744","page","type-page","status-publish","has-post-thumbnail","hentry"],"acf":[],"_links":{"self":[{"href":"https:\/\/cad-asc.ca\/fr\/wp-json\/wp\/v2\/pages\/14744","targetHints":{"allow":["GET"]}}],"collection":[{"href":"https:\/\/cad-asc.ca\/fr\/wp-json\/wp\/v2\/pages"}],"about":[{"href":"https:\/\/cad-asc.ca\/fr\/wp-json\/wp\/v2\/types\/page"}],"author":[{"embeddable":true,"href":"https:\/\/cad-asc.ca\/fr\/wp-json\/wp\/v2\/users\/11"}],"replies":[{"embeddable":true,"href":"https:\/\/cad-asc.ca\/fr\/wp-json\/wp\/v2\/comments?post=14744"}],"version-history":[{"count":0,"href":"https:\/\/cad-asc.ca\/fr\/wp-json\/wp\/v2\/pages\/14744\/revisions"}],"wp:featuredmedia":[{"embeddable":true,"href":"https:\/\/cad-asc.ca\/fr\/wp-json\/wp\/v2\/media\/10181"}],"wp:attachment":[{"href":"https:\/\/cad-asc.ca\/fr\/wp-json\/wp\/v2\/media?parent=14744"}],"curies":[{"name":"wp","href":"https:\/\/api.w.org\/{rel}","templated":true}]}}