{"id":2493,"date":"2015-02-03T07:42:02","date_gmt":"2015-02-03T07:42:02","guid":{"rendered":"http:\/\/testondev.com\/cad\/?page_id=2493"},"modified":"2022-06-28T19:46:19","modified_gmt":"2022-06-28T19:46:19","slug":"comites","status":"publish","type":"page","link":"https:\/\/cad-asc.ca\/fr\/comites\/","title":{"rendered":"Comit\u00e9s"},"content":{"rendered":"<p>Le conseil d&rsquo;administration dispose d&rsquo;un certain nombre de comit\u00e9s permanents qui doivent r\u00e9pondre au moins mensuellement pour discuter de leurs mandats et priorit\u00e9s du Comit\u00e9 et coordonner les activit\u00e9s. Apr\u00e8s discussion avec leurs comit\u00e9s, des pr\u00e9sidents sont \u00e0 signaler priorit\u00e9s du Comit\u00e9 au Conseil d&rsquo;administration r\u00e9guli\u00e8rement les activit\u00e9s, les d\u00e9cisions et les recommandations de leur comit\u00e9.<\/p>\n<p>De nouvelles informations sur les comit\u00e9s permanents seront bient\u00f4t disponibles.<\/p>\n","protected":false},"excerpt":{"rendered":"<p>Le conseil d&rsquo;administration dispose d&rsquo;un certain nombre de comit\u00e9s permanents qui doivent r\u00e9pondre au moins mensuellement pour discuter de leurs mandats et priorit\u00e9s du Comit\u00e9 et coordonner les activit\u00e9s. Apr\u00e8s discussion avec leurs comit\u00e9s, des pr\u00e9sidents sont \u00e0 signaler priorit\u00e9s du Comit\u00e9 au Conseil d&rsquo;administration r\u00e9guli\u00e8rement les activit\u00e9s, les d\u00e9cisions et les recommandations de leur &hellip; <a href=\"https:\/\/cad-asc.ca\/fr\/comites\/\" class=\"more-link\">Continue reading <span class=\"screen-reader-text\">Comit\u00e9s<\/span><\/a><\/p>\n","protected":false},"author":1,"featured_media":0,"parent":0,"menu_order":0,"comment_status":"closed","ping_status":"closed","template":"","meta":{"_acf_changed":false,"_monsterinsights_skip_tracking":false,"_monsterinsights_sitenote_active":false,"_monsterinsights_sitenote_note":"","_monsterinsights_sitenote_category":0,"_uf_show_specific_survey":0,"_uf_disable_surveys":false,"footnotes":""},"class_list":["post-2493","page","type-page","status-publish","hentry"],"acf":[],"_links":{"self":[{"href":"https:\/\/cad-asc.ca\/fr\/wp-json\/wp\/v2\/pages\/2493","targetHints":{"allow":["GET"]}}],"collection":[{"href":"https:\/\/cad-asc.ca\/fr\/wp-json\/wp\/v2\/pages"}],"about":[{"href":"https:\/\/cad-asc.ca\/fr\/wp-json\/wp\/v2\/types\/page"}],"author":[{"embeddable":true,"href":"https:\/\/cad-asc.ca\/fr\/wp-json\/wp\/v2\/users\/1"}],"replies":[{"embeddable":true,"href":"https:\/\/cad-asc.ca\/fr\/wp-json\/wp\/v2\/comments?post=2493"}],"version-history":[{"count":0,"href":"https:\/\/cad-asc.ca\/fr\/wp-json\/wp\/v2\/pages\/2493\/revisions"}],"wp:attachment":[{"href":"https:\/\/cad-asc.ca\/fr\/wp-json\/wp\/v2\/media?parent=2493"}],"curies":[{"name":"wp","href":"https:\/\/api.w.org\/{rel}","templated":true}]}}