{"id":3038,"date":"2015-02-05T06:42:00","date_gmt":"2015-02-05T06:42:00","guid":{"rendered":"http:\/\/cad.ca\/?page_id=3038&#038;lang=fr"},"modified":"2015-08-31T04:30:29","modified_gmt":"2015-08-31T04:30:29","slug":"donner-du-pouvoir-aux-jeunes-filles-sourdes-et-la-prosperite-economique-aux-jeunes-femmes","status":"publish","type":"page","link":"https:\/\/cad-asc.ca\/fr\/projets\/donner-du-pouvoir-aux-jeunes-filles-sourdes-et-la-prosperite-economique-aux-jeunes-femmes\/","title":{"rendered":"Donner du pouvoir aux jeunes filles sourdes et la prosp\u00e9rit\u00e9 \u00e9conomique aux jeunes femmes"},"content":{"rendered":"<div style=\"height:1100px;\">\n<div id=\"rightContent_sub\">\n<p><span class=\"mainTitle\">Donner du pouvoir aux jeunes filles sourdes et la prosp\u00e9rit\u00e9 \u00e9conomique aux jeunes femmes<\/span><\/p>\n<p>\u2026 c\u2019est un nouveau projet national financ\u00e9 par une contribution de Condition f\u00e9minine Canada, Ressources humaines et D\u00e9veloppement des comp\u00e9tences Canada. Ses objectifs sont d&rsquo;accro\u00eetre la prise de conscience des obstacles qui peuvent emp\u00eacher les filles et les jeunes femmes sourdes de r\u00e9aliser leur potentiel \u00e9conomique; la mobilisation, la sensibilisation et le r\u00e9seautage avec des partenaires communautaires, et appliquer ce qui a \u00e9t\u00e9 appris dans l\u2019offre d\u2019activit\u00e9s communautaires con\u00e7ues et orient\u00e9es vers les jeunes femmes.<\/p>\n<div align=\"center\">\n<p><iframe loading=\"lazy\" width=\"560\" height=\"315\" src=\"https:\/\/www.youtube.com\/embed\/k4azqLfdDnI\" frameborder=\"0\" allowfullscreen=\"allowfullscreen\"><\/iframe><\/p>\n<p><iframe loading=\"lazy\" width=\"560\" height=\"315\" src=\"https:\/\/www.youtube.com\/embed\/ZG_g2tbbGu0\" frameborder=\"0\" allowfullscreen=\"allowfullscreen\"><\/iframe><\/p>\n<p>&nbsp;<\/p>\n<\/div>\n<\/div>\n<\/div>\n","protected":false},"excerpt":{"rendered":"<p>Donner du pouvoir aux jeunes filles sourdes et la prosp\u00e9rit\u00e9 \u00e9conomique aux jeunes femmes \u2026 c\u2019est un nouveau projet national financ\u00e9 par une contribution de Condition f\u00e9minine Canada, Ressources humaines et D\u00e9veloppement des comp\u00e9tences Canada. Ses objectifs sont d&rsquo;accro\u00eetre la prise de conscience des obstacles qui peuvent emp\u00eacher les filles et les jeunes femmes sourdes &hellip; <a href=\"https:\/\/cad-asc.ca\/fr\/projets\/donner-du-pouvoir-aux-jeunes-filles-sourdes-et-la-prosperite-economique-aux-jeunes-femmes\/\" class=\"more-link\">Continue reading <span class=\"screen-reader-text\">Donner du pouvoir aux jeunes filles sourdes et la prosp\u00e9rit\u00e9 \u00e9conomique aux jeunes femmes<\/span><\/a><\/p>\n","protected":false},"author":1,"featured_media":0,"parent":3555,"menu_order":0,"comment_status":"open","ping_status":"open","template":"","meta":{"_acf_changed":false,"_monsterinsights_skip_tracking":false,"_monsterinsights_sitenote_active":false,"_monsterinsights_sitenote_note":"","_monsterinsights_sitenote_category":0,"_uf_show_specific_survey":0,"_uf_disable_surveys":false,"footnotes":""},"class_list":["post-3038","page","type-page","status-publish","hentry"],"acf":[],"_links":{"self":[{"href":"https:\/\/cad-asc.ca\/fr\/wp-json\/wp\/v2\/pages\/3038","targetHints":{"allow":["GET"]}}],"collection":[{"href":"https:\/\/cad-asc.ca\/fr\/wp-json\/wp\/v2\/pages"}],"about":[{"href":"https:\/\/cad-asc.ca\/fr\/wp-json\/wp\/v2\/types\/page"}],"author":[{"embeddable":true,"href":"https:\/\/cad-asc.ca\/fr\/wp-json\/wp\/v2\/users\/1"}],"replies":[{"embeddable":true,"href":"https:\/\/cad-asc.ca\/fr\/wp-json\/wp\/v2\/comments?post=3038"}],"version-history":[{"count":0,"href":"https:\/\/cad-asc.ca\/fr\/wp-json\/wp\/v2\/pages\/3038\/revisions"}],"up":[{"embeddable":true,"href":"https:\/\/cad-asc.ca\/fr\/wp-json\/wp\/v2\/pages\/3555"}],"wp:attachment":[{"href":"https:\/\/cad-asc.ca\/fr\/wp-json\/wp\/v2\/media?parent=3038"}],"curies":[{"name":"wp","href":"https:\/\/api.w.org\/{rel}","templated":true}]}}