{"id":3283,"date":"2015-02-05T10:42:28","date_gmt":"2015-02-05T10:42:28","guid":{"rendered":"http:\/\/cad.ca\/?page_id=3283&#038;lang=fr"},"modified":"2015-08-28T08:31:02","modified_gmt":"2015-08-28T08:31:02","slug":"les-canadiens-sourds-sunissent-pour-reclamer-des-mesures-pour-renverser-la-retrogression-de-leducation","status":"publish","type":"page","link":"https:\/\/cad-asc.ca\/fr\/les-canadiens-sourds-sunissent-pour-reclamer-des-mesures-pour-renverser-la-retrogression-de-leducation\/","title":{"rendered":"Les Canadiens Sourds s\u2019unissent pour r\u00e9clamer des mesures pour renverser la r\u00e9trogression de l\u2019\u00e9ducation"},"content":{"rendered":"<div id=\"rightContent_sub\">\n<p>\t\t<span class=\"mainTitle\">Nouvelles &#038; \u00c9v\u00e8nements<\/span><\/p>\n<hr class=\"yellowLine\">\n<p>\t\t<img loading=\"lazy\" decoding=\"async\" width=\"120\" height=\"80\" align=\"right\" style=\"margin: 5px; padding: 5px;\" alt=\"\" src=\"https:\/\/cad.ca\/wp-content\/_uploads\/news\/Rally2.jpg\"><br \/>\n\t\t<span class=\"newsTitle\">Les Canadiens Sourds s\u2019unissent pour r\u00e9clamer des mesures pour renverser la r\u00e9trogression de l\u2019\u00e9ducation<\/span><\/p>\n<p>\t\t<em>mardi 8 mai 2007<\/em><\/p>\n<p><strong>\u00c0 PUBLIER IMM\u00c9DIATEMENT :<\/strong> 11 mai 2007<\/p>\n<p><strong>L\u2019Association des Sourds du Canada<br \/>\n203 -251, rue Bank  Ottawa (Ontario)  K20 1X3<\/strong><\/p>\n<p>Voix : 613-565-2882  TTY : 613-565-8882 www.cad.ca<br \/>\n<strong>Ottawa (Ontario) \u2014 Des milliers de personnes Sourdes se sont rassembl\u00e9es dans plusieurs villes du Canada pour exiger des mesures pour am\u00e9liorer l\u2019\u00e9ducation des enfants Sourds.<\/strong><\/p>\n<p>\u00ab Il y a exactement 18 ans, nous sommes descendus dans les rues de toutes les grandes villes du pays, \u00bb dit Sheila Carlin, pr\u00e9sidente de l\u2019Association des Sourds du Canada (ASC). \u00ab Il y a eu des am\u00e9liorations pendant quelques ann\u00e9es, mais la derni\u00e8re d\u00e9cennie a vu un recul qui a donn\u00e9 d\u2019horribles r\u00e9sultats. \u00bb<br \/>\n\u00ab Nous constatons les r\u00e9percussions de plusieurs ann\u00e9es de r\u00e9duction du financement, de compression, d\u2019\u00e9limination de services de soutien, de d\u00e9cisions politiques biais\u00e9es et impr\u00e9voyantes, et de la marginalisation des \u00e9ducateurs, administrateurs et conseillers Sourds. \u00bb<\/p>\n<p>Les rassemblements d\u2019aujourd\u2019hui, qui doivent se tenir \u00e0 Montr\u00e9al, Ottawa, Toronto, l&rsquo;Embassade de Canada a Washington EU,  Saskatoon et plusieurs autres villes, ont \u00e9t\u00e9 organis\u00e9s par l\u2019Association des Sourds de l\u2019Ontario appuy\u00e9e par l\u2019ASC et la Soci\u00e9t\u00e9 culturelle canadienne des Sourds.<br \/>\nD\u2019apr\u00e8s les organisateurs, 93 % des enfants sourds sont inscrits \u00e0 des programmes oraux, mais 62 % d\u2019entre eux abandonnent le programme avant d\u2019arriver \u00e0 l\u2019\u00e9cole secondaire. Seulement 1,7 % de personnes Sourdes obtiennent un dipl\u00f4me universitaire. Le nombre d\u2019\u00e9tudiants Sourds inscrits dans des institutions postsecondaires a chut\u00e9 de 50 % en seulement deux ans.<br \/>\n\u00ab Les minist\u00e8res provinciaux de l\u2019\u00e9ducation pr\u00e9tendent que leur programme d\u2019\u00e9ducation des Sourds nous permettra de r\u00e9ussir dans la soci\u00e9t\u00e9 non sourde, \u00bb explique James Roots, directeur ex\u00e9cutif de l\u2019ASC. \u00ab Mais comment r\u00e9ussir dans n&rsquo;importe quelle soci\u00e9t\u00e9, si on n&rsquo;a pas vraiment d\u2019\u00e9ducation ? \u00bb<br \/>\nL\u2019ASC d\u00e9finit \u00ab Quatre cl\u00e9s pour une meilleure \u00e9ducation des Sourds. \u00bb Les voici :\t\t<\/p>\n<ol>\n<li>Les langues des signes doivent \u00eatre reconnues par la loi comme langue d\u2019\u00e9ducation des Canadiens Sourds.<\/li>\n<li>Il faut fournir suffisamment de financement pour les services de soutien aux \u00e9tudiants Sourds, qu\u2019ils soient dans des \u00e9coles r\u00e9guli\u00e8res ou dans des institutions provinciales pour les Sourds.<\/li>\n<li>Il faut rehausser et appliquer des normes plus s\u00e9v\u00e8res pour les enseignants des Sourds, ainsi que pour les aides-enseignants, les interpr\u00e8tes, et le personnel des services de soutien dont celui des services de soins de sant\u00e9 mentale.<\/li>\n<li>Il faut \u00e9liminer les lacunes dans les phases de transition afin d\u2019assurer des services et des programmes \u00e9ducatifs r\u00e9guliers et sans failles tout au long du d\u00e9veloppement d\u2019un enfant Sourd.<\/li>\n<\/ol>\n<p>Contacts :<\/p>\n<table>\n<tr>\n<td>Sheila Carlin, pr\u00e9sidente<\/td>\n<td>James Roots, Directeur ex\u00e9cutif<\/td>\n<\/tr>\n<tr>\n<td>TTY : (204-284-9373)<\/td>\n<td>TTY : (613-565-8882)<\/td>\n<\/tr>\n<tr>\n<td><a href=\"mailto:sheilaatdrc@mobility.blackberry.net\">sheilaatdrc@mobility.blackberry.net<\/a><\/td>\n<td><a href=\"mailto:jroots@mobile.rogers.com\">jroots@mobile.rogers.com<\/a><\/td>\n<\/tr>\n<\/table>\n<p>Ces deux personnes sont Sourdes et il vaut mieux communiquer avec elles par courriel.<br \/>\n<strong>L\u2019Association des Sourds du Canada<\/strong> (<a href=\"https:\/\/cad.ca\/\" target=\"_blank\">www.cad.ca<\/a>) est l\u2019organisation nationale de d\u00e9fense des consommateurs pour les 310 000 citoyens Sourds du Canada. L\u2019ASC offre des consultations et de l\u2019information sur les besoins des Sourds et leurs int\u00e9r\u00eats au public, aux entreprises, aux m\u00e9dias, aux gouvernements, aux \u00e9ducateurs et \u00e0 d\u2019autres. Nous faisons des recherches et collectons des donn\u00e9es sur les questions li\u00e9es \u00e0 la surdit\u00e9 ; nous produisons des rapports sur ces \u00e9tudes et offrons une expertise les concernant ; et nous cr\u00e9ons et ex\u00e9cutons des programmes exp\u00e9rimentaux. Nous offrons une aide aux organismes et agences de services pour les Sourds dans tout le pays, et nous poss\u00e9dons \u00e9galement une tr\u00e8s grande biblioth\u00e8que et un centre de ressource sur la surdit\u00e9 dans nos bureaux \u00e0 Ottawa, en Ontario.<br \/>\n<em>La photo grace a Genevieve Deguire.<\/em>\n<\/div>\n","protected":false},"excerpt":{"rendered":"<p>Nouvelles &#038; \u00c9v\u00e8nements Les Canadiens Sourds s\u2019unissent pour r\u00e9clamer des mesures pour renverser la r\u00e9trogression de l\u2019\u00e9ducation mardi 8 mai 2007 \u00c0 PUBLIER IMM\u00c9DIATEMENT : 11 mai 2007 L\u2019Association des Sourds du Canada 203 -251, rue Bank Ottawa (Ontario) K20 1X3 Voix : 613-565-2882 TTY : 613-565-8882 www.cad.ca Ottawa (Ontario) \u2014 Des milliers de personnes &hellip; <a href=\"https:\/\/cad-asc.ca\/fr\/les-canadiens-sourds-sunissent-pour-reclamer-des-mesures-pour-renverser-la-retrogression-de-leducation\/\" class=\"more-link\">Continue reading <span class=\"screen-reader-text\">Les Canadiens Sourds s\u2019unissent pour r\u00e9clamer des mesures pour renverser la r\u00e9trogression de l\u2019\u00e9ducation<\/span><\/a><\/p>\n","protected":false},"author":1,"featured_media":0,"parent":0,"menu_order":0,"comment_status":"open","ping_status":"open","template":"","meta":{"_acf_changed":false,"_monsterinsights_skip_tracking":false,"_monsterinsights_sitenote_active":false,"_monsterinsights_sitenote_note":"","_monsterinsights_sitenote_category":0,"_uf_show_specific_survey":0,"_uf_disable_surveys":false,"footnotes":""},"class_list":["post-3283","page","type-page","status-publish","hentry"],"acf":[],"_links":{"self":[{"href":"https:\/\/cad-asc.ca\/fr\/wp-json\/wp\/v2\/pages\/3283","targetHints":{"allow":["GET"]}}],"collection":[{"href":"https:\/\/cad-asc.ca\/fr\/wp-json\/wp\/v2\/pages"}],"about":[{"href":"https:\/\/cad-asc.ca\/fr\/wp-json\/wp\/v2\/types\/page"}],"author":[{"embeddable":true,"href":"https:\/\/cad-asc.ca\/fr\/wp-json\/wp\/v2\/users\/1"}],"replies":[{"embeddable":true,"href":"https:\/\/cad-asc.ca\/fr\/wp-json\/wp\/v2\/comments?post=3283"}],"version-history":[{"count":0,"href":"https:\/\/cad-asc.ca\/fr\/wp-json\/wp\/v2\/pages\/3283\/revisions"}],"wp:attachment":[{"href":"https:\/\/cad-asc.ca\/fr\/wp-json\/wp\/v2\/media?parent=3283"}],"curies":[{"name":"wp","href":"https:\/\/api.w.org\/{rel}","templated":true}]}}