{"id":3303,"date":"2014-12-15T08:31:02","date_gmt":"2014-12-15T08:31:02","guid":{"rendered":"http:\/\/cad.ca\/?page_id=3303&#038;lang=fr"},"modified":"2022-06-28T19:15:49","modified_gmt":"2022-06-28T19:15:49","slug":"histoire","status":"publish","type":"page","link":"https:\/\/cad-asc.ca\/fr\/sur-lasc-cad\/histoire\/","title":{"rendered":"Histoire"},"content":{"rendered":"<p><span class=\"bold\">\u00ab\u00a0Prot\u00e9ger et promouvoir les droits, les besoins et les int\u00e9r\u00eats des Canadiens sourds\u00a0\u00bb<\/span><br \/>\nL\u2019Association des Sourds du Canada (ASC) est un des premiers v\u00e9ritables groupes d\u2019entraide fond\u00e9s au Canada. Cette association fut cr\u00e9e en 1940 et a \u00e9t\u00e9 baptis\u00e9e avec le nom de l\u2019Association Interprovinciale des Sourds par trois grandes associations r\u00e9gionales des Sourdes &#8211; l\u2019Association du Canada Ouest, l\u2019Association de l\u2019Ontario et l\u2019Association du Canada Est &#8212; avec le support de l\u2019Association des Sourds de Montr\u00e9al.<\/p>\n<p>En 1948, l\u2019Association a \u00e9t\u00e9 constitu\u00e9e sous le r\u00e9gime de la loi f\u00e9d\u00e9rale, et elle est devenue connu officiellement sous le nom de l\u2019Association des Sourds du Canada. Alors que l\u2019Association a fait appel \u00e0 un certain nombre de personnes non Sourdes afin de combler des postes consultatifs, des postes sur des comit\u00e9s ou dans le personnel, l\u2019ensemble du conseil d\u2019administration de l\u2019ASC est n\u00e9anmoins compos\u00e9 de personnes Sourdes qui ont administr\u00e9 les affaires de l\u2019Association d\u00e8s le d\u00e9but.<\/p>\n<h3>Histoire de l&rsquo;Association des Sourds du Canada<\/h3>\n<p>Avant la fondation de l\u2019Association des Sourds du Canada en 1940, il existait d\u00e9j\u00e0 des dizaines et m\u00eame des centaines de clubs de Sourds dans les villes, les provinces et les r\u00e9gions canadiennes.<\/p>\n<p>Le plus ancien groupe de consommateurs sourds encore en activit\u00e9 est la Ontario Association of the Deaf (Association des Sourds de l\u2019Ontario), fond\u00e9e en 1886. La Eastern Canada Association of the Deaf (l\u2019Association des Sourds de l\u2019Est canadien) remonte \u00e0 1904 et la Western Canada Association of the Deaf (l\u2019Association des Sourds de l\u2019Ouest canadien) a \u00e9t\u00e9 fond\u00e9e en 1923. Le quatri\u00e8me organisme affili\u00e9 fondateur de l\u2019ASC, l\u2019Association des Sourds de Montr\u00e9al \u00e9tait le plus r\u00e9cent de ces groupes, puisqu\u2019il a \u00e9t\u00e9 \u00e9tabli en 1929.<\/p>\n<p>L\u2019OAD et la WCAD administraient chacune leur propre fonds de bourses d\u2019\u00e9tudes pour l\u2019\u00e9ducation des Sourds, mais seuls les Sourds r\u00e9sidant dans ces r\u00e9gions pouvaient pr\u00e9senter leur candidature. Par cons\u00e9quent, plusieurs milliers de personnes sourdes d\u2019autres r\u00e9gions n\u2019avaient pas acc\u00e8s \u00e0 des bourses d\u2019\u00e9tudes pour les aider \u00e0 am\u00e9liorer leur \u00e9ducation.<\/p>\n<p>Il fallait donc un organisme national pouvant administrer un fonds qui fournirait des bourses d\u2019\u00e9tudes \u00e0 toute personne sourde au Canada. C\u2019est ainsi qu\u2019a \u00e9t\u00e9 cr\u00e9\u00e9e l\u2019Association des Sourds du Canada en 1940.<\/p>\n<h3>Les premi\u00e8res ann\u00e9es<\/h3>\n<p>Saviez-vous que l\u2019Association des Sourds du Canada est la premi\u00e8re et la plus ancienne organisation de personnes handicap\u00e9es \u00e0 l\u2019\u00e9chelle nationale au Canada?<br \/>\nAppel\u00e9e \u00e0 l\u2019origine Association interprovinciale des Sourds, le nom a \u00e9t\u00e9 chang\u00e9 en 1946 et l\u2019Association a \u00e9t\u00e9 constitu\u00e9e en soci\u00e9t\u00e9 au niveau f\u00e9d\u00e9ral en 1948. Les membres sourds de la charte \u00e9taient David Peikoff, Robert McBrien, Howard Lloyd, Joe Rosnick et Donald Kidd.<\/p>\n<p>L\u2019ASC a \u00e9tabli le Fonds des bourses d\u2019\u00e9tudes (plus tard Fonds pour l\u2019\u00e9ducation) des Sourds canadiens pour fournir des subventions permettant d\u2019envoyer des \u00e9tudiants sourds au coll\u00e8ge (plus tard \u00e0 l\u2019universit\u00e9) Gallaudet. \u00c0 cette \u00e9poque, Gallaudet \u00e9tait la seule universit\u00e9 accessible dans le monde.<\/p>\n<p>Lorsque le mandat du FCES a \u00e9t\u00e9 modifi\u00e9 au d\u00e9but des ann\u00e9es 1970, il avait aid\u00e9 plus de 100 Sourds canadiens \u00e0 suivre des \u00e9tudes post-secondaires.<\/p>\n<p>L\u2019ASC s\u2019est \u00e9galement battu vigoureusement contre le bannissement des enseignants sourds et de l\u2019ASL dans plusieurs provinces au cours des ann\u00e9es 1940 et 1950.<\/p>\n<p>Les forces arm\u00e9es avaient r\u00e9quisitionn\u00e9 certaines \u00e9coles pour les Sourds pour s\u2019entra\u00eener au cours de la Deuxi\u00e8me Guerre mondiale. Quand il est devenu \u00e9vident que le gouvernement n\u2019allait pas rendre les \u00e9coles apr\u00e8s la guerre, l\u2019ASC a protest\u00e9 avec succ\u00e8s et a obtenu le retour des \u00e9coles \u00e0 la communaut\u00e9 des Sourds.<\/p>\n<p>Au cours des ann\u00e9es 1950, l\u2019ASC a \u00e9tudi\u00e9 la possibilit\u00e9 de cr\u00e9er une \u00e9cole secondaire et un coll\u00e8ge pour les Sourds du Canada et a obtenu le droit de prolonger l\u2019\u00e9ducation des Sourds au-del\u00e0 de la 10e ann\u00e9e.<\/p>\n<h3>Les ann\u00e9es interm\u00e9diaires<\/h3>\n<p>David Peikoff a pris sa retraite en 1960 apr\u00e8s 20 ans au poste de secr\u00e9taire et Robert McBrien a suivi en 1967 apr\u00e8s avoir \u00e9t\u00e9 pr\u00e9sident pendant 27 ans!<\/p>\n<p>Marshall Wick est devenu pr\u00e9sident avant de passer au poste de directeur g\u00e9n\u00e9ral b\u00e9n\u00e9vole sept ans plus tard.<\/p>\n<p>M. Wick a renforc\u00e9 l\u2019influence et l\u2019importance de l\u2019ASC. Le conseil d\u2019administration et les membres de la direction venaient surtout de l\u2019Ontario et du Qu\u00e9bec en raison d\u2019un manque de fonds, mais M. Wick a fait en sorte que toutes les provinces soient repr\u00e9sent\u00e9es.<\/p>\n<p>M. Wick a amen\u00e9 le sous-titrage au Canada en \u00e9tablissant le fameux programme des \u00ab films sous-titr\u00e9s pour les Sourds \u00bb de l\u2019ASC. Au cours des ann\u00e9es 1970, l\u2019ASC a organis\u00e9 des s\u00e9ances de visionnement de films sous-titr\u00e9s dans tout le pays pour prouver au gouvernement f\u00e9d\u00e9ral qu\u2019il existait un march\u00e9 pour le sous-titrage. Le succ\u00e8s de cette initiative a ouvert la voie \u00e0 une programmation t\u00e9l\u00e9visuelle sous-titr\u00e9e au Canada en 1981.<\/p>\n<p>C\u2019est \u00e9galement M. Wick qui a introduit l\u2019ASC pour la premi\u00e8re fois \u00e0 la communaut\u00e9 sourde internationale. En 1983, M. Wick et la pr\u00e9sidente d\u2019alors, Eleanor McPeake, sont devenus les premiers d\u00e9l\u00e9gu\u00e9s de l\u2019ASC \u00e0 assister \u00e0 un congr\u00e8s mondial de la F\u00e9d\u00e9ration mondiale des Sourds.<\/p>\n<p>La derni\u00e8re contribution, et probablement la plus importante, de M. Wick \u00e0 l\u2019ASC a \u00e9t\u00e9 d\u2019obtenir du gouvernement f\u00e9d\u00e9ral une subvention annuelle de fonctionnement \u00e0 partir de 1985 qu\u2019elle a utilis\u00e9 pour \u00e9tablir le premier si\u00e8ge social de l\u2019ASC et pour engager les premiers employ\u00e9s r\u00e9mun\u00e9r\u00e9s.<\/p>\n<h3>Les ann\u00e9es r\u00e9centes<\/h3>\n<p>En 1986, l\u2019ASC a engag\u00e9 Jim Roots \u00e0 titre de premier directeur g\u00e9n\u00e9ral r\u00e9mun\u00e9r\u00e9 et a \u00e9lu Henry Vlug au poste de premier pr\u00e9sident en provenance d\u2019une province de l\u2019Ouest. L\u2019ann\u00e9e suivante, elle tenait son assembl\u00e9e g\u00e9n\u00e9rale \u00e0 Edmonton, pour la premi\u00e8re fois en dehors de l\u2019Ontario et du Qu\u00e9bec.<\/p>\n<p>N\u2019oubliant jamais que sa raison d\u2019\u00eatre est l\u2019\u00e9ducation des Sourds, l\u2019ASC a organis\u00e9 la premi\u00e8re grande Journ\u00e9e nationale pour l\u2019\u00e9ducation des Sourds dans tout le pays en 1989. Cet \u00e9v\u00e9nement, qui a \u00e9t\u00e9 \u00e0 la une de l\u2019actualit\u00e9 dans tous les m\u00e9dias du pays, a conduit \u00e0 l\u2019acceptation des \u00e9ducateurs sourds et de l\u2019instruction en ASL\/LSQ dans les \u00e9coles pour les Sourds.<\/p>\n<p>L\u2019ASC a \u00e9galement men\u00e9 des recherches sur le taux d\u2019analphab\u00e9tisme fonctionnel de 65% dans la communaut\u00e9 sourde et a con\u00e7u un programme mod\u00e8le de formation en alphab\u00e9tisation pour r\u00e9pondre \u00e0 cette grave pr\u00e9occupation.<\/p>\n<p>En ce qui concerne les questions relatives \u00e0 l\u2019emploi, l\u2019ASC a men\u00e9 des recherches qui ont r\u00e9v\u00e9l\u00e9 un taux \u00e9pouvantable de sous-emploi et de ch\u00f4mage parmi les Sourds canadiens. Lorsque le gouvernement f\u00e9d\u00e9ral ne s\u2019est pas montr\u00e9 pr\u00eat \u00e0 se soucier de ce probl\u00e8me, l\u2019ASC a obtenu un financement pour cr\u00e9er de nouvelles possibilit\u00e9s d\u2019emploi et de formation pour plus de 100 Sourds canadiens par an sur une p\u00e9riode de cinq ans.<\/p>\n<p>Dans son combat constant pour plus de sous-titrage, l\u2019ASC s\u2019est \u00e9rig\u00e9e en chef de file mondial de la programmation t\u00e9l\u00e9visuelle sous-titr\u00e9e lorsque l\u2019ancien pr\u00e9sident de l\u2019ASC Henry Vlug a r\u00e9ussi \u00e0 obtenir une d\u00e9cision du Tribunal des droits de la personne en 2002 exigeant le sous-titrage de la totalit\u00e9 de la programmation.<\/p>\n<p>L\u2019ASC s\u2019est \u00e9galement adress\u00e9e aux tribunaux pour faire appliquer la d\u00e9cision dans la cause Eldridge de 1997 selon laquelle tous les services et programmes gouvernementaux doivent \u00eatre accessibles aux Sourds.<\/p>\n<p>L\u2019ASC a remport\u00e9 des batailles judiciaires pour l\u2019acc\u00e8s aux ATS, pour les ATS publics payants et pour des h\u00f4tels accessibles. Elle a lutt\u00e9 pour que des changements soient apport\u00e9s aux cr\u00e9dits d\u2019imp\u00f4t pour les Sourds et les handicap\u00e9s canadiens et pour des changements aux politiques d\u2019immigration qui \u00e9tablissaient une discrimination contre les immigrants sourds.<\/p>\n<p>Tout en formant des jeunes sourds \u00e0 des carri\u00e8res de conseillers professionnels en collecte de fonds, de travailleurs en d\u00e9veloppement des ressources communautaires et de producteurs de t\u00e9l\u00e9vision et de vid\u00e9o, l\u2019ASC a aussi \u00e9tabli un r\u00e9seau national de \u00ab surveillants \u00bb charg\u00e9s de prot\u00e9ger les personnes \u00e2g\u00e9es sourdes et d\u2019agir pour leur d\u00e9fense et a con\u00e7u un mod\u00e8le de programme de garderies \u00ab adapt\u00e9es aux Sourds \u00bb.<\/p>\n<h3>L\u2019avenir!<\/h3>\n<p>En 2003, l\u2019ASC a accueilli avec fiert\u00e9 le XIVe Congr\u00e8s mondial de la F\u00e9d\u00e9ration mondiale des Sourds, auquel plus de 2 700 personnes de 101 pays ont particip\u00e9.<br \/>\nFaisant fond sur l\u2019enthousiasme suscit\u00e9 par ce m\u00e9morable \u00e9v\u00e9nement, l\u2019ASC pr\u00e9pare plusieurs strat\u00e9gies innovatrices et proactives pour l\u2019avenir. Venez vous joindre \u00e0 nous pour r\u00e9aliser les r\u00eaves de 310 000 Sourds canadiens!<\/p>\n","protected":false},"excerpt":{"rendered":"<p>\u00ab\u00a0Prot\u00e9ger et promouvoir les droits, les besoins et les int\u00e9r\u00eats des Canadiens sourds\u00a0\u00bb L\u2019Association des Sourds du Canada (ASC) est un des premiers v\u00e9ritables groupes d\u2019entraide fond\u00e9s au Canada. Cette association fut cr\u00e9e en 1940 et a \u00e9t\u00e9 baptis\u00e9e avec le nom de l\u2019Association Interprovinciale des Sourds par trois grandes associations r\u00e9gionales des Sourdes &#8211; &hellip; <a href=\"https:\/\/cad-asc.ca\/fr\/sur-lasc-cad\/histoire\/\" class=\"more-link\">Continue reading <span class=\"screen-reader-text\">Histoire<\/span><\/a><\/p>\n","protected":false},"author":1,"featured_media":0,"parent":4823,"menu_order":0,"comment_status":"closed","ping_status":"closed","template":"","meta":{"_acf_changed":false,"_monsterinsights_skip_tracking":false,"_monsterinsights_sitenote_active":false,"_monsterinsights_sitenote_note":"","_monsterinsights_sitenote_category":0,"_uf_show_specific_survey":0,"_uf_disable_surveys":false,"footnotes":""},"class_list":["post-3303","page","type-page","status-publish","hentry"],"acf":[],"_links":{"self":[{"href":"https:\/\/cad-asc.ca\/fr\/wp-json\/wp\/v2\/pages\/3303","targetHints":{"allow":["GET"]}}],"collection":[{"href":"https:\/\/cad-asc.ca\/fr\/wp-json\/wp\/v2\/pages"}],"about":[{"href":"https:\/\/cad-asc.ca\/fr\/wp-json\/wp\/v2\/types\/page"}],"author":[{"embeddable":true,"href":"https:\/\/cad-asc.ca\/fr\/wp-json\/wp\/v2\/users\/1"}],"replies":[{"embeddable":true,"href":"https:\/\/cad-asc.ca\/fr\/wp-json\/wp\/v2\/comments?post=3303"}],"version-history":[{"count":0,"href":"https:\/\/cad-asc.ca\/fr\/wp-json\/wp\/v2\/pages\/3303\/revisions"}],"up":[{"embeddable":true,"href":"https:\/\/cad-asc.ca\/fr\/wp-json\/wp\/v2\/pages\/4823"}],"wp:attachment":[{"href":"https:\/\/cad-asc.ca\/fr\/wp-json\/wp\/v2\/media?parent=3303"}],"curies":[{"name":"wp","href":"https:\/\/api.w.org\/{rel}","templated":true}]}}