{"id":3307,"date":"2014-12-15T08:34:03","date_gmt":"2014-12-15T08:34:03","guid":{"rendered":"http:\/\/cad.ca\/?page_id=3307&#038;lang=fr"},"modified":"2024-06-03T19:34:27","modified_gmt":"2024-06-03T19:34:27","slug":"reglements-de-lasc","status":"publish","type":"page","link":"https:\/\/cad-asc.ca\/fr\/sur-lasc-cad\/reglements-de-lasc\/","title":{"rendered":"R\u00e8glements de l&rsquo;ASC"},"content":{"rendered":"<h3>R\u00e8glements de l&rsquo;Association des Sourds du Canada &#8211; Canadian Association of the Deaf (ASC-CAD)<\/h3>\n<p>Vous pouvez t\u00e9l\u00e9charger <a href=\"https:\/\/cad-asc.ca\/wp-content\/uploads\/2024\/06\/2023-CAD-Bylaws-amended-FR.pdf\" target=\"_blank\" rel=\"noopener\">la version actuelle (fichier PDF) de nos r\u00e8glements : R\u00e8glements de l&rsquo;ASC-CAD (2023)<\/a>.<\/p>\n","protected":false},"excerpt":{"rendered":"<p>R\u00e8glements de l&rsquo;Association des Sourds du Canada &#8211; Canadian Association of the Deaf (ASC-CAD) Vous pouvez t\u00e9l\u00e9charger la version actuelle (fichier PDF) de nos r\u00e8glements : R\u00e8glements de l&rsquo;ASC-CAD (2023).<\/p>\n","protected":false},"author":1,"featured_media":0,"parent":4823,"menu_order":0,"comment_status":"closed","ping_status":"closed","template":"","meta":{"_acf_changed":false,"_monsterinsights_skip_tracking":false,"_monsterinsights_sitenote_active":false,"_monsterinsights_sitenote_note":"","_monsterinsights_sitenote_category":0,"_uf_show_specific_survey":0,"_uf_disable_surveys":false,"footnotes":""},"class_list":["post-3307","page","type-page","status-publish","hentry"],"acf":[],"_links":{"self":[{"href":"https:\/\/cad-asc.ca\/fr\/wp-json\/wp\/v2\/pages\/3307","targetHints":{"allow":["GET"]}}],"collection":[{"href":"https:\/\/cad-asc.ca\/fr\/wp-json\/wp\/v2\/pages"}],"about":[{"href":"https:\/\/cad-asc.ca\/fr\/wp-json\/wp\/v2\/types\/page"}],"author":[{"embeddable":true,"href":"https:\/\/cad-asc.ca\/fr\/wp-json\/wp\/v2\/users\/1"}],"replies":[{"embeddable":true,"href":"https:\/\/cad-asc.ca\/fr\/wp-json\/wp\/v2\/comments?post=3307"}],"version-history":[{"count":0,"href":"https:\/\/cad-asc.ca\/fr\/wp-json\/wp\/v2\/pages\/3307\/revisions"}],"up":[{"embeddable":true,"href":"https:\/\/cad-asc.ca\/fr\/wp-json\/wp\/v2\/pages\/4823"}],"wp:attachment":[{"href":"https:\/\/cad-asc.ca\/fr\/wp-json\/wp\/v2\/media?parent=3307"}],"curies":[{"name":"wp","href":"https:\/\/api.w.org\/{rel}","templated":true}]}}