{"id":3311,"date":"2014-12-15T08:36:01","date_gmt":"2014-12-15T08:36:01","guid":{"rendered":"http:\/\/cad.ca\/?page_id=3311&#038;lang=fr"},"modified":"2022-08-04T21:00:47","modified_gmt":"2022-08-04T21:00:47","slug":"federation-mondiale-des-sourds","status":"publish","type":"page","link":"https:\/\/cad-asc.ca\/fr\/sur-lasc-cad\/federation-mondiale-des-sourds\/","title":{"rendered":"F\u00e9d\u00e9ration Mondiale des Sourds"},"content":{"rendered":"<p><img loading=\"lazy\" decoding=\"async\" class=\"size-full wp-image-4459\" src=\"https:\/\/cad.ca\/wp-content\/uploads\/2015\/02\/WFD-Logo-1.jpg\" alt=\"World Federation of the Deaf logo\" width=\"160\" height=\"124\" \/><\/p>\n<p>L&rsquo;Association des Sourds du Canada-Association of the Deaf (ASC-CAD) est fier d&rsquo;\u00eatre affili\u00e9 \u00e0 la F\u00e9d\u00e9ration mondiale des sourds en tant que membre ordinaire.<\/p>\n<p>FMS, la F\u00e9d\u00e9ration mondiale des sourds, est une organisation parapluie fournissant une large gamme de services de soutien et de plaidoyer pour les associations nationales sourds. La <a href=\"https:\/\/wfdeaf.org\/\">F\u00e9d\u00e9ration Mondiale des Sourds<\/a> (FMS) a \u00e9t\u00e9 cr\u00e9\u00e9 en 1951 lors du premier Congr\u00e8s mondial \u00e0 Rome, Italie.<\/p>\n<p>La FMS continue aujourd&rsquo;hui \u00e0 \u00eatre une organisation parapluie en pleine expansion offrant un large \u00e9ventail de soutien et de plaidoyer des services pour 134 associations nationales de sourds, repr\u00e9sentant environ 70 millions de personnes sourdes dans le monde entier. La mission de la FMS est de promouvoir les droits humains des personnes sourdes et compl\u00e8te, la qualit\u00e9 et l&rsquo;\u00e9galit\u00e9 d&rsquo;acc\u00e8s \u00e0 toutes les sph\u00e8res de la vie, y compris l&rsquo;auto-d\u00e9termination, la langue des signes, l&rsquo;\u00e9ducation, l&#8217;emploi et la vie communautaire.<\/p>\n<p>La philosophie de la FMS est l&rsquo;un des sexes, les droits humains et le respect pour toutes les personnes, ind\u00e9pendamment de la race, la nationalit\u00e9, la religion, le sexe, l&rsquo;orientation sexuelle, l&rsquo;\u00e2ge et toutes les autres qualit\u00e9s humaines.<\/p>\n<p>La FMS fournit \u00e9galement une plate-forme pour la coop\u00e9ration mondiale et \u00e9change d&rsquo;informations entre ses membres et partenaires. Comme une organisation internationale non gouvernementale, la FMS a un statut consultatif sp\u00e9cial au sein du syst\u00e8me des Nations Unies (ONU), o\u00f9 il est repr\u00e9sent\u00e9 au Conseil \u00e9conomique et social (ECOSOC), l&rsquo;\u00e9ducation, la science et la culture (UNESCO), l&rsquo;international Organisation internationale du Travail (OIT) et l&rsquo;Organisation mondiale de la sant\u00e9 (OMS).<\/p>\n<p>La FMS a un statut participatif aupr\u00e8s du Conseil de l&rsquo;Europe (CdE), coop\u00e8re \u00e9troitement avec le Haut Commissariat des Nations Unies pour les droits de l&rsquo;homme et a des repr\u00e9sentants sur les R\u00e8gles des Nations Unies pour l&rsquo;\u00e9galisation des chances pour les personnes handicap\u00e9es, et est membre de l&rsquo;International Disability Alliance (IDA).<\/p>\n","protected":false},"excerpt":{"rendered":"<p>L&rsquo;Association des Sourds du Canada-Association of the Deaf (ASC-CAD) est fier d&rsquo;\u00eatre affili\u00e9 \u00e0 la F\u00e9d\u00e9ration mondiale des sourds en tant que membre ordinaire. FMS, la F\u00e9d\u00e9ration mondiale des sourds, est une organisation parapluie fournissant une large gamme de services de soutien et de plaidoyer pour les associations nationales sourds. La F\u00e9d\u00e9ration Mondiale des Sourds &hellip; <a href=\"https:\/\/cad-asc.ca\/fr\/sur-lasc-cad\/federation-mondiale-des-sourds\/\" class=\"more-link\">Continue reading <span class=\"screen-reader-text\">F\u00e9d\u00e9ration Mondiale des Sourds<\/span><\/a><\/p>\n","protected":false},"author":1,"featured_media":0,"parent":4823,"menu_order":0,"comment_status":"closed","ping_status":"closed","template":"","meta":{"_acf_changed":false,"_monsterinsights_skip_tracking":false,"_monsterinsights_sitenote_active":false,"_monsterinsights_sitenote_note":"","_monsterinsights_sitenote_category":0,"_uf_show_specific_survey":0,"_uf_disable_surveys":false,"footnotes":""},"class_list":["post-3311","page","type-page","status-publish","hentry"],"acf":[],"_links":{"self":[{"href":"https:\/\/cad-asc.ca\/fr\/wp-json\/wp\/v2\/pages\/3311","targetHints":{"allow":["GET"]}}],"collection":[{"href":"https:\/\/cad-asc.ca\/fr\/wp-json\/wp\/v2\/pages"}],"about":[{"href":"https:\/\/cad-asc.ca\/fr\/wp-json\/wp\/v2\/types\/page"}],"author":[{"embeddable":true,"href":"https:\/\/cad-asc.ca\/fr\/wp-json\/wp\/v2\/users\/1"}],"replies":[{"embeddable":true,"href":"https:\/\/cad-asc.ca\/fr\/wp-json\/wp\/v2\/comments?post=3311"}],"version-history":[{"count":0,"href":"https:\/\/cad-asc.ca\/fr\/wp-json\/wp\/v2\/pages\/3311\/revisions"}],"up":[{"embeddable":true,"href":"https:\/\/cad-asc.ca\/fr\/wp-json\/wp\/v2\/pages\/4823"}],"wp:attachment":[{"href":"https:\/\/cad-asc.ca\/fr\/wp-json\/wp\/v2\/media?parent=3311"}],"curies":[{"name":"wp","href":"https:\/\/api.w.org\/{rel}","templated":true}]}}