{"id":3327,"date":"2014-12-18T10:10:49","date_gmt":"2014-12-18T10:10:49","guid":{"rendered":"http:\/\/cad.ca\/?page_id=3327&#038;lang=fr"},"modified":"2023-09-25T18:52:15","modified_gmt":"2023-09-25T18:52:15","slug":"le-nu-et-les-personnes-handicapees","status":"publish","type":"page","link":"https:\/\/cad-asc.ca\/fr\/projets\/le-nu-et-les-personnes-handicapees\/","title":{"rendered":"Les NU et les personnes handicap\u00e9es"},"content":{"rendered":"<p><strong>Ce projet est termin\u00e9 et n&rsquo;est plus actif<\/strong><\/p>\n<p>Les Nations Unies sont un regroupement de pays r\u00e9solus de maintenir la paix, de collaborer pour aider les populations, de lutter conte la pauvret\u00e9 et la maladie et de favoriser le respect des droits et des libert\u00e9s.<\/p>\n<p>Une convention, c\u2019est une entente. En adoptant la <em>Convention relative aux droits des personnes handicap\u00e9es<\/em> (CDPH), les Nations Unies reconnaissent que les personnes handicap\u00e9es ont les m\u00eames droits que les autres et s\u2019engagent \u00e0 les prot\u00e9ger et \u00e0 leur assurer les m\u00eames droits et libert\u00e9s.<\/p>\n<p>La CDPH contient sept articles visant tr\u00e8s clairement les personnes Sourdes.<\/p>\n<p><a href=\"\/_uploads\/File\/UNCDRPDBrochureGenEN.pdf\">D\u00e9pliant \u00ab Bref survol \u00bb, NU-CDPH (PDF) (en anglais seulement)<\/a><br \/>\n<a href=\"\/_uploads\/File\/UNCRDPBruchureDeaf.pdf\">D\u00e9pliant \u00ab Ce que cela signifie pour les personnes Sourdes \u00bb, NU-CDPH (PDF) (en anglais seulement)<\/a><\/p>\n<p><iframe loading=\"lazy\" title=\"Ce que cela signifie pour les personnes Sourdes\" src=\"https:\/\/www.youtube.com\/embed\/c4WNz9cveqM\" width=\"560\" height=\"315\" frameborder=\"0\" allowfullscreen=\"allowfullscreen\"><\/iframe><br \/>\n<em>Convention des Nations Unies relative aux droits des personnes handicap\u00e9es<\/em>. \u00ab Ce que cela signifie pour les personnes Sourdes \u00bb<br \/>\n<iframe loading=\"lazy\" title=\"Bref survol\" src=\"https:\/\/www.youtube.com\/embed\/y0QDOft28lo\" width=\"560\" height=\"315\" frameborder=\"0\" allowfullscreen=\"allowfullscreen\"><\/iframe><br \/>\n<em>Convention des Nations Unies relative aux droits des personnes handicap\u00e9es<\/em>. \u00ab Bref survol \u00bb<\/p>\n","protected":false},"excerpt":{"rendered":"<p>Ce projet est termin\u00e9 et n&rsquo;est plus actif Les Nations Unies sont un regroupement de pays r\u00e9solus de maintenir la paix, de collaborer pour aider les populations, de lutter conte la pauvret\u00e9 et la maladie et de favoriser le respect des droits et des libert\u00e9s. Une convention, c\u2019est une entente. En adoptant la Convention relative &hellip; <a href=\"https:\/\/cad-asc.ca\/fr\/projets\/le-nu-et-les-personnes-handicapees\/\" class=\"more-link\">Continue reading <span class=\"screen-reader-text\">Les NU et les personnes handicap\u00e9es<\/span><\/a><\/p>\n","protected":false},"author":1,"featured_media":0,"parent":3555,"menu_order":0,"comment_status":"closed","ping_status":"closed","template":"page-templates\/position-paper-template.php","meta":{"_acf_changed":false,"_monsterinsights_skip_tracking":false,"_monsterinsights_sitenote_active":false,"_monsterinsights_sitenote_note":"","_monsterinsights_sitenote_category":0,"_uf_show_specific_survey":0,"_uf_disable_surveys":false,"footnotes":""},"class_list":["post-3327","page","type-page","status-publish","hentry"],"acf":[],"_links":{"self":[{"href":"https:\/\/cad-asc.ca\/fr\/wp-json\/wp\/v2\/pages\/3327","targetHints":{"allow":["GET"]}}],"collection":[{"href":"https:\/\/cad-asc.ca\/fr\/wp-json\/wp\/v2\/pages"}],"about":[{"href":"https:\/\/cad-asc.ca\/fr\/wp-json\/wp\/v2\/types\/page"}],"author":[{"embeddable":true,"href":"https:\/\/cad-asc.ca\/fr\/wp-json\/wp\/v2\/users\/1"}],"replies":[{"embeddable":true,"href":"https:\/\/cad-asc.ca\/fr\/wp-json\/wp\/v2\/comments?post=3327"}],"version-history":[{"count":0,"href":"https:\/\/cad-asc.ca\/fr\/wp-json\/wp\/v2\/pages\/3327\/revisions"}],"up":[{"embeddable":true,"href":"https:\/\/cad-asc.ca\/fr\/wp-json\/wp\/v2\/pages\/3555"}],"wp:attachment":[{"href":"https:\/\/cad-asc.ca\/fr\/wp-json\/wp\/v2\/media?parent=3327"}],"curies":[{"name":"wp","href":"https:\/\/api.w.org\/{rel}","templated":true}]}}