{"id":3328,"date":"2014-12-03T06:12:15","date_gmt":"2014-12-03T06:12:15","guid":{"rendered":"http:\/\/cad.ca\/?page_id=3328&#038;lang=fr"},"modified":"2022-08-04T21:29:47","modified_gmt":"2022-08-04T21:29:47","slug":"la-culture-sourde-versus-la-medicalisation","status":"publish","type":"page","link":"https:\/\/cad-asc.ca\/fr\/enjeux-et-notre-position\/la-culture-sourde-versus-la-medicalisation\/","title":{"rendered":"La culture Sourde versus la m\u00e9dicalisation"},"content":{"rendered":"<h3>Le probl\u00e8me :<\/h3>\n<p>Qu\u2019est-ce que la culture Sourde ? Qu\u2019est-ce que la \u00ab m\u00e9dicalisation de la surdit\u00e9 \u00bb ?<\/p>\n<h3>Notre position :<\/h3>\n<p>La culture Sourde est une communaut\u00e9 sociologique saine de personnes Sourdes. La \u00ab m\u00e9dicalisation de la surdit\u00e9 \u00bb est le traitement de la surdit\u00e9 comme un d\u00e9faut devant \u00eatre corrig\u00e9 \u00e0 n\u2019importe quel prix. Ces deux approches sont inconciliables.<\/p>\n<p>Une culture est g\u00e9n\u00e9ralement consid\u00e9r\u00e9e comme distincte quand elle a sa propre langue distinctive, ses valeurs, ses normes comportementales, ses arts, ses \u00e9tablissements \u00e9ducationnels, ses structures sociales et politiques, ses organisations et des \u00ab p\u00e9riph\u00e9riques \u00bb (tels que des tenues vestimentaires ethniques, des rituels ou des possessions sp\u00e9ciales ou inhabituelles).<\/p>\n<p>Selon ces crit\u00e8res, les personnes Sourdes ont une culture unique, indiqu\u00e9e par le terme \u00ab Sourd \u00bb avec un S majuscule. Certains des \u00e9l\u00e9ments de cette culture Sourde sont :<\/p>\n<ul>\n<li>l\u2019utilisation de la langue des signes comme langue maternelle;<\/li>\n<li>des \u00e9coles pour les Sourds, incluant l\u2019Universit\u00e9 Gallaudet;<\/li>\n<li>un th\u00e9\u00e2tre Sourd, une po\u00e9sie Sourde, des blagues Sourdes, des \u00e9crits Sourds, des tableaux Sourds, etc.;<\/li>\n<li>des revues, journaux, livres, vid\u00e9os\/films, ainsi que d\u2019autres contenus multim\u00e9dias;<\/li>\n<li>des groupes organis\u00e9s dans presque toutes les communaut\u00e9s, de m\u00eame que des organisations nationales dans environ 125 pays;<\/li>\n<li>une structure sociale et politique particuli\u00e8re;<\/li>\n<li>des valeurs bas\u00e9es sur la fr\u00e9quentation scolaire, la ma\u00eetrise de la langue des signes, l\u2019implication dans la communaut\u00e9 Sourde locale, les attitudes envers les int\u00e9r\u00eats des Sourds, etc.;<\/li>\n<li>des \u00ab p\u00e9riph\u00e9riques \u00bb tels que les visiophones, les alarmes clignotantes, et ainsi de suite.<\/li>\n<\/ul>\n<p>Dans la culture Sourde, il n\u2019est jamais question de la surdit\u00e9 d\u2019une personne. Le statut d\u2019une personne au sein de la culture ne d\u00e9pend pas de son degr\u00e9 de perte auditive, mais de son attitude envers les \u00e9l\u00e9ments de la culture Sourde, de son implication dans la communaut\u00e9 Sourde locale et de sa ma\u00eetrise de la langue des signes.<\/p>\n<p>Cela conduit la culture Sourde \u00e0 entrer s\u00e9rieusement en conflit avec la fa\u00e7on dont la soci\u00e9t\u00e9 entendante per\u00e7oit la surdit\u00e9. La soci\u00e9t\u00e9 entendante a tendance \u00e0 consid\u00e9rer la surdit\u00e9 comme une d\u00e9ficience m\u00e9dicale devant \u00eatre \u00ab corrig\u00e9e \u00bb afin de ramener la personne \u00e0 sa \u00ab vraie place \u00bb dans la soci\u00e9t\u00e9 entendante.<\/p>\n<p>Cette attitude encourage la perp\u00e9tuation de ce qu\u2019on appelle \u00ab la m\u00e9dicalisation de la surdit\u00e9 \u00bb. Des dispositifs tels que des proth\u00e8ses auditives et des implants cochl\u00e9aires, l\u2019imposition d\u2019une formation orale et d\u2019une th\u00e9rapie du langage et de la parole, et la promotion de syst\u00e8mes de signes bas\u00e9s sur l\u2019anglais ou le fran\u00e7ais font tous partie de cette approche de la surdit\u00e9 comme maladie inacceptable.<\/p>\n<p>L\u2019Association des Sourds du Canada \u2013 Canadian Association of the Deaf n\u2019appuie pas une condamnation globale de tous les \u00e9l\u00e9ments de la m\u00e9dicalisation pour toutes les personnes ayant un certain degr\u00e9 de perte auditive. Nous reconnaissons que les proth\u00e8ses auditives aident certaines personnes malentendantes, que les implants cochl\u00e9aires aident des adultes devenus sourds tardivement, et qu\u2019une formation orale peut \u00eatre b\u00e9n\u00e9fique \u00e0 certaines personnes devenues sourdes apr\u00e8s avoir acquis la parole.<\/p>\n<p>Cependant, nous croyons fortement en la validit\u00e9 et en l\u2019importance de la culture Sourde et de ses \u00e9l\u00e9ments. Pour les enfants Sourds pr\u00e9linguaux en particulier, la langue des signes est la meilleure fa\u00e7on pour eux d\u2019acqu\u00e9rir les habilet\u00e9s de langue premi\u00e8re requises pour l\u2019apprentissage de l\u2019anglais ou du fran\u00e7ais plus tard dans la vie. Les vraies langues des signes sont des langues authentiques et autosuffisantes, et sont les seules langues apprises naturellement et facilement par l\u2019enfant Sourd.<\/p>\n<p>Les \u00e9coles pour les Sourds sont l\u2019endroit o\u00f9 la culture Sourde, sa langue et ses valeurs sont apprises. C\u2019est l\u00e0 que naissent les organisations et les amiti\u00e9s de longue dur\u00e9e. Le fait de fermer ces \u00e9coles et de placer les jeunes Sourds dans des \u00e9coles ordinaires les prive de leur identit\u00e9 socioculturelle et de leur langue.<\/p>\n<p>L\u2019Association des Sourds du Canada \u2013 Canadian Association of the Deaf encourage la soci\u00e9t\u00e9 entendante \u00e0 cesser de regarder les personnes qui sont sourdes comme des cr\u00e9atures inf\u00e9rieures ou d\u00e9form\u00e9es ayant besoin de gu\u00e9risons m\u00e9dicales. La surdit\u00e9 est seulement une horrible calamit\u00e9 si les personnes entendantes font en sorte qu\u2019elle le soit. Les personnes culturellement Sourdes ont une connaissance claire de leur identit\u00e9 et un fort sentiment d\u2019appartenance \u00e0 une communaut\u00e9. Elles devraient \u00eatre reconnues et c\u00e9l\u00e9br\u00e9es comme une minorit\u00e9 socioculturelle.<\/p>\n<p>Lecture recommand\u00e9e : \u00ab Ethnicity, Ethics, and the Deaf-World \u00bb, par Harlan Lane. Northeast University, 2005, <a href=\"http:\/\/jdsde.oxfordjournals.org.proxy.library.carleton.ca\/content\/10\/3\/291\" target=\"_blank\" rel=\"noopener\">http:\/\/jdsde.oxfordjournals.org.proxy.library.carleton.ca\/content\/10\/3\/291<\/a><\/p>\n<p><strong>APPROUV\u00c9 : 3 JUILLET 2015<\/strong><\/p>\n<p><strong>POUR DE PLUS AMPLES RENSEIGNEMENTS, CONTACTEZ :<\/strong><br \/>\nL\u2019Association des Sourds du Canada \u2013 Canadian Association of the Deaf<br \/>\n605 &#8211; 251 rue Bank<br \/>\nOttawa (Ontario) K2P 1X3<br \/>\n(613) 565-2882<br \/>\n<a href=\"https:\/\/cad.ca\/\" target=\"_blank\" rel=\"noopener\">www.cad.ca<\/a><\/p>\n","protected":false},"excerpt":{"rendered":"<p>Le probl\u00e8me : Qu\u2019est-ce que la culture Sourde ? Qu\u2019est-ce que la \u00ab m\u00e9dicalisation de la surdit\u00e9 \u00bb ? Notre position : La culture Sourde est une communaut\u00e9 sociologique saine de personnes Sourdes. La \u00ab m\u00e9dicalisation de la surdit\u00e9 \u00bb est le traitement de la surdit\u00e9 comme un d\u00e9faut devant \u00eatre corrig\u00e9 \u00e0 n\u2019importe quel &hellip; <a href=\"https:\/\/cad-asc.ca\/fr\/enjeux-et-notre-position\/la-culture-sourde-versus-la-medicalisation\/\" class=\"more-link\">Continue reading <span class=\"screen-reader-text\">La culture Sourde versus la m\u00e9dicalisation<\/span><\/a><\/p>\n","protected":false},"author":1,"featured_media":0,"parent":3314,"menu_order":0,"comment_status":"closed","ping_status":"closed","template":"page-templates\/position-paper-template.php","meta":{"_acf_changed":false,"_monsterinsights_skip_tracking":false,"_monsterinsights_sitenote_active":false,"_monsterinsights_sitenote_note":"","_monsterinsights_sitenote_category":0,"_uf_show_specific_survey":0,"_uf_disable_surveys":false,"footnotes":""},"class_list":["post-3328","page","type-page","status-publish","hentry"],"acf":[],"_links":{"self":[{"href":"https:\/\/cad-asc.ca\/fr\/wp-json\/wp\/v2\/pages\/3328","targetHints":{"allow":["GET"]}}],"collection":[{"href":"https:\/\/cad-asc.ca\/fr\/wp-json\/wp\/v2\/pages"}],"about":[{"href":"https:\/\/cad-asc.ca\/fr\/wp-json\/wp\/v2\/types\/page"}],"author":[{"embeddable":true,"href":"https:\/\/cad-asc.ca\/fr\/wp-json\/wp\/v2\/users\/1"}],"replies":[{"embeddable":true,"href":"https:\/\/cad-asc.ca\/fr\/wp-json\/wp\/v2\/comments?post=3328"}],"version-history":[{"count":0,"href":"https:\/\/cad-asc.ca\/fr\/wp-json\/wp\/v2\/pages\/3328\/revisions"}],"up":[{"embeddable":true,"href":"https:\/\/cad-asc.ca\/fr\/wp-json\/wp\/v2\/pages\/3314"}],"wp:attachment":[{"href":"https:\/\/cad-asc.ca\/fr\/wp-json\/wp\/v2\/media?parent=3328"}],"curies":[{"name":"wp","href":"https:\/\/api.w.org\/{rel}","templated":true}]}}