{"id":3331,"date":"2014-12-03T06:15:15","date_gmt":"2014-12-03T06:15:15","guid":{"rendered":"http:\/\/cad.ca\/?page_id=3331&#038;lang=fr"},"modified":"2022-08-04T21:30:52","modified_gmt":"2022-08-04T21:30:52","slug":"la-definition-de-sourd","status":"publish","type":"page","link":"https:\/\/cad-asc.ca\/fr\/enjeux-et-notre-position\/la-definition-de-sourd\/","title":{"rendered":"La d\u00e9finition de \u201cSourd\u201d"},"content":{"rendered":"<h3>Le Probl\u00e8me :<\/h3>\n<p>Comment d\u00e9finissons nous la surdit\u00e9 ?<\/p>\n<h3>La position de l&rsquo;ASC-CAD :<\/h3>\n<p>La surdit\u00e9 est <u>m\u00e9dicalement<\/u> d\u00e9finie par l\u2019ampleur de la perte d\u2019audition fonctionnelle et par la d\u00e9pendance sur la communication visuelle.<\/p>\n<p>L\u2019Association des Sourds du Canada \u2013 Canadian Association of the Deaf identifie une personne comme m\u00e9dicalement\/audiologiquement sourde lorsque cette personne a peu ou pas d\u2019audition fonctionnelle et d\u00e9pend d\u2019une communication visuelle plut\u00f4t qu\u2019auditive. Les \u00ab moyens visuels de communication \u00bb comprennent la langue des signes, la lecture labiale, la lecture phonomimique, de m\u00eame que la lecture et l\u2019\u00e9criture. Les \u00ab moyens auditifs de communication \u00bb incluent la voix, l\u2019audition et les proth\u00e8ses et dispositifs auditifs.<\/p>\n<p>L\u2019ASC-CAD accepte \u00e9galement la d\u00e9finition d\u00e9velopp\u00e9e par l\u2019universit\u00e9 Gallaudet pour le recensement aux \u00c9tats Unis : \u00ab Quiconque ne peut comprendre la parole (avec ou sans proth\u00e8ses auditives ou d\u2019autres dispositifs) avec uniquement les sons (c\u2019est-\u00e0 dire sans indice visuel tel que la lecture labiale) est sourd. \u00bb<\/p>\n<p>Nous soulignons que toutes les d\u00e9finitions pr\u00e9c\u00e9dentes sont strictement m\u00e9dicales et audiologiques. Les d\u00e9finitions sociologiques et culturelles sont expliqu\u00e9es dans les \u00e9nonc\u00e9s de position de l\u2019ASC-CAD portant sur la terminologie et sur la culture Sourde versus la m\u00e9dicalisation.<\/p>\n<p>Une d\u00e9finition fr\u00e9quemment utilis\u00e9e de la surdit\u00e9 est l\u2019incapacit\u00e9 \u00ab de pleinement acqu\u00e9rir les habilet\u00e9s linguistiques orales par le canal auditif, avec ou sans aide \u00bb (J. Woodward, \u00ab Implications for socio linguistics research among the Deaf \u00bb, Sign Language Studies, 1972). L\u2019ASC-CAD rejette cette d\u00e9finition, car elle exclut toutes les personnes devenues sourdes post-linguales.<\/p>\n<p>De m\u00eame, nous rejetons la d\u00e9finition, autrefois couramment utilis\u00e9e dans les programmes gouvernementaux, qu\u2019une personne est sourde ou malentendante selon sa capacit\u00e9 d\u2019entendre une autre personne qui lui est famili\u00e8re, dans un environnement paisible. Nous ne vivons pas nos vies dans des environnements paisibles, et les personnes qui nous sont d\u00e9j\u00e0 famili\u00e8res ne sont pas les seules avec lesquelles nous devons composer dans notre vie quotidienne. Il n\u2019y a aucune l\u00e9gitimit\u00e9 dans une d\u00e9finition qui mesure notre surdit\u00e9 par notre capacit\u00e9 d\u2019entendre notre m\u00e8re parler doucement dans la cuisine familiale !<\/p>\n<p>Toute d\u00e9finition r\u00e9aliste de la surdit\u00e9 doit tenir compte des bruits de l\u2019environnement. Dans un environnement paisible, en pr\u00e9sence d\u2019une ou deux personnes, beaucoup de personnes malentendantes peuvent fonctionner assez bien avec une aide auditive. En pr\u00e9sence d\u2019un autre bruit, tel que la circulation, la climatisation ou l\u2019entr\u00e9e de plusieurs personnes, la personne malentendante ne parlant pas la langue des signes peut devenir sourde de fait. Cet exemple illustre que la perte de l\u2019audition ne peut en soi servir de facteur unique ou \u00ab isol\u00e9 \u00bb pour d\u00e9finir la surdit\u00e9.<\/p>\n<p><strong>APPROUV\u00c9 : 3 JUILLET 2015<\/strong><\/p>\n<p><strong>POUR DE PLUS AMPLES RENSEIGNEMENTS, CONTACTEZ :<\/strong><br \/>\nL\u2019Association des Sourds du Canada \u2013 Canadian Association of the Deaf<br \/>\n605 &#8211; 251 rue Bank<br \/>\nOttawa (Ontario) K2P 1X3<br \/>\n(613) 565-2882<br \/>\n<a href=\"https:\/\/cad.ca\/\" target=\"_blank\" rel=\"noopener\">www.cad.ca<\/a><\/p>\n","protected":false},"excerpt":{"rendered":"<p>Le Probl\u00e8me : Comment d\u00e9finissons nous la surdit\u00e9 ? La position de l&rsquo;ASC-CAD : La surdit\u00e9 est m\u00e9dicalement d\u00e9finie par l\u2019ampleur de la perte d\u2019audition fonctionnelle et par la d\u00e9pendance sur la communication visuelle. L\u2019Association des Sourds du Canada \u2013 Canadian Association of the Deaf identifie une personne comme m\u00e9dicalement\/audiologiquement sourde lorsque cette personne a &hellip; <a href=\"https:\/\/cad-asc.ca\/fr\/enjeux-et-notre-position\/la-definition-de-sourd\/\" class=\"more-link\">Continue reading <span class=\"screen-reader-text\">La d\u00e9finition de \u201cSourd\u201d<\/span><\/a><\/p>\n","protected":false},"author":1,"featured_media":0,"parent":3314,"menu_order":0,"comment_status":"closed","ping_status":"closed","template":"page-templates\/position-paper-template.php","meta":{"_acf_changed":false,"_monsterinsights_skip_tracking":false,"_monsterinsights_sitenote_active":false,"_monsterinsights_sitenote_note":"","_monsterinsights_sitenote_category":0,"_uf_show_specific_survey":0,"_uf_disable_surveys":false,"footnotes":""},"class_list":["post-3331","page","type-page","status-publish","hentry"],"acf":[],"_links":{"self":[{"href":"https:\/\/cad-asc.ca\/fr\/wp-json\/wp\/v2\/pages\/3331","targetHints":{"allow":["GET"]}}],"collection":[{"href":"https:\/\/cad-asc.ca\/fr\/wp-json\/wp\/v2\/pages"}],"about":[{"href":"https:\/\/cad-asc.ca\/fr\/wp-json\/wp\/v2\/types\/page"}],"author":[{"embeddable":true,"href":"https:\/\/cad-asc.ca\/fr\/wp-json\/wp\/v2\/users\/1"}],"replies":[{"embeddable":true,"href":"https:\/\/cad-asc.ca\/fr\/wp-json\/wp\/v2\/comments?post=3331"}],"version-history":[{"count":0,"href":"https:\/\/cad-asc.ca\/fr\/wp-json\/wp\/v2\/pages\/3331\/revisions"}],"up":[{"embeddable":true,"href":"https:\/\/cad-asc.ca\/fr\/wp-json\/wp\/v2\/pages\/3314"}],"wp:attachment":[{"href":"https:\/\/cad-asc.ca\/fr\/wp-json\/wp\/v2\/media?parent=3331"}],"curies":[{"name":"wp","href":"https:\/\/api.w.org\/{rel}","templated":true}]}}