{"id":3333,"date":"2014-12-03T06:17:30","date_gmt":"2014-12-03T06:17:30","guid":{"rendered":"http:\/\/cad.ca\/?page_id=3333&#038;lang=fr"},"modified":"2022-08-04T21:31:33","modified_gmt":"2022-08-04T21:31:33","slug":"diversite","status":"publish","type":"page","link":"https:\/\/cad-asc.ca\/fr\/enjeux-et-notre-position\/diversite\/","title":{"rendered":"Diversit\u00e9"},"content":{"rendered":"<h3>Le Probl\u00e8me :<\/h3>\n<p>Le Canada n\u2019est plus un pays \u00e0 deux cultures dont le patrimoine est de l\u2019Europe de l\u2019Ouest. Il se passe des changements sociaux relatifs au genre, \u00e0 la sexualit\u00e9, aux croyances religieuses, etc. La diversit\u00e9 canadienne est-elle refl\u00e9t\u00e9e dans la communaut\u00e9 Sourde ?<\/p>\n<h3>Notre position :<\/h3>\n<p>L\u2019ASC-CAD appuie et combat pour l\u2019\u00e9galit\u00e9 en s\u2019opposant \u00e0 l\u2019oppression des personnes Sourdes au Canada, quels que soient leurs race, religion, sexualit\u00e9, \u00e2ge ou autre caract\u00e9ristique identitaire.<\/p>\n<p>L\u2019Association des Sourds du Canada \u2013 Canadian Association of the Deaf est un \u00ab groupe qui revendique l\u2019\u00e9galit\u00e9 \u00bb. Notre mandat exige que nous soutenions les autres groupes qui revendiquent l\u2019\u00e9galit\u00e9 pour leur milieu, qu\u2019il s\u2019agisse de race, de sexualit\u00e9, de genre, de religion, de politique ou d\u2019\u00e9galit\u00e9 sociale. Les seules exceptions seraient des groupes dont les objectifs et le mandat sont en conflit avec les n\u00f4tres, qui cherchent \u00e0 d\u00e9truire, ou qui n\u2019appuient ni ne pratiquent la diversit\u00e9.<\/p>\n<p>Le Canada a profit\u00e9 de l\u2019afflux d\u2019immigrants venus du monde entier. Parmi ces immigrants, il y a des personnes Sourdes. L\u2019Association des Sourds du Canada \u2013 Canadian Association of the Deaf encourage tous les organismes des Sourds \u00e0 accueillir ces personnes, non comme des \u00ab \u00e9trangers de pays \u00e9trangers \u00bb, mais comme des gens qui partagent notre surdit\u00e9, notre langue des Sourds et notre culture Sourde. \u00c0 cause de notre surdit\u00e9 et de notre fiert\u00e9 Sourde, nous avons plus en commun avec eux que de diff\u00e9rences.<\/p>\n<p>La communaut\u00e9 des Sourds du Canada comprend \u00e9galement de larges groupes forts de personnes gaies, lesbiennes, bisexuelles, transsexuelles et transgenres. Un bon nombre joue des r\u00f4les importants dans notre communaut\u00e9 Sourde internationale et a contribu\u00e9 beaucoup \u00e0 l\u2019\u00e9panouissement de notre culture et de nos arts. Nous appuyons leur combat pour la pleine \u00e9galit\u00e9 et reconnaissance.<\/p>\n<p>Les Premi\u00e8res Nations du Canada affichent un pourcentage \u00e9lev\u00e9 de surdit\u00e9 : une \u00e9tude estime que 25 pour cent des Autochtones ont un certain niveau de surdit\u00e9. Les soins de sant\u00e9, les services de soutien, les possibilit\u00e9s d\u2019\u00e9ducation, et les emplois productifs sont tr\u00e8s restreints dans leurs communaut\u00e9s. L\u2019Association des Sourds du Canada \u2013 Canadian Association of the Deaf appuie vigoureusement leur combat pour obtenir de la reconnaissance, l\u2019acceptation, les services et les opportunit\u00e9s, non seulement au sein de leurs propres communaut\u00e9s, mais \u00e9galement dans la soci\u00e9t\u00e9 canadienne en g\u00e9n\u00e9ral.<\/p>\n<p>En tant qu\u2019organisme quadrilingue \u2014 ASL, LSQ, anglais et fran\u00e7ais \u2014 l\u2019ASC-CAD s\u2019efforce \u00e0 respecter et \u00e0 donner \u00e9galit\u00e9 aux deux groupes et cultures des langues officielles du Canada.<\/p>\n<p>Nous reconnaissons que de nombreux membres du Canada \u00ab traditionnel \u00bb pourraient, \u00e0 leur premi\u00e8re rencontre, se sentir mal \u00e0 l\u2019aise aupr\u00e8s de membres du \u00ab nouveau \u00bb Canada. Il faut respecter leur malaise. N\u00e9anmoins, nous devons les encourager et les soutenir dans leurs efforts pour aller au-del\u00e0 de ces sentiments et pour s\u2019ouvrir \u00e0 de nouveaux amis et coll\u00e8gues qui viennent d\u2019ailleurs. La communaut\u00e9 des Sourds du Canada a un fort besoin d\u2019\u00e9nergie et d\u2019expansion gr\u00e2ce \u00e0 la totale inclusion de toutes les personnes Sourdes.<\/p>\n<p><strong>APPROUV\u00c9 : 3 JUILLET 2015<\/strong><\/p>\n<p><strong>POUR DE PLUS AMPLES RENSEIGNEMENTS, CONTACTEZ :<\/strong><br \/>\nL\u2019Association des Sourds du Canada \u2013 Canadian Association of the Deaf<br \/>\n605 &#8211; 251 rue Bank<br \/>\nOttawa (Ontario) K2P 1X3<br \/>\n(613) 565-2882<br \/>\n<a href=\"https:\/\/cad.ca\/\" target=\"_blank\" rel=\"noopener\">www.cad.ca<\/a><\/p>\n","protected":false},"excerpt":{"rendered":"<p>Le Probl\u00e8me : Le Canada n\u2019est plus un pays \u00e0 deux cultures dont le patrimoine est de l\u2019Europe de l\u2019Ouest. Il se passe des changements sociaux relatifs au genre, \u00e0 la sexualit\u00e9, aux croyances religieuses, etc. La diversit\u00e9 canadienne est-elle refl\u00e9t\u00e9e dans la communaut\u00e9 Sourde ? Notre position : L\u2019ASC-CAD appuie et combat pour l\u2019\u00e9galit\u00e9 &hellip; <a href=\"https:\/\/cad-asc.ca\/fr\/enjeux-et-notre-position\/diversite\/\" class=\"more-link\">Continue reading <span class=\"screen-reader-text\">Diversit\u00e9<\/span><\/a><\/p>\n","protected":false},"author":1,"featured_media":0,"parent":3314,"menu_order":0,"comment_status":"closed","ping_status":"closed","template":"page-templates\/position-paper-template.php","meta":{"_acf_changed":false,"_monsterinsights_skip_tracking":false,"_monsterinsights_sitenote_active":false,"_monsterinsights_sitenote_note":"","_monsterinsights_sitenote_category":0,"_uf_show_specific_survey":0,"_uf_disable_surveys":false,"footnotes":""},"class_list":["post-3333","page","type-page","status-publish","hentry"],"acf":[],"_links":{"self":[{"href":"https:\/\/cad-asc.ca\/fr\/wp-json\/wp\/v2\/pages\/3333","targetHints":{"allow":["GET"]}}],"collection":[{"href":"https:\/\/cad-asc.ca\/fr\/wp-json\/wp\/v2\/pages"}],"about":[{"href":"https:\/\/cad-asc.ca\/fr\/wp-json\/wp\/v2\/types\/page"}],"author":[{"embeddable":true,"href":"https:\/\/cad-asc.ca\/fr\/wp-json\/wp\/v2\/users\/1"}],"replies":[{"embeddable":true,"href":"https:\/\/cad-asc.ca\/fr\/wp-json\/wp\/v2\/comments?post=3333"}],"version-history":[{"count":0,"href":"https:\/\/cad-asc.ca\/fr\/wp-json\/wp\/v2\/pages\/3333\/revisions"}],"up":[{"embeddable":true,"href":"https:\/\/cad-asc.ca\/fr\/wp-json\/wp\/v2\/pages\/3314"}],"wp:attachment":[{"href":"https:\/\/cad-asc.ca\/fr\/wp-json\/wp\/v2\/media?parent=3333"}],"curies":[{"name":"wp","href":"https:\/\/api.w.org\/{rel}","templated":true}]}}