{"id":3343,"date":"2014-12-03T06:23:28","date_gmt":"2014-12-03T06:23:28","guid":{"rendered":"http:\/\/cad.ca\/?page_id=3343&#038;lang=fr"},"modified":"2022-07-27T18:36:13","modified_gmt":"2022-07-27T18:36:13","slug":"les-droits-de-la-personne","status":"publish","type":"page","link":"https:\/\/cad-asc.ca\/fr\/enjeux-et-notre-position\/les-droits-de-la-personne\/","title":{"rendered":"Les droits de la personne"},"content":{"rendered":"<h3>Le Probl\u00e8me :<\/h3>\n<p>Les droits de la personne des personnes Sourdes sont encore fr\u00e9quemment viol\u00e9s dans pratiquement tous les pays, y compris le Canada.<\/p>\n<h3>Notre position :<\/h3>\n<p>Les personnes Sourdes ont les m\u00eames droits que les personnes entendantes ; les violations de ces droits ne peuvent pas \u00eatre tol\u00e9r\u00e9es.<\/p>\n<p>L\u2019histoire des Sourds est une histoire d\u2019abus des droits de la personne. M\u00eame avant la p\u00e9riode de la Gr\u00e8ce antique, les personnes Sourdes \u00e9taient consid\u00e9r\u00e9es comme des b\u00eates incapables de raison et qui ne m\u00e9ritaient pas des droits ou le respect. Ce ne fut pas avant le 13e si\u00e8cle que les personnes sourdes eurent le droit de se marier dans le monde occidental. Aujourd\u2019hui, la plupart des pays \u00e9mergents interdissent toujours aux personnes Sourdes de s\u2019instruire, de poss\u00e9der ou d\u2019h\u00e9riter des propri\u00e9t\u00e9s, de voter ou de se marier. La langue des signes des Sourds demeure encore interdite dans les \u00e9coles de plusieurs pays, y compris des pays occidentaux<\/p>\n<p>Toutes les \u00e9tudes portant sur les personnes Sourdes effectu\u00e9es vers la fin du vingti\u00e8me si\u00e8cle \u2013 linguistiques, en sant\u00e9 mentale, psychologiques, physiologiques et ainsi de suite \u2013 ont montr\u00e9 que les personnes Sourdes sont \u00ab normales \u00bb en tous points, sauf qu\u2019elles ne peuvent pas entendre. L\u2019incapacit\u00e9 d\u2019entendre ne justifie pas les violations des droits de la personne de base.<\/p>\n<p>N\u2019importe quel droit de la personne qui s\u2019applique \u00e0 la population en g\u00e9n\u00e9ral doit \u00e9galement s\u2019appliquer aux personnes Sourdes. Comme expliqu\u00e9 dans la Convention des nations unies relative aux droits des personnes handicap\u00e9es, cela comprend :<\/p>\n<ul>\n<li>le droit \u00e0 la nourriture, aux v\u00eatements et \u00e0 l\u2019abri ;<\/li>\n<li>le droit \u00e0 la dignit\u00e9 et au respect ;<\/li>\n<li>le droit \u00e0 une \u00e9ducation de qualit\u00e9 au niveau le plus \u00e9lev\u00e9 d\u00e9sir\u00e9 ;<\/li>\n<li>le droit \u00e0 la communication et \u00e0 l\u2019information ;<\/li>\n<li>le droite \u00e0 la langue de leur choix, y compris le langage des Sourds ;<\/li>\n<li>le droit \u00e0 la libert\u00e9 et \u00e0 la justice ; et<\/li>\n<li>le droit \u00e0 l\u2019\u00e9galit\u00e9 et \u00e0 l\u2019acc\u00e8s.<\/li>\n<\/ul>\n<p>La soci\u00e9t\u00e9 s\u2019est d\u00e9velopp\u00e9e d\u2019une mani\u00e8re qui dresse des obstacles contre la pleine participation et l\u2019\u00e9galit\u00e9 des personnes Sourdes sur la base de leur mode de communication diff\u00e9rent. Il incombe alors \u00e0 la soci\u00e9t\u00e9 d\u2019enlever ces obstacles. Elles incluent, mais ne se limitent pas \u00e0 : le sous-titrage et\/ou \u00e0 l\u2019interpr\u00e9tation de l\u2019information et du divertissement ; l\u2019assistance technique et humaine afin d\u2019acc\u00e9der \u00e0 des services et \u00e0 des syst\u00e8mes de t\u00e9l\u00e9communication ; une \u00e9ducation dispens\u00e9e dans l\u2019environnement le plus adapt\u00e9 et dans la langue la plus adapt\u00e9e aux besoins, aux qualifications et aux pr\u00e9f\u00e9rences des personnes Sourdes ; la fourniture des dispositifs requis pour la s\u00e9curit\u00e9 et le confort des personnes Sourdes (incluant les dispositifs de signalisation visuelle) ; la reconnaissance, le respect, et la compr\u00e9hension des besoins, langues, comportements et valeurs diff\u00e9rentes des personnes Sourdes ; et l\u2019\u00e9galit\u00e9 des chances pour l\u2019emploi.<\/p>\n<p>Ces droits et des droits semblables sont prot\u00e9g\u00e9s au Canada par la Charte canadienne des droits et libert\u00e9s et par la l\u00e9gislation f\u00e9d\u00e9rale et provinciale portant sur les droits de la personne.<\/p>\n<p>L\u2019Association des Sourds du Canada \u2013 Canadian Association of the Deaf est consciente qu\u2019au Canada, la plupart des violations des droits de la personne des personnes Sourdes ne sont pas d\u00e9lib\u00e9r\u00e9es et intentionnelles, mais r\u00e9sultent d\u2019une discrimination syst\u00e9matique, de priorit\u00e9s inappropri\u00e9es et d\u2019une simple ignorance. Leurs cons\u00e9quences, cependant, sont les m\u00eames : une discrimination contre les personnes Sourdes sur la base de leur surdit\u00e9. La nature \u00ab involontaire \u00bb de l\u2019acte discriminatoire ne le justifie pas.<\/p>\n<p>Les personnes Sourdes sont des \u00eatres humains et ont le m\u00eame \u00ab droit aux droits \u00bb que n\u2019importe qui d\u2019autre.<\/p>\n<p><strong>APPROUV\u00c9 : 3 JUILLET 2015<\/strong><\/p>\n<p><strong>POUR DE PLUS AMPLES RENSEIGNEMENTS, CONTACTEZ :<\/strong><br \/>\nL\u2019Association des Sourds du Canada \u2013 Canadian Association of the Deaf<br \/>\n605 &#8211; 251 rue Bank<br \/>\nOttawa (Ontario) K2P 1X3<br \/>\n(613) 565-2882<br \/>\n<a href=\"https:\/\/cad.ca\/\" target=\"_blank\" rel=\"noopener\">www.cad.ca<\/a><\/p>\n","protected":false},"excerpt":{"rendered":"<p>Le Probl\u00e8me : Les droits de la personne des personnes Sourdes sont encore fr\u00e9quemment viol\u00e9s dans pratiquement tous les pays, y compris le Canada. Notre position : Les personnes Sourdes ont les m\u00eames droits que les personnes entendantes ; les violations de ces droits ne peuvent pas \u00eatre tol\u00e9r\u00e9es. L\u2019histoire des Sourds est une histoire &hellip; <a href=\"https:\/\/cad-asc.ca\/fr\/enjeux-et-notre-position\/les-droits-de-la-personne\/\" class=\"more-link\">Continue reading <span class=\"screen-reader-text\">Les droits de la personne<\/span><\/a><\/p>\n","protected":false},"author":1,"featured_media":0,"parent":3314,"menu_order":0,"comment_status":"closed","ping_status":"closed","template":"page-templates\/position-paper-template.php","meta":{"_acf_changed":false,"_monsterinsights_skip_tracking":false,"_monsterinsights_sitenote_active":false,"_monsterinsights_sitenote_note":"","_monsterinsights_sitenote_category":0,"_uf_show_specific_survey":0,"_uf_disable_surveys":false,"footnotes":""},"class_list":["post-3343","page","type-page","status-publish","hentry"],"acf":[],"_links":{"self":[{"href":"https:\/\/cad-asc.ca\/fr\/wp-json\/wp\/v2\/pages\/3343","targetHints":{"allow":["GET"]}}],"collection":[{"href":"https:\/\/cad-asc.ca\/fr\/wp-json\/wp\/v2\/pages"}],"about":[{"href":"https:\/\/cad-asc.ca\/fr\/wp-json\/wp\/v2\/types\/page"}],"author":[{"embeddable":true,"href":"https:\/\/cad-asc.ca\/fr\/wp-json\/wp\/v2\/users\/1"}],"replies":[{"embeddable":true,"href":"https:\/\/cad-asc.ca\/fr\/wp-json\/wp\/v2\/comments?post=3343"}],"version-history":[{"count":0,"href":"https:\/\/cad-asc.ca\/fr\/wp-json\/wp\/v2\/pages\/3343\/revisions"}],"up":[{"embeddable":true,"href":"https:\/\/cad-asc.ca\/fr\/wp-json\/wp\/v2\/pages\/3314"}],"wp:attachment":[{"href":"https:\/\/cad-asc.ca\/fr\/wp-json\/wp\/v2\/media?parent=3343"}],"curies":[{"name":"wp","href":"https:\/\/api.w.org\/{rel}","templated":true}]}}