{"id":3354,"date":"2014-12-03T06:32:45","date_gmt":"2014-12-03T06:32:45","guid":{"rendered":"http:\/\/cad.ca\/?page_id=3354&#038;lang=fr"},"modified":"2022-08-04T21:37:56","modified_gmt":"2022-08-04T21:37:56","slug":"les-preoccupations-internationales","status":"publish","type":"page","link":"https:\/\/cad-asc.ca\/fr\/enjeux-et-notre-position\/les-preoccupations-internationales\/","title":{"rendered":"Les preoccupations internationales"},"content":{"rendered":"<h3>Le Probl\u00e8me :<\/h3>\n<p>\u00c0 travers le monde, des personnes Sourdes souffrent d\u2019oppression et de violations de leurs droits de l\u2019homme.<\/p>\n<h3>Notre position :<\/h3>\n<p>Toutes les personnes sourdes doivent recevoir les m\u00eames droits de la personne et la m\u00eame dignit\u00e9 qui sont accord\u00e9s aux personnes non-Sourds.<\/p>\n<p>L\u2019Association des Sourds du Canada \u2013 Canadian Association of the Deaf est le repr\u00e9sentant canadien \u00e0 la F\u00e9d\u00e9ration mondiale des Sourds (FMS). Par notre adh\u00e9sion au Conseil des Canadiens handicap\u00e9s, nous appuyons \u00e9galement Disabled Persons International. Ces deux groupes sont reconnus par les Nations-Unies. Tout en appuyant DPI, l\u2019ASC-CAD est fortement d\u2019accord avec la FMS que seule la FMS elle m\u00eame peut \u00eatre la repr\u00e9sentante internationale appropri\u00e9e de la culture, de la langue et des valeurs uniques des personnes Sourdes. C\u2019est parce que nous croyons que les Sourds ne sont pas un groupe de personnes handicap\u00e9es, mais un groupe culturel. Le fait qu\u2019une soci\u00e9t\u00e9 non-Sourde nous impose des handicaps \u00e0 la communication ne signifie pas que notre surdit\u00e9 soit un handicap.<\/p>\n<p>Toutefois, selon la Convention des Nations Unies relative aux droits des personnes handicap\u00e9es, la surdit\u00e9 est un handicap. La Convention affirme que toutes les personnes handicap\u00e9es, y compris les Sourds, ont les m\u00eames droits, \u00e9galit\u00e9s et libert\u00e9s que les personnes qui n\u2019ont pas de handicap. La Convention impose aux \u00ab \u00c9tats partis \u00bb (c\u2019est-\u00e0-dire gouvernements nationaux) l\u2019obligation de non seulement faire respecter ces droits, \u00e9galit\u00e9s et libert\u00e9s, mais de les mettre en \u0153uvre, de les promouvoir et de les d\u00e9fendre. L\u2019ASC-CAD, de concert avec d\u2019autres associations nationales de personnes handicap\u00e9es, surveille l\u2019impl\u00e9mentation de ces CDPC par le gouvernement f\u00e9d\u00e9ral et pr\u00e9pare des \u00ab rapports parall\u00e8les \u00bb pour r\u00e9pondre aux rapports canadiens \u00e0 la Nations Unies.<\/p>\n<p>L\u2019ASC-CAD condamne ces pays qui continuent \u00e0 refuser aux personnes Sourdes la citoyennet\u00e9, le droit de propri\u00e9t\u00e9, l\u2019\u00e9ducation, l\u2019emploi et les droits civils. Nous nous opposons \u00e0 ces pays qui mettent la surdit\u00e9 sur le m\u00eame pied que la maladie mentale ou le mal spirituel, ayant comme r\u00e9sultat des milliers de personnes Sourdes injustement emprisonn\u00e9es, assassin\u00e9es, abandonn\u00e9es, institutionnalis\u00e9es dans des h\u00f4pitaux psychiatriques, st\u00e9rilis\u00e9es de force et abus\u00e9es d\u2019autres mani\u00e8res.<br \/>\nToutes les personnes Sourdes ont droit \u00e0 leur langue naturelle et \u00e0 leur culture, qui sont la langue des signes et la culture Sourde. On doit lutter contre les efforts de l\u2019\u00c9tat pour supprimer la langue des signes et refuser la culture Sourde ; ils sont dans la contradiction directe \u00e0 la Convention.<\/p>\n<p>L\u2019Association des Sourds du Canada \u2013 Canadian Association of the Deaf est un membre du comit\u00e9 consultatif nord-am\u00e9ricain de l\u2019association mondiale des interpr\u00e8tes de la langue des signes (World Association of Sign Language Interpreters [WASLI]). En ce r\u00f4le, nous partageons les enjeux, des solutions et des ressources avec les \u00c9tats-Unis et le Mexique en ce qui concerne l\u2019interpr\u00e9tation et les droits de langue de signes. De la m\u00eame mani\u00e8re, nous soutenons la cr\u00e9ation d\u2019un secr\u00e9tariat r\u00e9gional de l\u2019Am\u00e9rique du Nord de la FMS permettant le Canada, les \u00c9tats-Unis et le Mexique de se soutenir et se concerter comme un ensemble uni.<\/p>\n<p>Nous encourageons les personnes Sourdes \u00e0 former leurs propres associations dans leur pays. Nous les appuyons dans leurs efforts d\u2019obtenir l\u2019\u00e9ducation, l\u2019emploi et l\u2019acc\u00e8s au pouvoir, et pour acqu\u00e9rir des dispositifs qui les aideront.<\/p>\n<p>Bien que la ASC-CAD ne puisse pas elle-m\u00eame fournir des parrainages ou de l\u2019aide financi\u00e8re aux immigrants Sourds potentiels au Canada, nous appuyons leurs demandes d\u2019immigration et nous protestons contre n\u2019importe quelle tentative des Douanes et de l\u2019Immigration du Canada de les rejeter en raison de leur surdit\u00e9 seulement.<\/p>\n<p><strong>APPROUV\u00c9 : 3 JUILLET 2015<\/strong><\/p>\n<p><strong>POUR DE PLUS AMPLES RENSEIGNEMENTS, CONTACTEZ :<\/strong><br \/>\nL\u2019Association des Sourds du Canada \u2013 Canadian Association of the Deaf<br \/>\n605 &#8211; 251 rue Bank<br \/>\nOttawa (Ontario) K2P 1X3<br \/>\n(613) 565-2882<\/p>\n<p><a href=\"https:\/\/cad.ca\/\" target=\"_blank\" rel=\"noopener\">www.cad.ca<\/a><\/p>\n","protected":false},"excerpt":{"rendered":"<p>Le Probl\u00e8me : \u00c0 travers le monde, des personnes Sourdes souffrent d\u2019oppression et de violations de leurs droits de l\u2019homme. Notre position : Toutes les personnes sourdes doivent recevoir les m\u00eames droits de la personne et la m\u00eame dignit\u00e9 qui sont accord\u00e9s aux personnes non-Sourds. L\u2019Association des Sourds du Canada \u2013 Canadian Association of the &hellip; <a href=\"https:\/\/cad-asc.ca\/fr\/enjeux-et-notre-position\/les-preoccupations-internationales\/\" class=\"more-link\">Continue reading <span class=\"screen-reader-text\">Les preoccupations internationales<\/span><\/a><\/p>\n","protected":false},"author":1,"featured_media":0,"parent":3314,"menu_order":0,"comment_status":"closed","ping_status":"closed","template":"page-templates\/position-paper-template.php","meta":{"_acf_changed":false,"_monsterinsights_skip_tracking":false,"_monsterinsights_sitenote_active":false,"_monsterinsights_sitenote_note":"","_monsterinsights_sitenote_category":0,"_uf_show_specific_survey":0,"_uf_disable_surveys":false,"footnotes":""},"class_list":["post-3354","page","type-page","status-publish","hentry"],"acf":[],"_links":{"self":[{"href":"https:\/\/cad-asc.ca\/fr\/wp-json\/wp\/v2\/pages\/3354","targetHints":{"allow":["GET"]}}],"collection":[{"href":"https:\/\/cad-asc.ca\/fr\/wp-json\/wp\/v2\/pages"}],"about":[{"href":"https:\/\/cad-asc.ca\/fr\/wp-json\/wp\/v2\/types\/page"}],"author":[{"embeddable":true,"href":"https:\/\/cad-asc.ca\/fr\/wp-json\/wp\/v2\/users\/1"}],"replies":[{"embeddable":true,"href":"https:\/\/cad-asc.ca\/fr\/wp-json\/wp\/v2\/comments?post=3354"}],"version-history":[{"count":0,"href":"https:\/\/cad-asc.ca\/fr\/wp-json\/wp\/v2\/pages\/3354\/revisions"}],"up":[{"embeddable":true,"href":"https:\/\/cad-asc.ca\/fr\/wp-json\/wp\/v2\/pages\/3314"}],"wp:attachment":[{"href":"https:\/\/cad-asc.ca\/fr\/wp-json\/wp\/v2\/media?parent=3354"}],"curies":[{"name":"wp","href":"https:\/\/api.w.org\/{rel}","templated":true}]}}