{"id":3385,"date":"2014-12-03T07:19:30","date_gmt":"2014-12-03T07:19:30","guid":{"rendered":"http:\/\/cad.ca\/?page_id=3385&#038;lang=fr"},"modified":"2022-07-27T19:06:48","modified_gmt":"2022-07-27T19:06:48","slug":"statistiques-portant-sur-les-sourds-canadiens","status":"publish","type":"page","link":"https:\/\/cad-asc.ca\/fr\/enjeux-et-notre-position\/statistiques-portant-sur-les-sourds-canadiens\/","title":{"rendered":"Statistiques portant sur les Sourds canadiens"},"content":{"rendered":"<h3>Le Probl\u00e8me :<\/h3>\n<p>Il est difficile de rassembler des statistiques sur les Sourds canadiens et les organismes ne semblent pas pouvoir s\u2019entendre les uns avec les autres concernant les nombres impliqu\u00e9s.<\/p>\n<h3>Notre position :<\/h3>\n<p>L\u2019Association des Sourds du Canada \u2013 Canadian Association of the Deaf se sert de la formule conventionnelle de \u00ab un sur dix \u00bb pour l\u2019estimation des statistiques, avec de fortes r\u00e9serves. Cette formule permet de conclure qu\u2019il existe 357 000 Canadiens culturellement Sourds et 3,21 millions de Canadiens malentendants.<\/p>\n<p>C\u2019est l\u2019opinion de L\u2019Association des Sourds du Canada \u2013 Canadian Association of the <strong>Deaf qu\u2019aucun recensement enti\u00e8rement cr\u00e9dible des Sourds, des devenus sourds et malentendants n\u2019a \u00e9t\u00e9 effectu\u00e9 au Canada.<\/strong><\/p>\n<p>Un rapport, fruit d\u2019un sondage officiel, l\u2019Enqu\u00eate sur la sant\u00e9 et les limitations d\u2019activit\u00e9s (ESLA), de 1991, mentionne qu\u2019un Canadien sur 25 (1:25) a une \u00ab audition d\u00e9ficiente \u00bb, soit un total de 1 022 220 personnes. Une enqu\u00eate ult\u00e9rieure a signal\u00e9 un ratio de 1 sur 15, pour un total de 2 000 000 de personnes. Une troisi\u00e8me enqu\u00eate a fourni deux ratios : 1 sur 8 (3 875 000 personnes) et 1 sur 22 (1 408 090 personnes). Qui a raison ? Comment \u00e9valuer la cr\u00e9dibilit\u00e9 des statistiques sur les Canadiens Sourds ?<\/p>\n<p>Le recensement et l\u2019enqu\u00eate EPLA (Enqu\u00eate sur la participation et les limitations d\u2019activit\u00e9s, qui a remplac\u00e9 l\u2019ESLA) ne sont pas con\u00e7us en ayant les personnes Sourdes \u00e0 l\u2019esprit. L\u2019utilisation de questions \u00e9crites dispos\u00e9es comme des examens scolaires est intimidante et source de confusion pour les personnes Sourdes dont la langue premi\u00e8re est visuelle et gestuelle. Le recensement est disponible en anglais ou en fran\u00e7ais, mais ni en langue des signes ni en format vid\u00e9o, deux m\u00e9thodes qui le rendraient accessible et confortable pour les personnes Sourdes.<\/p>\n<p>Statistique Canada, qui g\u00e8re les donn\u00e9es du recensement, pr\u00e9tend utiliser un langage clair dans ses formulaires. Il peut \u00eatre clair pour quelqu\u2019un qui ma\u00eetrise l\u2019anglais ou le fran\u00e7ais, mais pas pour quelqu\u2019un pour qui ce sont des langues secondes. Consid\u00e9rons cette question \u00e0 tiroirs extraite de l\u2019EPLA de 2001 : <strong>\u00ab Votre \u00e9tat de sant\u00e9 physique ou mental ou un probl\u00e8me de sant\u00e9 diminue-t-il la quantit\u00e9 ou le genre d\u2019activit\u00e9s que vous pouvez effectuer dans d\u2019autres activit\u00e9s, par exemple le transport ou la d\u00e9tente ? \u00bb<\/strong> La perte de l\u2019audition peut-elle \u00eatre qualifi\u00e9e de \u00ab probl\u00e8me de sant\u00e9 physique \u00bb ? Quelles sont les \u00ab activit\u00e9s \u00bb couvertes par \u00ab le transport ou la d\u00e9tente \u00bb ? Qu\u2019entend-on par \u00ab diminution \u00bb de la \u00ab quantit\u00e9 \u00bb d\u2019\u00ab activit\u00e9s \u00bb pouvant \u00eatre effectu\u00e9es ? Jouer au tennis \u00e0 cinquante ans constitue une \u00ab diminution \u00bb de la \u00ab quantit\u00e9 \u00bb d\u2019activit\u00e9s par rapport \u00e0 jouer au tennis \u00e0 25 ans \u2013 on ne peut se d\u00e9placer aussi rapidement ou frapper la balle avec autant de force que voil\u00e0 un quart de si\u00e8cle. Cela signifie-t-il que la personne de 50 ans est \u00ab handicap\u00e9e \u00bb ?<\/p>\n<p>Les questions con\u00e7ues pour identifier les personnes pr\u00e9sentant des handicaps ont tendance \u00e0 disqualifier les personnes Sourdes. Par exemple, demander si nous avons \u00ab de la difficult\u00e9 \u00e0 entendre \u00bb provoque souvent la r\u00e9ponse : \u00ab Non, nous n\u2019entendons tout simple <strong>pas ! \u00bb<\/strong> Et demander si nous avons \u00ab de la difficult\u00e9 \u00e0 communiquer avec les autres suscite la r\u00e9ponse : \u201cNon, mes amis Sourds et moi n\u2019avons aucun probl\u00e8me \u00e0 communiquer, car nous utilisons tous la langue des signes !\u201d Ces r\u00e9ponses peuvent \u00eatre vraies, mais leur r\u00e9sultat est que des personnes Sourdes sont class\u00e9es en tant qu\u2019\u201centendantes\u201d et ainsi \u00e9limin\u00e9es des statistiques sur la surdit\u00e9. La terminologie utilis\u00e9e dans ces questions sape donc leur intention.<\/p>\n<p>Les questions con\u00e7ues pour chiffrer le nombre de dispositifs techniques en usage au Canada, comme les vid\u00e9ophones, ne s\u2019adressent qu\u2019aux personnes Sourdes. Cela donne lieu \u00e0 des rapports impr\u00e9cis. Une famille dont les parents entendants ont achet\u00e9 des dispositifs pour leurs enfants Sourds pourrait ne pas \u00eatre incluse dans l\u2019enqu\u00eate. Les amis des Sourds, tels que les interpr\u00e8tes, pourraient avoir de tels dispositifs dans leur domicile pour accommoder les besoins de leurs amis et\/ou de leurs clients, mais, encore une fois, ces personnes non-Sourdes ne seraient pas incluses dans l\u2019enqu\u00eate.<\/p>\n<p>Le recensement de 1996 a donn\u00e9 des statistiques sur les Canadiens pr\u00e9tendant \u201cconna\u00eetre\u201d la langue des signes. M\u00eame Statistique Canada a soulign\u00e9 que ces donn\u00e9es n\u2019ont rien \u00e0 voir avec le nombre de Sourds au Canada et qu\u2019elles ne font aucune distinction entre une personne non-Sourde ayant suivi un cours pour \u00e9peler avec les doigts et une personne Sourde dont la langue maternelle depuis la naissance est la langue des signes. Malheureusement, toute statistique publi\u00e9e par Statistique Canada porte le sceau de l\u2019autorit\u00e9 et tout le monde la croit exacte.<\/p>\n<p>Les tentatives des enqu\u00eates pour faire la distinction entre personnes sourdes, les personnes devenues sourdes et malentendantes utilisent comme mesure la capacit\u00e9 ou l\u2019incapacit\u00e9 d\u2019entendre dans le contexte d\u2019une \u201cconversation avec une personne\u201d ou d\u2019une \u201cconversation en groupe\u201d, ce qui rend tout l\u2019exercice totalement futile pour les trois groupes. En fait, cette mesure ferait des Sourds les personnes les \u201cplus entendantes\u201d parce que leurs conversations (avec une personne ou en groupe) se font en g\u00e9n\u00e9ral en langue des signes avec d\u2019autres personnes Sourdes et que la communication est donc sans interf\u00e9rence !<\/p>\n<p>L\u2019Association des Sourds du Canada \u2013 Canadian Association of the Deaf croit que l\u2019une des causes de la difficult\u00e9 avec les statistiques est que le recensement canadien et l\u2019ESLA\/EPLA n\u2019ont inclus que ces personnes qui se sont <strong>auto-identifi\u00e9es<\/strong> comme ayant une <strong>\u201cd\u00e9ficience\u201d<\/strong> auditive qui <strong>\u201cn\u00e9cessitait une forme d\u2019attention\u201d<\/strong> (sous forme de proth\u00e8ses auditives, par exemple). Ces crit\u00e8res \u00e9liminent en fait une grande partie de la population s\/Sourde et malentendante qui, pour une raison ou une autre, refuse de s\u2019identifier comme telle ; ils \u00e9liminent ceux qui, tel que les culturellement Sourds, ne se consid\u00e8rent pas comme handicap\u00e9s par l\u2019absence de l\u2019audition ; et ils \u00e9liminent ceux, Sourds et malentendants, qui ne recherchent pas d\u2019\u201cattention\u201d m\u00e9dicale ou technologique pour leur perte d\u2019audition.<\/p>\n<p>Nos pr\u00e9occupations sont importantes, pas seulement parce que les statistiques du recensement sont cit\u00e9es par tous comme si elles \u00e9taient irr\u00e9prochablement exactes, mais aussi parce que ces statistiques sont utilis\u00e9es par les gouvernements et les chercheurs pour les aider \u00e0 \u00e9laborer les politiques sur la s\u00e9curit\u00e9 sociale, l\u2019imp\u00f4t, l\u2019\u00e9ducation et les soins de sant\u00e9, entre autres domaines. Des entreprises se sont servies de ces statistiques dans des audiences portant sur les droits de la personne pour de d\u00e9fendre contre des all\u00e9gations de discrimination dans leurs services destin\u00e9s aux personnes Sourdes, c.-\u00e0-d. que la collectivit\u00e9 Sourde est \u201ctrop petite\u201d et qu\u2019offrir l\u2019\u00e9galit\u00e9 d\u2019acc\u00e8s n\u2019est par cons\u00e9quent pas rentable pour elles au point de constituer un \u201cpr\u00e9judice injustifi\u00e9\u201d.<\/p>\n<p>En 2008, l\u2019ASC-CAD a d\u00e9pos\u00e9 une plainte pour atteinte aux droits de l\u2019homme contre Statistique Canada sur l\u2019ensemble de ces questions. Une r\u00e9solution a \u00e9t\u00e9 atteinte en 2009 qui aurait permis une plus grande pr\u00e9cision dans les statistiques sur la surdit\u00e9, ainsi qu\u2019un meilleur acc\u00e8s \u00e0 l\u2019information du minist\u00e8re. Malheureusement, avant que l\u2019accord puisse \u00eatre pleinement mis en \u0153uvre, le gouvernement f\u00e9d\u00e9ral a \u00e9limin\u00e9 la \u201cforme longue\u201d du Recensement du Canada et l\u2019EPLA, mettant fin \u00e0 tout espoir d\u2019obtenir des statistiques relativement pr\u00e9cises sur le handicap au Canada.<\/p>\n<p>Alors, quelles statistiques L\u2019ASC-CAD cite-t-elle lorsqu\u2019on lui demande combien de personnes Sourdes vivent au Canada ? Nous continuons de suivre le mod\u00e8le standard de comparaison entre le Canada et les \u00c9tats-Unis, un mod\u00e8le qui pr\u00e9sume que les chiffres canadiens repr\u00e9senteraient une dixi\u00e8me des chiffres am\u00e9ricains (compte tenu du fait que la population du Canada est un dixi\u00e8me de celle des \u00c9tats-Unis). \u00c0 cette aune, le Canada compterait en l\u2019an 2015 environ 3,57 millions de personnes pr\u00e9sentant une perte de l\u2019audition \u00e0 un degr\u00e9 ou un autre et un dixi\u00e8me d\u2019entre elles, ou environ 357 00, seraient culturellement et linguistiquement Sourdes.<\/p>\n<p><strong>Avec de fortes mises en garde quant \u00e0 la fiabilit\u00e9 et \u00e0 l\u2019exactitude de n\u2019importe quelles donn\u00e9es<\/strong>, L\u2019Association des Sourds du Canada \u2013 Canadian Association of the Deaf consid\u00e8re qu\u2019il y a approximativement 357 000 Canadiens profond\u00e9ment Sourds et devenus sourds et probablement 3.21 millions de Canadiens malentendants.<\/p>\n<p><strong>APPROUV\u00c9 : 3 JUILLET 2015<\/strong><\/p>\n<p><strong>POUR DE PLUS AMPLES INFORMATIONS, CONTACTEZ:<\/strong><\/p>\n<p>L\u2019Association des Sourds du Canada \u2013 Canadian Association of the Deaf<br \/>\n605 &#8211; 251 rue Bank<br \/>\nOttawa (Ontario) K2P 1X3<br \/>\n(613) 565-2882<br \/>\n<a href=\"https:\/\/cad.ca\/\" target=\"_blank\" rel=\"noopener\">www.cad.ca<\/a><\/p>\n","protected":false},"excerpt":{"rendered":"<p>Le Probl\u00e8me : Il est difficile de rassembler des statistiques sur les Sourds canadiens et les organismes ne semblent pas pouvoir s\u2019entendre les uns avec les autres concernant les nombres impliqu\u00e9s. Notre position : L\u2019Association des Sourds du Canada \u2013 Canadian Association of the Deaf se sert de la formule conventionnelle de \u00ab un sur &hellip; <a href=\"https:\/\/cad-asc.ca\/fr\/enjeux-et-notre-position\/statistiques-portant-sur-les-sourds-canadiens\/\" class=\"more-link\">Continue reading <span class=\"screen-reader-text\">Statistiques portant sur les Sourds canadiens<\/span><\/a><\/p>\n","protected":false},"author":1,"featured_media":0,"parent":3314,"menu_order":0,"comment_status":"closed","ping_status":"closed","template":"page-templates\/position-paper-template.php","meta":{"_acf_changed":false,"_monsterinsights_skip_tracking":false,"_monsterinsights_sitenote_active":false,"_monsterinsights_sitenote_note":"","_monsterinsights_sitenote_category":0,"_uf_show_specific_survey":0,"_uf_disable_surveys":false,"footnotes":""},"class_list":["post-3385","page","type-page","status-publish","hentry"],"acf":[],"_links":{"self":[{"href":"https:\/\/cad-asc.ca\/fr\/wp-json\/wp\/v2\/pages\/3385","targetHints":{"allow":["GET"]}}],"collection":[{"href":"https:\/\/cad-asc.ca\/fr\/wp-json\/wp\/v2\/pages"}],"about":[{"href":"https:\/\/cad-asc.ca\/fr\/wp-json\/wp\/v2\/types\/page"}],"author":[{"embeddable":true,"href":"https:\/\/cad-asc.ca\/fr\/wp-json\/wp\/v2\/users\/1"}],"replies":[{"embeddable":true,"href":"https:\/\/cad-asc.ca\/fr\/wp-json\/wp\/v2\/comments?post=3385"}],"version-history":[{"count":0,"href":"https:\/\/cad-asc.ca\/fr\/wp-json\/wp\/v2\/pages\/3385\/revisions"}],"up":[{"embeddable":true,"href":"https:\/\/cad-asc.ca\/fr\/wp-json\/wp\/v2\/pages\/3314"}],"wp:attachment":[{"href":"https:\/\/cad-asc.ca\/fr\/wp-json\/wp\/v2\/media?parent=3385"}],"curies":[{"name":"wp","href":"https:\/\/api.w.org\/{rel}","templated":true}]}}