{"id":3393,"date":"2014-12-03T07:32:36","date_gmt":"2014-12-03T07:32:36","guid":{"rendered":"http:\/\/cad.ca\/?page_id=3393&#038;lang=fr"},"modified":"2022-08-04T22:10:03","modified_gmt":"2022-08-04T22:10:03","slug":"les-symboles-universels-de-laccessibilite","status":"publish","type":"page","link":"https:\/\/cad-asc.ca\/fr\/enjeux-et-notre-position\/les-symboles-universels-de-laccessibilite\/","title":{"rendered":"Les symboles universels de l\u2019accessibilit\u00e9"},"content":{"rendered":"<h3>Le Probl\u00e8me :<\/h3>\n<p>Le symbole de l\u2019\u00ab oreille barr\u00e9e \u00bb est couramment utilis\u00e9 (souvent incorrectement), comme le sont aussi les symboles \u00ab ATS \u00bb, \u00ab interpr\u00e9tation \u00bb, \u00ab t\u00e9l\u00e9phone avec commande de volume \u00bb, et d\u2019autres symboles.<\/p>\n<h3>Notre position :<\/h3>\n<p>ASC-CAD rejette le symbole de l\u2019oreille barr\u00e9e et appuie les autres symboles.<\/p>\n<p>En 1990, L\u2019Association des Sourds du Canada \u2013 Canadian Association of the Deaf a formellement rejet\u00e9 l\u2019utilisation du symbole universel d\u2019accessibilit\u00e9 de l\u2019oreille barr\u00e9e. Nous avons port\u00e9 notre position \u00e0 la connaissance de la F\u00e9d\u00e9ration mondiale des Sourds, qui avait approuv\u00e9 le symbole, et en 1991 nous avons persuad\u00e9 la FMS d\u2019en retirer son appui.<\/p>\n<p><strong>Le symbole de l\u2019oreille barr\u00e9e a \u00e9t\u00e9 rejet\u00e9 pour plusieurs raisons :<\/strong><\/p>\n<ul>\n<li>Il ne distingue pas les besoins en accessibilit\u00e9 tr\u00e8s diff\u00e9rente des personnes qui sont Sourdes de ceux des personnes qui sont malentendantes. Par exemple, il est souvent utilis\u00e9 pour indiquer que des dispositifs d\u2019assistance \u00e0 l\u2019\u00e9coute sont fournis, mais il induit en erreur les personnes Sourdes qui cherchent une interpr\u00e9tation en langue des signes. Par cons\u00e9quent, il ne fonctionne pas comme symbole v\u00e9ritable de l\u2019accessibilit\u00e9 pour soit les Sourds ou les malentendants, et encore moins pour tous les deux en m\u00eame temps.<\/li>\n<li>Il n\u2019indique pas quel acc\u00e8s est fourni : l\u2019interpr\u00e9tation ? Des employ\u00e9s qui signent ? Des ATS ? Des alarmes clignotantes ?<\/li>\n<li>La ligne \u00e0 travers l\u2019oreille implique que la perte d\u2019audition est un d\u00e9faut ou un n\u00e9gatif, c. \u00e0 d. \u00ab ne peut pas entendre \u00bb. Les symboles pour les autres handicaps se concentrent sur le positif : les gens \u00e0 mobilit\u00e9 r\u00e9duite \u00ab peuvent utiliser des fauteuils roulants \u00bb, les personnes aveugles \u00ab peuvent utiliser des cannes \u00bb.<\/li>\n<li>Le symbole de l\u2019oreille barr\u00e9e pr\u00eate \u00e0 des malentendus : on sait que des enfants Sourds ont suppos\u00e9 qu\u2019il signifie \u00ab Interdit aux personnes Sourdes \u00bb alors que les enfants entendants pr\u00e9sument parfois qu\u2019il signifie \u00ab \u00c9coute interdite \u00bb.<\/li>\n<li>Le symbole de l\u2019oreille barr\u00e9e est laid. Il n\u2019a aucune gr\u00e2ce, contrairement au symbole de l\u2019acc\u00e8s en fauteuil roulant, et aucune dignit\u00e9 simple, contrairement au symbole des personnes aveugles.<\/li>\n<\/ul>\n<p>L\u2019ASC-CAD remet en question la n\u00e9cessit\u00e9 d\u2019un symbole unique pour indiquer l\u2019acc\u00e8s aux personnes Sourdes et malentendantes, quand les moyens de fournir de l\u2019acc\u00e8s sont si vari\u00e9s. Les utilisateurs de fauteuils roulants n\u2019ont besoin que de l\u2019espace physique pour leur fauteuil roulant, un seul symbole suffit donc pour eux. Les personnes aveugles n\u2019ont besoin que de la traduction verbale ou tactile de l\u2019information visuelle, un seul symbole suffit donc pour elles. Les Sourds et les malentendants, cependant, ont un large \u00e9ventail de besoins et de dispositifs qui ne peuvent pas \u00eatre tous repr\u00e9sent\u00e9s par un seul symbole.<\/p>\n<p>Nous avons propos\u00e9 un symbole universel propre aux Sourds : deux mains faisant le signe de \u00ab signe \u00bb. Ce symbole est conforme aux symboles que nous avons approuv\u00e9s et qui indiquent des services d\u2019acc\u00e8s de fa\u00e7on positive.<\/p>\n<p><strong>APPROUV\u00c9 : 3 JUILLET 2015<\/strong><\/p>\n<p><strong>POUR DE PLUS AMPLES INFORMATIONS, CONTACTEZ :<\/strong><\/p>\n<p>L\u2019Association des Sourds du Canada \u2013 Canadian Association of the Deaf<br \/>\n605 &#8211; 251 rue Bank<br \/>\nOttawa (Ontario) K2P 1X3<br \/>\n(613) 565-2882<br \/>\n<a href=\"https:\/\/cad.ca\/\" target=\"_blank\" rel=\"noopener\">www.cad.ca<\/a><\/p>\n","protected":false},"excerpt":{"rendered":"<p>Le Probl\u00e8me : Le symbole de l\u2019\u00ab oreille barr\u00e9e \u00bb est couramment utilis\u00e9 (souvent incorrectement), comme le sont aussi les symboles \u00ab ATS \u00bb, \u00ab interpr\u00e9tation \u00bb, \u00ab t\u00e9l\u00e9phone avec commande de volume \u00bb, et d\u2019autres symboles. Notre position : ASC-CAD rejette le symbole de l\u2019oreille barr\u00e9e et appuie les autres symboles. En 1990, L\u2019Association &hellip; <a href=\"https:\/\/cad-asc.ca\/fr\/enjeux-et-notre-position\/les-symboles-universels-de-laccessibilite\/\" class=\"more-link\">Continue reading <span class=\"screen-reader-text\">Les symboles universels de l\u2019accessibilit\u00e9<\/span><\/a><\/p>\n","protected":false},"author":1,"featured_media":0,"parent":3314,"menu_order":0,"comment_status":"closed","ping_status":"closed","template":"page-templates\/position-paper-template.php","meta":{"_acf_changed":false,"_monsterinsights_skip_tracking":false,"_monsterinsights_sitenote_active":false,"_monsterinsights_sitenote_note":"","_monsterinsights_sitenote_category":0,"_uf_show_specific_survey":0,"_uf_disable_surveys":false,"footnotes":""},"class_list":["post-3393","page","type-page","status-publish","hentry"],"acf":[],"_links":{"self":[{"href":"https:\/\/cad-asc.ca\/fr\/wp-json\/wp\/v2\/pages\/3393","targetHints":{"allow":["GET"]}}],"collection":[{"href":"https:\/\/cad-asc.ca\/fr\/wp-json\/wp\/v2\/pages"}],"about":[{"href":"https:\/\/cad-asc.ca\/fr\/wp-json\/wp\/v2\/types\/page"}],"author":[{"embeddable":true,"href":"https:\/\/cad-asc.ca\/fr\/wp-json\/wp\/v2\/users\/1"}],"replies":[{"embeddable":true,"href":"https:\/\/cad-asc.ca\/fr\/wp-json\/wp\/v2\/comments?post=3393"}],"version-history":[{"count":0,"href":"https:\/\/cad-asc.ca\/fr\/wp-json\/wp\/v2\/pages\/3393\/revisions"}],"up":[{"embeddable":true,"href":"https:\/\/cad-asc.ca\/fr\/wp-json\/wp\/v2\/pages\/3314"}],"wp:attachment":[{"href":"https:\/\/cad-asc.ca\/fr\/wp-json\/wp\/v2\/media?parent=3393"}],"curies":[{"name":"wp","href":"https:\/\/api.w.org\/{rel}","templated":true}]}}