{"id":3417,"date":"2014-12-18T10:16:22","date_gmt":"2014-12-18T10:16:22","guid":{"rendered":"http:\/\/cad.ca\/?page_id=3417&#038;lang=fr"},"modified":"2022-07-11T20:06:13","modified_gmt":"2022-07-11T20:06:13","slug":"conformite-du-secteur-des-personnes-avec-deficiences","status":"publish","type":"page","link":"https:\/\/cad-asc.ca\/fr\/projets\/conformite-du-secteur-des-personnes-avec-deficiences\/","title":{"rendered":"Conformit\u00e9 du secteur des personnes avec d\u00e9ficiences"},"content":{"rendered":"<p><strong>Ce projet est termin\u00e9 et n&rsquo;est plus actif.<\/strong><\/p>\n<p>L\u2019Association des Sourds du Canada (ASC) dirige une nouvelle initiative visant \u00e0 aider les organisations du secteur des personnes avec d\u00e9ficiences \u00e0 r\u00e9pondre avec plus d\u2019efficacit\u00e9 aux exigences de l\u2019Agence du revenu du Canada (ARC). Le projet, appel\u00e9 Conformit\u00e9 du secteur des organismes de bienfaisance pour personnes avec d\u00e9ficiences se d\u00e9roule du 1er d\u00e9cembre 2007 au 31 mars 2010. Le but de ce projet est de prendre contact avec plus d\u2019une centaine d\u2019organismes de bienfaisance enregistr\u00e9s ou en voie de l\u2019\u00eatre \u00e0 travers le Canada et de leur offrir de outils et des expos\u00e9s pour les aider \u00e0 r\u00e9gler les questions de fiscalit\u00e9 et de conformit\u00e9. Ce projet a \u00e9t\u00e9 mis sur pied pour venir en aide aux organismes de bienfaisance r\u00e9pondant aux besoins des personnes avec d\u00e9ficiences. Les expos\u00e9s offerts sont pr\u00e9sent\u00e9s sans frais.<\/p>\n<p>Scott Simser, avocat sp\u00e9cialis\u00e9 dans la fiscalit\u00e9 et les droits de la personne, a \u00e9t\u00e9 nomm\u00e9 directeur du projet Conformit\u00e9 du secteur des organismes de bienfaisance pour personnes avec d\u00e9ficiences. Evelyne Gounetenzi, directrice des Services d\u2019entraide et d\u2019animation sociale de l\u2019ASC, a \u00e9t\u00e9 embauch\u00e9 \u00e0 titre d\u2019adjointe francophone du projet. Ces deux personnes sont Sourdes et ont une grande exp\u00e9rience du secteur des services aux personnes avec d\u00e9ficiences. Dans le cadre de ce projet, M. Simser et Mme Gounetenzi communiqueront avec des organismes de bienfaisance pour personnes avec d\u00e9ficiences \u00e0 travers le Canada dans le but de faire des expos\u00e9s aux organismes des dix provinces et d\u2019au moins un territoire. Le projet invite aussi les organismes de bienfaisance int\u00e9ress\u00e9s \u00e0 prendre contact avec l\u2019ASC s\u2019ils d\u00e9sirent faire \u00e9tudier leur demande d\u2019expos\u00e9.<\/p>\n<p>Les sujets de pr\u00e9sentation comprenaient :<\/p>\n<ul>\n<li>dons,<\/li>\n<li>quotas de d\u00e9boursements,<\/li>\n<li>questions de gouvernance;<\/li>\n<li>taxe sur les produits et services<\/li>\n<li>restrictions relatives aux activit\u00e9s commerciales et politiques;<\/li>\n<li>livres et registres;<\/li>\n<li>re\u00e7us officiels;<\/li>\n<li>l\u00e9gislation en mati\u00e8re de protection des renseignements personnels;<\/li>\n<li>campagnes de financement;<\/li>\n<li>d\u00e9clarations annuelles des organismes de bienfaisance.<\/li>\n<\/ul>\n","protected":false},"excerpt":{"rendered":"<p>Ce projet est termin\u00e9 et n&rsquo;est plus actif. L\u2019Association des Sourds du Canada (ASC) dirige une nouvelle initiative visant \u00e0 aider les organisations du secteur des personnes avec d\u00e9ficiences \u00e0 r\u00e9pondre avec plus d\u2019efficacit\u00e9 aux exigences de l\u2019Agence du revenu du Canada (ARC). Le projet, appel\u00e9 Conformit\u00e9 du secteur des organismes de bienfaisance pour personnes &hellip; <a href=\"https:\/\/cad-asc.ca\/fr\/projets\/conformite-du-secteur-des-personnes-avec-deficiences\/\" class=\"more-link\">Continue reading <span class=\"screen-reader-text\">Conformit\u00e9 du secteur des personnes avec d\u00e9ficiences<\/span><\/a><\/p>\n","protected":false},"author":1,"featured_media":0,"parent":3555,"menu_order":0,"comment_status":"closed","ping_status":"closed","template":"page-templates\/position-paper-template.php","meta":{"_acf_changed":false,"_monsterinsights_skip_tracking":false,"_monsterinsights_sitenote_active":false,"_monsterinsights_sitenote_note":"","_monsterinsights_sitenote_category":0,"_uf_show_specific_survey":0,"_uf_disable_surveys":false,"footnotes":""},"class_list":["post-3417","page","type-page","status-publish","hentry"],"acf":[],"_links":{"self":[{"href":"https:\/\/cad-asc.ca\/fr\/wp-json\/wp\/v2\/pages\/3417","targetHints":{"allow":["GET"]}}],"collection":[{"href":"https:\/\/cad-asc.ca\/fr\/wp-json\/wp\/v2\/pages"}],"about":[{"href":"https:\/\/cad-asc.ca\/fr\/wp-json\/wp\/v2\/types\/page"}],"author":[{"embeddable":true,"href":"https:\/\/cad-asc.ca\/fr\/wp-json\/wp\/v2\/users\/1"}],"replies":[{"embeddable":true,"href":"https:\/\/cad-asc.ca\/fr\/wp-json\/wp\/v2\/comments?post=3417"}],"version-history":[{"count":0,"href":"https:\/\/cad-asc.ca\/fr\/wp-json\/wp\/v2\/pages\/3417\/revisions"}],"up":[{"embeddable":true,"href":"https:\/\/cad-asc.ca\/fr\/wp-json\/wp\/v2\/pages\/3555"}],"wp:attachment":[{"href":"https:\/\/cad-asc.ca\/fr\/wp-json\/wp\/v2\/media?parent=3417"}],"curies":[{"name":"wp","href":"https:\/\/api.w.org\/{rel}","templated":true}]}}