{"id":3429,"date":"2014-12-17T06:33:54","date_gmt":"2014-12-17T06:33:54","guid":{"rendered":"http:\/\/cad.ca\/?page_id=3429&#038;lang=fr"},"modified":"2022-07-27T20:32:22","modified_gmt":"2022-07-27T20:32:22","slug":"la-foire-aux-questions","status":"publish","type":"page","link":"https:\/\/cad-asc.ca\/fr\/sur-lasc-cad\/la-foire-aux-questions\/","title":{"rendered":"Foire aux questions"},"content":{"rendered":"<p>Voici les r\u00e9ponses aux questions les plus fr\u00e9quemment pos\u00e9es. Si vous ne trouvez pas la r\u00e9ponse \u00e0 votre question dans cette rubrique, n\u2019h\u00e9sitez pas \u00e0 nous joindre.<\/p>\n<h3>O\u00f9 puis-je apprendre la langue des signes?<\/h3>\n<p>Communiquez avec l&rsquo;agence de service de votre localit\u00e9 ou de votre province. Vous pouvez facilement trouver ces agences en consultant diverses sources, y compris les Pages jaunes. Ou alors, faites une recherche sur Internet en utilisant une cl\u00e9 comme \u00ab agences de service pour les Sourds \u00bb. Presque toutes ces agences ont leur propre site Web.<\/p>\n<p>V\u00e9rifiez aupr\u00e8s des coll\u00e8ges et universit\u00e9s pr\u00e8s de chez vous : ils offrent souvent des cours de langue des signes. Les commissions scolaires offrent aussi fr\u00e9quemment de tels cours aux adultes.<\/p>\n<p>L&rsquo;Association des Sourds du Canada n&rsquo;offre pas de cours de langue des signes.<\/p>\n<h3>Questions sur les interpr\u00e8tes en langue des signes :<\/h3>\n<ul>\n<li>O\u00f9 puis-je trouver un interpr\u00e8te de la langue des signes?<\/li>\n<li>O\u00f9 puis-je apprendre \u00e0 devenir interpr\u00e8te de la langue des signes?<\/li>\n<li>Je suis interpr\u00e8te qualifi\u00e9 en langue des signes, car j&rsquo;ai suivi un cours d\u2019\u00e9pellation digitale.<\/li>\n<li>Quels sont les honoraires des interpr\u00e8tes?<\/li>\n<li>Y a-t-il un fonds pour payer les interpr\u00e8tes de langue des signes \u00e0 notre colloque ou \u00e0 une formation professionnelle?<\/li>\n<\/ul>\n<p>L&rsquo;interpr\u00e9tation est un travail extr\u00eamement exigeant. Il n\u00e9cessite une formation pouss\u00e9e et une accr\u00e9ditation professionnelle.<\/p>\n<p>Si vous d\u00e9sirez devenir interpr\u00e8te, la premi\u00e8re \u00e9tape est de suivre un programme complet de langue des signes. Cela peut comprendre jusqu&rsquo;\u00e0 sept niveaux. Un cours d\u2019\u00e9pellation digitale ne vous qualifie pas comme interpr\u00e8te, pas plus qu&rsquo;un cours sur l&rsquo;alphabet cyrillique ne vous qualifierait comme interpr\u00e8te du russe!<\/p>\n<p>Quand vous aurez termin\u00e9 les sept niveaux de formation en langue des signes, vous pourrez pr\u00e9senter une demande d&rsquo;admission \u00e0 un programme de formation des interpr\u00e8tes professionnels. Ce sont g\u00e9n\u00e9ralement les coll\u00e8ges et universit\u00e9s qui les offrent comme le Douglas College en C-B. et le George Brown College \u00e0 Toronto. Comme toute formation universitaire ou coll\u00e9giale, ces programmes exigent plusieurs ann\u00e9es d&rsquo;instruction et de pratique intensives.<\/p>\n<p>La plupart des interpr\u00e8tes professionnels du Canada deviennent membres de l&rsquo;Association des interpr\u00e8tes de langages visuels du Canada (AVLIC). Apr\u00e8s quelques ann\u00e9es de travail, vous pourrez demander des certifications suppl\u00e9mentaires (comme le certificat du Syst\u00e8me d&rsquo;\u00e9valuation canadienne ou CES de l&rsquo;AVLIC) afin de vous sp\u00e9cialiser ou d&rsquo;obtenir un poste au gouvernement.<\/p>\n<p>Il y aura des frais en fonction du lieu et du niveau de l&rsquo;interpr\u00e8te. Nous vous sugg\u00e9rons de communiquer avec l&rsquo;AVLIC pour conna\u00eetre les tarifs applicables dans votre ville ou votre province.<\/p>\n<p>De nombreux interpr\u00e8tes travaillent par le biais d&rsquo;agences de services aux Sourds de chaque province. Communiquez d&rsquo;abord avec ces agences lorsque vous d\u00e9sirez engager un interpr\u00e8te. De nombreux autres interpr\u00e8tes travaillent de fa\u00e7on autonome ou par le biais de coop\u00e9ratives ou de r\u00e9seaux d&rsquo;interpr\u00e8tes locaux ou provinciaux comme Interpr\u00e8tes en langue des signes de la Capitale nationale (ILSCN), c&rsquo;est \u00e0 dire de la r\u00e9gion d&rsquo;Ottawa-Gatineau.<\/p>\n<p>Les co\u00fbts d&rsquo;interpr\u00e9tation peuvent \u00eatre d\u00e9duits comme d\u00e9penses d&rsquo;affaires pour la plupart des entreprises. Les gouvernements sont tenus de fournir et de payer les services d&rsquo;interpr\u00e9tation des r\u00e9unions et \u00e9v\u00e9nements publics et priv\u00e9s gouvernementaux auxquels participent des personnes Sourdes qu&rsquo;elles soient employ\u00e9es par le gouvernement ou non.<\/p>\n<p>Pour identifier d&rsquo;autres sources de financement, communiquez avec votre gouvernement provincial.<\/p>\n<h3>Je d\u00e9sire enseigner la langue des signes \u00e0 mon enfant.<\/h3>\n<p>L&rsquo;ASC offre un programme parent-enfant d&rsquo;apprentissage de base de la langue des signes pour usage quotidien. Il se pr\u00e9sente sous forme de DVD interactif intitul\u00e9 le Pont des signes. Consultez notre site Web pour plus d&rsquo;information.<\/p>\n<p>Vous voudrez peut-\u00eatre rechercher des groupes de loisirs d&rsquo;enfant Sourds, un groupe Baby Sign (langage des signes pour b\u00e9b\u00e9s), ou m\u00eame en cr\u00e9er un.<\/p>\n<h3>O\u00f9 puis-je acheter&#8230;<\/h3>\n<ul>\n<li>O\u00f9 puis-je acheter un appareil auditif?<\/li>\n<li>O\u00f9 puis-je acheter des aides techniques comme l&rsquo;ATS, une alarme visuelle, une horloge \u00e0 vibration, etc.?<\/li>\n<\/ul>\n<p>Communiquez avec les agences de service. L&rsquo;ASC ne vend pas d&rsquo;appareil.<\/p>\n<h3>Mon parent \u00e2g\u00e9 est devenu malentendant. Je d\u00e9sire savoir s&rsquo;il existe des centres d&rsquo;accueil ou des r\u00e9sidences pour personnes \u00e2g\u00e9es qui se sp\u00e9cialisent dans les soins aux ain\u00e9s sourds.<\/h3>\n<p>Il y a peu de centres de soins pour personnes \u00e2g\u00e9es o\u00f9 on utilise la langue des signes. Le Bob Rumball Centre For the Deaf a des installations \u00e0 Toronto et \u00e0 Barrie en Ontario. Halifax et Montr\u00e9al ont un centre o\u00f9 il y a une section sp\u00e9ciale pour les Sourds. Une ou deux autres villes ont des installations semblables. Vous devrez communiquer avec l&rsquo;agence de service de votre localit\u00e9 ou de votre province pour savoir s&rsquo;il y a des centres d&rsquo;accueil ou des r\u00e9sidences de retraites pour les Sourds dans d&rsquo;autres secteurs.<\/p>\n<h3>Je suis une personne Sourde qui demeure dans un autre pays. J&rsquo;aimerais aller au Canada pour \u00e9tudier, travailler ou vivre. Aidez-moi, s&rsquo;il vous pla\u00eet.<\/h3>\n<p>L&rsquo;Association des Sourds du Canada n&rsquo;a aucune ressource pour cela. Nous ne sommes pas en mesure de vous parrainer pour l&rsquo;immigration ni vous aider \u00e0 obtenir un visa.<\/p>\n<h3>J&rsquo;aimerais rencontrer un Sourd\/une Sourde qui vit au Canada.<\/h3>\n<p>Nous ne sommes pas une agence de rencontre et ne r\u00e9pondons pas \u00e0 ce type de demande.<\/p>\n<h3>Combien de personnes Sourdes y a-t-il au Canada, dans ma province et dans ma ville?<\/h3>\n<p>Veuillez consulter l&rsquo;\u00e9nonc\u00e9 de notre position sur les statistiques.<\/p>\n<h3>Y a-t-il des bourses d&rsquo;\u00e9tudes ou d&rsquo;autre aide financi\u00e8re pour les \u00e9tudiants Sourds?<\/h3>\n<p>Pas \u00e0 notre connaissance. N\u00e9anmoins, vous devriez communiquer avec l&rsquo;universit\u00e9 o\u00f9 le coll\u00e8ge o\u00f9 vous d\u00e9sirez \u00e9tudier et poser la m\u00eame question.<\/p>\n<h3>Je voudrais travailler \u00e0 l&rsquo;ASC.<\/h3>\n<p>D\u00e8s qu&rsquo;un poste se lib\u00e8re \u00e0 l&rsquo;ASC, nous pla\u00e7ons une annonce sur notre site Web. Il y a un concours pour chaque emploi. Nous vous sugg\u00e9rons de surveiller souvent la page des annonces de notre site Web.<\/p>\n<h3>O\u00f9 puis-je rencontrer des Canadiens Sourds pour des activit\u00e9s sociales?<\/h3>\n<p>Cherchez les associations de Sourds qui sont actives dans votre r\u00e9gion. Vous pourrez g\u00e9n\u00e9ralement obtenir cette information aupr\u00e8s de l&rsquo;agence de service de votre localit\u00e9 ou de votre province ou de l&rsquo;association des Sourds. De plus, v\u00e9rifiez la page des ressources et des liens sur notre site Web. Vous pouvez aussi demander \u00e0 une \u00e9cole pour les Sourds s&rsquo;il y en a dans votre province. Et bien s\u00fbr, une recherche sur Internet vous donnera aussi des r\u00e9ponses \u00e0 cette question.<\/p>\n<h3>Je d\u00e9sire devenir membre de l&rsquo;ASC.<\/h3>\n<p>Malheureusement, nous n&rsquo;acceptons pas d&rsquo;adh\u00e9sions individuelles. Nous vous encourageons plut\u00f4t \u00e0 devenir membre de l&rsquo;association des Sourds locale ou provinciale. Vous pouvez appuyer notre travail en faisant un don : cliquez sur le bouton \u00ab Soutenez l&rsquo;ASC \u00bb sur la page d&rsquo;accueil de notre site.<\/p>\n<h3>J&rsquo;en ai marre des horribles sous-titres \u00e0 la t\u00e9l\u00e9! Et puis, pourquoi est-ce que tout n&rsquo;est pas sous-titr\u00e9?<\/h3>\n<p>Sur les postes canadiens, toutes les \u00e9missions sont cens\u00e9es \u00eatre sous-titr\u00e9es. Si ce n&rsquo;est pas le cas, ou si la qualit\u00e9 du sous-titrage est mauvaise, adressez une plainte au CRTC (Conseil de la radiodiffusion et des t\u00e9l\u00e9communications canadiennes). Il y a un formulaire de plainte en ligne tr\u00e8s simple \u00e0 <a href=\"http:\/\/www.crtc.gc.ca\/rapidsccm\/register.asp?lang=f\" target=\"_blank\" rel=\"noopener\">http:\/\/www.crtc.gc.ca\/rapidsccm\/register.asp?lang=f<\/a>.<\/p>\n<h3>Je veux me plaindre du service de relais t\u00e9l\u00e9phonique. Et j&rsquo;exige que le service de relais vid\u00e9o soit disponible au Canada.<\/h3>\n<p>Ici aussi, vous devez adresser votre plainte au CRTC. Utilisez le m\u00eame formulaire de plainte en ligne : <a href=\"http:\/\/www.crtc.gc.ca\/rapidsccm\/register.asp?lang=f\" target=\"_blank\" rel=\"noopener\">http:\/\/www.crtc.gc.ca\/rapidsccm\/register.asp?lang=f<\/a>.<\/p>\n<p>Sachez que l&rsquo;ASC n&rsquo;a aucun pouvoir ou autorit\u00e9 pour \u00e9tablir le service de relais vid\u00e9o. Nous combattons depuis des ann\u00e9es pour qu&rsquo;il soit instaur\u00e9 au Canada. Un SRV national couterait au moins 25 millions de dollars par an \u00e0 exploiter. Vous pensez bien que l&rsquo;ASC n&rsquo;a pas ce genre de moyens. Nous avons besoin de votre aide pour que le CRTC \u00e9tablisse un fonds pour le SRV au Canada. Adressez votre plainte au CRTC. PLUS ILS RECEVRONT de plaintes, plus nous aurons de chances de les faire agir!<\/p>\n","protected":false},"excerpt":{"rendered":"<p>Voici les r\u00e9ponses aux questions les plus fr\u00e9quemment pos\u00e9es. Si vous ne trouvez pas la r\u00e9ponse \u00e0 votre question dans cette rubrique, n\u2019h\u00e9sitez pas \u00e0 nous joindre. O\u00f9 puis-je apprendre la langue des signes? Communiquez avec l&rsquo;agence de service de votre localit\u00e9 ou de votre province. Vous pouvez facilement trouver ces agences en consultant diverses &hellip; <a href=\"https:\/\/cad-asc.ca\/fr\/sur-lasc-cad\/la-foire-aux-questions\/\" class=\"more-link\">Continue reading <span class=\"screen-reader-text\">Foire aux questions<\/span><\/a><\/p>\n","protected":false},"author":1,"featured_media":0,"parent":4823,"menu_order":0,"comment_status":"closed","ping_status":"closed","template":"","meta":{"_acf_changed":false,"_monsterinsights_skip_tracking":false,"_monsterinsights_sitenote_active":false,"_monsterinsights_sitenote_note":"","_monsterinsights_sitenote_category":0,"_uf_show_specific_survey":0,"_uf_disable_surveys":false,"footnotes":""},"class_list":["post-3429","page","type-page","status-publish","hentry"],"acf":[],"_links":{"self":[{"href":"https:\/\/cad-asc.ca\/fr\/wp-json\/wp\/v2\/pages\/3429","targetHints":{"allow":["GET"]}}],"collection":[{"href":"https:\/\/cad-asc.ca\/fr\/wp-json\/wp\/v2\/pages"}],"about":[{"href":"https:\/\/cad-asc.ca\/fr\/wp-json\/wp\/v2\/types\/page"}],"author":[{"embeddable":true,"href":"https:\/\/cad-asc.ca\/fr\/wp-json\/wp\/v2\/users\/1"}],"replies":[{"embeddable":true,"href":"https:\/\/cad-asc.ca\/fr\/wp-json\/wp\/v2\/comments?post=3429"}],"version-history":[{"count":0,"href":"https:\/\/cad-asc.ca\/fr\/wp-json\/wp\/v2\/pages\/3429\/revisions"}],"up":[{"embeddable":true,"href":"https:\/\/cad-asc.ca\/fr\/wp-json\/wp\/v2\/pages\/4823"}],"wp:attachment":[{"href":"https:\/\/cad-asc.ca\/fr\/wp-json\/wp\/v2\/media?parent=3429"}],"curies":[{"name":"wp","href":"https:\/\/api.w.org\/{rel}","templated":true}]}}