{"id":3452,"date":"2014-12-17T07:05:43","date_gmt":"2014-12-17T07:05:43","guid":{"rendered":"http:\/\/cad.ca\/?page_id=3452&#038;lang=fr"},"modified":"2026-03-06T22:47:32","modified_gmt":"2026-03-06T22:47:32","slug":"diversite","status":"publish","type":"page","link":"https:\/\/cad-asc.ca\/fr\/diversite\/","title":{"rendered":"Diversit\u00e9"},"content":{"rendered":"<p>D\u00e9couvrez notre engagement envers la diversit\u00e9, l\u2019inclusion et la repr\u00e9sentation, ainsi que des ressources et de l\u2019information qui reconnaissent les communaut\u00e9s autochtones et d\u2019autres groupes diversifi\u00e9s.<\/p>\n<h2><a href=\"\/fr\/espace-autochtone\/\">Espace autochtone<\/a><\/h2>\n\n\n<p>Information et ressources sur les communaut\u00e9s et les organisations autochtones.<\/p>\n","protected":false},"excerpt":{"rendered":"<p>D\u00e9couvrez notre engagement envers la diversit\u00e9, l\u2019inclusion et la repr\u00e9sentation, ainsi que des ressources et de l\u2019information qui reconnaissent les communaut\u00e9s autochtones et d\u2019autres groupes diversifi\u00e9s. Espace autochtone Information et ressources sur les communaut\u00e9s et les organisations autochtones.<\/p>\n","protected":false},"author":1,"featured_media":10181,"parent":0,"menu_order":0,"comment_status":"open","ping_status":"open","template":"","meta":{"_acf_changed":false,"_monsterinsights_skip_tracking":false,"_monsterinsights_sitenote_active":false,"_monsterinsights_sitenote_note":"","_monsterinsights_sitenote_category":0,"_uf_show_specific_survey":0,"_uf_disable_surveys":false,"footnotes":""},"class_list":["post-3452","page","type-page","status-publish","has-post-thumbnail","hentry"],"acf":[],"_links":{"self":[{"href":"https:\/\/cad-asc.ca\/fr\/wp-json\/wp\/v2\/pages\/3452","targetHints":{"allow":["GET"]}}],"collection":[{"href":"https:\/\/cad-asc.ca\/fr\/wp-json\/wp\/v2\/pages"}],"about":[{"href":"https:\/\/cad-asc.ca\/fr\/wp-json\/wp\/v2\/types\/page"}],"author":[{"embeddable":true,"href":"https:\/\/cad-asc.ca\/fr\/wp-json\/wp\/v2\/users\/1"}],"replies":[{"embeddable":true,"href":"https:\/\/cad-asc.ca\/fr\/wp-json\/wp\/v2\/comments?post=3452"}],"version-history":[{"count":0,"href":"https:\/\/cad-asc.ca\/fr\/wp-json\/wp\/v2\/pages\/3452\/revisions"}],"wp:featuredmedia":[{"embeddable":true,"href":"https:\/\/cad-asc.ca\/fr\/wp-json\/wp\/v2\/media\/10181"}],"wp:attachment":[{"href":"https:\/\/cad-asc.ca\/fr\/wp-json\/wp\/v2\/media?parent=3452"}],"curies":[{"name":"wp","href":"https:\/\/api.w.org\/{rel}","templated":true}]}}