{"id":3539,"date":"2014-12-03T07:24:57","date_gmt":"2014-12-03T07:24:57","guid":{"rendered":"http:\/\/cad.ca\/?page_id=3539&#038;lang=fr"},"modified":"2015-09-14T12:27:52","modified_gmt":"2015-09-14T12:27:52","slug":"la-terminologie","status":"publish","type":"page","link":"https:\/\/cad-asc.ca\/fr\/enjeux-et-notre-position\/la-terminologie\/","title":{"rendered":"La terminologie"},"content":{"rendered":"<div id=\"rightContent_sub\">\n<p><span class=\"title1\">Le probl\u00e8me<\/span><br \/>\nQuels sont les termes et d\u00e9finitions \u00abappropri\u00e9s\u00bb pour \u00eatre utilis\u00e9s en ce qui concerne \u00e0 la surdit\u00e9?<\/p>\n<p><span class=\"title1\">La position de CAD<\/span><br \/>\nLes sourds, les devenus sourds et les malentendants sont tous des groupes tr\u00e8s distincts. Utilisation de la terminologie appropri\u00e9e montre le respect de leurs diff\u00e9rences.<\/p>\n<p>sourd<br \/>\nUn terme m\u00e9dical \/ audiologique se r\u00e9f\u00e9rant \u00e0 ces gens qui ont peu ou pas d&rsquo;audition fonctionnelle (sourds, sourds, devenus sourds et). Peut aussi \u00eatre utilis\u00e9 comme nom collectif (\u00ables sourds\u00bb ou \u00abpetit-d sourds\u00a0\u00bb) pour d\u00e9signer les personnes qui sont m\u00e9dicalement sourdes mais qui ne pr\u00e9cisent pas n\u00e9cessairement avec la communaut\u00e9 sourde.<\/p>\n<p>En outre, les enfants sourds sont g\u00e9n\u00e9ralement appel\u00e9s \u00absourd\u00bb, car ils ne peuvent pas encore avoir \u00e9t\u00e9 socialis\u00e9s dans soit les personnes sourdes ou la culture non-Sourds. Si elles utilisent Connectez-vous comme premi\u00e8re langue, ils sont appel\u00e9s \u00ab\u00a0sourds\u00a0\u00bb.<\/p>\n<p><strong>(\u00ab\u00a0Big-D\u00a0\u00bb) Sourd<\/strong><br \/>\nUn terme sociologique se r\u00e9f\u00e9rant \u00e0 ces individus qui sont m\u00e9dicalement sourdes ou malentendantes qui identifier et \u00e0 participer dans la culture, la soci\u00e9t\u00e9, et la langue des personnes Sourdes, qui est bas\u00e9e sur la langue des signes. Leur mode de communication pr\u00e9f\u00e9r\u00e9 est le langage gestuel.<\/p>\n<p><strong>D \/ sourds<\/strong><br \/>\nUtilis\u00e9 comme un nom collectif pour d\u00e9signer ces deux personnes \u00absourd\u00bb qui se reconnaissent dans la culture sourde et ces gens \u00absourd\u00bb qui ne le font pas.<\/p>\n<p><strong>assourdi (\u00e9galement connu sous le nom devenues sourdes.)<\/strong><br \/>\nCeci est \u00e0 la fois m\u00e9dical et un terme sociologique se r\u00e9f\u00e9rant \u00e0 des individus qui sont devenus sourds plus tard dans la vie et qui peut ne pas \u00eatre en mesure d&rsquo;identifier avec soit les personnes sourdes ou malentendantes communaut\u00e9s.<\/p>\n<p><strong>malentendant<\/strong><br \/>\nUne personne dont la d\u00e9ficience auditive varie de l\u00e9g\u00e8re \u00e0 profonde et dont habituelle moyen de communication est la parole. Il est \u00e0 la fois un examen m\u00e9dical et un terme sociologique.<\/p>\n<p><strong>malentendants<\/strong><br \/>\nCe terme est pas acceptable en parlant aux personnes ayant une perte auditive. \u00ab\u00a0La d\u00e9ficience auditive\u00a0\u00bb est une condition m\u00e9dicale; il est pas un nom collectif pour les personnes qui ont diff\u00e9rents degr\u00e9s de perte auditive. Il omet \u00e9galement de reconna\u00eetre les diff\u00e9rences entre les sourds et les malentendants communaut\u00e9s.<\/p>\n<p><strong>personne sourde<\/strong><br \/>\nSubstitut acceptable mais trop sensible pour \u00absourd\u00bb.<\/p>\n<p><strong>sourd manuel, sourd signature<\/strong><br \/>\nUne personne sourde dont le mode de communication pr\u00e9f\u00e9r\u00e9 est le langage gestuel.<\/p>\n<p><strong>sourdes oralistes<\/strong><br \/>\nUne personne sourde dont le mode de communication pr\u00e9f\u00e9r\u00e9 est verbal et auditif. Une personne sourde orale qui peut \u00e0 la fois signe et parler peut \u00eatre consid\u00e9r\u00e9e \u00ab\u00a0Sourde\u00a0\u00bb si il \/ elle est accept\u00e9e comme telle par d&rsquo;autres personnes Sourdes et utilise Connectez-vous au sein de la communaut\u00e9 sourde.<\/p>\n<p><strong>sourd-muet<\/strong><br \/>\nInacceptable. Une personne sourde peut choisir de ne pas utiliser son \/ sa voix; cela ne fait pas de lui \/ d&rsquo;elle une \u00ab\u00a0muette\u00a0\u00bb.<\/p>\n<p><strong>sourd et muet<\/strong><br \/>\nOffensive.<\/p>\n<p><strong>Sourds-plus<\/strong><br \/>\nBien qu&rsquo;il a \u00e9t\u00e9 utilis\u00e9 pendant de nombreuses ann\u00e9es pour d\u00e9signer les personnes qui ont un handicap, en plus de la surdit\u00e9, les termes pr\u00e9f\u00e9r\u00e9s sont maintenant \u00ab\u00a0Sourd avec un handicap mental\u00bb, \u00absourdes et aveugles\u00a0\u00bb, \u00ab\u00a0sourds avec le CP\u00bb, etc.<\/p>\n<p><strong>Non-Sourds<\/strong><br \/>\nTerme utilis\u00e9 pour faire la distinction entre la communaut\u00e9 des sourds et toutes les autres personnes: audience, malentendantes, devenues sourdes et sourdes oralistes.<\/p>\n<p><strong>Langue des signes<\/strong><br \/>\nLa langue officielle de la communaut\u00e9 sourde. Doit toujours \u00eatre capitalis\u00e9s, tout comme l&rsquo;anglais et le fran\u00e7ais sont capitalis\u00e9s, car tous trois sont des langues l\u00e9gitimes. (Nous reconnaissons que la capitalisation de la \/ des noms de la culture de la langue ne sont pas une caract\u00e9ristique commune de la plupart des langues, mais il est tellement en anglais.)<\/p>\n<p><strong>ATS<\/strong><br \/>\nL&rsquo;acronyme appropri\u00e9 pour les dispositifs sp\u00e9ciaux utilis\u00e9s par D \/ sourdes, malentendantes et entendantes pour communiquer avec l&rsquo;autre \u00e0 travers le syst\u00e8me t\u00e9l\u00e9phonique. Le terme fran\u00e7ais est ATS.<\/p>\n<p><strong>TDD<\/strong><br \/>\nPas plus acceptable comme acronyme pour les appareils t\u00e9l\u00e9phoniques sp\u00e9ciaux.<br \/>\n<strong>TT (t\u00e9l\u00e9scripteur)<\/strong><br \/>\nUtilis\u00e9 dans certains pays europ\u00e9ens et par la Commission f\u00e9d\u00e9rale des communications des \u00c9tats-Unis comme terme de remplacement pour \u00ab\u00a0ATS\u00a0\u00bb. Non accept\u00e9 au Canada parce qu&rsquo;il est un terme de l&rsquo;audience-invent\u00e9 et parce que le signe car il est impoli en ASL.<\/p>\n<p>Approuv\u00e9: 23 JULY 2012<\/p>\n<p><strong>POUR DE PLUS AMPLES RENSEIGNEMENTS:<\/strong><br \/>\nL&rsquo;Association des Sourds du Canada-Canadian Association of the Deaf<br \/>\n303- 251 Bank Street<br \/>\nOttawa, Ontario K2P 1X3<br \/>\n(613)565-2882 Voice\/TTY<br \/>\n(613)565-1207 Fax<br \/>\n<a href=\"https:\/\/cad.ca\/\" target=\"_blank\"><strong>www.cad.ca<\/strong><\/a><\/p>\n<p>Quels sont les termes et d\u00e9finitions \u00abappropri\u00e9s\u00bb pour \u00eatre utilis\u00e9s en ce qui concerne \u00e0 la surdit\u00e9?<\/p>\n<p><span class=\"title1\">La position de CAD<\/span><br \/>Les sourds, les devenus sourds et les malentendants sont tous des groupes tr\u00e8s distincts. Utilisation de la terminologie appropri\u00e9e montre le respect de leurs diff\u00e9rences.<\/p>\n<p><strong>sourd<\/strong><br \/>Un terme m\u00e9dical \/ audiologique se r\u00e9f\u00e9rant \u00e0 ces gens qui ont peu ou pas d&rsquo;audition fonctionnelle (sourds, sourds, devenus sourds et). Peut aussi \u00eatre utilis\u00e9 comme nom collectif (\u00ables sourds\u00bb ou \u00abpetit-d sourds\u00a0\u00bb) pour d\u00e9signer les personnes qui sont m\u00e9dicalement sourdes mais qui ne pr\u00e9cisent pas n\u00e9cessairement avec la communaut\u00e9 sourde.<\/p>\n<p>En outre, les enfants sourds sont g\u00e9n\u00e9ralement appel\u00e9s \u00absourd\u00bb, car ils ne peuvent pas encore avoir \u00e9t\u00e9 socialis\u00e9s dans soit les personnes sourdes ou la culture non-Sourds. Si elles utilisent Connectez-vous comme premi\u00e8re langue, ils sont appel\u00e9s \u00ab\u00a0sourds\u00a0\u00bb.<\/p>\n<p><strong>(\u201cbig-D\u201d) Sourd<\/strong><br \/>Un terme sociologique se r\u00e9f\u00e9rant \u00e0 ces individus qui sont m\u00e9dicalement sourdes ou malentendantes qui identifier et \u00e0 participer dans la culture, la soci\u00e9t\u00e9, et la langue des personnes Sourdes, qui est bas\u00e9e sur la langue des signes. Leur mode de communication pr\u00e9f\u00e9r\u00e9 est le langage gestuel.<\/p>\n<p><strong>D \/ sourds<\/strong><br \/>Utilis\u00e9 comme un nom collectif pour d\u00e9signer ces deux personnes \u00absourd\u00bb qui se reconnaissent dans la culture sourde et ces gens \u00absourd\u00bb qui ne le font pas.<\/p>\n<p><strong>assourdi (\u00e9galement connu sous le nom devenues sourdes.)<\/strong> <br \/>Ceci est \u00e0 la fois m\u00e9dical et un terme sociologique se r\u00e9f\u00e9rant \u00e0 des individus qui sont devenus sourds plus tard dans la vie et qui peut ne pas \u00eatre en mesure d&rsquo;identifier avec soit les personnes sourdes ou malentendantes communaut\u00e9s.<\/p>\n<p><strong>malentendant<\/strong><br \/>Une personne dont la d\u00e9ficience auditive varie de l\u00e9g\u00e8re \u00e0 profonde et dont habituelle moyen de communication est la parole. Il est \u00e0 la fois un examen m\u00e9dical et un terme sociologique.<\/p>\n<p><strong>malentendants<\/strong><br \/>Ce terme est pas acceptable en parlant aux personnes ayant une perte auditive. \u00ab\u00a0La d\u00e9ficience auditive\u00a0\u00bb est une condition m\u00e9dicale; il est pas un nom collectif pour les personnes qui ont diff\u00e9rents degr\u00e9s de perte auditive. Il omet \u00e9galement de reconna\u00eetre les diff\u00e9rences entre les sourds et les malentendants communaut\u00e9s.<\/p>\n<p><strong>personne sourde<\/strong><br \/>Substitut acceptable mais trop sensible pour \u00absourd\u00bb.<\/p>\n<p><strong>sourd manuel, sourd signature<\/strong><br \/>Une personne sourde dont le mode de communication pr\u00e9f\u00e9r\u00e9 est le langage gestuel.<\/p>\n<p><strong>sourdes oralistes<\/strong><br \/>Une personne sourde dont le mode de communication pr\u00e9f\u00e9r\u00e9 est verbal et auditif. Une personne sourde orale qui peut \u00e0 la fois signe et parler peut \u00eatre consid\u00e9r\u00e9e \u00ab\u00a0Sourde\u00a0\u00bb si il \/ elle est accept\u00e9e comme telle par d&rsquo;autres personnes Sourdes et utilise Connectez-vous au sein de la communaut\u00e9 sourde.<\/p>\n<p><strong>sourd-muet<\/strong><br \/>Inacceptable. Une personne sourde peut choisir de ne pas utiliser son \/ sa voix; cela ne fait pas de lui \/ d&rsquo;elle une \u00ab\u00a0muette\u00a0\u00bb.<\/p>\n<p><strong>sourd et muet<\/strong><br \/>Offensive.<\/p>\n<p><strong>Sourds-plus<\/strong><br \/>Bien qu&rsquo;il a \u00e9t\u00e9 utilis\u00e9 pendant de nombreuses ann\u00e9es pour d\u00e9signer les personnes qui ont un handicap, en plus de la surdit\u00e9, les termes pr\u00e9f\u00e9r\u00e9s sont maintenant \u00ab\u00a0Sourd avec un handicap mental\u00bb, \u00absourdes et aveugles\u00a0\u00bb, \u00ab\u00a0sourds avec le CP\u00bb, etc.<\/p>\n<p><strong>Non-Sourds<\/strong> <br \/>Terme utilis\u00e9 pour faire la distinction entre la communaut\u00e9 des sourds et toutes les autres personnes: audience, malentendantes, devenues sourdes et sourdes oralistes.<\/p>\n<p><strong>Langue des signes<\/strong><br \/>La langue officielle de la communaut\u00e9 sourde. Doit toujours \u00eatre capitalis\u00e9s, tout comme l&rsquo;anglais et le fran\u00e7ais sont capitalis\u00e9s, car tous trois sont des langues l\u00e9gitimes. (Nous reconnaissons que la capitalisation de la \/ des noms de la culture de la langue ne sont pas une caract\u00e9ristique commune de la plupart des langues, mais il est tellement en anglais.)<\/p>\n<p><strong>ATS<\/strong><br \/>L&rsquo;acronyme appropri\u00e9 pour les dispositifs sp\u00e9ciaux utilis\u00e9s par D \/ sourdes, malentendantes et entendantes pour communiquer avec l&rsquo;autre \u00e0 travers le syst\u00e8me t\u00e9l\u00e9phonique. Le terme fran\u00e7ais est ATS.<\/p>\n<p><strong>TDD<\/strong><br \/>Pas plus acceptable comme acronyme pour les appareils t\u00e9l\u00e9phoniques sp\u00e9ciaux.<\/p>\n<p><strong>TT (t\u00e9l\u00e9scripteur)<\/strong><br \/>Utilis\u00e9 dans certains pays europ\u00e9ens et par la Commission f\u00e9d\u00e9rale des communications des \u00c9tats-Unis comme terme de remplacement pour \u00ab\u00a0ATS\u00a0\u00bb. Non accept\u00e9 au Canada parce qu&rsquo;il est un terme de l&rsquo;audience-invent\u00e9 et parce que le signe car il est impoli en ASL.<\/p>\n<p>Approuv\u00e9: 23 &#038; nbsp; juillet 2012<br \/><strong><\/strong><\/p>\n<p><strong>POUR DE PLUS AMPLES RENSEIGNEMENTS: <br \/><\/strong>L&rsquo;Association des Sourds du Canada-Canadian Association of the Deaf<br \/>303- 251 Bank Street <br \/>Ottawa, Ontario K2P 1X3 <br \/>(613)565-2882 Voice\/TTY <br \/>(613)565-1207 Fax <br \/><a href=\"https:\/\/cad.ca\"><strong>www.cad.ca<\/strong><\/a><\/p>\n<div align=\"center\"><\/div>\n<\/p><\/div>\n","protected":false},"excerpt":{"rendered":"<p>Le probl\u00e8me Quels sont les termes et d\u00e9finitions \u00abappropri\u00e9s\u00bb pour \u00eatre utilis\u00e9s en ce qui concerne \u00e0 la surdit\u00e9? La position de CAD Les sourds, les devenus sourds et les malentendants sont tous des groupes tr\u00e8s distincts. Utilisation de la terminologie appropri\u00e9e montre le respect de leurs diff\u00e9rences. sourd Un terme m\u00e9dical \/ audiologique se &hellip; <a href=\"https:\/\/cad-asc.ca\/fr\/enjeux-et-notre-position\/la-terminologie\/\" class=\"more-link\">Continue reading <span class=\"screen-reader-text\">La terminologie<\/span><\/a><\/p>\n","protected":false},"author":1,"featured_media":0,"parent":3314,"menu_order":0,"comment_status":"open","ping_status":"open","template":"","meta":{"_acf_changed":false,"_monsterinsights_skip_tracking":false,"_monsterinsights_sitenote_active":false,"_monsterinsights_sitenote_note":"","_monsterinsights_sitenote_category":0,"_uf_show_specific_survey":0,"_uf_disable_surveys":false,"footnotes":""},"class_list":["post-3539","page","type-page","status-publish","hentry"],"acf":[],"_links":{"self":[{"href":"https:\/\/cad-asc.ca\/fr\/wp-json\/wp\/v2\/pages\/3539","targetHints":{"allow":["GET"]}}],"collection":[{"href":"https:\/\/cad-asc.ca\/fr\/wp-json\/wp\/v2\/pages"}],"about":[{"href":"https:\/\/cad-asc.ca\/fr\/wp-json\/wp\/v2\/types\/page"}],"author":[{"embeddable":true,"href":"https:\/\/cad-asc.ca\/fr\/wp-json\/wp\/v2\/users\/1"}],"replies":[{"embeddable":true,"href":"https:\/\/cad-asc.ca\/fr\/wp-json\/wp\/v2\/comments?post=3539"}],"version-history":[{"count":0,"href":"https:\/\/cad-asc.ca\/fr\/wp-json\/wp\/v2\/pages\/3539\/revisions"}],"up":[{"embeddable":true,"href":"https:\/\/cad-asc.ca\/fr\/wp-json\/wp\/v2\/pages\/3314"}],"wp:attachment":[{"href":"https:\/\/cad-asc.ca\/fr\/wp-json\/wp\/v2\/media?parent=3539"}],"curies":[{"name":"wp","href":"https:\/\/api.w.org\/{rel}","templated":true}]}}