{"id":3550,"date":"2014-12-03T07:31:43","date_gmt":"2014-12-03T07:31:43","guid":{"rendered":"http:\/\/cad.ca\/?page_id=3550&#038;lang=fr"},"modified":"2022-08-04T22:08:54","modified_gmt":"2022-08-04T22:08:54","slug":"la-conception-universelle","status":"publish","type":"page","link":"https:\/\/cad-asc.ca\/fr\/enjeux-et-notre-position\/la-conception-universelle\/","title":{"rendered":"Conception universelle"},"content":{"rendered":"<h3>Le Probl\u00e8me :<\/h3>\n<p>Les principes de la conception universelle peuvent \u00eatre appliqu\u00e9s pour am\u00e9liorer l\u2019accessibilit\u00e9 pour les personnes Sourdes.<\/p>\n<h3>Notre position :<\/h3>\n<p>Les principes d\u2019accessibilit\u00e9 universelle ne sont pas \u00ab universels \u00bb s\u2019ils ignorent ou excluent les besoins sp\u00e9ciaux des personnes Sourdes.<\/p>\n<p>L\u2019Association des Sourds du Canada \u2013 Canadian Association of the Deaf reconna\u00eet les sept principes de la conception universelle tels qu\u2019\u00e9tablis par le Centre pour la conception universelle en 1997. Nous ajoutons la perspective Sourde \u00e0 ces principes, comme suit :<\/p>\n<ol>\n<li style=\"list-style-type: none;\">\n<ol>\n<li><strong>Une utilisation \u00e9galitaire \u2014 le concept est utile et commercialisable aux personnes ayant diverses capacit\u00e9s et ne d\u00e9savantage, n\u2019isole, ni ne stigmatise aucun groupe d\u2019usagers.<br \/>\n<\/strong>Nous devrions pouvoir monter \u00e0 bord des avions et des trains sans avoir \u00e0 nous inqui\u00e9ter des changements de porte ou des retards \u00e0 l\u2019embarquement qui sont annonc\u00e9s par syst\u00e8me de haut-parleurs. Nous devrions pouvoir dormir dans les h\u00f4tels en nous sentant en s\u00e9curit\u00e9, sachant que chaque avertisseur d\u2019incendie de l\u2019\u00e9difice est \u00e9quip\u00e9 d\u2019alertes visuelles. Nous devrions pouvoir avoir acc\u00e8s \u00e0 n\u2019importe quel mod\u00e8le de t\u00e9l\u00e9phone, partout et en tout temps. Chose \u00e9tonnante, la majorit\u00e9 des b\u00e2timents du gouvernement f\u00e9d\u00e9ral ont des syst\u00e8mes tr\u00e8s forts de s\u00e9curit\u00e9 \u00e0 chaque entr\u00e9e, interne et externe, qui ne fonctionnent que par la voix. Cela barre l\u2019acc\u00e8s des Sourds aux services publics et aux fonctionnaires que ces m\u00eames Sourds ont aid\u00e9 \u00e0 financer par leurs imp\u00f4ts. Cela leur enl\u00e8ve \u00e9galement la possibilit\u00e9 de travailler \u00e0 l\u2019int\u00e9rieur de ces b\u00e2timents.<\/li>\n<li><strong>La flexibilit\u00e9 d\u2019utilisation \u2014 le concept s\u2019adapte \u00e0 un large \u00e9ventail de pr\u00e9f\u00e9rences et de capacit\u00e9s individuelles.<br \/>\n<\/strong>Un exemple simple de flexibilit\u00e9 d\u2019utilisation pour les personnes Sourdes est celui des t\u00e9l\u00e9phones cellulaires avec messagerie textuelle pour ceux qui sont confiants de la qualit\u00e9 de leur r\u00e9daction, avec capacit\u00e9 de visiophone pour ceux qui pr\u00e9f\u00e8rent utiliser les \u00e9changes visuels et avec les fonctions standard parler\/\u00e9couter pour ceux pouvant utiliser la voix.<\/li>\n<li><strong>Une utilisation simple et intuitive \u2014 l\u2019utilisation du concept est facile \u00e0 comprendre, peu importe l\u2019exp\u00e9rience, les connaissances, les capacit\u00e9s linguistiques ou le niveau actuel de concentration de l\u2019utilisateur.<br \/>\n<\/strong>Beaucoup de t\u00e9l\u00e9viseurs avec microprocesseur int\u00e9gr\u00e9 de d\u00e9codage des sous-titres semblent avoir \u00e9t\u00e9 con\u00e7us pour faire \u00e9chouer toute tentative de faire fonctionner le d\u00e9codeur. La t\u00e9l\u00e9commande peut ou non avoir un bouton pour le sous-titrage. Le t\u00e9l\u00e9viseur lui-m\u00eame peut ou non avoir un bouton pour le sous-titrage sur son panneau avant. Le t\u00e9l\u00e9spectateur peut devoir naviguer \u00e0 travers plusieurs menus sur l\u2019\u00e9cran pour trouver l\u2019activateur des sous-titres. Il n\u2019y a souvent aucune instruction au sujet de la fa\u00e7on de passer d\u2019une option de sous-titrage \u00e0 l\u2019autre pour faire fonctionner le d\u00e9codeur. Il faudra aussi peut-\u00eatre activer le d\u00e9codeur \u00e0 chaque fois qu\u2019on allume l\u2019appareil. En plus, il est bien document\u00e9 que les bo\u00eetes num\u00e9riques fournies par Telus et Shaw et quelques autres compagnies passent outre les contr\u00f4les de sous-titrage et\/ou sont incompatibles avec les contr\u00f4les de sous-titrage du t\u00e9l\u00e9viseur.<\/li>\n<li><strong>L\u2019information perceptible \u2014 le concept communique l\u2019information n\u00e9cessaire efficacement \u00e0 l\u2019utilisateur, peu importent les conditions ambiantes ou des capacit\u00e9s sensorielles de l\u2019utilisateur.<br \/>\n<\/strong>Cela signifie rendre l\u2019information disponible aux personnes Sourdes dans une langue visuelle, soit par les signes, l\u2019interpr\u00e9tation, les pictogrammes, les symboles universels ou dans une langue \u00e9crite de base. Ce principe s\u2019applique \u00e0 toutes les informations. Les personnes non Sourdes n\u2019ont aucunement le droit de d\u00e9cider de quelles informations il sera permis aux personnes Sourdes de prendre connaissance dans un format accessible ; si elles obtiennent l\u2019information compl\u00e8te, alors nous devons l\u2019obtenir aussi. Quoi que ce soit de moindre est discriminatoire.<\/li>\n<li><strong>La tol\u00e9rance pour l\u2019erreur \u2014 la conception r\u00e9duit au minimum des risques et les cons\u00e9quences d\u00e9favorables des actions accidentelles ou fortuites.<br \/>\n<\/strong>Ce principe s\u2019applique bien aux facteurs environnementaux tels que l\u2019\u00e9clairage, les motifs de papier peint et les couleurs de peinture pour murs. Un mauvais \u00e9clairage peut le rendre la communication impossible pour les personnes Sourdes. Les motifs de papier peint, les motifs de rideaux et les couleurs de peinture constituent du bruit visuel pour les personnes Sourdes et peuvent rapidement conduire \u00e0 un surmenage et une fatigue visuelle.<\/li>\n<li><strong>Les dimensions et l\u2019espace libre pour l\u2019approche et l\u2019utilisation \u2014 des dimensions et un espace libre appropri\u00e9s sont fournies pour l\u2019approche, la port\u00e9e, la manipulation et l\u2019utilisation, peu importe la taille du corps, la posture, ou la mobilit\u00e9 de l\u2019utilisateur.<br \/>\n<\/strong>En mati\u00e8re architecturale, les personnes Sourdes ont besoin de b\u00e2timents incluant des espaces ouverts et des coins arrondis et inclin\u00e9s, de sorte que nous puissions voir les personnes s\u2019approchant plut\u00f4t que les entendre. Nous avons besoin de fen\u00eatres et de miroirs dans tout l\u2019int\u00e9rieur du b\u00e2timent, puisque nous ne pouvons pas communiquer en appelant quelqu\u2019un d\u2019autre dans une autre pi\u00e8ce nous devons pouvoir voir l\u2019autre personne. Nous avons \u00e9galement besoin d\u2019un plancher vibrant suffisamment pour permettre de taper du pied pour attirer notre attention ou celle d\u2019une autre personne Sourde.<\/li>\n<li><strong>Peu d\u2019effort physique \u2014 le concept peut \u00eatre utilis\u00e9 efficacement, confortablement et avec un minimum de fatigue.<br \/>\n<\/strong>Les personnes non Sourdes avec une certaine conscience des besoins des Sourds peuvent croire que c\u2019est suffisant de fournir l\u2019interpr\u00e9tation par signes au cours des r\u00e9unions ou des congr\u00e8s ou pour l\u2019\u00e9ducation et la formation. Mais regarder un interpr\u00e8te sans arr\u00eat pendant une journ\u00e9e enti\u00e8re \u00e9puise. Les ordres du jour et les programmes doivent prendre ce fait en consid\u00e9ration et \u00eatre \u00ab con\u00e7us \u00bb pour limiter les pr\u00e9sentations \u00e0 une courte dur\u00e9e, avec des pauses tr\u00e8s fr\u00e9quentes (l\u2019id\u00e9al est toutes les 45 minutes), et avec des occasions de d\u00e9placer le point de concentration visuel en s\u2019\u00e9loignant des interpr\u00e8tes (par l\u2019utilisation de divisions en groupes plus petits, de pr\u00e9sentations visuelles ne comportant pas d\u2019accompagnement verbal prolong\u00e9, de pauses de groupe pour lire les documents imprim\u00e9s, etc.) D\u2019autres exemples des caract\u00e9ristiques de la conception universelle qui sont vraiment universelles du fait qu\u2019elles incluent les personnes Sourdes sont : les boutons facile d\u2019acc\u00e8s pour allumer des lumi\u00e8res d\u2019un lit ou d\u2019une chaise, des r\u00e9veille-matins vibrants, des commutateurs d\u2019\u00e9clairage bidirectionnels dans les entr\u00e9es des chambres ou des salles de bain, des d\u00e9tecteurs clignotants des frappements \u00e0 la porte et de la sonnerie du t\u00e9l\u00e9phone, une signalisation et des indicateurs visuels clairs, des dispositifs visuels de communication \u00e0 l\u2019int\u00e9rieur des ascenseurs et d\u2019autres endroits ferm\u00e9s, et ainsi de suite.<\/li>\n<\/ol>\n<\/li>\n<\/ol>\n<p><strong>APPROUV\u00c9 : 3 JUILLET 2015<\/strong><\/p>\n<p><strong>POUR DE PLUS AMPLES RENSEIGNEMENTS, CONTACTEZ :<\/strong><\/p>\n<p>L\u2019Association des Sourds du Canada-Canadian Association of the Deaf<br \/>\n605 &#8211; 251 rue Bank<br \/>\nOttawa (Ontario) K2P 1X3<br \/>\n(613) 565-2882<br \/>\n<a href=\"https:\/\/cad.ca\/\" target=\"_blank\" rel=\"noopener\">www.cad.ca<\/a><\/p>\n","protected":false},"excerpt":{"rendered":"<p>Le Probl\u00e8me : Les principes de la conception universelle peuvent \u00eatre appliqu\u00e9s pour am\u00e9liorer l\u2019accessibilit\u00e9 pour les personnes Sourdes. Notre position : Les principes d\u2019accessibilit\u00e9 universelle ne sont pas \u00ab universels \u00bb s\u2019ils ignorent ou excluent les besoins sp\u00e9ciaux des personnes Sourdes. L\u2019Association des Sourds du Canada \u2013 Canadian Association of the Deaf reconna\u00eet les &hellip; <a href=\"https:\/\/cad-asc.ca\/fr\/enjeux-et-notre-position\/la-conception-universelle\/\" class=\"more-link\">Continue reading <span class=\"screen-reader-text\">Conception universelle<\/span><\/a><\/p>\n","protected":false},"author":1,"featured_media":0,"parent":3314,"menu_order":0,"comment_status":"closed","ping_status":"closed","template":"page-templates\/position-paper-template.php","meta":{"_acf_changed":false,"_monsterinsights_skip_tracking":false,"_monsterinsights_sitenote_active":false,"_monsterinsights_sitenote_note":"","_monsterinsights_sitenote_category":0,"_uf_show_specific_survey":0,"_uf_disable_surveys":false,"footnotes":""},"class_list":["post-3550","page","type-page","status-publish","hentry"],"acf":[],"_links":{"self":[{"href":"https:\/\/cad-asc.ca\/fr\/wp-json\/wp\/v2\/pages\/3550","targetHints":{"allow":["GET"]}}],"collection":[{"href":"https:\/\/cad-asc.ca\/fr\/wp-json\/wp\/v2\/pages"}],"about":[{"href":"https:\/\/cad-asc.ca\/fr\/wp-json\/wp\/v2\/types\/page"}],"author":[{"embeddable":true,"href":"https:\/\/cad-asc.ca\/fr\/wp-json\/wp\/v2\/users\/1"}],"replies":[{"embeddable":true,"href":"https:\/\/cad-asc.ca\/fr\/wp-json\/wp\/v2\/comments?post=3550"}],"version-history":[{"count":0,"href":"https:\/\/cad-asc.ca\/fr\/wp-json\/wp\/v2\/pages\/3550\/revisions"}],"up":[{"embeddable":true,"href":"https:\/\/cad-asc.ca\/fr\/wp-json\/wp\/v2\/pages\/3314"}],"wp:attachment":[{"href":"https:\/\/cad-asc.ca\/fr\/wp-json\/wp\/v2\/media?parent=3550"}],"curies":[{"name":"wp","href":"https:\/\/api.w.org\/{rel}","templated":true}]}}