{"id":3585,"date":"2014-12-19T06:52:36","date_gmt":"2014-12-19T06:52:36","guid":{"rendered":"http:\/\/cad.ca\/advocacy-action\/employmentemployability\/?lang=fr"},"modified":"2022-07-27T20:00:41","modified_gmt":"2022-07-27T20:00:41","slug":"lemploi","status":"publish","type":"page","link":"https:\/\/cad-asc.ca\/fr\/plaidoyer-et-daction\/lemploi\/","title":{"rendered":"L&#8217;emploi"},"content":{"rendered":"<p>L&rsquo;Association des Sourds du Canada &#8211; Canadian Association of the Deaf (ASC-CAD) promeut les droits de toutes les personnes sourdes pour obtenir un emploi. Le ASC-CAD invite instamment le renforcement de la l\u00e9gislation f\u00e9d\u00e9rale et provinciale \u00e9quit\u00e9 en emploi des campagnes d&rsquo;information plus agressives, pour \u00e9liminer les pr\u00e9occupations des entreprises sur le co\u00fbt de l&rsquo;h\u00e9bergement, et plus de financement pour la communaut\u00e9 des sourds pour lui permettre d&#8217;employer, former et promouvoir les travailleurs sourds.<\/p>\n<p>Juridictions-le f\u00e9d\u00e9rales et provinciales Le gouvernement f\u00e9d\u00e9ral a \u00e9t\u00e9 d\u00e9volue aux provinces de nombreuses responsabilit\u00e9s \u00e0 l&rsquo;\u00e9gard de l&#8217;emploi. Le gouvernement f\u00e9d\u00e9ral conserve la responsabilit\u00e9 de plan de pensions du Canada (RPC), l&rsquo;assurance-emploi (AE), le Fonds de promotion \u00e9conomique (DE) et les ententes sur le march\u00e9 du travail visant les personnes handicap\u00e9es (EMTPH).<\/p>\n<p><a href=\"\/lemploi-et-lemployabilite\/\" target=\"_blank\" rel=\"noopener\">Notre position sur lemploi et l&#8217;employabilit\u00e9<\/a><\/p>\n<p>Int\u00e9ress\u00e9 pour rejoindre sur les questions d&#8217;emploi sourds, s&rsquo;il vous pla\u00eet communiquer avec vos <a href=\"\/adhesion\/#Prov-Affiliates\" target=\"_blank\" rel=\"noopener\">associations provinciales des Sourds<\/a> pour plus d&rsquo;informations.<\/p>\n","protected":false},"excerpt":{"rendered":"<p>L&rsquo;Association des Sourds du Canada &#8211; Canadian Association of the Deaf (ASC-CAD) promeut les droits de toutes les personnes sourdes pour obtenir un emploi. Le ASC-CAD invite instamment le renforcement de la l\u00e9gislation f\u00e9d\u00e9rale et provinciale \u00e9quit\u00e9 en emploi des campagnes d&rsquo;information plus agressives, pour \u00e9liminer les pr\u00e9occupations des entreprises sur le co\u00fbt de l&rsquo;h\u00e9bergement, &hellip; <a href=\"https:\/\/cad-asc.ca\/fr\/plaidoyer-et-daction\/lemploi\/\" class=\"more-link\">Continue reading <span class=\"screen-reader-text\">L&#8217;emploi<\/span><\/a><\/p>\n","protected":false},"author":1,"featured_media":0,"parent":4873,"menu_order":0,"comment_status":"open","ping_status":"open","template":"","meta":{"_acf_changed":false,"_monsterinsights_skip_tracking":false,"_monsterinsights_sitenote_active":false,"_monsterinsights_sitenote_note":"","_monsterinsights_sitenote_category":0,"_uf_show_specific_survey":0,"_uf_disable_surveys":false,"footnotes":""},"class_list":["post-3585","page","type-page","status-publish","hentry"],"acf":[],"_links":{"self":[{"href":"https:\/\/cad-asc.ca\/fr\/wp-json\/wp\/v2\/pages\/3585","targetHints":{"allow":["GET"]}}],"collection":[{"href":"https:\/\/cad-asc.ca\/fr\/wp-json\/wp\/v2\/pages"}],"about":[{"href":"https:\/\/cad-asc.ca\/fr\/wp-json\/wp\/v2\/types\/page"}],"author":[{"embeddable":true,"href":"https:\/\/cad-asc.ca\/fr\/wp-json\/wp\/v2\/users\/1"}],"replies":[{"embeddable":true,"href":"https:\/\/cad-asc.ca\/fr\/wp-json\/wp\/v2\/comments?post=3585"}],"version-history":[{"count":0,"href":"https:\/\/cad-asc.ca\/fr\/wp-json\/wp\/v2\/pages\/3585\/revisions"}],"up":[{"embeddable":true,"href":"https:\/\/cad-asc.ca\/fr\/wp-json\/wp\/v2\/pages\/4873"}],"wp:attachment":[{"href":"https:\/\/cad-asc.ca\/fr\/wp-json\/wp\/v2\/media?parent=3585"}],"curies":[{"name":"wp","href":"https:\/\/api.w.org\/{rel}","templated":true}]}}