{"id":3644,"date":"2014-12-18T12:23:28","date_gmt":"2014-12-18T12:23:28","guid":{"rendered":"http:\/\/cad.ca\/ways-to-give\/?lang=fr"},"modified":"2023-05-16T00:48:55","modified_gmt":"2023-05-16T00:48:55","slug":"manieres-de-donner","status":"publish","type":"page","link":"https:\/\/cad-asc.ca\/fr\/manieres-de-donner\/","title":{"rendered":"Mani\u00e8res de donner"},"content":{"rendered":"<p>Merci d&rsquo;avoir accept\u00e9 d&rsquo;appuyer financi\u00e8rement le large \u00e9ventail de programmes essentiels que fournit l&rsquo;Association des Sourds du Canada &#8211; Canadian Association of the Deaf (ASC-CAD) aux Canadiennes et aux Canadiens Sourds de tous \u00e2ges \u00e0 la grandeur du pays. Vous pouvez faire un <a href=\"\/faire-un-don-a-titre-personnel\/\">don unique<\/a> en ligne par l&rsquo;entremise de notre page de dons s\u00e9curis\u00e9e, mais \u00e9galement des contributions mensuelles, un don substantiel ou un don en h\u00e9ritage. Les dons peuvent aussi \u00eatre apport\u00e9s directement aux bureaux de l&rsquo;ASC-CAD \u00e0 Ottawa, \u00e0 l&rsquo;adresse ci-dessous. Dans le cas de dons de plus de 10 $, un re\u00e7u officiel aux fins de l&rsquo;imp\u00f4t est \u00e9mis.<\/p>\n<p>L&rsquo;ASC-CAD est une \u0153uvre de bienfaisance enregistr\u00e9e qui propose diverses initiatives, y compris des programmes \u00e9ducatifs et de services de garde pour les enfants, des programmes de formation pour les jeunes adultes, des programmes d&rsquo;apprentissage technologique et d&#8217;emploi pour les travailleurs, ainsi que des programmes s&rsquo;adressant aux personnes a\u00een\u00e9es.<\/p>\n<h2>Dons individuels<\/h2>\n<p><a href=\"https:\/\/cad.ca\/fr\/manieres-de-donner\/faire-un-don-a-titre-personnel\/\">Dons uniques<\/a><br \/>\n<a href=\"https:\/\/cad.ca\/fr\/manieres-de-donner\/dons-mensuels\/\">Contributions mensuelles<\/a><br \/>\n<a href=\"https:\/\/cad.ca\/fr\/manieres-de-donner\/dons-majeurs\/\">Dons majeurs<\/a><br \/>\n<a href=\"https:\/\/cad.ca\/fr\/manieres-de-donner\/laisser-un-heritage\/\">Dons testamentaires\/Dons planifi\u00e9s<\/a><\/p>\n<h2>Dons d&rsquo;entreprise<\/h2>\n<p><a href=\"https:\/\/cad.ca\/fr\/manieres-de-donner\/mecenat-partenariats\/\">Commandites et partenariats<\/a><\/p>\n<p>Pour obtenir de plus amples renseignements sur les autres formes de contribution \u00e0 l&rsquo;Association des Sourds du Canada &#8211; Canadian Association of the Deaf, y compris les dons planifi\u00e9s, les dons testamentaires, les rentes, les dons d&rsquo;assurance-vie et les int\u00e9r\u00eats r\u00e9siduels ou fiducies r\u00e9siduaires de bienfaisance, nous vous prions de communiquer avec nous aux coordonn\u00e9es suivantes :<\/p>\n<p>251, rue Bank, bureau 606<br \/>\nOttawa (Ontario) K2P 1X3<br \/>\n(613) 565-2882<br \/>\n<a href=\"mailto:info@cad.ca\">info@cad-asc.ca<\/a><\/p>\n","protected":false},"excerpt":{"rendered":"<p>Merci d&rsquo;avoir accept\u00e9 d&rsquo;appuyer financi\u00e8rement le large \u00e9ventail de programmes essentiels que fournit l&rsquo;Association des Sourds du Canada &#8211; Canadian Association of the Deaf (ASC-CAD) aux Canadiennes et aux Canadiens Sourds de tous \u00e2ges \u00e0 la grandeur du pays. Vous pouvez faire un don unique en ligne par l&rsquo;entremise de notre page de dons s\u00e9curis\u00e9e, &hellip; <a href=\"https:\/\/cad-asc.ca\/fr\/manieres-de-donner\/\" class=\"more-link\">Continue reading <span class=\"screen-reader-text\">Mani\u00e8res de donner<\/span><\/a><\/p>\n","protected":false},"author":1,"featured_media":10181,"parent":0,"menu_order":0,"comment_status":"open","ping_status":"open","template":"","meta":{"_acf_changed":false,"_monsterinsights_skip_tracking":false,"_monsterinsights_sitenote_active":false,"_monsterinsights_sitenote_note":"","_monsterinsights_sitenote_category":0,"_uf_show_specific_survey":0,"_uf_disable_surveys":false,"footnotes":""},"class_list":["post-3644","page","type-page","status-publish","has-post-thumbnail","hentry"],"acf":[],"_links":{"self":[{"href":"https:\/\/cad-asc.ca\/fr\/wp-json\/wp\/v2\/pages\/3644","targetHints":{"allow":["GET"]}}],"collection":[{"href":"https:\/\/cad-asc.ca\/fr\/wp-json\/wp\/v2\/pages"}],"about":[{"href":"https:\/\/cad-asc.ca\/fr\/wp-json\/wp\/v2\/types\/page"}],"author":[{"embeddable":true,"href":"https:\/\/cad-asc.ca\/fr\/wp-json\/wp\/v2\/users\/1"}],"replies":[{"embeddable":true,"href":"https:\/\/cad-asc.ca\/fr\/wp-json\/wp\/v2\/comments?post=3644"}],"version-history":[{"count":0,"href":"https:\/\/cad-asc.ca\/fr\/wp-json\/wp\/v2\/pages\/3644\/revisions"}],"wp:featuredmedia":[{"embeddable":true,"href":"https:\/\/cad-asc.ca\/fr\/wp-json\/wp\/v2\/media\/10181"}],"wp:attachment":[{"href":"https:\/\/cad-asc.ca\/fr\/wp-json\/wp\/v2\/media?parent=3644"}],"curies":[{"name":"wp","href":"https:\/\/api.w.org\/{rel}","templated":true}]}}