{"id":3645,"date":"2014-12-18T12:34:37","date_gmt":"2014-12-18T12:34:37","guid":{"rendered":"http:\/\/cad.ca\/ways-to-give\/sponsorship\/?lang=fr"},"modified":"2023-05-16T00:49:55","modified_gmt":"2023-05-16T00:49:55","slug":"mecenat-partenariats","status":"publish","type":"page","link":"https:\/\/cad-asc.ca\/fr\/manieres-de-donner\/mecenat-partenariats\/","title":{"rendered":"Commandites et partenariats"},"content":{"rendered":"<p>L&rsquo;Association des Sourds du Canada-Canadian Association of the Deaf (ASC-CAD) offre d&rsquo;excellentes opportunit\u00e9s de commandite et de partenariat afin de r\u00e9pondre aux besoins de commercialisation de votre organisation, de divertissement et objectifs philanthropiques.<\/p>\n<p>En soutenant l&rsquo;ASC-CAD, vous aurez acc\u00e8s \u00e0 nos auditoires de connaissances et nous avez personnalis\u00e9 le parrainage et le package de partenariat afin de maximiser l&rsquo;objectif de votre entreprise pour l&rsquo;image de marque pr\u00e9sence qui d\u00e9montre votre soutien pour les personnes Sourdes au Canada.<\/p>\n<p>L&rsquo;ASC-CAD se consacre \u00e0 b\u00e2tir des partenariats solides qui profitent \u00e0 nos commanditaires et \u00e0 leurs publics. Pour plus d&rsquo;informations, veuillez contacter : <a href=\"mailto:info@cad.ca\">info@cad-asc.ca<\/a><\/p>\n","protected":false},"excerpt":{"rendered":"<p>L&rsquo;Association des Sourds du Canada-Canadian Association of the Deaf (ASC-CAD) offre d&rsquo;excellentes opportunit\u00e9s de commandite et de partenariat afin de r\u00e9pondre aux besoins de commercialisation de votre organisation, de divertissement et objectifs philanthropiques. En soutenant l&rsquo;ASC-CAD, vous aurez acc\u00e8s \u00e0 nos auditoires de connaissances et nous avez personnalis\u00e9 le parrainage et le package de partenariat &hellip; <a href=\"https:\/\/cad-asc.ca\/fr\/manieres-de-donner\/mecenat-partenariats\/\" class=\"more-link\">Continue reading <span class=\"screen-reader-text\">Commandites et partenariats<\/span><\/a><\/p>\n","protected":false},"author":1,"featured_media":0,"parent":3644,"menu_order":0,"comment_status":"open","ping_status":"open","template":"","meta":{"_acf_changed":false,"_monsterinsights_skip_tracking":false,"_monsterinsights_sitenote_active":false,"_monsterinsights_sitenote_note":"","_monsterinsights_sitenote_category":0,"_uf_show_specific_survey":0,"_uf_disable_surveys":false,"footnotes":""},"class_list":["post-3645","page","type-page","status-publish","hentry"],"acf":[],"_links":{"self":[{"href":"https:\/\/cad-asc.ca\/fr\/wp-json\/wp\/v2\/pages\/3645","targetHints":{"allow":["GET"]}}],"collection":[{"href":"https:\/\/cad-asc.ca\/fr\/wp-json\/wp\/v2\/pages"}],"about":[{"href":"https:\/\/cad-asc.ca\/fr\/wp-json\/wp\/v2\/types\/page"}],"author":[{"embeddable":true,"href":"https:\/\/cad-asc.ca\/fr\/wp-json\/wp\/v2\/users\/1"}],"replies":[{"embeddable":true,"href":"https:\/\/cad-asc.ca\/fr\/wp-json\/wp\/v2\/comments?post=3645"}],"version-history":[{"count":0,"href":"https:\/\/cad-asc.ca\/fr\/wp-json\/wp\/v2\/pages\/3645\/revisions"}],"up":[{"embeddable":true,"href":"https:\/\/cad-asc.ca\/fr\/wp-json\/wp\/v2\/pages\/3644"}],"wp:attachment":[{"href":"https:\/\/cad-asc.ca\/fr\/wp-json\/wp\/v2\/media?parent=3645"}],"curies":[{"name":"wp","href":"https:\/\/api.w.org\/{rel}","templated":true}]}}