{"id":3656,"date":"2014-12-18T12:37:28","date_gmt":"2014-12-18T12:37:28","guid":{"rendered":"http:\/\/cad.ca\/major-gifts\/?lang=fr"},"modified":"2023-05-16T00:50:44","modified_gmt":"2023-05-16T00:50:44","slug":"dons-majeurs","status":"publish","type":"page","link":"https:\/\/cad-asc.ca\/fr\/manieres-de-donner\/dons-majeurs\/","title":{"rendered":"Dons majeurs"},"content":{"rendered":"<p>Il y a tant de fa\u00e7ons de c\u00e9l\u00e9brer&#8230; Pourquoi ne pas effectuer un don au nom de la personne tant aim\u00e9e de votre vie? Que ce soit pour un anniversaire de naissance, un mariage ou l&rsquo;obtention d&rsquo;un dipl\u00f4me, vous pouvez effectuer un don \u00e0 l&rsquo;Association des Sourds du Canada au nom d&rsquo;une personne que vous souhaitez c\u00e9l\u00e9brer.<\/p>\n<p><a href=\"\/faire-un-don-a-titre-personnel\">Faire un don \u00e0 titre personnel <\/a>(500+ $)<\/p>\n<p>Pour plus d&rsquo;informations sur les autres fa\u00e7ons dont vous pouvez contribuer \u00e0 l&rsquo;Association canadienne des sourds-Association des Sourds du Canada, veuillez contacter notre bureau \u00e0 :<\/p>\n<p>251, rue Bank, bureau 606<br \/>\nOttawa (ON) K2P 1X3<br \/>\n(613) 565-2882<br \/>\n<a href=\"mailto:info@cad.ca\">info@cad-asc.ca<\/a><\/p>\n","protected":false},"excerpt":{"rendered":"<p>Il y a tant de fa\u00e7ons de c\u00e9l\u00e9brer&#8230; Pourquoi ne pas effectuer un don au nom de la personne tant aim\u00e9e de votre vie? Que ce soit pour un anniversaire de naissance, un mariage ou l&rsquo;obtention d&rsquo;un dipl\u00f4me, vous pouvez effectuer un don \u00e0 l&rsquo;Association des Sourds du Canada au nom d&rsquo;une personne que vous &hellip; <a href=\"https:\/\/cad-asc.ca\/fr\/manieres-de-donner\/dons-majeurs\/\" class=\"more-link\">Continue reading <span class=\"screen-reader-text\">Dons majeurs<\/span><\/a><\/p>\n","protected":false},"author":1,"featured_media":0,"parent":3644,"menu_order":0,"comment_status":"open","ping_status":"open","template":"","meta":{"_acf_changed":false,"_monsterinsights_skip_tracking":false,"_monsterinsights_sitenote_active":false,"_monsterinsights_sitenote_note":"","_monsterinsights_sitenote_category":0,"_uf_show_specific_survey":0,"_uf_disable_surveys":false,"footnotes":""},"class_list":["post-3656","page","type-page","status-publish","hentry"],"acf":[],"_links":{"self":[{"href":"https:\/\/cad-asc.ca\/fr\/wp-json\/wp\/v2\/pages\/3656","targetHints":{"allow":["GET"]}}],"collection":[{"href":"https:\/\/cad-asc.ca\/fr\/wp-json\/wp\/v2\/pages"}],"about":[{"href":"https:\/\/cad-asc.ca\/fr\/wp-json\/wp\/v2\/types\/page"}],"author":[{"embeddable":true,"href":"https:\/\/cad-asc.ca\/fr\/wp-json\/wp\/v2\/users\/1"}],"replies":[{"embeddable":true,"href":"https:\/\/cad-asc.ca\/fr\/wp-json\/wp\/v2\/comments?post=3656"}],"version-history":[{"count":0,"href":"https:\/\/cad-asc.ca\/fr\/wp-json\/wp\/v2\/pages\/3656\/revisions"}],"up":[{"embeddable":true,"href":"https:\/\/cad-asc.ca\/fr\/wp-json\/wp\/v2\/pages\/3644"}],"wp:attachment":[{"href":"https:\/\/cad-asc.ca\/fr\/wp-json\/wp\/v2\/media?parent=3656"}],"curies":[{"name":"wp","href":"https:\/\/api.w.org\/{rel}","templated":true}]}}