{"id":3657,"date":"2014-12-18T12:39:01","date_gmt":"2014-12-18T12:39:01","guid":{"rendered":"http:\/\/cad.ca\/monthly-giving\/?lang=fr"},"modified":"2023-05-16T00:52:21","modified_gmt":"2023-05-16T00:52:21","slug":"dons-mensuels","status":"publish","type":"page","link":"https:\/\/cad-asc.ca\/fr\/manieres-de-donner\/dons-mensuels\/","title":{"rendered":"Dons mensuels"},"content":{"rendered":"<div id=\"rightContent_sub\" style=\"min-height: 1000px;\">Si vous souhaitez plut\u00f4t effectuer des dons sur une base r\u00e9guli\u00e8re, notre plan de dons mensuels est tout indiqu\u00e9 pour vous. Il y a deux options possibles, soit 1) par ch\u00e8que : faites-nous parvenir un \u00e9chantillon de ch\u00e8que annul\u00e9 en indiquant le montant que vous souhaitez contribuer, apr\u00e8s quoi des versements mensuels seront tir\u00e9s de votre compte bancaire; ou 2) par carte de cr\u00e9dit : il vous suffit de fournir le num\u00e9ro de votre carte de cr\u00e9dit et sa date d&rsquo;expiration, apr\u00e8s quoi le montant indiqu\u00e9 sera d\u00e9bit\u00e9 de votre carte. L&rsquo;Association des Sourds du Canada traite les paiements tous les 15 du mois, selon le montant de votre choix.<\/p>\n<p>Il s&rsquo;agit d&rsquo;une excellente option pour les personnes souhaitant contribuer de mani\u00e8re continue. Il est possible d&rsquo;annuler ou d&rsquo;arr\u00eater les paiements en tout temps, en communiquant avec l&rsquo;Association des Sourds du Canada.<\/p>\n<p>Vous pouvez cesser ou modifier votre paiement mensuel en tout temps, tout simplement en communiquant avec nous par \u00e9crit ou par t\u00e9l\u00e9phone au 613-565-2882. Un re\u00e7u cumulatif aux fins de l&rsquo;imp\u00f4t est \u00e9mis \u00e0 la fin de chaque ann\u00e9e financi\u00e8re.<\/p>\n<p><strong>Par la poste<br \/>\n<\/strong>Association des Sourds du Canada<br \/>\n303-251, rue Bank<br \/>\nOttawa (Ontario) K2P 1X3<\/p>\n<p><strong>ATS\/voix<\/strong><br \/>\n(613) 565-2882<\/p>\n<p><a href=\"mailto:info@cad.ca\">info@cad-asc.ca<\/a><\/p>\n<\/div>\n","protected":false},"excerpt":{"rendered":"<p>Si vous souhaitez plut\u00f4t effectuer des dons sur une base r\u00e9guli\u00e8re, notre plan de dons mensuels est tout indiqu\u00e9 pour vous. Il y a deux options possibles, soit 1) par ch\u00e8que : faites-nous parvenir un \u00e9chantillon de ch\u00e8que annul\u00e9 en indiquant le montant que vous souhaitez contribuer, apr\u00e8s quoi des versements mensuels seront tir\u00e9s de &hellip; <a href=\"https:\/\/cad-asc.ca\/fr\/manieres-de-donner\/dons-mensuels\/\" class=\"more-link\">Continue reading <span class=\"screen-reader-text\">Dons mensuels<\/span><\/a><\/p>\n","protected":false},"author":1,"featured_media":0,"parent":3644,"menu_order":0,"comment_status":"open","ping_status":"open","template":"","meta":{"_acf_changed":false,"_monsterinsights_skip_tracking":false,"_monsterinsights_sitenote_active":false,"_monsterinsights_sitenote_note":"","_monsterinsights_sitenote_category":0,"_uf_show_specific_survey":0,"_uf_disable_surveys":false,"footnotes":""},"class_list":["post-3657","page","type-page","status-publish","hentry"],"acf":[],"_links":{"self":[{"href":"https:\/\/cad-asc.ca\/fr\/wp-json\/wp\/v2\/pages\/3657","targetHints":{"allow":["GET"]}}],"collection":[{"href":"https:\/\/cad-asc.ca\/fr\/wp-json\/wp\/v2\/pages"}],"about":[{"href":"https:\/\/cad-asc.ca\/fr\/wp-json\/wp\/v2\/types\/page"}],"author":[{"embeddable":true,"href":"https:\/\/cad-asc.ca\/fr\/wp-json\/wp\/v2\/users\/1"}],"replies":[{"embeddable":true,"href":"https:\/\/cad-asc.ca\/fr\/wp-json\/wp\/v2\/comments?post=3657"}],"version-history":[{"count":0,"href":"https:\/\/cad-asc.ca\/fr\/wp-json\/wp\/v2\/pages\/3657\/revisions"}],"up":[{"embeddable":true,"href":"https:\/\/cad-asc.ca\/fr\/wp-json\/wp\/v2\/pages\/3644"}],"wp:attachment":[{"href":"https:\/\/cad-asc.ca\/fr\/wp-json\/wp\/v2\/media?parent=3657"}],"curies":[{"name":"wp","href":"https:\/\/api.w.org\/{rel}","templated":true}]}}