{"id":3753,"date":"2015-01-29T14:30:47","date_gmt":"2015-01-29T14:30:47","guid":{"rendered":"http:\/\/cad.ca\/?page_id=3753&#038;lang=fr"},"modified":"2015-09-14T09:06:57","modified_gmt":"2015-09-14T09:06:57","slug":"droits-dauteur-et-permission-de-dupliquer","status":"publish","type":"page","link":"https:\/\/cad-asc.ca\/fr\/droits-dauteur-et-permission-de-dupliquer\/","title":{"rendered":"Droits d\u2019auteur et permission de dupliquer"},"content":{"rendered":"<div id=\"rightContent_sub\">\nLa conception et le contenu de ce site web, y compris le texte, les graphiques et les photos sont la propri\u00e9t\u00e9 de l\u2019Association canadienne de sourds-Canadian Association of the Deaf \u00e0 moins qu\u2019ils n\u2019appartiennent \u00e0 l\u2019auteur de l\u2019original.<\/p>\n<p>Ils sont prot\u00e9g\u00e9s par les droits d\u2019auteur sous les lois canadiennes, am\u00e9ricaines et internationales.<\/p>\n<p>Si vous d\u00e9sirez reproduire n\u2019importe quelle partie de ce site pour quelque\u2019objectif que ce soit, veuillez nous contacter et nous en faire part.<\/p>\n<p>Nous donnons des renseignements mais pas des conseils m\u00e9dicaux ou l\u00e9gaux.<\/p>\n<p>Les renseignements sur ce site ne sont propos\u00e9s que dans le but d\u2019informer. Ils ne repr\u00e9sentent aucunement un substitut de conseil personnel. Si vous avez des questions concernant votre situation m\u00e9dicale, veuillez contacter votre m\u00e9decin ou tout autre fournisseur de soins de sant\u00e9. Si par contre, vous avez besoin de conseils juridiques, vous devez absolument contacter un sp\u00e9cialiste juridique d\u00fbment brevet\u00e9.\n<\/p><\/div>\n","protected":false},"excerpt":{"rendered":"<p>La conception et le contenu de ce site web, y compris le texte, les graphiques et les photos sont la propri\u00e9t\u00e9 de l\u2019Association canadienne de sourds-Canadian Association of the Deaf \u00e0 moins qu\u2019ils n\u2019appartiennent \u00e0 l\u2019auteur de l\u2019original. Ils sont prot\u00e9g\u00e9s par les droits d\u2019auteur sous les lois canadiennes, am\u00e9ricaines et internationales. Si vous d\u00e9sirez &hellip; <a href=\"https:\/\/cad-asc.ca\/fr\/droits-dauteur-et-permission-de-dupliquer\/\" class=\"more-link\">Continue reading <span class=\"screen-reader-text\">Droits d\u2019auteur et permission de dupliquer<\/span><\/a><\/p>\n","protected":false},"author":1,"featured_media":0,"parent":0,"menu_order":0,"comment_status":"open","ping_status":"open","template":"","meta":{"_acf_changed":false,"_monsterinsights_skip_tracking":false,"_monsterinsights_sitenote_active":false,"_monsterinsights_sitenote_note":"","_monsterinsights_sitenote_category":0,"_uf_show_specific_survey":0,"_uf_disable_surveys":false,"footnotes":""},"class_list":["post-3753","page","type-page","status-publish","hentry"],"acf":[],"_links":{"self":[{"href":"https:\/\/cad-asc.ca\/fr\/wp-json\/wp\/v2\/pages\/3753","targetHints":{"allow":["GET"]}}],"collection":[{"href":"https:\/\/cad-asc.ca\/fr\/wp-json\/wp\/v2\/pages"}],"about":[{"href":"https:\/\/cad-asc.ca\/fr\/wp-json\/wp\/v2\/types\/page"}],"author":[{"embeddable":true,"href":"https:\/\/cad-asc.ca\/fr\/wp-json\/wp\/v2\/users\/1"}],"replies":[{"embeddable":true,"href":"https:\/\/cad-asc.ca\/fr\/wp-json\/wp\/v2\/comments?post=3753"}],"version-history":[{"count":0,"href":"https:\/\/cad-asc.ca\/fr\/wp-json\/wp\/v2\/pages\/3753\/revisions"}],"wp:attachment":[{"href":"https:\/\/cad-asc.ca\/fr\/wp-json\/wp\/v2\/media?parent=3753"}],"curies":[{"name":"wp","href":"https:\/\/api.w.org\/{rel}","templated":true}]}}