{"id":4823,"date":"2015-08-27T13:38:19","date_gmt":"2015-08-27T13:38:19","guid":{"rendered":"http:\/\/cad.ca\/?page_id=4823&#038;lang=fr"},"modified":"2022-07-14T19:37:41","modified_gmt":"2022-07-14T19:37:41","slug":"sur-lasc-cad","status":"publish","type":"page","link":"https:\/\/cad-asc.ca\/fr\/sur-lasc-cad\/","title":{"rendered":"\u00c0 propos de l&rsquo;ASC-CAD"},"content":{"rendered":"<p>L\u2019Association des Sourds du Canada-Canadian Association of the Deaf (L\u2019ASC-CAD) est la plus ancienne des organisations nationales de consommateurs de, par et pour les individus Sourds au Canada pour avoir ses int\u00e9r\u00eats repr\u00e9sent\u00e9s au niveau national.<\/p>\n<p>L\u2019ASC-CAD cette association fut cr\u00e9e en 1940 et a \u00e9t\u00e9 baptis\u00e9e avec le nom de l\u2019Association Interprovinciale des Sourds par trois grandes associations r\u00e9gionales des Sourdes \u2013 l\u2019Association du Canada Ouest, l\u2019Association de l\u2019Ontario et l\u2019Association du Canada Est \u2014 avec le support de l\u2019Association des Sourds de Montr\u00e9al. En 1948, l\u2019Association a \u00e9t\u00e9 constitu\u00e9e sous le r\u00e9gime de la loi f\u00e9d\u00e9rale, et aujourd&rsquo;hui inclut l&rsquo;adh\u00e9sion d&rsquo;associations Sourdes locales, provinciales et nationales de la c\u00f4te \u00e0 la c\u00f4te.<\/p>\n<p>L\u2019ASC-CAD offre des consultations et de l\u2019information sur les besoins des Sourds et leurs int\u00e9r\u00eats au public, aux entreprises, aux m\u00e9dias, aux \u00e9ducateurs et autres. Nous effectuons des recherches et des collectes des donn\u00e9es sur les questions li\u00e9es \u00e0 la surdit\u00e9 ; nous r\u00e9digeons des rapports sur ces \u00e9tudes et offrons une expertise sur ce sujet. Nous sommes aussi responsables pour la cr\u00e9ation et l\u2019ex\u00e9cution des programmes exp\u00e9rimentaux. Nous offrons une aide aux organismes et agences de services pour Sourds dans tout le pays et nous poss\u00e9dons \u00e9galement une tr\u00e8s grande biblioth\u00e8que et un centre de ressource sur la surdit\u00e9 dans nos bureaux \u00e0 Ottawa, en Ontario.<\/p>\n\n\n<p><strong><span class=\"bold\">L&rsquo;Association des Sourds du Canada <\/span><\/strong><span class=\"bold\">\u2013 Canadian Association of the Deaf, c&rsquo;est quoi, c&rsquo;est qui<\/span><strong><span class=\"bold\">?<\/span><\/strong><\/p>\n\n\n\n<ul class=\"wp-block-list\"><li><a href=\"\/fr\/sur-lasc\/histoire\/\" target=\"_self\" rel=\"noopener\">Histoire<\/a><\/li><li><a href=\"\/le-conseil-dadministration\" target=\"_self\" rel=\"noopener\">Conseil d&rsquo;administration\/<\/a><\/li><li><a href=\"\/Personnel\" target=\"_self\" rel=\"noopener\">Personnel<\/a><\/li><li><a href=\"\/Carrieres\" target=\"_self\" rel=\"noopener\">Carri\u00e8res<\/a><\/li><li><a href=\"\/Comites\" target=\"_self\" rel=\"noopener\">Comit\u00e9s<\/a><\/li><li><a href=\"\/les-bailleurs-de-fonds-et-partenaires\" target=\"_self\" rel=\"noopener\">Bailleurs de fonds et partenaires<\/a><\/li><li><a href=\"\/prix-et-mentions\" target=\"_self\" rel=\"noopener\">Prix et mentions<\/a><\/li><li><a href=\"\/federation-mondiale-des-sourds\" target=\"_self\" rel=\"noopener\">F\u00e9d\u00e9ration Mondiale des Sourds<\/a><\/li><li><a href=\"\/cad-bylaws-french\" target=\"_self\" rel=\"noopener\">R\u00e8glements de l&rsquo;ASC-CAD<\/a><\/li><li><a href=\"\/e-store\" target=\"_self\" rel=\"noopener\">Boutique en ligne<\/a><\/li><\/ul>\n","protected":false},"excerpt":{"rendered":"<p>L\u2019Association des Sourds du Canada-Canadian Association of the Deaf (L\u2019ASC-CAD) est la plus ancienne des organisations nationales de consommateurs de, par et pour les individus Sourds au Canada pour avoir ses int\u00e9r\u00eats repr\u00e9sent\u00e9s au niveau national. L\u2019ASC-CAD cette association fut cr\u00e9e en 1940 et a \u00e9t\u00e9 baptis\u00e9e avec le nom de l\u2019Association Interprovinciale des Sourds &hellip; <a href=\"https:\/\/cad-asc.ca\/fr\/sur-lasc-cad\/\" class=\"more-link\">Continue reading <span class=\"screen-reader-text\">\u00c0 propos de l&rsquo;ASC-CAD<\/span><\/a><\/p>\n","protected":false},"author":1,"featured_media":10181,"parent":0,"menu_order":0,"comment_status":"closed","ping_status":"closed","template":"","meta":{"_acf_changed":false,"_monsterinsights_skip_tracking":false,"_monsterinsights_sitenote_active":false,"_monsterinsights_sitenote_note":"","_monsterinsights_sitenote_category":0,"_uf_show_specific_survey":0,"_uf_disable_surveys":false,"footnotes":""},"class_list":["post-4823","page","type-page","status-publish","has-post-thumbnail","hentry"],"acf":[],"_links":{"self":[{"href":"https:\/\/cad-asc.ca\/fr\/wp-json\/wp\/v2\/pages\/4823","targetHints":{"allow":["GET"]}}],"collection":[{"href":"https:\/\/cad-asc.ca\/fr\/wp-json\/wp\/v2\/pages"}],"about":[{"href":"https:\/\/cad-asc.ca\/fr\/wp-json\/wp\/v2\/types\/page"}],"author":[{"embeddable":true,"href":"https:\/\/cad-asc.ca\/fr\/wp-json\/wp\/v2\/users\/1"}],"replies":[{"embeddable":true,"href":"https:\/\/cad-asc.ca\/fr\/wp-json\/wp\/v2\/comments?post=4823"}],"version-history":[{"count":0,"href":"https:\/\/cad-asc.ca\/fr\/wp-json\/wp\/v2\/pages\/4823\/revisions"}],"wp:featuredmedia":[{"embeddable":true,"href":"https:\/\/cad-asc.ca\/fr\/wp-json\/wp\/v2\/media\/10181"}],"wp:attachment":[{"href":"https:\/\/cad-asc.ca\/fr\/wp-json\/wp\/v2\/media?parent=4823"}],"curies":[{"name":"wp","href":"https:\/\/api.w.org\/{rel}","templated":true}]}}