{"id":4846,"date":"2015-08-27T14:27:14","date_gmt":"2015-08-27T14:27:14","guid":{"rendered":"http:\/\/cad.ca\/?page_id=4846&#038;lang=fr"},"modified":"2026-04-09T19:00:56","modified_gmt":"2026-04-09T19:00:56","slug":"adhesion","status":"publish","type":"page","link":"https:\/\/cad-asc.ca\/fr\/adhesion\/","title":{"rendered":"adh\u00e9sion"},"content":{"rendered":"<h2>Nouvelle adh\u00e9sion ou renouvellement de l&rsquo;adh\u00e9sion<\/h2>\n<p>Joignez-vous \u00e0 nos milliers de membres et faites partie de l&rsquo;Association des Sourds du Canada &#8211; Canadian Association of the Deaf (ASC-CAD), la plus ancienne organisation nationale de consommateurs de, par et pour les personnes sourdes au Canada. \u00c0 titre d&rsquo;organisme sans but lucratif, l&rsquo;ASC-CAD accueille toutes celles et tous ceux qui soutiennent sa mission et ses objectifs. Votre adh\u00e9sion permet \u00e0 l&rsquo;ASC-CAD de promouvoir et de prot\u00e9ger les droits, les besoins et les pr\u00e9occupations des personnes Sourdes du Canada, gr\u00e2ce \u00e0 des efforts de plaidoyer pour avoir ses int\u00e9r\u00eats repr\u00e9sent\u00e9s au niveau national.<\/p>\n<h3>Adh\u00e9sion individuelle<\/h3>\n<ul>\n<li><a href=\"\/devenir-membre\">Devenir membre<\/a><\/li>\n<li>R\u00e9gulier &#8211; 25 $\/ann\u00e9e<\/li>\n<\/ul>\n<h3>Adh\u00e9sion autochtone<\/h3>\n<ul>\n<li><a href=\"https:\/\/cad-asc.ca\/fr\/devenir-membre-autochtone\/\">Devenir membre autochtone<\/a><\/li>\n<li>R\u00e9gulier &#8211; 0 $\/ann\u00e9e<\/li>\n<li>Adh\u00e9sion \u00e0 vie<\/li>\n<\/ul>\n<h3>Affili\u00e9s provinciaux et organisationnels<\/h3>\n<ul>\n<li>Devenir affili\u00e9 : pour obtenir le formulaire d&rsquo;adh\u00e9sion \u00e0 titre d&rsquo;affili\u00e9 provincial ou organisationnel, pri\u00e8re de communiquer avec les bureaux de l&rsquo;ASC-CAD \u00e0 l&rsquo;adresse <a href=\"mailto:info@cad.ca\">info@cad-asc.ca<\/a><\/li>\n<li>Affili\u00e9s provinciaux &#8211; 300 $\/ann\u00e9e<\/li>\n<li>Affili\u00e9s organisationnels \u2013 100 $\/ann\u00e9e<br \/>\nVous pouvez consulter en bas de page la liste des affili\u00e9s et organisationnels en r\u00e8gle de ASC-CAD.<\/li>\n<\/ul>\n<h3>Avantages de l&rsquo;adh\u00e9sion :<\/h3>\n<ul>\n<li>V\u00e9rification document\u00e9e de votre adh\u00e9sion par courriel.<\/li>\n<li>Mises \u00e0 jour et annonces r\u00e9guli\u00e8res.<\/li>\n<li>Certains privil\u00e8ges d&rsquo;observateur lors des assembl\u00e9es g\u00e9n\u00e9rales annuelles, en personne ou virtuelles (en ligne).<br \/>\n(Le type de privil\u00e8ge est fonction du type d&rsquo;adh\u00e9sion. Consultez la politique pour plus d&rsquo;information.)<\/li>\n<li>Rabais de 15 % sur les publications et produits de l\u2019ASC-CAD.<\/li>\n<li>Rabais de 15 % sur les \u00e9v\u00e9nements, notamment congr\u00e8s, ateliers, formation, tables rondes et autres activit\u00e9s.<\/li>\n<li>Participation possible \u00e0 des comit\u00e9s, groupes de travail ou \u00e9quipes strat\u00e9giques.<\/li>\n<li>Possibilit\u00e9 d&rsquo;exiger la trousse compl\u00e8te des rapports de l&rsquo;AGA pour l&rsquo;ann\u00e9e pr\u00e9c\u00e9dant l&rsquo;adh\u00e9sion.<\/li>\n<li>Possibilit\u00e9 d&rsquo;exiger les proc\u00e8s-verbaux des AGA jusqu&rsquo;\u00e0 trois ans pr\u00e9c\u00e9dant l&rsquo;adh\u00e9sion.<\/li>\n<li>Et plus encore!<\/li>\n<\/ul>\n<h2>Politiques d&rsquo;adh\u00e9sion<\/h2>\n<h3>Politique d&rsquo;adh\u00e9sion &#8211; Membres individuels<\/h3>\n<p>La pr\u00e9sente politique d&rsquo;adh\u00e9sion contient des renseignements importants pour toute personne d\u00e9sireuse de devenir membre ou pour tout membre actuel. La politique pr\u00e9cise les cotisations applicables, les avantages, les crit\u00e8res d&rsquo;admissibilit\u00e9, les proc\u00e9dures et les formulaires.<\/p>\n<h4>Cotisations des membres<\/h4>\n<p>Les cotisations des membres (droits) sont fix\u00e9es par le conseil d&rsquo;administration de l&rsquo;ASC-CAD. Les membres sont avis\u00e9s par \u00e9crit, ou par voie \u00e9lectronique, des cotisations \u00e0 verser (membres ndividuels : 25 $\/ann\u00e9e). L&rsquo;adh\u00e9sion des membres d\u00e9bute le premier jour de l&rsquo;ann\u00e9e financi\u00e8re (1er avril) et se termine le dernier jour de la m\u00eame ann\u00e9e financi\u00e8re (31 mars). Dans le cas d&rsquo;un membre qui ne renouvelle pas son adh\u00e9sion dans une p\u00e9riode de 45 jours pr\u00e9c\u00e9dant l&rsquo;Assembl\u00e9e g\u00e9n\u00e9rale annuelle, cette personne cesse alors automatiquement d&rsquo;\u00eatre membr de l&rsquo;ASC-CAD.<\/p>\n<h4>Crit\u00e8res d&rsquo;admissibilit\u00e9<\/h4>\n<ul>\n<li>Toutes les demandes d&rsquo;adh\u00e9sion doivent \u00eatre accompagn\u00e9es du paiement int\u00e9gral des cotisations aff\u00e9rentes.<\/li>\n<li>Tous les membres doivent appuyer la mission et la vision de l&rsquo;ASC-CAD, dans sa d\u00e9fense et promotion des droits en mati\u00e8re de langue des signes, des droits de la personne et des droits d&rsquo;\u00e9quit\u00e9 et d&rsquo;accessibilit\u00e9 des Canadiennes et Canadiens sourds, sourds-aveugles et malentendants qui utilisent les langues des signes.<\/li>\n<li>Tous les membres individuels doivent avoir un statut l\u00e9gal au Canada au moment de leur adh\u00e9sion. Ces personnes doivent avoir au moins 18 ans, et doivent avoir le droit elles-m\u00eames de conclure des contrats dans la m\u00eame ann\u00e9e civile correspondant \u00e0 l&rsquo;ann\u00e9e de leur adh\u00e9sion \u00e0 titre de membre.<\/li>\n<\/ul>\n<p>L&rsquo;ASC-CAD est une organisation de la soci\u00e9t\u00e9 civile qui respecte les principes et les pratiques d&rsquo;inclusion, de diversit\u00e9 et d&rsquo;\u00e9galit\u00e9. Pour toutes les cat\u00e9gories de membre, tout membre peut se voir refuser l&rsquo;adh\u00e9sion ou se faire retire sont statut actuel de membre s&rsquo;il est d\u00e9termin\u00e9 que ce dernier a enfreint les principes et pratiques dans quelque situation que ce soit, priv\u00e9e ou publique.<\/p>\n<p>Tel que stipul\u00e9 dans les r\u00e8glements de l&rsquo;ASC-CAD, Section II, Membres; 6, Cat\u00e9gorie de membres : \u00ab La soci\u00e9t\u00e9 comprend des membres \u00e0 part enti\u00e8re, les membres organisationnels et les membres individuels dont la demande d\u2019adh\u00e9sion re\u00e7ue par le conseil d\u2019administration de la Soci\u00e9t\u00e9 est approuv\u00e9e chaque exercice financier \u00e0 la seule discr\u00e9tion de ce dernier.\u00a0\u00bb<\/p>\n<h4>Proc\u00e9dure<\/h4>\n<ol>\n<li>En r\u00e8gle g\u00e9n\u00e9rale, l&rsquo;adh\u00e9sion individuelle est consentie une fois rempli le formulaire de membre appropri\u00e9 et accept\u00e9es les conditions d&rsquo;adh\u00e9sion.<\/li>\n<li>Le bureau de l&rsquo;ASC-CAD fait office d&rsquo;organisme de s\u00e9lection afin de s&rsquo;assurer que les demandes d&rsquo;adh\u00e9sion satisfasse aux exigences en la mati\u00e8re, y compris les crit\u00e8res d&rsquo;admissibilit\u00e9.<\/li>\n<li>Conform\u00e9ment \u00e0 la Section 6 des r\u00e8glements, le conseil d&rsquo;administration de l&rsquo;ASC-CAD peut, \u00e0 sa seule discr\u00e9tion, approuver et \u00e9valuer toutes les demandes d&rsquo;adh\u00e9sion. Toute adh\u00e9sion peut \u00eatre suspendue jusqu&rsquo;\u00e0 l&rsquo;AGM subs\u00e9quente ou une r\u00e9union sp\u00e9ciale du conseil. Toutes les d\u00e9cisions rendues sont finales et ne peuvent faire l&rsquo;objet d&rsquo;un appel. Tout adh\u00e9rent dont l&rsquo;adh\u00e9sion pour l&rsquo;ann\u00e9e en cours a \u00e9t\u00e9 rejet\u00e9e peut faire demande \u00e0 nouveau l&rsquo;ann\u00e9e suivante. Toute membre peut se retirer en tout temps, sans remboursement.<\/li>\n<li>Le paiement des cotisations est NON remboursable.<\/li>\n<\/ol>\n<p>Approuv\u00e9 : f\u00e9vrier 2021<br \/>\nNota : La pr\u00e9sente politique peut \u00eatre modifi\u00e9e afin de tenir compte de modifications subs\u00e9quentes apport\u00e9es aux r\u00e8glements.<\/p>\n<p><iframe loading=\"lazy\" title=\"YouTube video player\" src=\"https:\/\/www.youtube.com\/embed\/dLgXMKRiNro\" width=\"560\" height=\"315\" frameborder=\"0\" allowfullscreen=\"allowfullscreen\"><\/iframe><\/p>\n<h3>Politique d&rsquo;adh\u00e9sion &#8211; Affili\u00e9s provinciaux\/territoriaux et organisationnels<\/h3>\n<h3>Politique d&rsquo;adh\u00e9sion &#8211; Membres affili\u00e9s<\/h3>\n<p>La pr\u00e9sente politique d&rsquo;adh\u00e9sion contient des renseignements importants pour toute organisation d\u00e9sireuse de devenir membre ou pour tout membre actuel. La politique pr\u00e9cise les cotisations applicables, les avantages, les crit\u00e8res d&rsquo;admissibilit\u00e9, les proc\u00e9dures et les formulaires.<\/p>\n<h3>Cat\u00e9gories de membre<\/h3>\n<p>Conform\u00e9ment aux r\u00e8glements, l&rsquo;on d\u00e9nombre deux cat\u00e9gories de membre organisationnel :<\/p>\n<ul>\n<li><span style=\"font-weight: 400;\">Affili\u00e9s provinciaux\/territoriaux <\/span>\u2013 associations de Sourds provinciales seulement; sauf dans le cas d&rsquo;absence d&rsquo;association provinciale, l&rsquo;on peut jusqu&rsquo;\u00e0 deux associations locales de Sourds (pour plus d&rsquo;information, pri\u00e8re de consulter les r\u00e8glements).<\/li>\n<li>Affili\u00e9s organisationnels \u2013 associations nationale, r\u00e9gionales ou locales de Sourds.<\/li>\n<\/ul>\n<h3>Cotisations de membres<\/h3>\n<p>Les cotisations des membres (droits) sont fix\u00e9es par le conseil d&rsquo;administration de l&rsquo;ASC-CAD. Les membres sont avis\u00e9s par \u00e9crit, ou par voie \u00e9lectronique, des cotisations \u00e0 verser.<\/p>\n<ul>\n<li>Affili\u00e9s provinciaux\/territoriaux : 300 $\/ann\u00e9e.<\/li>\n<li>Affili\u00e9s organisationnels : 100 $\/ann\u00e9e.<\/li>\n<\/ul>\n<p>L&rsquo;adh\u00e9sion des membres d\u00e9bute le premier jour de l&rsquo;ann\u00e9e financi\u00e8re (1er avril) et se termine le dernier jour de la m\u00eame ann\u00e9e financi\u00e8re (31 mars). Dans le cas d&rsquo;un membre qui ne renouvelle pas son adh\u00e9sion dans une p\u00e9riode de 45 jours pr\u00e9c\u00e9dant l&rsquo;Assembl\u00e9e g\u00e9n\u00e9rale annuelle, cette personne cesse alors automatiquement d&rsquo;\u00eatre membr de l&rsquo;ASC-CAD.<\/p>\n<p>Les cotisations ne sont pas remboursables.<\/p>\n<h3>Avantages de l&rsquo;adh\u00e9sion<\/h3>\n<p><span style=\"font-weight: 400;\">Les afili\u00e9s provinciaux\/territoriaux peuvent nommer jusqu&rsquo;\u00e0 deux repr\u00e9sentants \u00e0 l&rsquo;AGA de l&rsquo;ASC-CAD, alors que les affili\u00e9s organisationnels peuvent en nommer un. Chaque membre affili\u00e9 a droit de vote, tel que d\u00e9crit dans les r\u00e8glements de l&rsquo;ASC-<\/span>CAD, ce qui comprend la possibilit\u00e9 de soumettre des motions et de proposer des modifications aux r\u00e8glements, conform\u00e9ment aux r\u00e8glements et aux \u00e9ch\u00e9anciers de l&rsquo;ASC-ASC en la mati\u00e8re.<\/p>\n<ul>\n<li>Mises \u00e0 jour et annonces r\u00e9guli\u00e8res.<\/li>\n<li>Envoi des rapports annuels, des proc\u00e8s-verbaux et d&rsquo;autres documents avant la tenue de l&rsquo;assembl\u00e9e g\u00e9n\u00e9rale annuelle.<\/li>\n<li>Rabais de 15 % sur les publications et produits de l\u2019ASC-CAD.<\/li>\n<li>Rabais de 15 % sur les \u00e9v\u00e9nements, notamment congr\u00e8s, ateliers, formation, assembl\u00e9es publiques, tables rondes et autres activit\u00e9s, usqu&rsquo;\u00e0 un maximum de deux membres du conseil d&rsquo;administration de l&rsquo;organisation (c.-\u00e0-d., autres que les membres g\u00e9n\u00e9raux).<\/li>\n<li>Participation possible \u00e0 des comit\u00e9s, groupes de travail ou \u00e9quipes strat\u00e9giques (limite d&rsquo;un repr\u00e9sentant par comit\u00e9).<\/li>\n<\/ul>\n<h3>Crit\u00e8res d&rsquo;admissibilit\u00e9<\/h3>\n<ul>\n<li>Toutes les demandes d&rsquo;adh\u00e9sion doivent \u00eatre accompagn\u00e9es du paiement int\u00e9gral des cotisations aff\u00e9rentes.<\/li>\n<li>Tous les membres doivent appuyer la mission et la vision de l&rsquo;ASC-CAD, dans sa d\u00e9fense et promotion des droits en mati\u00e8re de langue des signes, des droits de la personne et des droits d&rsquo;\u00e9quit\u00e9 et d&rsquo;accessibilit\u00e9 des Canadiennes et Canadiens sourds, sourds-aveugles et malentendants qui utilisent les langues des signes.<\/li>\n<li>Les membres affili\u00e9s doivent se situer au Canada. Les organisations situ\u00e9es dans d&rsquo;autres pays ne peuvent \u00eatre affili\u00e9es \u00e0 l&rsquo;ASC-CAD.<\/li>\n<\/ul>\n<p>L&rsquo;ASC-CAD est une organisation de la soci\u00e9t\u00e9 civile qui respecte les principes et les pratiques d&rsquo;inclusion, de diversit\u00e9 et d&rsquo;\u00e9galit\u00e9. Pour toutes les cat\u00e9gories de membre, tout membre peut se voir refuser l&rsquo;adh\u00e9sion ou se faire retirer sont statut actuel de membre s&rsquo;il est d\u00e9termin\u00e9 que ce dernier a enfreint les principes et pratiques dans quelque situation que ce soit, priv\u00e9e ou publique.<\/p>\n<p>Tel que stipul\u00e9 dans les r\u00e8glements de l&rsquo;ASC-CAD, Section II, Membres; 6, Cat\u00e9gorie de membres : \u00ab La soci\u00e9t\u00e9 comprend des membres \u00e0 part enti\u00e8re, les membres organisationnels et les membres individuels dont la demande d\u2019adh\u00e9sion re\u00e7ue par le conseil d\u2019administration de la Soci\u00e9t\u00e9 est approuv\u00e9e chaque exercice financier \u00e0 la seule discr\u00e9tion de ce dernier.\u00a0\u00bb<\/p>\n<h4>Proc\u00e9dure<\/h4>\n<ol>\n<li>Toutes les demandes d&rsquo;adh\u00e9sion doivent \u00eatre soumises aux bureaux de l&rsquo;ASC-CAD. Les demandes doivent \u00eatre faites \u00e0 l&rsquo;aide du formulaire d&rsquo;adh\u00e9sion officiel.<\/li>\n<li>Le bureau de l&rsquo;ASC-CAD fait office d&rsquo;organisme de s\u00e9lection afin de s&rsquo;assurer que les demandes d&rsquo;adh\u00e9sion satisfasse aux exigences en la mati\u00e8re, y compris les crit\u00e8res d&rsquo;admissibilit\u00e9, le formulaire d\u00fbment rempli par \u00e9crit et le paiement int\u00e9gral des cotisations.<\/li>\n<li>Le bureau de l&rsquo;ASC-CAD pr\u00e9sente les demandes \u00e9valu\u00e9es au conseil d&rsquo;administration une fois par mois, \u00e0 tout le moins. Le bureau joint une recommandation (acceptation ou refus) \u00e0 chaque demande d&rsquo;adh\u00e9sion.<\/li>\n<li>Le conseil d&rsquo;administration proc\u00e8de \u00e0 l&rsquo;examen et au vote de toutes les demandes d&rsquo;adh\u00e9sion pr\u00e9sent\u00e9es par le bureau. Toutes les d\u00e9cisions rendues sont finales et ne peuvent faire l&rsquo;objet d&rsquo;un appel. Tout adh\u00e9rent dont l&rsquo;adh\u00e9sion pour l&rsquo;ann\u00e9e en cours a \u00e9t\u00e9 rejet\u00e9e peut faire demande \u00e0 nouveau l&rsquo;ann\u00e9e suivante.<\/li>\n<\/ol>\n<p>Approuv\u00e9 : f\u00e9vrier 2021<br \/>\nNota : La pr\u00e9sente politique est automatiquement modifi\u00e9e si des modifications subs\u00e9quentes sont apport\u00e9es aux r\u00e8glements.<\/p>\n<p><iframe loading=\"lazy\" title=\"YouTube video player\" src=\"https:\/\/www.youtube.com\/embed\/t3XT60F2JDY\" width=\"560\" height=\"315\" frameborder=\"0\" allowfullscreen=\"allowfullscreen\"><\/iframe><\/p>\n<div id=\"Prov-Affiliates\" class=\"affiliates\">\n<h2>Membres affili\u00e9s provinciaux\/territoriaux et organisations affili\u00e9es en r\u00e8gle<\/h2>\n<h3>Affili\u00e9s provinciaux\/territoriaux<\/h3>\n<p><a href=\"http:\/\/www.gvad.com\/\" target=\"_blank\" rel=\"noopener\"><img loading=\"lazy\" decoding=\"async\" class=\"alignright size-full wp-image-4455\" src=\"https:\/\/cad.ca\/wp-content\/uploads\/2015\/02\/Greater-Vancouver-Association-of-the-Deaf.jpg\" alt=\"Greater Vancouver Association of the Deaf\" width=\"170\" height=\"120\" \/><\/a><br \/>\n<a href=\"https:\/\/www.facebook.com\/gvad.vancouver\" target=\"_blank\" rel=\"noopener\">Greater Vancouver Association of the Deaf<\/a><br \/>\n10318 Whalley Blvd. #1<br \/>\nSurrey (CB) V<span lang=\"EN-US\">3T 4H4<br \/>\nPr\u00e9sident : Forrest Smith<br \/>\nCourriel : <a href=\"mailto:gvadpresident@gmail.com\">gvadpresident@gmail.com<\/a><\/span><\/p>\n<hr \/>\n<p><a href=\"http:\/\/www.aadnews.ca\/\" target=\"_blank\" rel=\"noopener\"><img loading=\"lazy\" decoding=\"async\" class=\"alignright size-full wp-image-4460\" src=\"https:\/\/cad.ca\/wp-content\/uploads\/2015\/02\/aad-logo.png\" alt=\"aad-logo\" width=\"170\" height=\"120\" \/><\/a><\/p>\n<p><a href=\"https:\/\/www.albertadeaf.ca\/\">Alberta Association of the Deaf<\/a><br \/>\na\/s Edmonton Association of the Deaf Community Centre<br \/>\n11404\u2013142e rue, bureau 204<br \/>\nEdmonton (AB) T5M 1V1<br \/>\nPr\u00e9sident : <span data-olk-copy-source=\"MessageBody\">Angela Stratiy<\/span><br \/>\nCourriel : <a id=\"OWA8dfff308-87ed-6db7-a9d4-49e32ee67173\" title=\"mailto:president@albertadeaf.ca\" href=\"mailto:president@albertadeaf.ca\" data-linkindex=\"1\" data-olk-copy-source=\"MessageBody\">president@albertadeaf.ca<\/a> ou <a id=\"OWA8d536266-6e20-c4bc-6217-c9012230cb8f\" title=\"mailto:info@albertadeaf.ca\" href=\"mailto:info@albertadeaf.ca\" data-linkindex=\"2\" data-olk-copy-source=\"MessageBody\">info@albertadeaf.ca<\/a><\/p>\n<hr \/>\n<p><strong>Saskatchewan Deaf Association<\/strong><br \/>\nBo\u00eete postale 58, R.R. 5<br \/>\nSaskatoon (SK) S7K 3J8<br \/>\nPr\u00e9sident : Elmer Olsen<br \/>\nCourriel : <a href=\"mailto:elmergolson@gmail.com\">elmergolson@gmail.com<\/a><\/p>\n<hr \/>\n<p><a href=\"#\"><img loading=\"lazy\" decoding=\"async\" class=\"alignright size-full wp-image-4456\" src=\"https:\/\/cad.ca\/wp-content\/uploads\/2015\/02\/Manitoba-Deaf-Association.jpg\" alt=\"Manitoba Deaf Association\" width=\"170\" height=\"120\" \/><\/a><\/p>\n<p><a href=\"http:\/\/www.deafmanitoba.org\/p\/manitoba-deaf-association.html\" target=\"_blank\" rel=\"noopener\">Manitoba Deaf Association<\/a><br \/>\n240-285 Pembina Highway<br \/>\nWinnipeg (Manitoba) R3L 2E1<br \/>\nPr\u00e9sident : Doug Momotiuk<br \/>\nCourriel : <a href=\"mailto:dmomotiuk@smd.mb.ca\">dmomotiuk@smd.mb.ca<\/a><\/p>\n<hr \/>\n<p><a href=\"http:\/\/www.aosf-ontario.ca\/\" target=\"_blank\" rel=\"noopener\"><img loading=\"lazy\" decoding=\"async\" class=\"alignright size-full wp-image-4452\" src=\"https:\/\/cad.ca\/wp-content\/uploads\/2015\/02\/Association-ontarienne-des-Sourdes-francophones.jpg\" alt=\"Association ontarienne des Sourd(e)s francophones\" width=\"170\" height=\"120\" \/><\/a><\/p>\n<p><a href=\"http:\/\/www.aosf-ontario.ca\/\" target=\"_blank\" rel=\"noopener\">Association ontarienne des Sourd(e)s francophones<\/a><br \/>\n3349, chemin Navan<br \/>\nOttawa (ON) K4B 1H9<br \/>\nPr\u00e9sident : \u00c9ric Grenier<br \/>\nCourriel : <a href=\"mailto:administration@aosf-ontario.ca\">administration@aosf-ontario.ca<\/a><\/p>\n<hr \/>\n<p><a href=\"http:\/\/www.deafontario.ca\/\" target=\"_blank\" rel=\"noopener\"><img loading=\"lazy\" decoding=\"async\" class=\"alignright size-full wp-image-4457\" src=\"https:\/\/cad.ca\/wp-content\/uploads\/2015\/02\/Ontario-Association-of-the-Deaf.jpg\" alt=\"Ontario Association of the Deaf\" width=\"170\" height=\"120\" \/><\/a><\/p>\n<p><a href=\"http:\/\/www.deafontario.ca\/\" target=\"_blank\" rel=\"noopener\">Ontario Association of the Deaf<\/a><br \/>\n2395, avenue Bayview<br \/>\nToronto (Ontario) M2L 1A2<br \/>\nPr\u00e9sident : Darren Holst<br \/>\nCourriel : <a href=\"mailto:oadpresident@deafontario.ca\">oadpresident@deafontario.ca<\/a><\/p>\n<hr \/>\n<p><a href=\"https:\/\/www.facebook.com\/AssociationLSQ\/\">Association de la langue des signes qu\u00e9b\u00e9coise<\/a><br \/>\n5773, 12e avenue<br \/>\nMontr\u00e9al (Qu\u00e9bec) H1X 3A2<br \/>\nPr\u00e9sident: Mathieu Larivi\u00e8re<br \/>\nCourriel : <a href=\"mailto:alsqsecretaire@gmail.com\">alsqsecretaire@gmail.com<\/a><\/p>\n<hr \/>\n<p><img loading=\"lazy\" decoding=\"async\" class=\"wp-image-9018 size-full alignright\" src=\"https:\/\/cad.ca\/wp-content\/uploads\/2015\/02\/NLAD-logo.png\" alt=\"\" width=\"243\" height=\"159\" \/><a href=\"http:\/\/www.nlad.org\/\" target=\"_blank\" rel=\"noopener\">Newfoundland and Labrador Association of the Deaf<\/a><br \/>\n1, chemin Merrymeeting, 3e \u00e9tage<br \/>\nSaint-Jean (Terre-Neuve-et-Labrador) A1C 2V6<br \/>\nPr\u00e9sidente : Jennifer Viguers<br \/>\nCourriel : <a href=\"mailto:jen.viguers@gmail.com\" rel=\"noopener\">jen.viguers@gmail.com<\/a><\/p>\n<h3>Organisations affili\u00e9es :<\/h3>\n<p><a href=\"http:\/\/www.deafyouth.ca\/\" target=\"_blank\" rel=\"noopener\"><img loading=\"lazy\" decoding=\"async\" class=\"alignright size-full wp-image-4454\" src=\"https:\/\/cad.ca\/wp-content\/uploads\/2015\/02\/Deaf-Youth-Canada.jpg\" alt=\"Deaf Youth Canada\" width=\"170\" height=\"120\" \/><\/a><\/p>\n<p><a href=\"https:\/\/www.facebook.com\/dyc.jsc\/\" target=\"_blank\" rel=\"noopener\">Jeunesse Sourd Canada<\/a><br \/>\na\/s Association des Sourds du Canada-Canadian Association of the Deaf<br \/>\n251, rue Bank, bureau 606<br \/>\nOttawa (Ontario) K2P 1X3<br \/>\nVice-pr\u00e9sident : Wyatt Scott<br \/>\nCourriel : <a href=\"mailto:vicepresident.deafyouthcanada@gmail.com\">vicepresident.deafyouthcanada@gmail.com<\/a><\/p>\n<hr \/>\n<p><strong>British Columbia Hummingbird Society of the Deaf<\/strong><br \/>\n10318, boul. Whalley #1<br \/>\nSurrey (CB) V<span lang=\"EN-US\">3T 4H4<br \/>\nCourriel : \u00c0 venir<\/span><\/p>\n<hr \/>\n<p><strong>Deaf-Blind Planning Committee<\/strong><br \/>\nc\/o Inclusion BC<br \/>\n227 Sixth Street<br \/>\nNew Westminster (CB) V3L 3A5<br \/>\nSecr\u00e9taire : Aastrid Evensen<br \/>\nCourriel : <a href=\"aastridef@gmail.com\">aastridef@gmail.com<\/a><\/p>\n<hr \/>\n<p><a href=\"http:\/\/www.scqs.ca\/\" target=\"_blank\" rel=\"noopener\"><img loading=\"lazy\" decoding=\"async\" class=\"alignright size-full wp-image-4458\" src=\"https:\/\/cad.ca\/wp-content\/uploads\/2015\/02\/Soci-\u00act-\u00ac-culturelle-qu-\u00acb-\u00accoise-des-Sourds.jpg\" alt=\"Soci+\u00act+\u00ac culturelle qu+\u00acb+\u00accoise des Sourds\" width=\"170\" height=\"120\" \/><\/a><\/p>\n<p><a href=\"http:\/\/www.scqs.ca\/\" target=\"_blank\" rel=\"noopener\">Soci\u00e9t\u00e9 culturelle qu\u00e9b\u00e9coise des Sourds<\/a><br \/>\n2200, boulevard Cr\u00e9mazie Est, bureau 205<br \/>\nMontr\u00e9al (Qu\u00e9bec) H2P 1E3<br \/>\nPr\u00e9sident : Dominique Lemay<br \/>\nCourriel : <a href=\"mailto:SCQS@videotron.ca\">SCQS@videotron.ca<\/a><\/p>\n<hr \/>\n<p><img loading=\"lazy\" decoding=\"async\" class=\" wp-image-9020 alignright\" src=\"https:\/\/cad.ca\/wp-content\/uploads\/2015\/02\/ReQIS-logo.png\" alt=\"ReQIS logo\" width=\"278\" height=\"125\" srcset=\"https:\/\/cad-asc.ca\/wp-content\/uploads\/2015\/02\/ReQIS-logo.png 513w, https:\/\/cad-asc.ca\/wp-content\/uploads\/2015\/02\/ReQIS-logo-300x135.png 300w\" sizes=\"auto, (max-width: 278px) 100vw, 278px\" \/><\/p>\n<p><a href=\"http:\/\/www.reqis.org\/\" target=\"_blank\" rel=\"noopener\">R\u00e9seau qu\u00e9b\u00e9cois pour l&rsquo;inclusion sociale des personnes sourdes et malentendantes<\/a><br \/>\n2494, boulevard Henri Bourass Est, bureau 202<br \/>\nMontr\u00e9al (Qu\u00e9bec) H2B 1T9<br \/>\nPr\u00e9sidente : H\u00e9l\u00e8ne H\u00e9bert<br \/>\nCourriel : <a href=\"mailto:president@reqis.org\">president@reqis.org<\/a><\/p>\n<\/div>\n","protected":false},"excerpt":{"rendered":"<p>Nouvelle adh\u00e9sion ou renouvellement de l&rsquo;adh\u00e9sion Joignez-vous \u00e0 nos milliers de membres et faites partie de l&rsquo;Association des Sourds du Canada &#8211; Canadian Association of the Deaf (ASC-CAD), la plus ancienne organisation nationale de consommateurs de, par et pour les personnes sourdes au Canada. \u00c0 titre d&rsquo;organisme sans but lucratif, l&rsquo;ASC-CAD accueille toutes celles et &hellip; <a href=\"https:\/\/cad-asc.ca\/fr\/adhesion\/\" class=\"more-link\">Continue reading <span class=\"screen-reader-text\">adh\u00e9sion<\/span><\/a><\/p>\n","protected":false},"author":1,"featured_media":10181,"parent":0,"menu_order":0,"comment_status":"closed","ping_status":"closed","template":"","meta":{"_acf_changed":false,"_monsterinsights_skip_tracking":false,"_monsterinsights_sitenote_active":false,"_monsterinsights_sitenote_note":"","_monsterinsights_sitenote_category":0,"_uf_show_specific_survey":0,"_uf_disable_surveys":false,"footnotes":""},"class_list":["post-4846","page","type-page","status-publish","has-post-thumbnail","hentry"],"acf":[],"_links":{"self":[{"href":"https:\/\/cad-asc.ca\/fr\/wp-json\/wp\/v2\/pages\/4846","targetHints":{"allow":["GET"]}}],"collection":[{"href":"https:\/\/cad-asc.ca\/fr\/wp-json\/wp\/v2\/pages"}],"about":[{"href":"https:\/\/cad-asc.ca\/fr\/wp-json\/wp\/v2\/types\/page"}],"author":[{"embeddable":true,"href":"https:\/\/cad-asc.ca\/fr\/wp-json\/wp\/v2\/users\/1"}],"replies":[{"embeddable":true,"href":"https:\/\/cad-asc.ca\/fr\/wp-json\/wp\/v2\/comments?post=4846"}],"version-history":[{"count":0,"href":"https:\/\/cad-asc.ca\/fr\/wp-json\/wp\/v2\/pages\/4846\/revisions"}],"wp:featuredmedia":[{"embeddable":true,"href":"https:\/\/cad-asc.ca\/fr\/wp-json\/wp\/v2\/media\/10181"}],"wp:attachment":[{"href":"https:\/\/cad-asc.ca\/fr\/wp-json\/wp\/v2\/media?parent=4846"}],"curies":[{"name":"wp","href":"https:\/\/api.w.org\/{rel}","templated":true}]}}