{"id":4873,"date":"2015-08-27T14:52:42","date_gmt":"2015-08-27T14:52:42","guid":{"rendered":"http:\/\/cad.ca\/?page_id=4873&#038;lang=fr"},"modified":"2025-09-25T18:26:14","modified_gmt":"2025-09-25T18:26:14","slug":"plaidoyer-et-daction","status":"publish","type":"page","link":"https:\/\/cad-asc.ca\/fr\/plaidoyer-et-daction\/","title":{"rendered":"D\u00e9fense des droits et action"},"content":{"rendered":"<p>Ici, vous trouverez des liens vers une vari\u00e9t\u00e9 de sujets ayant trait \u00e0 la d\u00e9fense de droits et aux actions entreprises par l&rsquo;ASC-CAD.<\/p>\n<ul>\n<li><a href=\"\/fr\/plaidoyer-et-daction\/contact-your-federal-mps\" target=\"_blank\" rel=\"noopener\">Contactez vos d\u00e9put\u00e9s f\u00e9d\u00e9raux<\/a><\/li>\n<li><a href=\"\/fr\/plaidoyer-et-daction\/education\" target=\"_blank\" rel=\"noopener\">\u00c9ducation des Sourds<\/a><\/li>\n<li><a href=\"\/fr\/plaidoyer-et-daction\/lemploi\" target=\"_blank\" rel=\"noopener\">Emploi<\/a><\/li>\n<li><a href=\"\/fr\/plaidoyer-et-daction\/les-decisions-juridiques\" target=\"_blank\" rel=\"noopener\">D\u00e9cisions juridiques<\/a><\/li>\n<li><a href=\"\/fr\/plaidoyer-et-daction\/soins-palliatifs\" target=\"_blank\" rel=\"noopener\">Soins palliatifs<\/a><\/li>\n<li><a href=\"\/fr\/plaidoyer-et-daction\/transport-et-voyage\" target=\"_blank\" rel=\"noopener\">Transport et voyage<\/a><\/li>\n<li><a href=\"\/fr\/plaidoyer-et-daction\/radiodiffusion-et-telecommunications\" target=\"_blank\" rel=\"noopener\">Radiodiffusion et t\u00e9l\u00e9communications<\/a><\/li>\n<\/ul>\n","protected":false},"excerpt":{"rendered":"<p>Ici, vous trouverez des liens vers une vari\u00e9t\u00e9 de sujets ayant trait \u00e0 la d\u00e9fense de droits et aux actions entreprises par l&rsquo;ASC-CAD. Contactez vos d\u00e9put\u00e9s f\u00e9d\u00e9raux \u00c9ducation des Sourds Emploi D\u00e9cisions juridiques Soins palliatifs Transport et voyage Radiodiffusion et t\u00e9l\u00e9communications<\/p>\n","protected":false},"author":1,"featured_media":10181,"parent":0,"menu_order":0,"comment_status":"closed","ping_status":"closed","template":"","meta":{"_acf_changed":false,"_monsterinsights_skip_tracking":false,"_monsterinsights_sitenote_active":false,"_monsterinsights_sitenote_note":"","_monsterinsights_sitenote_category":0,"_uf_show_specific_survey":0,"_uf_disable_surveys":false,"footnotes":""},"class_list":["post-4873","page","type-page","status-publish","has-post-thumbnail","hentry"],"acf":[],"_links":{"self":[{"href":"https:\/\/cad-asc.ca\/fr\/wp-json\/wp\/v2\/pages\/4873","targetHints":{"allow":["GET"]}}],"collection":[{"href":"https:\/\/cad-asc.ca\/fr\/wp-json\/wp\/v2\/pages"}],"about":[{"href":"https:\/\/cad-asc.ca\/fr\/wp-json\/wp\/v2\/types\/page"}],"author":[{"embeddable":true,"href":"https:\/\/cad-asc.ca\/fr\/wp-json\/wp\/v2\/users\/1"}],"replies":[{"embeddable":true,"href":"https:\/\/cad-asc.ca\/fr\/wp-json\/wp\/v2\/comments?post=4873"}],"version-history":[{"count":0,"href":"https:\/\/cad-asc.ca\/fr\/wp-json\/wp\/v2\/pages\/4873\/revisions"}],"wp:featuredmedia":[{"embeddable":true,"href":"https:\/\/cad-asc.ca\/fr\/wp-json\/wp\/v2\/media\/10181"}],"wp:attachment":[{"href":"https:\/\/cad-asc.ca\/fr\/wp-json\/wp\/v2\/media?parent=4873"}],"curies":[{"name":"wp","href":"https:\/\/api.w.org\/{rel}","templated":true}]}}