{"id":4882,"date":"2015-08-27T14:57:24","date_gmt":"2015-08-27T14:57:24","guid":{"rendered":"http:\/\/cad.ca\/?page_id=4882&#038;lang=fr"},"modified":"2022-07-27T19:56:41","modified_gmt":"2022-07-27T19:56:41","slug":"education","status":"publish","type":"page","link":"https:\/\/cad-asc.ca\/fr\/plaidoyer-et-daction\/education\/","title":{"rendered":"\u00c9ducation des Sourds"},"content":{"rendered":"<p>L&rsquo;Association des Sourds du Canada-Canadian Association of the Deaf (ASC-CAD) promeut les droits de personnes sourdes \u00e0 l&rsquo;\u00e9ducation de qualit\u00e9, commen\u00e7ant \u00e0 la naissance et tout au long de la vie, que l&rsquo;on explique clairement le droit \u00e0 l&rsquo;\u00e9ducation dans la Convention des Untions Unies relative aux droits des personnes handicap\u00e9es (CDPH).<\/p>\n<p>Le Canada \u00e9tait un des signataires originaux au CDPH et \u00e0 l&rsquo;\u00e9ducation est sous la juridiction du gouvernement provincial, que chaque province doit prendre les mesures appropri\u00e9es pour faciliter l&rsquo;apprentissage d&rsquo;ASL et LSQ o\u00f9 l&rsquo;environnement dans l&rsquo;\u00e9ducation sourd maximisera le d\u00e9veloppement universitaire et social et des mesures pour fournir aux professeurs Sourds qualifi\u00e9s pour l&rsquo;\u00e9ducation Sourd.<\/p>\n<p><a href=\"\/education-francais\" target=\"_blank\" rel=\"noopener\">Notre position sur \u00c9ducation<\/a><\/p>\n<p>Int\u00e9ress\u00e9 pour vous joindre sur des questions de l&rsquo;\u00e9ducation sourds, contactez s&rsquo;il vous pla\u00eet vos <a href=\"\/adhesion\/#Prov-Affiliates\" target=\"_blank\" rel=\"noopener\">associations sourds provinciales<\/a> pour plus d&rsquo;informations.<\/p>\n","protected":false},"excerpt":{"rendered":"<p>L&rsquo;Association des Sourds du Canada-Canadian Association of the Deaf (ASC-CAD) promeut les droits de personnes sourdes \u00e0 l&rsquo;\u00e9ducation de qualit\u00e9, commen\u00e7ant \u00e0 la naissance et tout au long de la vie, que l&rsquo;on explique clairement le droit \u00e0 l&rsquo;\u00e9ducation dans la Convention des Untions Unies relative aux droits des personnes handicap\u00e9es (CDPH). Le Canada \u00e9tait &hellip; <a href=\"https:\/\/cad-asc.ca\/fr\/plaidoyer-et-daction\/education\/\" class=\"more-link\">Continue reading <span class=\"screen-reader-text\">\u00c9ducation des Sourds<\/span><\/a><\/p>\n","protected":false},"author":1,"featured_media":0,"parent":4873,"menu_order":0,"comment_status":"closed","ping_status":"closed","template":"","meta":{"_acf_changed":false,"_monsterinsights_skip_tracking":false,"_monsterinsights_sitenote_active":false,"_monsterinsights_sitenote_note":"","_monsterinsights_sitenote_category":0,"_uf_show_specific_survey":0,"_uf_disable_surveys":false,"footnotes":""},"class_list":["post-4882","page","type-page","status-publish","hentry"],"acf":[],"_links":{"self":[{"href":"https:\/\/cad-asc.ca\/fr\/wp-json\/wp\/v2\/pages\/4882","targetHints":{"allow":["GET"]}}],"collection":[{"href":"https:\/\/cad-asc.ca\/fr\/wp-json\/wp\/v2\/pages"}],"about":[{"href":"https:\/\/cad-asc.ca\/fr\/wp-json\/wp\/v2\/types\/page"}],"author":[{"embeddable":true,"href":"https:\/\/cad-asc.ca\/fr\/wp-json\/wp\/v2\/users\/1"}],"replies":[{"embeddable":true,"href":"https:\/\/cad-asc.ca\/fr\/wp-json\/wp\/v2\/comments?post=4882"}],"version-history":[{"count":0,"href":"https:\/\/cad-asc.ca\/fr\/wp-json\/wp\/v2\/pages\/4882\/revisions"}],"up":[{"embeddable":true,"href":"https:\/\/cad-asc.ca\/fr\/wp-json\/wp\/v2\/pages\/4873"}],"wp:attachment":[{"href":"https:\/\/cad-asc.ca\/fr\/wp-json\/wp\/v2\/media?parent=4882"}],"curies":[{"name":"wp","href":"https:\/\/api.w.org\/{rel}","templated":true}]}}