{"id":4890,"date":"2015-08-28T05:19:27","date_gmt":"2015-08-28T05:19:27","guid":{"rendered":"http:\/\/cad.ca\/?page_id=4890&#038;lang=fr"},"modified":"2024-04-09T18:37:26","modified_gmt":"2024-04-09T18:37:26","slug":"les-decisions-juridiques","status":"publish","type":"page","link":"https:\/\/cad-asc.ca\/fr\/plaidoyer-et-daction\/les-decisions-juridiques\/","title":{"rendered":"Les d\u00e9cisions juridiques"},"content":{"rendered":"<p><strong>D\u00e9cisions juridiques importantes affectant la communaut\u00e9 sourde :<\/strong><\/p>\n<p>Ce lien vers un document comprend des d\u00e9cisions juridiques que l&rsquo;Association des Sourds du Canada (CAD-ASC) a observ\u00e9es et qui ont un impact significatif sur la communaut\u00e9 sourde au Canada :<\/p>\n<ul>\n<li><a href=\"https:\/\/cad-asc.ca\/wp-content\/uploads\/2024\/04\/Analyse-juridique-FR-Version-.PDF.pdf\">Analyse juridique (Version .PDF)<\/a><\/li>\n<li><a href=\"https:\/\/cad-asc.ca\/wp-content\/uploads\/2024\/04\/Analyse-juridique-FR-Version-.DOCX.docx\">Analyse juridique (Version .DOCX)<\/a><\/li>\n<\/ul>\n","protected":false},"excerpt":{"rendered":"<p>D\u00e9cisions juridiques importantes affectant la communaut\u00e9 sourde : Ce lien vers un document comprend des d\u00e9cisions juridiques que l&rsquo;Association des Sourds du Canada (CAD-ASC) a observ\u00e9es et qui ont un impact significatif sur la communaut\u00e9 sourde au Canada : Analyse juridique (Version .PDF) Analyse juridique (Version .DOCX)<\/p>\n","protected":false},"author":1,"featured_media":0,"parent":4873,"menu_order":0,"comment_status":"closed","ping_status":"closed","template":"","meta":{"_acf_changed":false,"_monsterinsights_skip_tracking":false,"_monsterinsights_sitenote_active":false,"_monsterinsights_sitenote_note":"","_monsterinsights_sitenote_category":0,"_uf_show_specific_survey":0,"_uf_disable_surveys":false,"footnotes":""},"class_list":["post-4890","page","type-page","status-publish","hentry"],"acf":[],"_links":{"self":[{"href":"https:\/\/cad-asc.ca\/fr\/wp-json\/wp\/v2\/pages\/4890","targetHints":{"allow":["GET"]}}],"collection":[{"href":"https:\/\/cad-asc.ca\/fr\/wp-json\/wp\/v2\/pages"}],"about":[{"href":"https:\/\/cad-asc.ca\/fr\/wp-json\/wp\/v2\/types\/page"}],"author":[{"embeddable":true,"href":"https:\/\/cad-asc.ca\/fr\/wp-json\/wp\/v2\/users\/1"}],"replies":[{"embeddable":true,"href":"https:\/\/cad-asc.ca\/fr\/wp-json\/wp\/v2\/comments?post=4890"}],"version-history":[{"count":0,"href":"https:\/\/cad-asc.ca\/fr\/wp-json\/wp\/v2\/pages\/4890\/revisions"}],"up":[{"embeddable":true,"href":"https:\/\/cad-asc.ca\/fr\/wp-json\/wp\/v2\/pages\/4873"}],"wp:attachment":[{"href":"https:\/\/cad-asc.ca\/fr\/wp-json\/wp\/v2\/media?parent=4890"}],"curies":[{"name":"wp","href":"https:\/\/api.w.org\/{rel}","templated":true}]}}