{"id":4894,"date":"2015-08-28T05:22:40","date_gmt":"2015-08-28T05:22:40","guid":{"rendered":"http:\/\/cad.ca\/?page_id=4894&#038;lang=fr"},"modified":"2023-07-28T03:17:48","modified_gmt":"2023-07-28T03:17:48","slug":"official-languages-asl-and-lsq","status":"publish","type":"page","link":"https:\/\/cad-asc.ca\/fr\/notre-travail\/official-languages-asl-and-lsq\/","title":{"rendered":"Langues officielles (ASL et de la LSQ)"},"content":{"rendered":"<h3><strong>Reconnaissance campagne sur la langue des signes qu\u00e9b\u00e9coise (LSQ) et American Sign Language (ASL) <\/strong><\/h3>\n<p>ASL and LSQ ne sont pas encore reconnus au Canada.\u00a0L&rsquo;Association des Sourds du Canada &#8211; Canadian Association of the Deaf (ASC-CAD) a fait campagne r\u00e9cemment pour qu&rsquo;il soit reconnu pour assurer l&rsquo;\u00e9galit\u00e9 pour les personnes sourdes dans la soci\u00e9t\u00e9 canadienne.<\/p>\n<p>Obtenir la reconnaissance de l&rsquo;ASL et de la LSQ et le statut officiel serait de permettre l&rsquo;acc\u00e8s pour les personnes Sourdes \u00e0 leur pleine participation en tant que citoyens de leur propre pays. La Convention des Nations Unies sur les droits des personnes handicap\u00e9es (CDPH) mentionne langues sign\u00e9 dans ses cinq articles. Le Canada a ratifi\u00e9 le trait\u00e9 en Mars de 2010.<\/p>\n<h4>Si nous obtenons la reconnaissance ASL et de la LSQ, cela va nous assurer:<\/h4>\n<ul>\n<li>Plus les droits juridiques de l&rsquo;ASL et la LSQ utilisateurs<\/li>\n<li>Un meilleur acc\u00e8s aux services publics<\/li>\n<li>Une meilleure \u00e9ducation pour les personnes sourdes des \u00e9coles primaires, les \u00e9coles secondaires, la formation et les \u00e9coles post secondaires<\/li>\n<li>De meilleures possibilit\u00e9s d&#8217;emploi pour les personnes sourdes<\/li>\n<li>R\u00e9duction des probl\u00e8mes de sant\u00e9 mentale<\/li>\n<li>Meilleure qualit\u00e9 et le suivi interpr\u00e9tation<\/li>\n<li>Am\u00e9liorer la qualit\u00e9 de vie des personnes Sourdes au Canada<\/li>\n<\/ul>\n<p>Nous vous voulons! Nous avons \u00e9tabli un groupe de travail pour promouvoir la campagne pour travailler avec les politiciens et les l\u00e9gislateurs f\u00e9d\u00e9raux. Vous souhaitez rejoindre le groupe de travail, s&rsquo;il vous pla\u00eet contactez Frank Folino \u00e1\u00a0<span style=\"color: #0000ff;\"><a style=\"color: #0000ff;\" href=\"mailto:mailto:ffolino@cad.ca\">frank.folino@cad.ca<\/a><\/span><\/p>\n","protected":false},"excerpt":{"rendered":"<p>Reconnaissance campagne sur la langue des signes qu\u00e9b\u00e9coise (LSQ) et American Sign Language (ASL) ASL and LSQ ne sont pas encore reconnus au Canada.\u00a0L&rsquo;Association des Sourds du Canada &#8211; Canadian Association of the Deaf (ASC-CAD) a fait campagne r\u00e9cemment pour qu&rsquo;il soit reconnu pour assurer l&rsquo;\u00e9galit\u00e9 pour les personnes sourdes dans la soci\u00e9t\u00e9 canadienne. Obtenir &hellip; <a href=\"https:\/\/cad-asc.ca\/fr\/notre-travail\/official-languages-asl-and-lsq\/\" class=\"more-link\">Continue reading <span class=\"screen-reader-text\">Langues officielles (ASL et de la LSQ)<\/span><\/a><\/p>\n","protected":false},"author":1,"featured_media":0,"parent":10870,"menu_order":0,"comment_status":"closed","ping_status":"closed","template":"","meta":{"_acf_changed":false,"_monsterinsights_skip_tracking":false,"_monsterinsights_sitenote_active":false,"_monsterinsights_sitenote_note":"","_monsterinsights_sitenote_category":0,"_uf_show_specific_survey":0,"_uf_disable_surveys":false,"footnotes":""},"class_list":["post-4894","page","type-page","status-publish","hentry"],"acf":[],"_links":{"self":[{"href":"https:\/\/cad-asc.ca\/fr\/wp-json\/wp\/v2\/pages\/4894","targetHints":{"allow":["GET"]}}],"collection":[{"href":"https:\/\/cad-asc.ca\/fr\/wp-json\/wp\/v2\/pages"}],"about":[{"href":"https:\/\/cad-asc.ca\/fr\/wp-json\/wp\/v2\/types\/page"}],"author":[{"embeddable":true,"href":"https:\/\/cad-asc.ca\/fr\/wp-json\/wp\/v2\/users\/1"}],"replies":[{"embeddable":true,"href":"https:\/\/cad-asc.ca\/fr\/wp-json\/wp\/v2\/comments?post=4894"}],"version-history":[{"count":0,"href":"https:\/\/cad-asc.ca\/fr\/wp-json\/wp\/v2\/pages\/4894\/revisions"}],"up":[{"embeddable":true,"href":"https:\/\/cad-asc.ca\/fr\/wp-json\/wp\/v2\/pages\/10870"}],"wp:attachment":[{"href":"https:\/\/cad-asc.ca\/fr\/wp-json\/wp\/v2\/media?parent=4894"}],"curies":[{"name":"wp","href":"https:\/\/api.w.org\/{rel}","templated":true}]}}