{"id":4896,"date":"2015-08-28T05:23:49","date_gmt":"2015-08-28T05:23:49","guid":{"rendered":"http:\/\/cad.ca\/?page_id=4896&#038;lang=fr"},"modified":"2022-07-27T20:12:43","modified_gmt":"2022-07-27T20:12:43","slug":"soins-palliatifs","status":"publish","type":"page","link":"https:\/\/cad-asc.ca\/fr\/plaidoyer-et-daction\/soins-palliatifs\/","title":{"rendered":"Soins palliatifs"},"content":{"rendered":"<p>Les ASC-CAD shares son expertise sur les questions sourdes avec l&rsquo;Hospice Association canadienne de soins palliatifs pour supprimer la communication, la culture, et les obstacles institutionnels \u00e0 l&rsquo;hospice et les situations de soins palliatifs. Notre objectif est de fournir l&rsquo;acc\u00e8s \u00e0 l&rsquo;information sur les soins de fin de vie et veille \u00e0 ce que chaque province peut \u00e9tablir sourds r\u00e9sidences pour personnes \u00e2g\u00e9es et les maisons de soins infirmiers.<\/p>\n<h4>Ressources<\/h4>\n<p>Pour plus d&rsquo;informations sur le sujet, s&rsquo;il vous pla\u00eet consulter les sites suivants :<\/p>\n<ul>\n<li><a href=\"https:\/\/www.acsp.net\/\" target=\"_blank\" rel=\"noopener\">Palliatifs Association canadienne de soins palliatifs<\/a><\/li>\n<li><a href=\"https:\/\/www.acsp.net\/projets\/la-coalition-pour-des-soins-de-fin-de-vie-de-qualite-du-canada\/\" target=\"_blank\" rel=\"noopener\">Qualit\u00e9 fin de vie Coalition du Canada<\/a><\/li>\n<\/ul>\n","protected":false},"excerpt":{"rendered":"<p>Les ASC-CAD shares son expertise sur les questions sourdes avec l&rsquo;Hospice Association canadienne de soins palliatifs pour supprimer la communication, la culture, et les obstacles institutionnels \u00e0 l&rsquo;hospice et les situations de soins palliatifs. Notre objectif est de fournir l&rsquo;acc\u00e8s \u00e0 l&rsquo;information sur les soins de fin de vie et veille \u00e0 ce que chaque &hellip; <a href=\"https:\/\/cad-asc.ca\/fr\/plaidoyer-et-daction\/soins-palliatifs\/\" class=\"more-link\">Continue reading <span class=\"screen-reader-text\">Soins palliatifs<\/span><\/a><\/p>\n","protected":false},"author":1,"featured_media":0,"parent":4873,"menu_order":0,"comment_status":"closed","ping_status":"closed","template":"","meta":{"_acf_changed":false,"_monsterinsights_skip_tracking":false,"_monsterinsights_sitenote_active":false,"_monsterinsights_sitenote_note":"","_monsterinsights_sitenote_category":0,"_uf_show_specific_survey":0,"_uf_disable_surveys":false,"footnotes":""},"class_list":["post-4896","page","type-page","status-publish","hentry"],"acf":[],"_links":{"self":[{"href":"https:\/\/cad-asc.ca\/fr\/wp-json\/wp\/v2\/pages\/4896","targetHints":{"allow":["GET"]}}],"collection":[{"href":"https:\/\/cad-asc.ca\/fr\/wp-json\/wp\/v2\/pages"}],"about":[{"href":"https:\/\/cad-asc.ca\/fr\/wp-json\/wp\/v2\/types\/page"}],"author":[{"embeddable":true,"href":"https:\/\/cad-asc.ca\/fr\/wp-json\/wp\/v2\/users\/1"}],"replies":[{"embeddable":true,"href":"https:\/\/cad-asc.ca\/fr\/wp-json\/wp\/v2\/comments?post=4896"}],"version-history":[{"count":0,"href":"https:\/\/cad-asc.ca\/fr\/wp-json\/wp\/v2\/pages\/4896\/revisions"}],"up":[{"embeddable":true,"href":"https:\/\/cad-asc.ca\/fr\/wp-json\/wp\/v2\/pages\/4873"}],"wp:attachment":[{"href":"https:\/\/cad-asc.ca\/fr\/wp-json\/wp\/v2\/media?parent=4896"}],"curies":[{"name":"wp","href":"https:\/\/api.w.org\/{rel}","templated":true}]}}