{"id":4907,"date":"2015-08-28T05:41:59","date_gmt":"2015-08-28T05:41:59","guid":{"rendered":"http:\/\/cad.ca\/?page_id=4907&#038;lang=fr"},"modified":"2022-07-27T20:16:05","modified_gmt":"2022-07-27T20:16:05","slug":"transport-et-voyage","status":"publish","type":"page","link":"https:\/\/cad-asc.ca\/fr\/plaidoyer-et-daction\/transport-et-voyage\/","title":{"rendered":"Transport et Voyage"},"content":{"rendered":"<p>Association des Sourds du Canada &#8211; Canadian Association of the Deaf (ASC-CAD) partage son expertise sur le transport accessible avec le ministre des Transports et l&rsquo;Office des transports du Canada pour am\u00e9liorer les probl\u00e8mes d&rsquo;accessibilit\u00e9 pour les personnes sourdes que nous surveille les services fournis par les transporteurs.<\/p>\n<h4><strong>Ressources<\/strong><\/h4>\n<p>Pour plus d&rsquo;informations sur les sujets, s&rsquo;il vous pla\u00eet consulter les sites suivants :<\/p>\n<ul>\n<li><a href=\"https:\/\/otc-cta.gc.ca\/fra\" target=\"_blank\" rel=\"noopener\">Office des transports du Canada (OTC) <\/a>: Le CTA est une agence de r\u00e9glementation avec le pouvoir d&rsquo;exiger le transport prestataire de services au sein du r\u00e9seau de transport f\u00e9d\u00e9ral tel que l&rsquo;air, ferroviaire et maritime pour am\u00e9liorer les probl\u00e8mes d&rsquo;accessibilit\u00e9.<\/li>\n<li><a href=\"https:\/\/otc-cta.gc.ca\/fra\/comite-consultatif-sur-laccessibilite\" target=\"_blank\" rel=\"noopener\">Comit\u00e9 consultatif sur l&rsquo;accessibilit\u00e9 CTA <\/a>: Le Comit\u00e9 fournit des conseils sur les questions d&rsquo;accessibilit\u00e9 et d&rsquo;aider l&rsquo;Agence \u00e0 \u00e9laborer des r\u00e8glements, des codes de guides de pratique et de l&rsquo;industrie sur l&rsquo;accessibilit\u00e9.<\/li>\n<li><a href=\"https:\/\/otc-cta.gc.ca\/fra\/lois-reglements-codes-pratique-normes-et-directives\" target=\"_blank\" rel=\"noopener\">CTA codes de pratique <\/a>: Les codes de pratiques d\u00e9crivent les aspects de l&rsquo;accessibilit\u00e9 pour les fournisseurs de transport.<\/li>\n<li><a href=\"https:\/\/tc.canada.ca\/fr\" target=\"_blank\" rel=\"noopener\">Transports Canada <\/a>: Transports Canada est le minist\u00e8re f\u00e9d\u00e9ral responsable de l&rsquo;\u00e9laboration des r\u00e8glements et des politiques pour le r\u00e9seau de transport national.<\/li>\n<\/ul>\n","protected":false},"excerpt":{"rendered":"<p>Association des Sourds du Canada &#8211; Canadian Association of the Deaf (ASC-CAD) partage son expertise sur le transport accessible avec le ministre des Transports et l&rsquo;Office des transports du Canada pour am\u00e9liorer les probl\u00e8mes d&rsquo;accessibilit\u00e9 pour les personnes sourdes que nous surveille les services fournis par les transporteurs. Ressources Pour plus d&rsquo;informations sur les sujets, &hellip; <a href=\"https:\/\/cad-asc.ca\/fr\/plaidoyer-et-daction\/transport-et-voyage\/\" class=\"more-link\">Continue reading <span class=\"screen-reader-text\">Transport et Voyage<\/span><\/a><\/p>\n","protected":false},"author":1,"featured_media":0,"parent":4873,"menu_order":0,"comment_status":"closed","ping_status":"closed","template":"","meta":{"_acf_changed":false,"_monsterinsights_skip_tracking":false,"_monsterinsights_sitenote_active":false,"_monsterinsights_sitenote_note":"","_monsterinsights_sitenote_category":0,"_uf_show_specific_survey":0,"_uf_disable_surveys":false,"footnotes":""},"class_list":["post-4907","page","type-page","status-publish","hentry"],"acf":[],"_links":{"self":[{"href":"https:\/\/cad-asc.ca\/fr\/wp-json\/wp\/v2\/pages\/4907","targetHints":{"allow":["GET"]}}],"collection":[{"href":"https:\/\/cad-asc.ca\/fr\/wp-json\/wp\/v2\/pages"}],"about":[{"href":"https:\/\/cad-asc.ca\/fr\/wp-json\/wp\/v2\/types\/page"}],"author":[{"embeddable":true,"href":"https:\/\/cad-asc.ca\/fr\/wp-json\/wp\/v2\/users\/1"}],"replies":[{"embeddable":true,"href":"https:\/\/cad-asc.ca\/fr\/wp-json\/wp\/v2\/comments?post=4907"}],"version-history":[{"count":0,"href":"https:\/\/cad-asc.ca\/fr\/wp-json\/wp\/v2\/pages\/4907\/revisions"}],"up":[{"embeddable":true,"href":"https:\/\/cad-asc.ca\/fr\/wp-json\/wp\/v2\/pages\/4873"}],"wp:attachment":[{"href":"https:\/\/cad-asc.ca\/fr\/wp-json\/wp\/v2\/media?parent=4907"}],"curies":[{"name":"wp","href":"https:\/\/api.w.org\/{rel}","templated":true}]}}